{"id":10627,"date":"2024-02-12T13:12:58","date_gmt":"2024-02-12T11:12:58","guid":{"rendered":"https:\/\/www.alivitpharm.com\/?page_id=10627"},"modified":"2024-02-13T15:35:29","modified_gmt":"2024-02-13T13:35:29","slug":"acido-folico","status":"publish","type":"page","link":"https:\/\/www.alivitpharm.com\/es\/folic-acid\/","title":{"rendered":"\u00c1cido F\u00f3lico"},"content":{"rendered":"<div data-elementor-type=\"wp-page\" data-elementor-id=\"10627\" class=\"elementor elementor-10627\">\n\t\t\t\t\t\t<section class=\"elementor-section elementor-top-section elementor-element elementor-element-a964ede elementor-section-content-middle elementor-section-boxed elementor-section-height-default elementor-section-height-default\" data-id=\"a964ede\" data-element_type=\"section\" data-e-type=\"section\" data-settings=\"{&quot;background_background&quot;:&quot;classic&quot;}\">\n\t\t\t\t\t\t\t<div class=\"elementor-background-overlay\"><\/div>\n\t\t\t\t\t\t\t<div class=\"elementor-container elementor-column-gap-default\">\n\t\t\t\t\t<div class=\"elementor-column elementor-col-100 elementor-top-column elementor-element elementor-element-cdf7650\" data-id=\"cdf7650\" data-element_type=\"column\" data-e-type=\"column\">\n\t\t\t<div class=\"elementor-widget-wrap elementor-element-populated\">\n\t\t\t\t\t\t<div class=\"elementor-element elementor-element-b6d2cba elementor-widget elementor-widget-heading\" data-id=\"b6d2cba\" data-element_type=\"widget\" data-e-type=\"widget\" data-widget_type=\"heading.default\">\n\t\t\t\t<div class=\"elementor-widget-container\">\n\t\t\t\t\t<h1 class=\"elementor-heading-title elementor-size-default\">\u00c1cido F\u00f3lico<\/h1>\t\t\t\t<\/div>\n\t\t\t\t<\/div>\n\t\t\t\t<div class=\"elementor-element elementor-element-75711e1 elementor-widget elementor-widget-image\" data-id=\"75711e1\" data-element_type=\"widget\" data-e-type=\"widget\" data-widget_type=\"image.default\">\n\t\t\t\t<div class=\"elementor-widget-container\">\n\t\t\t\t\t\t\t\t\t\t\t\t\t\t\t<img decoding=\"async\" src=\"https:\/\/www.alivitpharm.com\/wp-content\/uploads\/2022\/10\/pill.png\" title=\"pill\" alt=\"Pill\" loading=\"lazy\" \/>\t\t\t\t\t\t\t\t\t\t\t\t\t\t\t<\/div>\n\t\t\t\t<\/div>\n\t\t\t\t<div class=\"elementor-element elementor-element-90a736a elementor-widget elementor-widget-text-editor\" data-id=\"90a736a\" data-element_type=\"widget\" data-e-type=\"widget\" data-widget_type=\"text-editor.default\">\n\t\t\t\t<div class=\"elementor-widget-container\">\n\t\t\t\t\t\t\t\t\t<p><em>\u00c1cido pteroilglut\u00e1mico<\/em><\/p>\t\t\t\t\t\t\t\t<\/div>\n\t\t\t\t<\/div>\n\t\t\t\t\t<\/div>\n\t\t<\/div>\n\t\t\t\t\t<\/div>\n\t\t<\/section>\n\t\t\t\t<section class=\"elementor-section elementor-top-section elementor-element elementor-element-a142563 elementor-section-boxed elementor-section-height-default elementor-section-height-default\" data-id=\"a142563\" data-element_type=\"section\" data-e-type=\"section\" data-settings=\"{&quot;background_background&quot;:&quot;classic&quot;}\">\n\t\t\t\t\t\t<div class=\"elementor-container elementor-column-gap-default\">\n\t\t\t\t\t<div class=\"elementor-column elementor-col-100 elementor-top-column elementor-element elementor-element-66bbb0b\" data-id=\"66bbb0b\" data-element_type=\"column\" data-e-type=\"column\">\n\t\t\t<div class=\"elementor-widget-wrap elementor-element-populated\">\n\t\t\t\t\t\t<div class=\"elementor-element elementor-element-2abd23d elementor-widget elementor-widget-text-editor\" data-id=\"2abd23d\" data-element_type=\"widget\" data-e-type=\"widget\" data-widget_type=\"text-editor.default\">\n\t\t\t\t<div class=\"elementor-widget-container\">\n\t\t\t\t\t\t\t\t\t<p><span class=\"jCAhz ChMk0b\"><span class=\"ryNqvb\"><strong>El \u00e1cido f\u00f3lico<\/strong>, tambi\u00e9n conocido como vitamina B9, es una vitamina hidrosoluble.<\/span><\/span> <span class=\"jCAhz ChMk0b\"><span class=\"ryNqvb\">Es uno de los componentes del complejo de vitaminas B, correspondiente al \u00e1cido pteroilglut\u00e1mico (PGA), que fue extra\u00eddo y purificado de las hojas de espinaca por M. K. Mitchell (1941) y denominado \u00e1cido f\u00f3lico.<\/span><\/span><\/p><p>El \u00e1cido f\u00f3lico es una sustancia necesaria para el organismo humano en la utilizaci\u00f3n de az\u00facares y amino\u00e1cidos y es indispensable para el crecimiento y la reproducci\u00f3n celular. Ayuda al metabolismo de las prote\u00ednas y, junto con la vitamina B12, estimula la producci\u00f3n y maduraci\u00f3n de los gl\u00f3bulos rojos, siendo un material insustituible para su formaci\u00f3n. Adem\u00e1s, act\u00faa como factor de crecimiento para <em>Lactobacillus casei<\/em> y otros microorganismos.<\/p><p><span class=\"jCAhz ChMk0b\"><span class=\"ryNqvb\">El \u00e1cido f\u00f3lico es un nutriente esencial para el crecimiento y desarrollo fetal.<\/span><\/span> <span class=\"jCAhz ChMk0b\"><span class=\"ryNqvb\">. La deficiencia de \u00e1cido f\u00f3lico en mujeres embarazadas puede causar bajo peso al nacer, labio leporino y paladar hendido, y defectos card\u00edacos al nacer.<\/span><\/span> <span class=\"jCAhz ChMk0b\"><span class=\"ryNqvb\">La falta de \u00e1cido f\u00f3lico en los primeros tres meses de embarazo puede provocar defectos del tubo neural en el feto, resultando en deformidades.<\/span><\/span><\/p>\t\t\t\t\t\t\t\t<\/div>\n\t\t\t\t<\/div>\n\t\t\t\t<div class=\"elementor-element elementor-element-269af2d elementor-widget elementor-widget-image\" data-id=\"269af2d\" data-element_type=\"widget\" data-e-type=\"widget\" data-widget_type=\"image.default\">\n\t\t\t\t<div class=\"elementor-widget-container\">\n\t\t\t\t\t\t\t\t\t\t\t\t\t\t\t<img decoding=\"async\" src=\"https:\/\/www.alivitpharm.com\/wp-content\/uploads\/2022\/09\/leaves.png\" title=\"leaves\" alt=\"Leaves\" loading=\"lazy\" \/>\t\t\t\t\t\t\t\t\t\t\t\t\t\t\t<\/div>\n\t\t\t\t<\/div>\n\t\t\t\t<div class=\"elementor-element elementor-element-94b82d3 elementor-widget elementor-widget-text-editor\" data-id=\"94b82d3\" data-element_type=\"widget\" data-e-type=\"widget\" data-widget_type=\"text-editor.default\">\n\t\t\t\t<div class=\"elementor-widget-container\">\n\t\t\t\t\t\t\t\t\t<p><span class=\"jCAhz ChMk0b\"><span class=\"ryNqvb\">El \u00e1cido f\u00f3lico desempe\u00f1a un papel importante en la divisi\u00f3n y crecimiento celular, as\u00ed como en la s\u00edntesis de \u00e1cidos nucleicos, amino\u00e1cidos y prote\u00ednas. La falta de \u00e1cido f\u00f3lico en el organismo puede provocar la formaci\u00f3n de gl\u00f3bulos rojos anormales, un aumento de c\u00e9lulas inmaduras, anemia y una disminuci\u00f3n de los gl\u00f3bulos blancos.<\/span><\/span><\/p><p><span class=\"jCAhz ChMk0b\"><span class=\"ryNqvb\">La hiperhomocisteinemia tiene el doble de probabilidades de ser causa de muerte en pacientes con diabetes que en personas sanas.<\/span><\/span> <span class=\"jCAhz ChMk0b\"><span class=\"ryNqvb\">Un aumento de la homociste\u00edna es un fen\u00f3meno muy com\u00fan en personas con diabetes, y el \u00e1cido f\u00f3lico se considera uno de los principales factores que controlan la concentraci\u00f3n de homociste\u00edna en el plasma.<\/span><\/span><\/p><p>La suplementaci\u00f3n con \u00e1cido f\u00f3lico (FAS) puede reducir significativamente los niveles de homociste\u00edna y, por lo tanto, disminuir el riesgo cardiovascular en pacientes con diabetes tipo 2<\/p>\t\t\t\t\t\t\t\t<\/div>\n\t\t\t\t<\/div>\n\t\t\t\t<div class=\"elementor-element elementor-element-cf304af elementor-widget elementor-widget-heading\" data-id=\"cf304af\" data-element_type=\"widget\" data-e-type=\"widget\" data-widget_type=\"heading.default\">\n\t\t\t\t<div class=\"elementor-widget-container\">\n\t\t\t\t\t<h4 class=\"elementor-heading-title elementor-size-default\">Referencias<\/h4>\t\t\t\t<\/div>\n\t\t\t\t<\/div>\n\t\t\t\t<div class=\"elementor-element elementor-element-7379fa5 elementor-widget elementor-widget-text-editor\" data-id=\"7379fa5\" data-element_type=\"widget\" data-e-type=\"widget\" data-widget_type=\"text-editor.default\">\n\t\t\t\t<div class=\"elementor-widget-container\">\n\t\t\t\t\t\t\t\t\t<ul><li>Plasma homocysteine and all-cause mortality in diabetes. <em>Lancet.<\/em> 1999<\/li><li>Plasma homocysteine levels are associated with ulceration of the foot in patients with type 2 diabetes mellitus. <em>Diabetes Metab Res Rev. 2010<\/em><\/li><li><em>Tian T, Yang KQ, Cui JG, Zhou LL, Zhou XL (October 2017).<\/em> &#8220;Folic Acid Supplementation for Stroke Prevention in Patients With Cardiovascular Disease&#8221;. <em>Am. J. Med. Sci. 354 (4): 379\u2013387.<\/em><\/li><li><a class=\"reference-link\" href=\"https:\/\/ods.od.nih.gov\/factsheets\/folate-HealthProfessional\/\" target=\"_blank\" rel=\"noopener\">Folate &#8211; Fact Sheet for Health Professionals <em>Office of Dietary Supplements, US National Institutes of Health. 29. March 2021. Retrieved 29. April 2022.<\/em><\/a><\/li><li><em>Welch AD (1983).<\/em> &#8220;Folic acid: discovery and the exciting first decade&#8221;. <em>Perspect.<\/em> <em>Biol. Med. 27<\/em><\/li><\/ul>\t\t\t\t\t\t\t\t<\/div>\n\t\t\t\t<\/div>\n\t\t\t\t\t<\/div>\n\t\t<\/div>\n\t\t\t\t\t<\/div>\n\t\t<\/section>\n\t\t\t\t<\/div>","protected":false},"excerpt":{"rendered":"<p>Folic Acid Pteroylglutamic Acid Folic acid, also known as vitamin B9, is a water-soluble vitamin. It is one of the vitamin B complexes of folic acid, corresponding to pteroylglutamic acid (PGA), extracted and purified from spinach leaves by M. K. Mitchell (1941) and called folic acid. Folic acid is a necessary substance for the human &hellip;<\/p>\n<p class=\"read-more\"> <a class=\"\" href=\"https:\/\/www.alivitpharm.com\/es\/folic-acid\/\"> <span class=\"screen-reader-text\">\u00c1cido F\u00f3lico<\/span> Leer m\u00e1s &raquo;<\/a><\/p>","protected":false},"author":9,"featured_media":0,"parent":0,"menu_order":0,"comment_status":"closed","ping_status":"closed","template":"","meta":{"site-sidebar-layout":"no-sidebar","site-content-layout":"page-builder","ast-global-header-display":"","ast-main-header-display":"","ast-hfb-above-header-display":"","ast-hfb-below-header-display":"","ast-hfb-mobile-header-display":"","site-post-title":"disabled","ast-breadcrumbs-content":"","ast-featured-img":"disabled","footer-sml-layout":"","theme-transparent-header-meta":"","adv-header-id-meta":"","stick-header-meta":"","header-above-stick-meta":"","header-main-stick-meta":"","header-below-stick-meta":"","footnotes":""},"class_list":["post-10627","page","type-page","status-publish","hentry"],"_links":{"self":[{"href":"https:\/\/www.alivitpharm.com\/es\/wp-json\/wp\/v2\/pages\/10627","targetHints":{"allow":["GET"]}}],"collection":[{"href":"https:\/\/www.alivitpharm.com\/es\/wp-json\/wp\/v2\/pages"}],"about":[{"href":"https:\/\/www.alivitpharm.com\/es\/wp-json\/wp\/v2\/types\/page"}],"author":[{"embeddable":true,"href":"https:\/\/www.alivitpharm.com\/es\/wp-json\/wp\/v2\/users\/9"}],"replies":[{"embeddable":true,"href":"https:\/\/www.alivitpharm.com\/es\/wp-json\/wp\/v2\/comments?post=10627"}],"version-history":[{"count":0,"href":"https:\/\/www.alivitpharm.com\/es\/wp-json\/wp\/v2\/pages\/10627\/revisions"}],"wp:attachment":[{"href":"https:\/\/www.alivitpharm.com\/es\/wp-json\/wp\/v2\/media?parent=10627"}],"curies":[{"name":"wp","href":"https:\/\/api.w.org\/{rel}","templated":true}]}}