{"id":12044,"date":"2025-04-22T12:31:14","date_gmt":"2025-04-22T10:31:14","guid":{"rendered":"https:\/\/www.alivitpharm.com\/?page_id=12044"},"modified":"2025-04-23T09:30:53","modified_gmt":"2025-04-23T07:30:53","slug":"tomillo","status":"publish","type":"page","link":"https:\/\/www.alivitpharm.com\/es\/thyme\/","title":{"rendered":"Tomillo"},"content":{"rendered":"<div data-elementor-type=\"wp-page\" data-elementor-id=\"12044\" class=\"elementor elementor-12044\">\n\t\t\t\t\t\t<section class=\"elementor-section elementor-top-section elementor-element elementor-element-b49bc6c elementor-section-content-middle elementor-section-boxed elementor-section-height-default elementor-section-height-default\" data-id=\"b49bc6c\" data-element_type=\"section\" data-e-type=\"section\" data-settings=\"{&quot;background_background&quot;:&quot;classic&quot;}\">\n\t\t\t\t\t\t\t<div class=\"elementor-background-overlay\"><\/div>\n\t\t\t\t\t\t\t<div class=\"elementor-container elementor-column-gap-default\">\n\t\t\t\t\t<div class=\"elementor-column elementor-col-100 elementor-top-column elementor-element elementor-element-567c19a\" data-id=\"567c19a\" data-element_type=\"column\" data-e-type=\"column\">\n\t\t\t<div class=\"elementor-widget-wrap elementor-element-populated\">\n\t\t\t\t\t\t<div class=\"elementor-element elementor-element-46e1174 elementor-widget elementor-widget-heading\" data-id=\"46e1174\" data-element_type=\"widget\" data-e-type=\"widget\" data-widget_type=\"heading.default\">\n\t\t\t\t<div class=\"elementor-widget-container\">\n\t\t\t\t\t<h1 class=\"elementor-heading-title elementor-size-default\">Tomillo<\/h1>\t\t\t\t<\/div>\n\t\t\t\t<\/div>\n\t\t\t\t<div class=\"elementor-element elementor-element-864b912 elementor-widget elementor-widget-image\" data-id=\"864b912\" data-element_type=\"widget\" data-e-type=\"widget\" data-widget_type=\"image.default\">\n\t\t\t\t<div class=\"elementor-widget-container\">\n\t\t\t\t\t\t\t\t\t\t\t\t\t\t\t<img decoding=\"async\" width=\"75\" height=\"33\" src=\"https:\/\/www.alivitpharm.com\/wp-content\/uploads\/2019\/07\/logo-leaf-new.png\" class=\"attachment-large size-large wp-image-2518\" alt=\"\" \/>\t\t\t\t\t\t\t\t\t\t\t\t\t\t\t<\/div>\n\t\t\t\t<\/div>\n\t\t\t\t<div class=\"elementor-element elementor-element-9cebfeb elementor-widget elementor-widget-text-editor\" data-id=\"9cebfeb\" data-element_type=\"widget\" data-e-type=\"widget\" data-widget_type=\"text-editor.default\">\n\t\t\t\t<div class=\"elementor-widget-container\">\n\t\t\t\t\t\t\t\t\t<p><em>Thymus vulgaris L. &#8211; Lamiaceae<\/em><\/p>\t\t\t\t\t\t\t\t<\/div>\n\t\t\t\t<\/div>\n\t\t\t\t\t<\/div>\n\t\t<\/div>\n\t\t\t\t\t<\/div>\n\t\t<\/section>\n\t\t\t\t<section class=\"elementor-section elementor-top-section elementor-element elementor-element-f6f8106 elementor-section-boxed elementor-section-height-default elementor-section-height-default\" data-id=\"f6f8106\" data-element_type=\"section\" data-e-type=\"section\" data-settings=\"{&quot;background_background&quot;:&quot;classic&quot;}\">\n\t\t\t\t\t\t<div class=\"elementor-container elementor-column-gap-default\">\n\t\t\t\t\t<div class=\"elementor-column elementor-col-100 elementor-top-column elementor-element elementor-element-5b80ede\" data-id=\"5b80ede\" data-element_type=\"column\" data-e-type=\"column\">\n\t\t\t<div class=\"elementor-widget-wrap elementor-element-populated\">\n\t\t\t\t\t\t<div class=\"elementor-element elementor-element-55ab99f elementor-widget elementor-widget-image\" data-id=\"55ab99f\" data-element_type=\"widget\" data-e-type=\"widget\" data-widget_type=\"image.default\">\n\t\t\t\t<div class=\"elementor-widget-container\">\n\t\t\t\t\t\t\t\t\t\t\t\t\t\t\t<img decoding=\"async\" src=\"https:\/\/www.alivitpharm.com\/wp-content\/uploads\/2025\/04\/thyme.png\" title=\"tomillo\" alt=\"Tomillo\" loading=\"lazy\" \/>\t\t\t\t\t\t\t\t\t\t\t\t\t\t\t<\/div>\n\t\t\t\t<\/div>\n\t\t\t\t<div class=\"elementor-element elementor-element-239f345 elementor-widget elementor-widget-text-editor\" data-id=\"239f345\" data-element_type=\"widget\" data-e-type=\"widget\" data-widget_type=\"text-editor.default\">\n\t\t\t\t<div class=\"elementor-widget-container\">\n\t\t\t\t\t\t\t\t\t<p><em>T. vulgaris L.<\/em> o <strong>tomillo<\/strong>, com\u00fanmente conocido como \"tomillo de jard\u00edn\" es una planta arom\u00e1tica y perenne que pertenece a la familia <em>Lamiaceae<\/em>. Originaria del sur de Europa, <em>T. vulgaris L.<\/em> est\u00e1 ampliamente distribuida por todo el mundo. La planta crece bien en climas \u00e1ridos y \u00e1reas sin sombra en suelo grueso y bien drenado que es esencialmente inadecuado para muchas plantas. Aparece como una planta baja y tupida con unas pocas flores peque\u00f1as. La hoja mide de 4 a 12 mm de largo y hasta 3 mm de ancho; es s\u00e9sil o tiene un pec\u00edolo muy corto. La placa es dura, lanceolada a ovada, con ambas superficies cubiertas con un indumento gris a gris verdoso; los bordes est\u00e1n claramente enrollados hacia la superficie abaxial. El c\u00e1liz es verde, a menudo con manchas p\u00farpuras, y es tubular; en el extremo hay 2 labios, el superior de los cuales est\u00e1 doblado hacia atr\u00e1s y tiene 3 l\u00f3bulos en el extremo; el inferior es m\u00e1s largo y tiene 2 dientes peludos. Tras la floraci\u00f3n, el c\u00e1liz se cierra con una corona de pelos largos y r\u00edgidos. La corola, aproximadamente el doble de larga que el c\u00e1liz, suele ser seca, de color marr\u00f3n y ligeramente bilobulada.<\/p><p>El tomillo era considerado un antis\u00e9ptico, antimicrobiano, astringente, antihelm\u00edntico, carminativo, desinfectante, medicinal y t\u00f3nico. <em>T. vulgaris<\/em> tambi\u00e9n puede mejorar la funci\u00f3n hep\u00e1tica y estimular el apetito. Se utiliza en el tratamiento de infecciones respiratorias, como las bronquiales, as\u00ed como en el tratamiento de infecciones urinarias y de la trompa de Eustaquio. Tambi\u00e9n es eficaz en g\u00e1rgaras, ayudando a tratar la laringitis y el dolor de garganta.<\/p><p>El aceite de <em>T. vulgaris<\/em> es una combinaci\u00f3n de monoterpenos que act\u00faan como antioxidantes, antimicrobianos, antitusivos, antiespasm\u00f3dicos y antibacterianos. El tomillo tambi\u00e9n es \u00fatil para problemas de la piel como piel grasa, acn\u00e9, dermatitis, diversas afecciones cut\u00e1neas y picaduras de insectos. En aromaterapia, se distinguen diferentes tipos de tomillo.<\/p>\t\t\t\t\t\t\t\t<\/div>\n\t\t\t\t<\/div>\n\t\t\t\t<div class=\"elementor-element elementor-element-a949ebb elementor-widget elementor-widget-image\" data-id=\"a949ebb\" data-element_type=\"widget\" data-e-type=\"widget\" data-widget_type=\"image.default\">\n\t\t\t\t<div class=\"elementor-widget-container\">\n\t\t\t\t\t\t\t\t\t\t\t\t\t\t\t<img decoding=\"async\" src=\"https:\/\/www.alivitpharm.com\/wp-content\/uploads\/2022\/09\/leaves.png\" title=\"leaves\" alt=\"Leaves\" loading=\"lazy\" \/>\t\t\t\t\t\t\t\t\t\t\t\t\t\t\t<\/div>\n\t\t\t\t<\/div>\n\t\t\t\t<div class=\"elementor-element elementor-element-d1cf34b elementor-widget elementor-widget-text-editor\" data-id=\"d1cf34b\" data-element_type=\"widget\" data-e-type=\"widget\" data-widget_type=\"text-editor.default\">\n\t\t\t\t<div class=\"elementor-widget-container\">\n\t\t\t\t\t\t\t\t\t<p>El tomillo es una planta ampliamente utilizada en las industrias farmac\u00e9utica, alimentaria y cosm\u00e9tica. Adem\u00e1s, posee propiedades antioxidantes, anticancer\u00edgenas, antiinflamatorias, inmunomoduladoras y antiespasm\u00f3dicas.<\/p><p><em>Thymus vulgaris<\/em> contiene una gran cantidad de flavonoides. Por lo tanto, el tomillo puede considerarse un antioxidante y antibi\u00f3tico natural con amplias aplicaciones en la elaboraci\u00f3n de suplementos diet\u00e9ticos.<\/p><p>Se han evaluado y reportado diversos extractos y aceites esenciales obtenidos de la planta para el tratamiento de enfermedades como infecciones microbianas, inflamaci\u00f3n, enfermedades no transmisibles como el c\u00e1ncer y enfermedades de transmisi\u00f3n sexual como el VIH-1 y el herpes.<\/p><p>El tomillo es especialmente \u00fatil en casos de infecciones causadas por par\u00e1sitos como anquilostomas (un gusano intestinal que puede causar anquilostomas), asc\u00e1rides (otros par\u00e1sitos intestinales) y diversos tipos de bacterias, incluyendo bacterias grampositivas y gramnegativas. Adem\u00e1s, es eficaz contra hongos y levaduras, incluyendo <em>Candida albicans<\/em>El ingrediente activo clave del tomillo es el timol, responsable de muchas de sus propiedades medicinales. El timol tiene una fuerte actividad antibacteriana, especialmente contra enterobacterias (un grupo de bacterias que incluye muchos pat\u00f3genos como <em>Escherichia coli<\/em>) y cocos (que incluyen varios tipos de bacterias que causan infecciones, como <em>Streptococcus<\/em> y <em>Staphylococcus<\/em>).<\/p><p>Por lo tanto, el tomillo se utiliza no s\u00f3lo para tratar infecciones bacterianas y f\u00fangicas, sino tambi\u00e9n para reducir los par\u00e1sitos intestinales, lo que puede ayudar a aliviar los s\u00edntomas y tratar afecciones como dolor abdominal, hinchaz\u00f3n y otros trastornos digestivos causados \u200b\u200bpor infecciones.<\/p>\t\t\t\t\t\t\t\t<\/div>\n\t\t\t\t<\/div>\n\t\t\t\t<div class=\"elementor-element elementor-element-ff69c90 elementor-widget elementor-widget-heading\" data-id=\"ff69c90\" data-element_type=\"widget\" data-e-type=\"widget\" data-widget_type=\"heading.default\">\n\t\t\t\t<div class=\"elementor-widget-container\">\n\t\t\t\t\t<h4 class=\"elementor-heading-title elementor-size-default\">Referencias<\/h4>\t\t\t\t<\/div>\n\t\t\t\t<\/div>\n\t\t\t\t<div class=\"elementor-element elementor-element-4dede2c elementor-widget elementor-widget-text-editor\" data-id=\"4dede2c\" data-element_type=\"widget\" data-e-type=\"widget\" data-widget_type=\"text-editor.default\">\n\t\t\t\t<div class=\"elementor-widget-container\">\n\t\t\t\t\t\t\t\t\t<ul><li style=\"list-style-type: none;\"><ul><li><a class=\"reference-link\" href=\"https:\/\/pubmed.ncbi.nlm.nih.gov\/?term=thymus+vulgaris+medical\" target=\"_blank\" rel=\"noopener\">Thymus vulgaris medical search results<\/a><\/li><li><a class=\"reference-link\" href=\"https:\/\/www.sciencedirect.com\/science\/article\/abs\/pii\/B9780128092866000285\" target=\"_blank\" rel=\"noopener\">Chapter 28 &#8211; Thymus vulgaris<\/a><\/li><\/ul><\/li><\/ul>\t\t\t\t\t\t\t\t<\/div>\n\t\t\t\t<\/div>\n\t\t\t\t\t<\/div>\n\t\t<\/div>\n\t\t\t\t\t<\/div>\n\t\t<\/section>\n\t\t\t\t<\/div>","protected":false},"excerpt":{"rendered":"<p>Thyme Thymus vulgaris L. &#8211; Lamiaceae T. vulgaris L. or thyme, commonly known as &#8220;garden thyme&#8221; is an aromatic and perennial flowering plant belonging to the family Lamiaceae. Native to southern Europe, T. vulgaris L. is widely distributed throughout the world. The plant grows well in arid climates and unshaded areas on coarse and well-drained &hellip;<\/p>\n<p class=\"read-more\"> <a class=\"\" href=\"https:\/\/www.alivitpharm.com\/es\/thyme\/\"> <span class=\"screen-reader-text\">Tomillo<\/span> Leer m\u00e1s &raquo;<\/a><\/p>","protected":false},"author":9,"featured_media":0,"parent":0,"menu_order":0,"comment_status":"closed","ping_status":"closed","template":"","meta":{"site-sidebar-layout":"no-sidebar","site-content-layout":"page-builder","ast-global-header-display":"","ast-main-header-display":"","ast-hfb-above-header-display":"","ast-hfb-below-header-display":"","ast-hfb-mobile-header-display":"","site-post-title":"disabled","ast-breadcrumbs-content":"","ast-featured-img":"disabled","footer-sml-layout":"","theme-transparent-header-meta":"","adv-header-id-meta":"","stick-header-meta":"","header-above-stick-meta":"","header-main-stick-meta":"","header-below-stick-meta":"","footnotes":""},"class_list":["post-12044","page","type-page","status-publish","hentry"],"_links":{"self":[{"href":"https:\/\/www.alivitpharm.com\/es\/wp-json\/wp\/v2\/pages\/12044","targetHints":{"allow":["GET"]}}],"collection":[{"href":"https:\/\/www.alivitpharm.com\/es\/wp-json\/wp\/v2\/pages"}],"about":[{"href":"https:\/\/www.alivitpharm.com\/es\/wp-json\/wp\/v2\/types\/page"}],"author":[{"embeddable":true,"href":"https:\/\/www.alivitpharm.com\/es\/wp-json\/wp\/v2\/users\/9"}],"replies":[{"embeddable":true,"href":"https:\/\/www.alivitpharm.com\/es\/wp-json\/wp\/v2\/comments?post=12044"}],"version-history":[{"count":25,"href":"https:\/\/www.alivitpharm.com\/es\/wp-json\/wp\/v2\/pages\/12044\/revisions"}],"predecessor-version":[{"id":12076,"href":"https:\/\/www.alivitpharm.com\/es\/wp-json\/wp\/v2\/pages\/12044\/revisions\/12076"}],"wp:attachment":[{"href":"https:\/\/www.alivitpharm.com\/es\/wp-json\/wp\/v2\/media?parent=12044"}],"curies":[{"name":"wp","href":"https:\/\/api.w.org\/{rel}","templated":true}]}}