{"id":12451,"date":"2025-06-06T08:27:45","date_gmt":"2025-06-06T06:27:45","guid":{"rendered":"https:\/\/www.alivitpharm.com\/?page_id=12451"},"modified":"2025-06-06T14:31:39","modified_gmt":"2025-06-06T12:31:39","slug":"papaya","status":"publish","type":"page","link":"https:\/\/www.alivitpharm.com\/es\/papaya\/","title":{"rendered":"Papaya"},"content":{"rendered":"<div data-elementor-type=\"wp-page\" data-elementor-id=\"12451\" class=\"elementor elementor-12451\">\n\t\t\t\t\t\t<section class=\"elementor-section elementor-top-section elementor-element elementor-element-62c913b elementor-section-content-middle elementor-section-boxed elementor-section-height-default elementor-section-height-default\" data-id=\"62c913b\" data-element_type=\"section\" data-e-type=\"section\" data-settings=\"{&quot;background_background&quot;:&quot;classic&quot;}\">\n\t\t\t\t\t\t\t<div class=\"elementor-background-overlay\"><\/div>\n\t\t\t\t\t\t\t<div class=\"elementor-container elementor-column-gap-default\">\n\t\t\t\t\t<div class=\"elementor-column elementor-col-100 elementor-top-column elementor-element elementor-element-27db566\" data-id=\"27db566\" data-element_type=\"column\" data-e-type=\"column\">\n\t\t\t<div class=\"elementor-widget-wrap elementor-element-populated\">\n\t\t\t\t\t\t<div class=\"elementor-element elementor-element-7703366 elementor-widget elementor-widget-heading\" data-id=\"7703366\" data-element_type=\"widget\" data-e-type=\"widget\" data-widget_type=\"heading.default\">\n\t\t\t\t<div class=\"elementor-widget-container\">\n\t\t\t\t\t<h1 class=\"elementor-heading-title elementor-size-default\">Papaya<\/h1>\t\t\t\t<\/div>\n\t\t\t\t<\/div>\n\t\t\t\t<div class=\"elementor-element elementor-element-d3ea850 elementor-widget elementor-widget-image\" data-id=\"d3ea850\" data-element_type=\"widget\" data-e-type=\"widget\" data-widget_type=\"image.default\">\n\t\t\t\t<div class=\"elementor-widget-container\">\n\t\t\t\t\t\t\t\t\t\t\t\t\t\t\t<img decoding=\"async\" width=\"75\" height=\"33\" src=\"https:\/\/www.alivitpharm.com\/wp-content\/uploads\/2019\/07\/logo-leaf-new.png\" class=\"attachment-large size-large wp-image-2518\" alt=\"\" \/>\t\t\t\t\t\t\t\t\t\t\t\t\t\t\t<\/div>\n\t\t\t\t<\/div>\n\t\t\t\t<div class=\"elementor-element elementor-element-0c7f255 elementor-widget elementor-widget-text-editor\" data-id=\"0c7f255\" data-element_type=\"widget\" data-e-type=\"widget\" data-widget_type=\"text-editor.default\">\n\t\t\t\t<div class=\"elementor-widget-container\">\n\t\t\t\t\t\t\t\t\t<p><em>Carica papaya L. &#8211; Caricaceae<\/em><\/p>\t\t\t\t\t\t\t\t<\/div>\n\t\t\t\t<\/div>\n\t\t\t\t\t<\/div>\n\t\t<\/div>\n\t\t\t\t\t<\/div>\n\t\t<\/section>\n\t\t\t\t<section class=\"elementor-section elementor-top-section elementor-element elementor-element-fcce5a0 elementor-section-boxed elementor-section-height-default elementor-section-height-default\" data-id=\"fcce5a0\" data-element_type=\"section\" data-e-type=\"section\" data-settings=\"{&quot;background_background&quot;:&quot;classic&quot;}\">\n\t\t\t\t\t\t<div class=\"elementor-container elementor-column-gap-default\">\n\t\t\t\t\t<div class=\"elementor-column elementor-col-100 elementor-top-column elementor-element elementor-element-ba621e9\" data-id=\"ba621e9\" data-element_type=\"column\" data-e-type=\"column\">\n\t\t\t<div class=\"elementor-widget-wrap elementor-element-populated\">\n\t\t\t\t\t\t<div class=\"elementor-element elementor-element-87be778 elementor-widget elementor-widget-image\" data-id=\"87be778\" data-element_type=\"widget\" data-e-type=\"widget\" data-widget_type=\"image.default\">\n\t\t\t\t<div class=\"elementor-widget-container\">\n\t\t\t\t\t\t\t\t\t\t\t\t\t\t\t<img decoding=\"async\" src=\"https:\/\/www.alivitpharm.com\/wp-content\/uploads\/2025\/06\/papaya.png\" title=\"papaya\" alt=\"Papaya\" loading=\"lazy\" \/>\t\t\t\t\t\t\t\t\t\t\t\t\t\t\t<\/div>\n\t\t\t\t<\/div>\n\t\t\t\t<div class=\"elementor-element elementor-element-3da9b40 elementor-widget elementor-widget-text-editor\" data-id=\"3da9b40\" data-element_type=\"widget\" data-e-type=\"widget\" data-widget_type=\"text-editor.default\">\n\t\t\t\t<div class=\"elementor-widget-container\">\n\t\t\t\t\t\t\t\t\t<p><span class=\"jCAhz ChMk0b\"><span class=\"ryNqvb\"><strong>Papaya<\/strong> es una fruta popular cultivada en pa\u00edses tropicales y subtropicales.<\/span><\/span> <span class=\"jCAhz ChMk0b\"><span class=\"ryNqvb\">Las cualidades nutricionales y terap\u00e9uticas de la papaya son ampliamente conocidas.<\/span><\/span> <span class=\"jCAhz ChMk0b\"><span class=\"ryNqvb\">Las hojas, entre otros componentes de la planta, se han utilizado como remedios terap\u00e9uticos para diversas enfermedades.<\/span><\/span> <span class=\"jCAhz ChMk0b\"><span class=\"ryNqvb\">Las hojas de papaya contienen varios componentes bioactivos, incluidos compuestos fen\u00f3licos, flavonoides y alcaloides.<\/span><\/span> <span class=\"jCAhz ChMk0b\"><span class=\"ryNqvb\">Estas sustancias ayudan a aumentar la capacidad antioxidante.<\/span><\/span> <span class=\"jCAhz ChMk0b\"><span class=\"ryNqvb\">La papaya posee propiedades anticancer\u00edgenas, antiinflamatorias, antimicrobianas e hipoglucemiantes.<\/span><\/span> <span class=\"jCAhz ChMk0b\"><span class=\"ryNqvb\">Tambi\u00e9n contiene la enzima papa\u00edna, que ayuda en el tratamiento de traumatismos, alergias y lesiones deportivas al aumentar la motilidad digestiva y el tiempo de tr\u00e1nsito intestinal.<\/span><\/span> <span class=\"jCAhz ChMk0b\"><span class=\"ryNqvb\">Muchos informes tambi\u00e9n han demostrado que las hojas contienen numerosos agentes bioactivos como carpa\u00edna y \u00e1cido nicot\u00ednico.<\/span><\/span> <span class=\"jCAhz ChMk0b\"><span class=\"ryNqvb\">Se ha demostrado que el extracto etan\u00f3lico contiene saponinas, gluc\u00f3sidos card\u00edacos, antraquinonas y az\u00facares reductores, adem\u00e1s de flavonoides, alcaloides y taninos.<\/span><\/span><\/p>\t\t\t\t\t\t\t\t<\/div>\n\t\t\t\t<\/div>\n\t\t\t\t<div class=\"elementor-element elementor-element-aab35a2 elementor-widget elementor-widget-image\" data-id=\"aab35a2\" data-element_type=\"widget\" data-e-type=\"widget\" data-widget_type=\"image.default\">\n\t\t\t\t<div class=\"elementor-widget-container\">\n\t\t\t\t\t\t\t\t\t\t\t\t\t\t\t<img decoding=\"async\" src=\"https:\/\/www.alivitpharm.com\/wp-content\/uploads\/2022\/09\/leaves.png\" title=\"leaves\" alt=\"Leaves\" loading=\"lazy\" \/>\t\t\t\t\t\t\t\t\t\t\t\t\t\t\t<\/div>\n\t\t\t\t<\/div>\n\t\t\t\t<div class=\"elementor-element elementor-element-8579282 elementor-widget elementor-widget-text-editor\" data-id=\"8579282\" data-element_type=\"widget\" data-e-type=\"widget\" data-widget_type=\"text-editor.default\">\n\t\t\t\t<div class=\"elementor-widget-container\">\n\t\t\t\t\t\t\t\t\t<p><span class=\"jCAhz ChMk0b\"><span class=\"ryNqvb\">Los efectos beneficiosos de la planta se deben principalmente a los alcaloides, flavonoides, saponinas, taninos y gluc\u00f3sidos, que poseen propiedades antiinflamatorias.<\/span><\/span> <span class=\"jCAhz ChMk0b\"><span class=\"ryNqvb\">Se ha descubierto que las hojas de papaya contienen cantidades significativas de prote\u00ednas, alcaloides, amino\u00e1cidos, carbohidratos, esteroides y gluc\u00f3sidos.<\/span><\/span> <span class=\"jCAhz ChMk0b\"><span class=\"ryNqvb\">Tambi\u00e9n se ha informado la presencia de az\u00facares, gluc\u00f3sidos, saponinas, prote\u00ednas, amino\u00e1cidos, esteroides y terpenoides en cantidades medibles.<\/span><\/span> <span class=\"jCAhz ChMk0b\"><span class=\"ryNqvb\">Los estudios han demostrado la eficacia antimicrobiana de las hojas frescas y secas de <em>C. papaya<\/em> contra bacterias y hongos.<\/span><\/span> <span class=\"jCAhz ChMk0b\"><span class=\"ryNqvb\">Las muestras secas de la planta mostraron una eficacia significativa tanto contra bacterias Gram-negativas como Gram-positivas.<\/span><\/span> <span class=\"jCAhz ChMk0b\"><span class=\"ryNqvb\">However, the fresh sample was effective only against Gram-positive bacteria.<\/span><\/span> <span class=\"jCAhz ChMk0b\"><span class=\"ryNqvb\">En el mismo estudio, los extractos metan\u00f3licos y acuosos de <em>C. papaya<\/em> C. papaya inhibieron la actividad de <em>Escherichia coli<\/em>, <em>Staphylococcus aureus<\/em> y <em>Candida albicans<\/em>.<\/span><\/span> <span class=\"jCAhz ChMk0b\"><span class=\"ryNqvb\">Con base en la investigaci\u00f3n, se descubri\u00f3 que el extracto de <em>C. papaya<\/em> hojas posee efectos antibacterianos y citot\u00f3xicos.<\/span><\/span><\/p><p><span class=\"jCAhz ChMk0b\"><span class=\"ryNqvb\">Las nanopart\u00edculas sintetizadas a partir de <em>C. papaya<\/em> las hojas han demostrado inhibir la actividad del virus del dengue tipo 2. La actividad antiprotozoaria de <em>C. papaya<\/em> contra <em>Trypanosoma cruzi<\/em> (un organismo parasitario) se evalu\u00f3 tambi\u00e9n.<\/span><\/span> <span class=\"jCAhz ChMk0b\"><span class=\"ryNqvb\">El extracto mostr\u00f3 la mayor actividad antimicrobiana contra <em>S. aureus<\/em> y <em>B. cereus<\/em>.<\/span><\/span> <span class=\"jCAhz ChMk0b\"><span class=\"ryNqvb\">Seg\u00fan las investigaciones, la actividad antiparasitaria de compuestos aislados del extracto de cloroformo de <em>C. papaya<\/em> se evalu\u00f3.<\/span><\/span><\/p>\t\t\t\t\t\t\t\t<\/div>\n\t\t\t\t<\/div>\n\t\t\t\t<div class=\"elementor-element elementor-element-f3ec39b elementor-widget elementor-widget-heading\" data-id=\"f3ec39b\" data-element_type=\"widget\" data-e-type=\"widget\" data-widget_type=\"heading.default\">\n\t\t\t\t<div class=\"elementor-widget-container\">\n\t\t\t\t\t<h4 class=\"elementor-heading-title elementor-size-default\">Referencias<\/h4>\t\t\t\t<\/div>\n\t\t\t\t<\/div>\n\t\t\t\t<div class=\"elementor-element elementor-element-2942c6b elementor-widget elementor-widget-text-editor\" data-id=\"2942c6b\" data-element_type=\"widget\" data-e-type=\"widget\" data-widget_type=\"text-editor.default\">\n\t\t\t\t<div class=\"elementor-widget-container\">\n\t\t\t\t\t\t\t\t\t<ul><li style=\"list-style-type: none;\"><ul><li><a class=\"reference-link\" href=\"https:\/\/www.sciencedirect.com\/science\/article\/pii\/S2667142523000520\" target=\"_blank\" rel=\"noopener\">Ethnomedicinal uses, nutritional composition, phytochemistry and potential health benefits of Carica papaya<\/a><\/li><\/ul><\/li><\/ul>\t\t\t\t\t\t\t\t<\/div>\n\t\t\t\t<\/div>\n\t\t\t\t\t<\/div>\n\t\t<\/div>\n\t\t\t\t\t<\/div>\n\t\t<\/section>\n\t\t\t\t<\/div>","protected":false},"excerpt":{"rendered":"<p>Papaya Carica papaya L. &#8211; Caricaceae Papaya is a popular fruit grown in tropical and subtropical countries. The nutritional and therapeutic qualities of papaya are widely known. The leaves, among other plant components, have been used as therapeutic drugs for several diseases. Papaya leaves contain various bioactive components, including phenolic compounds, flavonoids, alkaloids. These substances &hellip;<\/p>\n<p class=\"read-more\"> <a class=\"\" href=\"https:\/\/www.alivitpharm.com\/es\/papaya\/\"> <span class=\"screen-reader-text\">Papaya<\/span> Leer m\u00e1s &raquo;<\/a><\/p>","protected":false},"author":9,"featured_media":0,"parent":0,"menu_order":0,"comment_status":"closed","ping_status":"closed","template":"","meta":{"site-sidebar-layout":"no-sidebar","site-content-layout":"page-builder","ast-global-header-display":"","ast-main-header-display":"","ast-hfb-above-header-display":"","ast-hfb-below-header-display":"","ast-hfb-mobile-header-display":"","site-post-title":"disabled","ast-breadcrumbs-content":"","ast-featured-img":"disabled","footer-sml-layout":"","theme-transparent-header-meta":"","adv-header-id-meta":"","stick-header-meta":"","header-above-stick-meta":"","header-main-stick-meta":"","header-below-stick-meta":"","footnotes":""},"class_list":["post-12451","page","type-page","status-publish","hentry"],"_links":{"self":[{"href":"https:\/\/www.alivitpharm.com\/es\/wp-json\/wp\/v2\/pages\/12451","targetHints":{"allow":["GET"]}}],"collection":[{"href":"https:\/\/www.alivitpharm.com\/es\/wp-json\/wp\/v2\/pages"}],"about":[{"href":"https:\/\/www.alivitpharm.com\/es\/wp-json\/wp\/v2\/types\/page"}],"author":[{"embeddable":true,"href":"https:\/\/www.alivitpharm.com\/es\/wp-json\/wp\/v2\/users\/9"}],"replies":[{"embeddable":true,"href":"https:\/\/www.alivitpharm.com\/es\/wp-json\/wp\/v2\/comments?post=12451"}],"version-history":[{"count":13,"href":"https:\/\/www.alivitpharm.com\/es\/wp-json\/wp\/v2\/pages\/12451\/revisions"}],"predecessor-version":[{"id":12468,"href":"https:\/\/www.alivitpharm.com\/es\/wp-json\/wp\/v2\/pages\/12451\/revisions\/12468"}],"wp:attachment":[{"href":"https:\/\/www.alivitpharm.com\/es\/wp-json\/wp\/v2\/media?parent=12451"}],"curies":[{"name":"wp","href":"https:\/\/api.w.org\/{rel}","templated":true}]}}