{"id":13624,"date":"2025-11-19T09:40:01","date_gmt":"2025-11-19T07:40:01","guid":{"rendered":"https:\/\/www.alivitpharm.com\/?page_id=13624"},"modified":"2025-11-20T09:29:08","modified_gmt":"2025-11-20T07:29:08","slug":"magnesio","status":"publish","type":"page","link":"https:\/\/www.alivitpharm.com\/es\/magnesium\/","title":{"rendered":"Magnesio"},"content":{"rendered":"<div data-elementor-type=\"wp-page\" data-elementor-id=\"13624\" class=\"elementor elementor-13624\">\n\t\t\t\t\t\t<section class=\"elementor-section elementor-top-section elementor-element elementor-element-aa96493 elementor-section-content-middle elementor-section-boxed elementor-section-height-default elementor-section-height-default\" data-id=\"aa96493\" data-element_type=\"section\" data-e-type=\"section\" data-settings=\"{&quot;background_background&quot;:&quot;classic&quot;}\">\n\t\t\t\t\t\t\t<div class=\"elementor-background-overlay\"><\/div>\n\t\t\t\t\t\t\t<div class=\"elementor-container elementor-column-gap-default\">\n\t\t\t\t\t<div class=\"elementor-column elementor-col-100 elementor-top-column elementor-element elementor-element-ec45379\" data-id=\"ec45379\" data-element_type=\"column\" data-e-type=\"column\">\n\t\t\t<div class=\"elementor-widget-wrap elementor-element-populated\">\n\t\t\t\t\t\t<div class=\"elementor-element elementor-element-de29173 elementor-widget elementor-widget-heading\" data-id=\"de29173\" data-element_type=\"widget\" data-e-type=\"widget\" data-widget_type=\"heading.default\">\n\t\t\t\t<div class=\"elementor-widget-container\">\n\t\t\t\t\t<h1 class=\"elementor-heading-title elementor-size-default\">Magnesio<\/h1>\t\t\t\t<\/div>\n\t\t\t\t<\/div>\n\t\t\t\t<div class=\"elementor-element elementor-element-6baeaeb elementor-widget elementor-widget-image\" data-id=\"6baeaeb\" data-element_type=\"widget\" data-e-type=\"widget\" data-widget_type=\"image.default\">\n\t\t\t\t<div class=\"elementor-widget-container\">\n\t\t\t\t\t\t\t\t\t\t\t\t\t\t\t<img decoding=\"async\" src=\"https:\/\/www.alivitpharm.com\/wp-content\/uploads\/2022\/10\/pill.png\" title=\"pill\" alt=\"Pill\" loading=\"lazy\" \/>\t\t\t\t\t\t\t\t\t\t\t\t\t\t\t<\/div>\n\t\t\t\t<\/div>\n\t\t\t\t<div class=\"elementor-element elementor-element-770e3d8 elementor-widget elementor-widget-text-editor\" data-id=\"770e3d8\" data-element_type=\"widget\" data-e-type=\"widget\" data-widget_type=\"text-editor.default\">\n\t\t\t\t<div class=\"elementor-widget-container\">\n\t\t\t\t\t\t\t\t\t<p><em>Mg<\/em><\/p>\t\t\t\t\t\t\t\t<\/div>\n\t\t\t\t<\/div>\n\t\t\t\t\t<\/div>\n\t\t<\/div>\n\t\t\t\t\t<\/div>\n\t\t<\/section>\n\t\t\t\t<section class=\"elementor-section elementor-top-section elementor-element elementor-element-e5d4072 elementor-section-boxed elementor-section-height-default elementor-section-height-default\" data-id=\"e5d4072\" data-element_type=\"section\" data-e-type=\"section\" data-settings=\"{&quot;background_background&quot;:&quot;classic&quot;}\">\n\t\t\t\t\t\t<div class=\"elementor-container elementor-column-gap-default\">\n\t\t\t\t\t<div class=\"elementor-column elementor-col-100 elementor-top-column elementor-element elementor-element-95cd157\" data-id=\"95cd157\" data-element_type=\"column\" data-e-type=\"column\">\n\t\t\t<div class=\"elementor-widget-wrap elementor-element-populated\">\n\t\t\t\t\t\t<div class=\"elementor-element elementor-element-18b684d elementor-widget elementor-widget-text-editor\" data-id=\"18b684d\" data-element_type=\"widget\" data-e-type=\"widget\" data-widget_type=\"text-editor.default\">\n\t\t\t\t<div class=\"elementor-widget-container\">\n\t\t\t\t\t\t\t\t\t<p><span class=\"jCAhz ChMk0b\"><span class=\"ryNqvb\"><strong>Magnesio<\/strong> se ingiere en el cuerpo a trav\u00e9s de alimentos de origen vegetal (como frutos secos y granos) y pescado de mar. Una cantidad significativa de magnesio se obtiene al beber agua mineral, que contiene m\u00e1s magnesio utilizable que las plantas. Las necesidades diarias var\u00edan desde 50 mg para los beb\u00e9s hasta 300 mg para los adultos. Durante el embarazo y la lactancia, las necesidades aumentan en 150 mg.<\/span><\/span><\/p><p><span class=\"jCAhz ChMk0b\"><span class=\"ryNqvb\"> Al igual que otros electrolitos, el papel del magnesio en el cuerpo es diverso y complejo. Su mecanismo de acci\u00f3n depende del sistema de \u00f3rganos involucrado, as\u00ed como de su formulaci\u00f3n. <\/span><\/span><\/p><p><span class=\"jCAhz ChMk0b\"><span class=\"ryNqvb\">El magnesio es el cuarto cati\u00f3n m\u00e1s com\u00fan en el cuerpo. <span class=\"jCAhz\">La mayor parte del magnesio es intracelular;<\/span> es el segundo cati\u00f3n intracelular m\u00e1s com\u00fan despu\u00e9s del potasio. El magnesio juega un papel vital en m\u00e1s de 300 reacciones metab\u00f3licas. Esto incluye la uni\u00f3n a receptores hormonales, contracci\u00f3n muscular, actividad nerviosa, liberaci\u00f3n de neurotransmisores, tono vasomotor y excitabilidad card\u00edaca. Es necesario para el transporte activo de potasio y calcio a trav\u00e9s de la membrana celular.<\/span><\/span><\/p><p><span class=\"jCAhz ChMk0b\"><span class=\"ryNqvb\"> Debido a sus efectos diversos en el cuerpo, el magnesio se indica para una variedad de condiciones. Los niveles normales de magnesio en suero est\u00e1n entre 1.8 y 2.2 mg\/dL. La hipomagnesemia (magnesio plasm\u00e1tico bajo) se define como una concentraci\u00f3n de magnesio inferior a 1.8 mg\/dL.<\/span><\/span><\/p><p><span class=\"jCAhz ChMk0b\"><span class=\"ryNqvb\">Una disminuci\u00f3n en los niveles de magnesio puede resultar de una ingesta inadecuada, una disminuci\u00f3n en la absorci\u00f3n renal o una absorci\u00f3n gastrointestinal deficiente. Los factores de riesgo para la hipomagnesemia incluyen individuos con enfermedades gastrointestinales, diarrea cr\u00f3nica, terapia con inhibidores de la bomba de protones, trastornos por consumo de alcohol y el uso de diur\u00e9ticos, tanto diur\u00e9ticos de asa como diur\u00e9ticos tiaz\u00eddicos. Es com\u00fan observar hipomagnesemia junto con bajos niveles de otros electrolitos, como la hipokalemia (bajos niveles de potasio en plasma) y la hipocalcemia (bajos niveles de calcio en plasma). <span class=\"jCAhz\">En pacientes con hipokalemia o hipocalcemia, la hipomagnesemia puede ser la causa subyacente.<\/span> Los s\u00edntomas de la hipomagnesemia est\u00e1n relacionados con el desarrollo de hipocalcemia concomitante. <span class=\"jCAhz\">Los pacientes pueden experimentar s\u00edntomas vagos como n\u00e1useas, v\u00f3mitos, letargo y debilidad, los cuales pueden indicar hipomagnesemia.<\/span> La hipomagnesemia severa, con niveles menores a 1.25 mg\/dL, puede resultar en convulsiones t\u00f3nico-cl\u00f3nicas generalizadas.<\/span><\/span><\/p>\t\t\t\t\t\t\t\t<\/div>\n\t\t\t\t<\/div>\n\t\t\t\t<div class=\"elementor-element elementor-element-d9e1b2a elementor-widget elementor-widget-image\" data-id=\"d9e1b2a\" data-element_type=\"widget\" data-e-type=\"widget\" data-widget_type=\"image.default\">\n\t\t\t\t<div class=\"elementor-widget-container\">\n\t\t\t\t\t\t\t\t\t\t\t\t\t\t\t<img decoding=\"async\" src=\"https:\/\/www.alivitpharm.com\/wp-content\/uploads\/2022\/09\/leaves.png\" title=\"leaves\" alt=\"Leaves\" loading=\"lazy\" \/>\t\t\t\t\t\t\t\t\t\t\t\t\t\t\t<\/div>\n\t\t\t\t<\/div>\n\t\t\t\t<div class=\"elementor-element elementor-element-a502d2c elementor-widget elementor-widget-text-editor\" data-id=\"a502d2c\" data-element_type=\"widget\" data-e-type=\"widget\" data-widget_type=\"text-editor.default\">\n\t\t\t\t<div class=\"elementor-widget-container\">\n\t\t\t\t\t\t\t\t\t<p><strong><span style=\"text-decoration: underline;\">Indicaciones en las que se recomienda el magnesio:<\/span><\/strong><\/p><p><strong>1.<\/strong> <strong>Eclampsia o preeclampsia severa \u2013<\/strong> El magnesio se administra a personas con preeclampsia severa para prevenir las convulsiones y a personas con eclampsia para controlar las convulsiones.<br \/><strong>2.<\/strong> <strong>Estre\u00f1imiento<\/strong> - el magnesio tiene un efecto laxante.<br \/><strong>3.<\/strong> <strong>Arritmias<\/strong> -se recomienda la administraci\u00f3n de magnesio para algunas arritmias.<br \/><strong>4.<\/strong> <strong>Asma<\/strong> \u2013 el magnesio relaja el m\u00fasculo liso bronquial.<br \/><strong>5.<\/strong> <strong>Migra\u00f1a<\/strong> \u2013 se ha encontrado hipomagnesemia en pacientes con migra\u00f1as. La suplementaci\u00f3n con magnesio se considera justificada en pacientes que sufren de migra\u00f1as.<\/p><p>No existen contraindicaciones para los suplementos de magnesio con otros medicamentos. Sin embargo, varios medicamentos pueden aumentar o disminuir las concentraciones de magnesio, por lo que es importante consultar a un m\u00e9dico o farmac\u00e9utico antes de usar cualquier suplemento. El magnesio puede ser utilizado durante el embarazo y la lactancia; seg\u00fan los datos actuales, no se espera riesgo de da\u00f1o para el feto o el lactante.<\/p><p>El exceso de magnesio tampoco es seguro, ya que puede provocar hipotensi\u00f3n, hiporreflexia (reducci\u00f3n de los reflejos) y depresi\u00f3n respiratoria. Por lo tanto, es importante seguir las recomendaciones de dosis y consultar a un profesional de la salud antes de tomar suplementos de magnesio, especialmente en grandes cantidades.<\/p>\t\t\t\t\t\t\t\t<\/div>\n\t\t\t\t<\/div>\n\t\t\t\t<div class=\"elementor-element elementor-element-afc9eba elementor-widget elementor-widget-heading\" data-id=\"afc9eba\" data-element_type=\"widget\" data-e-type=\"widget\" data-widget_type=\"heading.default\">\n\t\t\t\t<div class=\"elementor-widget-container\">\n\t\t\t\t\t<h4 class=\"elementor-heading-title elementor-size-default\">MAGNESIUM BISGLYCINATE<\/h4>\t\t\t\t<\/div>\n\t\t\t\t<\/div>\n\t\t\t\t<div class=\"elementor-element elementor-element-639635f elementor-widget elementor-widget-text-editor\" data-id=\"639635f\" data-element_type=\"widget\" data-e-type=\"widget\" data-widget_type=\"text-editor.default\">\n\t\t\t\t<div class=\"elementor-widget-container\">\n\t\t\t\t\t\t\t\t\t<p>El bisglicinato de magnesio es una forma quelada, lo que significa que el magnesio est\u00e1 unido a dos mol\u00e9culas de glicina (un amino\u00e1cido). Esta forma permite una excelente absorci\u00f3n intestinal, lo que significa que tiene una biodisponibilidad mucho mayor que otras formas de magnesio, lo que facilita su transferencia a los tejidos diana: m\u00fasculos, huesos y sistema nervioso central. A partir de la glicina (el amino\u00e1cido al que se une el magnesio), el cuerpo puede producir glutati\u00f3n (un potente antioxidante), creatina (que aumenta la fuerza muscular) o col\u00e1geno (necesario para la fuerza muscular y la salud \u00f3sea). Magnesium Bisglycinate Alivitpharm tambi\u00e9n contiene vitamina B6, cuya funci\u00f3n es potenciar los efectos del magnesio.<\/p><p>A diferencia de algunas formas de magnesio (p. ej., \u00f3xido, citrato), que pueden causar diarrea en dosis altas, el bisglicinato es suave para el sistema digestivo. Por lo tanto, es ideal para personas con un sistema gastrointestinal sensible o que padecen el s\u00edndrome del intestino irritable (SII).<\/p><p><span style=\"text-decoration: underline;\"><strong>Esta forma de magnesio est\u00e1 indicada para:<\/strong><\/span><\/p><p>\u2013 Para deportistas profesionales y recreativos;<br \/>\u2013 Para personas cansadas y agotadas;<br \/>\u2013 Para todas las personas que tienen una mayor necesidad de magnesio (personas sometidas a un gran esfuerzo psicof\u00edsico);<br \/>\u2013 Para personas que sufren calambres (el magnesio relaja los m\u00fasculos);<br \/>\u2013 Para los trastornos del sue\u00f1o (el magnesio permite un inicio m\u00e1s r\u00e1pido del sue\u00f1o, mejor calidad del sue\u00f1o, reducci\u00f3n del cortisol (hormona del estr\u00e9s), aumenta la concentraci\u00f3n de melatonina (hormona del sue\u00f1o));<\/p><p>El magnesio tambi\u00e9n tiene efectos antioxidantes, reduce la concentraci\u00f3n de citocinas inflamatorias (efecto antiinflamatorio) y tiene un efecto positivo sobre el estado lip\u00eddico.<\/p>\t\t\t\t\t\t\t\t<\/div>\n\t\t\t\t<\/div>\n\t\t\t\t<div class=\"elementor-element elementor-element-35a46f0 elementor-widget elementor-widget-heading\" data-id=\"35a46f0\" data-element_type=\"widget\" data-e-type=\"widget\" data-widget_type=\"heading.default\">\n\t\t\t\t<div class=\"elementor-widget-container\">\n\t\t\t\t\t<h4 class=\"elementor-heading-title elementor-size-default\">Referencias<\/h4>\t\t\t\t<\/div>\n\t\t\t\t<\/div>\n\t\t\t\t<div class=\"elementor-element elementor-element-6bbd38c elementor-widget elementor-widget-text-editor\" data-id=\"6bbd38c\" data-element_type=\"widget\" data-e-type=\"widget\" data-widget_type=\"text-editor.default\">\n\t\t\t\t<div class=\"elementor-widget-container\">\n\t\t\t\t\t\t\t\t\t<ul><li><a class=\"reference-link\" href=\"https:\/\/pmc.ncbi.nlm.nih.gov\/articles\/PMC6470576\" target=\"_blank\" rel=\"noopener\">Effects of Magnesium Deficiency on Mechanisms of Insulin Resistance in Type 2 Diabetes: Focusing on the Processes of Insulin Secretion and Signaling<\/a><\/li><li><a class=\"reference-link\" href=\"https:\/\/pubmed.ncbi.nlm.nih.gov\/30888644\" target=\"_blank\" rel=\"noopener\">Serum magnesium, mortality, and cardiovascular disease in chronic kidney disease and end-stage renal disease patients: a systematic review and meta-analysis<\/a><\/li><li><a class=\"reference-link\" href=\"https:\/\/pubmed.ncbi.nlm.nih.gov\/30880352\" target=\"_blank\" rel=\"noopener\">The Association Between Serum Magnesium and Premenstrual Syndrome: a Systematic Review and Meta-Analysis of Observational Studies<\/a><\/li><li><a class=\"reference-link\" href=\"https:\/\/pmc.ncbi.nlm.nih.gov\/articles\/PMC6470969\" target=\"_blank\" rel=\"noopener\">Nutrient Composition Comparison between the Low Saturated Fat Swank Diet for Multiple Sclerosis and Healthy U.S.-Style Eating Pattern<\/a><\/li><li><a class=\"reference-link\" href=\"https:\/\/pmc.ncbi.nlm.nih.gov\/articles\/PMC1855626\" target=\"_blank\" rel=\"noopener\">Magnesium Metabolism and its Disorders<\/a><\/li><li><a class=\"reference-link\" href=\"https:\/\/pubmed.ncbi.nlm.nih.gov\/30707633\" target=\"_blank\" rel=\"noopener\">Current and emerging pharmacotherapy for emergency management of preeclampsia<\/a><\/li><li><a class=\"reference-link\" href=\"https:\/\/pmc.ncbi.nlm.nih.gov\/articles\/PMC6322060\" target=\"_blank\" rel=\"noopener\">Recurrent Torsades with Refractory QT Prolongation in a 54-Year-Old Man<\/a><\/li><li><a class=\"reference-link\" href=\"https:\/\/pubmed.ncbi.nlm.nih.gov\/30798472\" target=\"_blank\" rel=\"noopener\">The efficacy of magnesium oxide and sodium valproate in prevention of migraine headache: a randomized, controlled, double-blind, crossover study<\/a><\/li><li><a class=\"reference-link\" href=\"https:\/\/pubmed.ncbi.nlm.nih.gov\/30684032\" target=\"_blank\" rel=\"noopener\">Magnesium and health outcomes: an umbrella review of systematic reviews and meta-analyses of observational and intervention studies<\/a><\/li><li><a class=\"reference-link\" href=\"https:\/\/pmc.ncbi.nlm.nih.gov\/articles\/PMC5991930\" target=\"_blank\" rel=\"noopener\">Postpartum Magnesium Sulfate Overdose: A Multidisciplinary and Interprofessional Simulation Scenario<\/a><\/li><\/ul>\t\t\t\t\t\t\t\t<\/div>\n\t\t\t\t<\/div>\n\t\t\t\t\t<\/div>\n\t\t<\/div>\n\t\t\t\t\t<\/div>\n\t\t<\/section>\n\t\t\t\t<\/div>","protected":false},"excerpt":{"rendered":"<p>Magnesium Mg Magnesium is taken into the body through plant foods (nuts, grains) and sea fish. A significant intake of magnesium is achieved by drinking mineral water, which contains more usable magnesium than plants. Daily needs range from 50mg for babies to 300mg for adults. During pregnancy and lactation, needs increase by 150mg. Like other &hellip;<\/p>\n<p class=\"read-more\"> <a class=\"\" href=\"https:\/\/www.alivitpharm.com\/es\/magnesium\/\"> <span class=\"screen-reader-text\">Magnesio<\/span> Leer m\u00e1s &raquo;<\/a><\/p>","protected":false},"author":9,"featured_media":0,"parent":0,"menu_order":0,"comment_status":"closed","ping_status":"closed","template":"","meta":{"site-sidebar-layout":"no-sidebar","site-content-layout":"page-builder","ast-global-header-display":"","ast-main-header-display":"","ast-hfb-above-header-display":"","ast-hfb-below-header-display":"","ast-hfb-mobile-header-display":"","site-post-title":"disabled","ast-breadcrumbs-content":"","ast-featured-img":"disabled","footer-sml-layout":"","theme-transparent-header-meta":"","adv-header-id-meta":"","stick-header-meta":"","header-above-stick-meta":"","header-main-stick-meta":"","header-below-stick-meta":"","footnotes":""},"class_list":["post-13624","page","type-page","status-publish","hentry"],"_links":{"self":[{"href":"https:\/\/www.alivitpharm.com\/es\/wp-json\/wp\/v2\/pages\/13624","targetHints":{"allow":["GET"]}}],"collection":[{"href":"https:\/\/www.alivitpharm.com\/es\/wp-json\/wp\/v2\/pages"}],"about":[{"href":"https:\/\/www.alivitpharm.com\/es\/wp-json\/wp\/v2\/types\/page"}],"author":[{"embeddable":true,"href":"https:\/\/www.alivitpharm.com\/es\/wp-json\/wp\/v2\/users\/9"}],"replies":[{"embeddable":true,"href":"https:\/\/www.alivitpharm.com\/es\/wp-json\/wp\/v2\/comments?post=13624"}],"version-history":[{"count":25,"href":"https:\/\/www.alivitpharm.com\/es\/wp-json\/wp\/v2\/pages\/13624\/revisions"}],"predecessor-version":[{"id":13655,"href":"https:\/\/www.alivitpharm.com\/es\/wp-json\/wp\/v2\/pages\/13624\/revisions\/13655"}],"wp:attachment":[{"href":"https:\/\/www.alivitpharm.com\/es\/wp-json\/wp\/v2\/media?parent=13624"}],"curies":[{"name":"wp","href":"https:\/\/api.w.org\/{rel}","templated":true}]}}