{"id":13659,"date":"2025-11-26T13:15:54","date_gmt":"2025-11-26T11:15:54","guid":{"rendered":"https:\/\/www.alivitpharm.com\/?page_id=13659"},"modified":"2025-11-26T16:17:12","modified_gmt":"2025-11-26T14:17:12","slug":"coenzyme-q10","status":"publish","type":"page","link":"https:\/\/www.alivitpharm.com\/es\/coenzyme-q10\/","title":{"rendered":"Coenzyme Q10"},"content":{"rendered":"<div data-elementor-type=\"wp-page\" data-elementor-id=\"13659\" class=\"elementor elementor-13659\">\n\t\t\t\t\t\t<section class=\"elementor-section elementor-top-section elementor-element elementor-element-b9b0beb elementor-section-content-middle elementor-section-boxed elementor-section-height-default elementor-section-height-default\" data-id=\"b9b0beb\" data-element_type=\"section\" data-e-type=\"section\" data-settings=\"{&quot;background_background&quot;:&quot;classic&quot;}\">\n\t\t\t\t\t\t\t<div class=\"elementor-background-overlay\"><\/div>\n\t\t\t\t\t\t\t<div class=\"elementor-container elementor-column-gap-default\">\n\t\t\t\t\t<div class=\"elementor-column elementor-col-100 elementor-top-column elementor-element elementor-element-d370734\" data-id=\"d370734\" data-element_type=\"column\" data-e-type=\"column\">\n\t\t\t<div class=\"elementor-widget-wrap elementor-element-populated\">\n\t\t\t\t\t\t<div class=\"elementor-element elementor-element-51b0967 elementor-widget elementor-widget-heading\" data-id=\"51b0967\" data-element_type=\"widget\" data-e-type=\"widget\" data-widget_type=\"heading.default\">\n\t\t\t\t<div class=\"elementor-widget-container\">\n\t\t\t\t\t<h1 class=\"elementor-heading-title elementor-size-default\">Coenzyme Q10<\/h1>\t\t\t\t<\/div>\n\t\t\t\t<\/div>\n\t\t\t\t<div class=\"elementor-element elementor-element-1d144f3 elementor-widget elementor-widget-image\" data-id=\"1d144f3\" data-element_type=\"widget\" data-e-type=\"widget\" data-widget_type=\"image.default\">\n\t\t\t\t<div class=\"elementor-widget-container\">\n\t\t\t\t\t\t\t\t\t\t\t\t\t\t\t<img decoding=\"async\" src=\"https:\/\/www.alivitpharm.com\/wp-content\/uploads\/2022\/10\/pill.png\" title=\"pill\" alt=\"Pill\" loading=\"lazy\" \/>\t\t\t\t\t\t\t\t\t\t\t\t\t\t\t<\/div>\n\t\t\t\t<\/div>\n\t\t\t\t<div class=\"elementor-element elementor-element-6a0c744 elementor-widget elementor-widget-text-editor\" data-id=\"6a0c744\" data-element_type=\"widget\" data-e-type=\"widget\" data-widget_type=\"text-editor.default\">\n\t\t\t\t<div class=\"elementor-widget-container\">\n\t\t\t\t\t\t\t\t\t<p><em>Ubiquinona<\/em><\/p>\t\t\t\t\t\t\t\t<\/div>\n\t\t\t\t<\/div>\n\t\t\t\t\t<\/div>\n\t\t<\/div>\n\t\t\t\t\t<\/div>\n\t\t<\/section>\n\t\t\t\t<section class=\"elementor-section elementor-top-section elementor-element elementor-element-6ef4e3c elementor-section-boxed elementor-section-height-default elementor-section-height-default\" data-id=\"6ef4e3c\" data-element_type=\"section\" data-e-type=\"section\" data-settings=\"{&quot;background_background&quot;:&quot;classic&quot;}\">\n\t\t\t\t\t\t<div class=\"elementor-container elementor-column-gap-default\">\n\t\t\t\t\t<div class=\"elementor-column elementor-col-100 elementor-top-column elementor-element elementor-element-7cf3c84\" data-id=\"7cf3c84\" data-element_type=\"column\" data-e-type=\"column\">\n\t\t\t<div class=\"elementor-widget-wrap elementor-element-populated\">\n\t\t\t\t\t\t<div class=\"elementor-element elementor-element-d059638 elementor-widget elementor-widget-text-editor\" data-id=\"d059638\" data-element_type=\"widget\" data-e-type=\"widget\" data-widget_type=\"text-editor.default\">\n\t\t\t\t<div class=\"elementor-widget-container\">\n\t\t\t\t\t\t\t\t\t<p><span class=\"jCAhz ChMk0b\"><span class=\"ryNqvb\"><strong>Coenzyme Q10<\/strong>, tambi\u00e9n conocida como ubiquinona, es una mol\u00e9cula liposoluble presente de forma natural en todas las membranas celulares de nuestro cuerpo. <\/span><\/span><span class=\"jCAhz ChMk0b\"><span class=\"ryNqvb\">La coenzima Q10 es esencial para la transferencia eficiente de electrones dentro de la cadena respiratoria oxidativa mitocondrial y la producci\u00f3n de trifosfato de adenosina (ATP).<\/span><\/span> <span class=\"jCAhz ChMk0b\"><span class=\"ryNqvb\">Esta sustancia puede aumentar potencialmente la producci\u00f3n de antioxidantes vitales, como la super\u00f3xido dismutasa, una enzima que alivia eficazmente el estr\u00e9s oxidativo vascular en personas con hipertensi\u00f3n.<\/span><\/span> <span class=\"jCAhz ChMk0b\"><span class=\"ryNqvb\">Adem\u00e1s, la coenzima Q10 reduce los niveles de peroxidaci\u00f3n lip\u00eddica y tambi\u00e9n puede mejorar el flujo sangu\u00edneo y proteger los vasos sangu\u00edneos.<\/span><\/span><\/p><p><span class=\"jCAhz ChMk0b\"><span class=\"ryNqvb\"> Ciertas afecciones como la fibromialgia (sensibilidad y dolor en el tejido conectivo y los m\u00fasculos de todo el cuerpo), la diabetes, el c\u00e1ncer, la insuficiencia card\u00edaca (debilidad card\u00edaca) y las enfermedades neurodegenerativas, mitocondriales y musculares se asocian con niveles reducidos de coenzima Q10 en la circulaci\u00f3n.<\/span><\/span> <span class=\"jCAhz ChMk0b\"><span class=\"ryNqvb\">Las estatinas (medicamentos que reducen los niveles de colesterol y triglic\u00e9ridos) inhiben la producci\u00f3n del intermediario que conduce a la s\u00edntesis de Q10.<\/span><\/span> <span class=\"jCAhz ChMk0b\"><span class=\"ryNqvb\">Los estudios han demostrado que las estatinas pueden contribuir al agotamiento de la coenzima Q10.<\/span><\/span> <span class=\"jCAhz ChMk0b\"><span class=\"ryNqvb\">Dado que el dolor muscular y los calambres son efectos secundarios comunes de las estatinas, se atribuyen estos s\u00edntomas a la disminuci\u00f3n de los niveles de Q10, por lo que se recomienda la suplementaci\u00f3n con coenzima Q10 a todos los pacientes en tratamiento con estatinas.<\/span><\/span><\/p>\t\t\t\t\t\t\t\t<\/div>\n\t\t\t\t<\/div>\n\t\t\t\t<div class=\"elementor-element elementor-element-f869fea elementor-widget elementor-widget-image\" data-id=\"f869fea\" data-element_type=\"widget\" data-e-type=\"widget\" data-widget_type=\"image.default\">\n\t\t\t\t<div class=\"elementor-widget-container\">\n\t\t\t\t\t\t\t\t\t\t\t\t\t\t\t<img decoding=\"async\" src=\"https:\/\/www.alivitpharm.com\/wp-content\/uploads\/2022\/09\/leaves.png\" title=\"leaves\" alt=\"Leaves\" loading=\"lazy\" \/>\t\t\t\t\t\t\t\t\t\t\t\t\t\t\t<\/div>\n\t\t\t\t<\/div>\n\t\t\t\t<div class=\"elementor-element elementor-element-2201b61 elementor-widget elementor-widget-text-editor\" data-id=\"2201b61\" data-element_type=\"widget\" data-e-type=\"widget\" data-widget_type=\"text-editor.default\">\n\t\t\t\t<div class=\"elementor-widget-container\">\n\t\t\t\t\t\t\t\t\t<p><span class=\"jCAhz ChMk0b\"><span class=\"ryNqvb\">La mayor\u00eda de los estudios en humanos sobre la coenzima Q10 se han centrado en la suplementaci\u00f3n oral.<\/span><\/span> <span class=\"jCAhz ChMk0b\"><span class=\"ryNqvb\">Disponibles en diversas presentaciones, como comprimidos, c\u00e1psulas duras, c\u00e1psulas blandas y formulaciones l\u00edquidas, estos suplementos orales var\u00edan de 30 a 600 mg por unidad y son f\u00e1ciles de adquirir sin receta.<\/span><\/span> <span class=\"jCAhz ChMk0b\"><span class=\"ryNqvb\">La carne contiene la mayor cantidad de coenzima Q10, seguida de los productos l\u00e1cteos, los huevos y los alimentos vegetales (aceites y legumbres).<\/span><\/span> <span class=\"jCAhz ChMk0b\"><span class=\"ryNqvb\">La suplementaci\u00f3n con 50 mg dos veces al d\u00eda redujo las mialgias leves a moderadas (dolor muscular) asociadas con el uso de estatinas, lo que mejor\u00f3 la capacidad para realizar las actividades diarias.<\/span><\/span> <span class=\"jCAhz ChMk0b\"><span class=\"ryNqvb\">La suplementaci\u00f3n con 300 mg diarios durante 24 semanas en hombres con enfermedad de Peyronie puede reducir el tama\u00f1o de la placa peneana, reducir la curvatura del pene y mejorar la funci\u00f3n er\u00e9ctil.<\/span><\/span> <span class=\"jCAhz ChMk0b\"><span class=\"ryNqvb\">La suplementaci\u00f3n con CoQ10 reduce la inflamaci\u00f3n sist\u00e9mica y los par\u00e1metros bioqu\u00edmicos en la enfermedad del h\u00edgado graso no alcoh\u00f3lico.<\/span><\/span> <span class=\"jCAhz ChMk0b\"><span class=\"ryNqvb\">Sin embargo, la coenzima Q10 se excreta en la bilis.<\/span><\/span> <span class=\"jCAhz ChMk0b\"><span class=\"ryNqvb\">Por lo tanto, no se recomienda su uso en pacientes con obstrucci\u00f3n biliar.<\/span><\/span> <span class=\"jCAhz ChMk0b\"><span class=\"ryNqvb\">Seg\u00fan un art\u00edculo reciente sobre la mejora de los resultados globales en la enfermedad renal, la suplementaci\u00f3n con coenzima Q10 podr\u00eda beneficiar a los pacientes con s\u00edndrome nefr\u00f3tico debido a una deficiencia primaria de Q10.<\/span><\/span> <span class=\"jCAhz ChMk0b\"><span class=\"ryNqvb\">Sin embargo, faltan estudios sobre el uso de Q10 en pacientes con insuficiencia renal;<\/span><\/span> <span class=\"jCAhz ChMk0b\"><span class=\"ryNqvb\">la suplementaci\u00f3n con coenzima Q10 debe evitarse en estos pacientes. <\/span><\/span><span class=\"jCAhz ChMk0b\"><span class=\"ryNqvb\">No se recomienda la coenzima Q10 durante el embarazo y la lactancia.<\/span><\/span><\/p><p><span class=\"jCAhz ChMk0b\"><span class=\"ryNqvb\"><span style=\"text-decoration: underline;\"><strong>Interacciones farmacol\u00f3gicas:<\/strong><\/span><br \/><\/span><\/span><span class=\"jCAhz ChMk0b\"><span class=\"ryNqvb\">La coenzima Q10 es qu\u00edmicamente similar a la vitamina K, y existen algunos informes en la literatura sobre una posible interacci\u00f3n entre la warfarina y la Q10.<\/span><\/span> <span class=\"jCAhz ChMk0b\"><span class=\"ryNqvb\">Existe la posibilidad de que el tratamiento con warfarina fracase cuando los pacientes toman suplementos de Q10 junto con la terapia con warfarina.<\/span><\/span> <span class=\"jCAhz ChMk0b\"><span class=\"ryNqvb\">Los pacientes que toman quimioterapia tambi\u00e9n deben evitar la CoQ10, ya que no hay suficientes datos sobre su interacci\u00f3n con estos f\u00e1rmacos.<\/span><\/span> <span class=\"jCAhz ChMk0b\"><span class=\"ryNqvb\">Dado que la coenzima Q10 reduce la glucemia en ayunas en algunos pacientes, debe usarse con precauci\u00f3n en diab\u00e9ticos y pacientes propensos a episodios de hipoglucemia.<\/span><\/span><\/p>\t\t\t\t\t\t\t\t<\/div>\n\t\t\t\t<\/div>\n\t\t\t\t<div class=\"elementor-element elementor-element-59f4cf0 elementor-widget elementor-widget-heading\" data-id=\"59f4cf0\" data-element_type=\"widget\" data-e-type=\"widget\" data-widget_type=\"heading.default\">\n\t\t\t\t<div class=\"elementor-widget-container\">\n\t\t\t\t\t<h4 class=\"elementor-heading-title elementor-size-default\">Referencias<\/h4>\t\t\t\t<\/div>\n\t\t\t\t<\/div>\n\t\t\t\t<div class=\"elementor-element elementor-element-c87cf76 elementor-widget elementor-widget-text-editor\" data-id=\"c87cf76\" data-element_type=\"widget\" data-e-type=\"widget\" data-widget_type=\"text-editor.default\">\n\t\t\t\t<div class=\"elementor-widget-container\">\n\t\t\t\t\t\t\t\t\t<ul><li><a class=\"reference-link\" href=\"https:\/\/www.ncbi.nlm.nih.gov\/books\/NBK531491\/\" target=\"_blank\" rel=\"noopener\">Coenzyme Q10<\/a><\/li><\/ul>\t\t\t\t\t\t\t\t<\/div>\n\t\t\t\t<\/div>\n\t\t\t\t\t<\/div>\n\t\t<\/div>\n\t\t\t\t\t<\/div>\n\t\t<\/section>\n\t\t\t\t<\/div>","protected":false},"excerpt":{"rendered":"<p>Coenzyme Q10 Ubiquinone Coenzyme Q10, also known as ubiquinone, is a fat-soluble molecule naturally present in every cell membrane in our body. Coenzyme Q10 is essential for the efficient transfer of electrons within the mitochondrial oxidative respiratory chain and the production of adenosine triphosphate (ATP). This substance can potentially increase the production of vital antioxidants, &hellip;<\/p>\n<p class=\"read-more\"> <a class=\"\" href=\"https:\/\/www.alivitpharm.com\/es\/coenzyme-q10\/\"> <span class=\"screen-reader-text\">Coenzyme Q10<\/span> Leer m\u00e1s &raquo;<\/a><\/p>","protected":false},"author":9,"featured_media":0,"parent":0,"menu_order":0,"comment_status":"closed","ping_status":"closed","template":"","meta":{"site-sidebar-layout":"no-sidebar","site-content-layout":"page-builder","ast-global-header-display":"","ast-main-header-display":"","ast-hfb-above-header-display":"","ast-hfb-below-header-display":"","ast-hfb-mobile-header-display":"","site-post-title":"disabled","ast-breadcrumbs-content":"","ast-featured-img":"disabled","footer-sml-layout":"","theme-transparent-header-meta":"","adv-header-id-meta":"","stick-header-meta":"","header-above-stick-meta":"","header-main-stick-meta":"","header-below-stick-meta":"","footnotes":""},"class_list":["post-13659","page","type-page","status-publish","hentry"],"_links":{"self":[{"href":"https:\/\/www.alivitpharm.com\/es\/wp-json\/wp\/v2\/pages\/13659","targetHints":{"allow":["GET"]}}],"collection":[{"href":"https:\/\/www.alivitpharm.com\/es\/wp-json\/wp\/v2\/pages"}],"about":[{"href":"https:\/\/www.alivitpharm.com\/es\/wp-json\/wp\/v2\/types\/page"}],"author":[{"embeddable":true,"href":"https:\/\/www.alivitpharm.com\/es\/wp-json\/wp\/v2\/users\/9"}],"replies":[{"embeddable":true,"href":"https:\/\/www.alivitpharm.com\/es\/wp-json\/wp\/v2\/comments?post=13659"}],"version-history":[{"count":13,"href":"https:\/\/www.alivitpharm.com\/es\/wp-json\/wp\/v2\/pages\/13659\/revisions"}],"predecessor-version":[{"id":13674,"href":"https:\/\/www.alivitpharm.com\/es\/wp-json\/wp\/v2\/pages\/13659\/revisions\/13674"}],"wp:attachment":[{"href":"https:\/\/www.alivitpharm.com\/es\/wp-json\/wp\/v2\/media?parent=13659"}],"curies":[{"name":"wp","href":"https:\/\/api.w.org\/{rel}","templated":true}]}}