{"id":13797,"date":"2026-01-29T12:15:14","date_gmt":"2026-01-29T10:15:14","guid":{"rendered":"https:\/\/www.alivitpharm.com\/?page_id=13797"},"modified":"2026-01-30T10:40:49","modified_gmt":"2026-01-30T08:40:49","slug":"gatillo","status":"publish","type":"page","link":"https:\/\/www.alivitpharm.com\/es\/vitex\/","title":{"rendered":"Gatillo"},"content":{"rendered":"<div data-elementor-type=\"wp-page\" data-elementor-id=\"13797\" class=\"elementor elementor-13797\">\n\t\t\t\t\t\t<section class=\"elementor-section elementor-top-section elementor-element elementor-element-86bb502 elementor-section-content-middle elementor-section-boxed elementor-section-height-default elementor-section-height-default\" data-id=\"86bb502\" data-element_type=\"section\" data-e-type=\"section\" data-settings=\"{&quot;background_background&quot;:&quot;classic&quot;}\">\n\t\t\t\t\t\t\t<div class=\"elementor-background-overlay\"><\/div>\n\t\t\t\t\t\t\t<div class=\"elementor-container elementor-column-gap-default\">\n\t\t\t\t\t<div class=\"elementor-column elementor-col-100 elementor-top-column elementor-element elementor-element-c6e6d36\" data-id=\"c6e6d36\" data-element_type=\"column\" data-e-type=\"column\">\n\t\t\t<div class=\"elementor-widget-wrap elementor-element-populated\">\n\t\t\t\t\t\t<div class=\"elementor-element elementor-element-3d970cf elementor-widget elementor-widget-heading\" data-id=\"3d970cf\" data-element_type=\"widget\" data-e-type=\"widget\" data-widget_type=\"heading.default\">\n\t\t\t\t<div class=\"elementor-widget-container\">\n\t\t\t\t\t<h1 class=\"elementor-heading-title elementor-size-default\">Gatillo<\/h1>\t\t\t\t<\/div>\n\t\t\t\t<\/div>\n\t\t\t\t<div class=\"elementor-element elementor-element-0ddc79e elementor-widget elementor-widget-image\" data-id=\"0ddc79e\" data-element_type=\"widget\" data-e-type=\"widget\" data-widget_type=\"image.default\">\n\t\t\t\t<div class=\"elementor-widget-container\">\n\t\t\t\t\t\t\t\t\t\t\t\t\t\t\t<img decoding=\"async\" width=\"75\" height=\"33\" src=\"https:\/\/www.alivitpharm.com\/wp-content\/uploads\/2019\/07\/logo-leaf-new.png\" class=\"attachment-large size-large wp-image-2518\" alt=\"\" \/>\t\t\t\t\t\t\t\t\t\t\t\t\t\t\t<\/div>\n\t\t\t\t<\/div>\n\t\t\t\t<div class=\"elementor-element elementor-element-02091a6 elementor-widget elementor-widget-text-editor\" data-id=\"02091a6\" data-element_type=\"widget\" data-e-type=\"widget\" data-widget_type=\"text-editor.default\">\n\t\t\t\t<div class=\"elementor-widget-container\">\n\t\t\t\t\t\t\t\t\t<p><em>Vitex agnus-castus, L. Verbenaceae<\/em><\/p>\t\t\t\t\t\t\t\t<\/div>\n\t\t\t\t<\/div>\n\t\t\t\t\t<\/div>\n\t\t<\/div>\n\t\t\t\t\t<\/div>\n\t\t<\/section>\n\t\t\t\t<section class=\"elementor-section elementor-top-section elementor-element elementor-element-3a5e56d elementor-section-boxed elementor-section-height-default elementor-section-height-default\" data-id=\"3a5e56d\" data-element_type=\"section\" data-e-type=\"section\" data-settings=\"{&quot;background_background&quot;:&quot;classic&quot;}\">\n\t\t\t\t\t\t<div class=\"elementor-container elementor-column-gap-default\">\n\t\t\t\t\t<div class=\"elementor-column elementor-col-100 elementor-top-column elementor-element elementor-element-4d2c199\" data-id=\"4d2c199\" data-element_type=\"column\" data-e-type=\"column\">\n\t\t\t<div class=\"elementor-widget-wrap elementor-element-populated\">\n\t\t\t\t\t\t<div class=\"elementor-element elementor-element-00e9cae elementor-widget elementor-widget-image\" data-id=\"00e9cae\" data-element_type=\"widget\" data-e-type=\"widget\" data-widget_type=\"image.default\">\n\t\t\t\t<div class=\"elementor-widget-container\">\n\t\t\t\t\t\t\t\t\t\t\t\t\t\t\t<img decoding=\"async\" src=\"https:\/\/www.alivitpharm.com\/wp-content\/uploads\/2026\/01\/vitex.jpg\" title=\"vitex\" alt=\"Gatillo\" loading=\"lazy\" \/>\t\t\t\t\t\t\t\t\t\t\t\t\t\t\t<\/div>\n\t\t\t\t<\/div>\n\t\t\t\t<div class=\"elementor-element elementor-element-df2ceb2 elementor-widget elementor-widget-text-editor\" data-id=\"df2ceb2\" data-element_type=\"widget\" data-e-type=\"widget\" data-widget_type=\"text-editor.default\">\n\t\t\t\t<div class=\"elementor-widget-container\">\n\t\t\t\t\t\t\t\t\t<p data-start=\"118\" data-end=\"685\"><strong>El gatillo (Vitex agnus-castus)<\/strong> es una planta arbustiva de la familia de las <em>Verbenaceae,<\/em> originaria de las regiones de Grecia e Italia, donde se utiliza como planta medicinal desde la Antig\u00fcedad. Los tallos del gatillo son cuadrangulares, anillados y de color verde claro, mientras que las hojas alargadas, situadas sobre pec\u00edolos largos, son palmeadas y divididas en 5 a 7 foliolos. Las peque\u00f1as flores, de color violeta o rosa, se agrupan en largas inflorescencias interrumpidas. El fruto del gatillo es una peque\u00f1a baya de color rojo-negruzco, que se recolecta a principios del oto\u00f1o y que recuerda al pimiento tanto en apariencia como en sabor.<\/p><p data-start=\"687\" data-end=\"1047\">La parte medicinal de la planta es el fruto, rico en numerosos compuestos activos, entre los cuales los m\u00e1s importantes son: flavonoides (casticina, C-heter\u00f3sidos, panduletina), iridoides (aucub\u00f3sido y agnusido), diterpenos (rotundifurano, vitexilactona), alcaloides (viticina), aceite esencial (rico en eucaliptol, sabineno y farneseno), as\u00ed como esteroides y aceite graso.<\/p><p data-start=\"1049\" data-end=\"1373\">Numerosos estudios han confirmado que el fruto del gatillo ejerce un efecto beneficioso en la regulaci\u00f3n del ciclo menstrual y ayuda a aliviar los s\u00edntomas del s\u00edndrome premenstrual (SPM) as\u00ed como los de la menopausia. El fruto del gatillo se utiliza para diversas afecciones femeninas y reproductivas en la pr\u00e1ctica m\u00e9dica angloamericana y europea.<\/p><p data-start=\"1375\" data-end=\"1871\">Las investigaciones han demostrado que el fruto del gatillo produce efectos significativamente superiores en el tratamiento del s\u00edndrome premenstrual en comparaci\u00f3n con la combinaci\u00f3n de magnesio y vitamina B6, debido a su fuerte acci\u00f3n antiespasm\u00f3dica. En el caso del trastorno disf\u00f3rico premenstrual, un estudio demostr\u00f3 que el gatillo era equivalente a la fluoxetina en la reducci\u00f3n de los s\u00edntomas. Tambi\u00e9n se ha demostrado que ejerce un efecto favorable sobre los niveles de prolactina y, por lo tanto, puede recomendarse en casos de hiperprolactinemia latente.<\/p>\t\t\t\t\t\t\t\t<\/div>\n\t\t\t\t<\/div>\n\t\t\t\t<div class=\"elementor-element elementor-element-cdb9f42 elementor-widget elementor-widget-image\" data-id=\"cdb9f42\" data-element_type=\"widget\" data-e-type=\"widget\" data-widget_type=\"image.default\">\n\t\t\t\t<div class=\"elementor-widget-container\">\n\t\t\t\t\t\t\t\t\t\t\t\t\t\t\t<img decoding=\"async\" src=\"https:\/\/www.alivitpharm.com\/wp-content\/uploads\/2022\/09\/leaves.png\" title=\"leaves\" alt=\"Leaves\" loading=\"lazy\" \/>\t\t\t\t\t\t\t\t\t\t\t\t\t\t\t<\/div>\n\t\t\t\t<\/div>\n\t\t\t\t<div class=\"elementor-element elementor-element-33ee524 elementor-widget elementor-widget-text-editor\" data-id=\"33ee524\" data-element_type=\"widget\" data-e-type=\"widget\" data-widget_type=\"text-editor.default\">\n\t\t\t\t<div class=\"elementor-widget-container\">\n\t\t\t\t\t\t\t\t\t<p data-start=\"113\" data-end=\"594\">El mecanismo de acci\u00f3n de los principios activos se basa en su efecto inhibidor sobre los receptores dopamin\u00e9rgicos y opioides. La inhibici\u00f3n de los receptores dopamin\u00e9rgicos contribuye a la regulaci\u00f3n de la secreci\u00f3n de prolactina, especialmente durante el per\u00edodo premenstrual, ya que la hiperprolactinemia es una de las principales causas de los s\u00edntomas del s\u00edndrome premenstrual (SPM). Los niveles patol\u00f3gicamente elevados de prolactina tambi\u00e9n se observan en la enfermedad de Parkinson, por lo que el gatillo puede utilizarse en estos casos para aliviar los s\u00edntomas.<\/p><p data-start=\"596\" data-end=\"928\">En cuanto a los trastornos menstruales, la nerviosidad, la aparici\u00f3n de acn\u00e9 y los s\u00edntomas desagradables asociados al s\u00edndrome premenstrual \u2013 como dolor en la parte baja del abdomen, irritabilidad, insomnio y dolor en los senos \u2013 el gatillo es una opci\u00f3n confiable para su alivio. Se recomienda en todas las etapas de la vida en que el ciclo menstrual sea irregular.<\/p><p data-start=\"930\" data-end=\"1164\">La EMA (Agencia Europea de Medicamentos) reconoce el fruto del gatillo como un medicamento tradicional a base de plantas destinado al alivio de los s\u00edntomas leves del s\u00edndrome premenstrual. Esta conclusi\u00f3n se basa en el uso tradicional de la planta durante muchos a\u00f1os.<\/p><p data-start=\"1166\" data-end=\"1898\">La \u00fanica contraindicaci\u00f3n para el uso del fruto del gatillo es la hipersensibilidad. Los pacientes que padecen o han padecido c\u00e1nceres sensibles a los estr\u00f3genos deben consultar a su m\u00e9dico antes de usar el fruto de Vitex agnus-castus. Los pacientes que utilizan agonistas dopamin\u00e9rgicos, antagonistas dopamin\u00e9rgicos o estr\u00f3genos deben consultar a su m\u00e9dico antes de usar el fruto de Vitex agnus-castus.\nEl uso en ni\u00f1os y adolescentes menores de 18 a\u00f1os no est\u00e1 establecido debido a la falta de datos adecuados. Se considera que el fruto de Vitex agnus-castus act\u00faa sobre la hip\u00f3fisis y el hipot\u00e1lamo; por lo tanto, los pacientes con antecedentes de trastornos hipofisarios deben consultar a su m\u00e9dico antes de su uso. El uso durante el embarazo y la lactancia no se recomienda debido a la falta de evidencia suficiente.<\/p>\t\t\t\t\t\t\t\t<\/div>\n\t\t\t\t<\/div>\n\t\t\t\t<div class=\"elementor-element elementor-element-5949bd4 elementor-widget elementor-widget-heading\" data-id=\"5949bd4\" data-element_type=\"widget\" data-e-type=\"widget\" data-widget_type=\"heading.default\">\n\t\t\t\t<div class=\"elementor-widget-container\">\n\t\t\t\t\t<h4 class=\"elementor-heading-title elementor-size-default\">Referencias<\/h4>\t\t\t\t<\/div>\n\t\t\t\t<\/div>\n\t\t\t\t<div class=\"elementor-element elementor-element-aed19f8 elementor-widget elementor-widget-text-editor\" data-id=\"aed19f8\" data-element_type=\"widget\" data-e-type=\"widget\" data-widget_type=\"text-editor.default\">\n\t\t\t\t<div class=\"elementor-widget-container\">\n\t\t\t\t\t\t\t\t\t<ul><li><a class=\"reference-link\" href=\"https:\/\/pubmed.ncbi.nlm.nih.gov\/23136064\/\" target=\"_blank\" rel=\"noopener\">Vitex agnus-castus extracts for female reproductive disorders: a systematic review of clinical trials<\/a><\/li><li><a class=\"reference-link\" href=\"https:\/\/pubmed.ncbi.nlm.nih.gov\/29063202\/\" target=\"_blank\" rel=\"noopener\">Vitex agnus castus for premenstrual syndrome and premenstrual dysphoric disorder: a systematic review<\/a><\/li><li><a class=\"reference-link\" href=\"https:\/\/pubmed.ncbi.nlm.nih.gov\/38075075\/\" target=\"_blank\" rel=\"noopener\">Vitex agnus castus effects on hyperprolactinaemia<\/a><\/li><li><a class=\"reference-link\" href=\"https:\/\/www.ema.europa.eu\/en\/documents\/herbal-monograph\/final-european-union-herbal-monograph-vitex-agnus-castus-l-fructus-revision-1_en.pdf\" target=\"_blank\" rel=\"noopener\">European Medicines Agency PDF<\/a><\/li><\/ul>\t\t\t\t\t\t\t\t<\/div>\n\t\t\t\t<\/div>\n\t\t\t\t\t<\/div>\n\t\t<\/div>\n\t\t\t\t\t<\/div>\n\t\t<\/section>\n\t\t\t\t<\/div>","protected":false},"excerpt":{"rendered":"<p>Vitex Vitex agnus-castus, L. Verbenaceae Vitex (Vitex agnus-castus) is a shrubby plant from the Verbenaceae family, originating from the regions of Greece and Italy, where it has been used as a medicinal plant since ancient times. The stems of vitex are four-angled, ringed, and light green, while the elongated leaves are borne on long petioles &hellip;<\/p>\n<p class=\"read-more\"> <a class=\"\" href=\"https:\/\/www.alivitpharm.com\/es\/vitex\/\"> <span class=\"screen-reader-text\">Gatillo<\/span> Leer m\u00e1s &raquo;<\/a><\/p>","protected":false},"author":9,"featured_media":0,"parent":0,"menu_order":0,"comment_status":"closed","ping_status":"closed","template":"","meta":{"site-sidebar-layout":"no-sidebar","site-content-layout":"page-builder","ast-global-header-display":"","ast-main-header-display":"","ast-hfb-above-header-display":"","ast-hfb-below-header-display":"","ast-hfb-mobile-header-display":"","site-post-title":"disabled","ast-breadcrumbs-content":"","ast-featured-img":"disabled","footer-sml-layout":"","theme-transparent-header-meta":"","adv-header-id-meta":"","stick-header-meta":"","header-above-stick-meta":"","header-main-stick-meta":"","header-below-stick-meta":"","footnotes":""},"class_list":["post-13797","page","type-page","status-publish","hentry"],"_links":{"self":[{"href":"https:\/\/www.alivitpharm.com\/es\/wp-json\/wp\/v2\/pages\/13797","targetHints":{"allow":["GET"]}}],"collection":[{"href":"https:\/\/www.alivitpharm.com\/es\/wp-json\/wp\/v2\/pages"}],"about":[{"href":"https:\/\/www.alivitpharm.com\/es\/wp-json\/wp\/v2\/types\/page"}],"author":[{"embeddable":true,"href":"https:\/\/www.alivitpharm.com\/es\/wp-json\/wp\/v2\/users\/9"}],"replies":[{"embeddable":true,"href":"https:\/\/www.alivitpharm.com\/es\/wp-json\/wp\/v2\/comments?post=13797"}],"version-history":[{"count":19,"href":"https:\/\/www.alivitpharm.com\/es\/wp-json\/wp\/v2\/pages\/13797\/revisions"}],"predecessor-version":[{"id":13823,"href":"https:\/\/www.alivitpharm.com\/es\/wp-json\/wp\/v2\/pages\/13797\/revisions\/13823"}],"wp:attachment":[{"href":"https:\/\/www.alivitpharm.com\/es\/wp-json\/wp\/v2\/media?parent=13797"}],"curies":[{"name":"wp","href":"https:\/\/api.w.org\/{rel}","templated":true}]}}