{"id":14209,"date":"2026-04-28T09:26:26","date_gmt":"2026-04-28T07:26:26","guid":{"rendered":"https:\/\/www.alivitpharm.com\/?page_id=14209"},"modified":"2026-04-28T09:49:49","modified_gmt":"2026-04-28T07:49:49","slug":"acerola","status":"publish","type":"page","link":"https:\/\/www.alivitpharm.com\/es\/acerola\/","title":{"rendered":"Acerola"},"content":{"rendered":"<div data-elementor-type=\"wp-page\" data-elementor-id=\"14209\" class=\"elementor elementor-14209\">\n\t\t\t\t\t\t<section class=\"elementor-section elementor-top-section elementor-element elementor-element-8adc56b elementor-section-content-middle elementor-section-boxed elementor-section-height-default elementor-section-height-default\" data-id=\"8adc56b\" data-element_type=\"section\" data-e-type=\"section\" data-settings=\"{&quot;background_background&quot;:&quot;classic&quot;}\">\n\t\t\t\t\t\t\t<div class=\"elementor-background-overlay\"><\/div>\n\t\t\t\t\t\t\t<div class=\"elementor-container elementor-column-gap-default\">\n\t\t\t\t\t<div class=\"elementor-column elementor-col-100 elementor-top-column elementor-element elementor-element-6d93fd5\" data-id=\"6d93fd5\" data-element_type=\"column\" data-e-type=\"column\">\n\t\t\t<div class=\"elementor-widget-wrap elementor-element-populated\">\n\t\t\t\t\t\t<div class=\"elementor-element elementor-element-32ae3c9 elementor-widget elementor-widget-heading\" data-id=\"32ae3c9\" data-element_type=\"widget\" data-e-type=\"widget\" data-widget_type=\"heading.default\">\n\t\t\t\t<div class=\"elementor-widget-container\">\n\t\t\t\t\t<h1 class=\"elementor-heading-title elementor-size-default\">Acerola<\/h1>\t\t\t\t<\/div>\n\t\t\t\t<\/div>\n\t\t\t\t<div class=\"elementor-element elementor-element-20cf3db elementor-widget elementor-widget-image\" data-id=\"20cf3db\" data-element_type=\"widget\" data-e-type=\"widget\" data-widget_type=\"image.default\">\n\t\t\t\t<div class=\"elementor-widget-container\">\n\t\t\t\t\t\t\t\t\t\t\t\t\t\t\t<img decoding=\"async\" width=\"75\" height=\"33\" src=\"https:\/\/www.alivitpharm.com\/wp-content\/uploads\/2019\/07\/logo-leaf-new.png\" class=\"attachment-large size-large wp-image-2518\" alt=\"\" \/>\t\t\t\t\t\t\t\t\t\t\t\t\t\t\t<\/div>\n\t\t\t\t<\/div>\n\t\t\t\t<div class=\"elementor-element elementor-element-8d51913 elementor-widget elementor-widget-text-editor\" data-id=\"8d51913\" data-element_type=\"widget\" data-e-type=\"widget\" data-widget_type=\"text-editor.default\">\n\t\t\t\t<div class=\"elementor-widget-container\">\n\t\t\t\t\t\t\t\t\t<p><em>Malpighia glabra &#8211; Malpighiaceae<\/em><\/p>\t\t\t\t\t\t\t\t<\/div>\n\t\t\t\t<\/div>\n\t\t\t\t\t<\/div>\n\t\t<\/div>\n\t\t\t\t\t<\/div>\n\t\t<\/section>\n\t\t\t\t<section class=\"elementor-section elementor-top-section elementor-element elementor-element-f325803 elementor-section-boxed elementor-section-height-default elementor-section-height-default\" data-id=\"f325803\" data-element_type=\"section\" data-e-type=\"section\" data-settings=\"{&quot;background_background&quot;:&quot;classic&quot;}\">\n\t\t\t\t\t\t<div class=\"elementor-container elementor-column-gap-default\">\n\t\t\t\t\t<div class=\"elementor-column elementor-col-100 elementor-top-column elementor-element elementor-element-4282e75\" data-id=\"4282e75\" data-element_type=\"column\" data-e-type=\"column\">\n\t\t\t<div class=\"elementor-widget-wrap elementor-element-populated\">\n\t\t\t\t\t\t<div class=\"elementor-element elementor-element-665cfac elementor-widget elementor-widget-image\" data-id=\"665cfac\" data-element_type=\"widget\" data-e-type=\"widget\" data-widget_type=\"image.default\">\n\t\t\t\t<div class=\"elementor-widget-container\">\n\t\t\t\t\t\t\t\t\t\t\t\t\t\t\t<img decoding=\"async\" src=\"https:\/\/www.alivitpharm.com\/wp-content\/uploads\/2026\/04\/acerola.png\" title=\"acerola\" alt=\"Acerola\" loading=\"lazy\" \/>\t\t\t\t\t\t\t\t\t\t\t\t\t\t\t<\/div>\n\t\t\t\t<\/div>\n\t\t\t\t<div class=\"elementor-element elementor-element-0b1a98c elementor-widget elementor-widget-text-editor\" data-id=\"0b1a98c\" data-element_type=\"widget\" data-e-type=\"widget\" data-widget_type=\"text-editor.default\">\n\t\t\t\t<div class=\"elementor-widget-container\">\n\t\t\t\t\t\t\t\t\t<p data-start=\"52\" data-end=\"181\"><strong>Acerola<\/strong> es un arbusto o un peque\u00f1o \u00e1rbol. Su fruto es similar a una cereza y se vuelve rojo cuando madura. Es una rica fuente de vitamina C. La acerola tambi\u00e9n contiene muchos minerales y otras vitaminas, incluyendo betacaroteno, lute\u00edna, tiamina (vitamina B1), riboflavina (vitamina B2), niacina (vitamina B3), piridoxina (vitamina B6), \u00e1cido f\u00f3lico y \u00e1cido pantot\u00e9nico (vitamina B5). Es originaria de Am\u00e9rica Central, Am\u00e9rica del Sur, M\u00e9xico y el Caribe.<\/p><p data-start=\"497\" data-end=\"682\">La acerola se utiliza a menudo para prevenir la deficiencia de vitamina C. Tambi\u00e9n se utiliza para el resfriado, la diarrea y otras afecciones, pero no existen buenas evidencias cient\u00edficas que respalden estos otros usos. La acerola es una rica fuente de vitamina C. La ingesta oral de acerola puede ayudar a prevenir o tratar la deficiencia de vitamina C. Cuando se toma por v\u00eda oral, el fruto de la acerola es posiblemente seguro para la mayor\u00eda de los adultos. El fruto contiene una gran cantidad de vitamina C. Debe consumirse en cantidades que no superen los 2000 mg de vitamina C al d\u00eda. Dosis m\u00e1s altas pueden aumentar el riesgo de efectos secundarios como diarrea severa.<\/p>\t\t\t\t\t\t\t\t<\/div>\n\t\t\t\t<\/div>\n\t\t\t\t<div class=\"elementor-element elementor-element-c5fc9fb elementor-widget elementor-widget-image\" data-id=\"c5fc9fb\" data-element_type=\"widget\" data-e-type=\"widget\" data-widget_type=\"image.default\">\n\t\t\t\t<div class=\"elementor-widget-container\">\n\t\t\t\t\t\t\t\t\t\t\t\t\t\t\t<img decoding=\"async\" src=\"https:\/\/www.alivitpharm.com\/wp-content\/uploads\/2022\/09\/leaves.png\" title=\"leaves\" alt=\"Leaves\" loading=\"lazy\" \/>\t\t\t\t\t\t\t\t\t\t\t\t\t\t\t<\/div>\n\t\t\t\t<\/div>\n\t\t\t\t<div class=\"elementor-element elementor-element-6fc9cf6 elementor-widget elementor-widget-text-editor\" data-id=\"6fc9cf6\" data-element_type=\"widget\" data-e-type=\"widget\" data-widget_type=\"text-editor.default\">\n\t\t\t\t<div class=\"elementor-widget-container\">\n\t\t\t\t\t\t\t\t\t<p data-start=\"1069\" data-end=\"1278\"><strong>Embarazo y lactancia:<\/strong> No hay suficiente informaci\u00f3n fiable para saber si la acerola es segura durante el embarazo o la lactancia. Se recomienda tener precauci\u00f3n y evitar cantidades mayores que las presentes en los alimentos.<\/p><p data-start=\"1280\" data-end=\"1438\"><strong>C\u00e1lculos renales (nefrolitiasis):<\/strong> En dosis altas, la acerola puede aumentar el riesgo de desarrollar c\u00e1lculos renales. Esto se debe a su contenido de vitamina C.<\/p><p data-start=\"1440\" data-end=\"1762\"><strong>Interacciones de la acerola con medicamentos: <\/strong>La warfarina interact\u00faa con la acerola, ya que esta contiene vitamina C. Grandes cantidades de vitamina C pueden reducir los efectos de la warfarina. Esto puede aumentar el riesgo de coagulaci\u00f3n. Aseg\u00farese de controlar regularmente su sangre. Es posible que la dosis de warfarina deba ajustarse.<\/p><p data-start=\"1764\" data-end=\"2061\">Los medicamentos contra el c\u00e1ncer (agentes alquilantes) interact\u00faan con la acerola, que contiene vitamina C, un antioxidante. Existe cierta preocupaci\u00f3n de que los antioxidantes puedan reducir la eficacia de algunos medicamentos utilizados para tratar el c\u00e1ncer. Si est\u00e1 tomando este tipo de medicamentos, consulte a su m\u00e9dico antes de usar acerola.<\/p><p data-start=\"2063\" data-end=\"2370\">La acerola se utiliza para fortalecer el sistema inmunol\u00f3gico, combatir el envejecimiento y potencialmente reducir la presi\u00f3n arterial. Las investigaciones han demostrado que, adem\u00e1s de su efecto antioxidante, la acerola tambi\u00e9n presenta efectos antiinflamatorios y se utiliza para ayudar a prevenir afecciones como la diabetes, la dislipidemia, la obesidad y el c\u00e1ncer.<\/p>\t\t\t\t\t\t\t\t<\/div>\n\t\t\t\t<\/div>\n\t\t\t\t<div class=\"elementor-element elementor-element-5d61fad elementor-widget elementor-widget-heading\" data-id=\"5d61fad\" data-element_type=\"widget\" data-e-type=\"widget\" data-widget_type=\"heading.default\">\n\t\t\t\t<div class=\"elementor-widget-container\">\n\t\t\t\t\t<h4 class=\"elementor-heading-title elementor-size-default\">Referencias<\/h4>\t\t\t\t<\/div>\n\t\t\t\t<\/div>\n\t\t\t\t<div class=\"elementor-element elementor-element-8584d95 elementor-widget elementor-widget-text-editor\" data-id=\"8584d95\" data-element_type=\"widget\" data-e-type=\"widget\" data-widget_type=\"text-editor.default\">\n\t\t\t\t<div class=\"elementor-widget-container\">\n\t\t\t\t\t\t\t\t\t<ul><li><a class=\"reference-link\" href=\"https:\/\/www.webmd.com\/vitamins\/ai\/ingredientmono-608\/acerola\" target=\"_blank\" rel=\"noopener\">Acerola &#8211; Uses, Side Effects, And More<\/a><\/li><li><a class=\"reference-link\" href=\"https:\/\/pmc.ncbi.nlm.nih.gov\/articles\/PMC10889565\/\" target=\"_blank\" rel=\"noopener\">Acerola (Malpighia emarginata) Anti-Inflammatory Activity \u2014 A Review<\/a><\/li><li><a class=\"reference-link\" href=\"https:\/\/www.sciencedirect.com\/science\/article\/pii\/S2212429224018534\" target=\"_blank\" rel=\"noopener\">Health benefits of acerola (Malpighia spp) and its by-products: A comprehensive review of nutrient-rich composition, pharmacological potential, and industrial applications<\/a><\/li><\/ul>\t\t\t\t\t\t\t\t<\/div>\n\t\t\t\t<\/div>\n\t\t\t\t\t<\/div>\n\t\t<\/div>\n\t\t\t\t\t<\/div>\n\t\t<\/section>\n\t\t\t\t<\/div>","protected":false},"excerpt":{"rendered":"<p>Acerola Malpighia glabra &#8211; Malpighiaceae Acerola is a shrub or a small tree. Its fruit is similar to a cherry and turns red when ripe. It is a rich source of vitamin C. Acerola also contains many minerals and other vitamins, including beta-carotene, lutein, thiamine (vitamin B1), riboflavin (vitamin B2), niacin (vitamin B3), pyridoxine (vitamin &hellip;<\/p>\n<p class=\"read-more\"> <a class=\"\" href=\"https:\/\/www.alivitpharm.com\/es\/acerola\/\"> <span class=\"screen-reader-text\">Acerola<\/span> Leer m\u00e1s &raquo;<\/a><\/p>","protected":false},"author":9,"featured_media":0,"parent":0,"menu_order":0,"comment_status":"closed","ping_status":"closed","template":"","meta":{"site-sidebar-layout":"no-sidebar","site-content-layout":"page-builder","ast-global-header-display":"","ast-main-header-display":"","ast-hfb-above-header-display":"","ast-hfb-below-header-display":"","ast-hfb-mobile-header-display":"","site-post-title":"disabled","ast-breadcrumbs-content":"","ast-featured-img":"disabled","footer-sml-layout":"","theme-transparent-header-meta":"","adv-header-id-meta":"","stick-header-meta":"","header-above-stick-meta":"","header-main-stick-meta":"","header-below-stick-meta":"","footnotes":""},"class_list":["post-14209","page","type-page","status-publish","hentry"],"_links":{"self":[{"href":"https:\/\/www.alivitpharm.com\/es\/wp-json\/wp\/v2\/pages\/14209","targetHints":{"allow":["GET"]}}],"collection":[{"href":"https:\/\/www.alivitpharm.com\/es\/wp-json\/wp\/v2\/pages"}],"about":[{"href":"https:\/\/www.alivitpharm.com\/es\/wp-json\/wp\/v2\/types\/page"}],"author":[{"embeddable":true,"href":"https:\/\/www.alivitpharm.com\/es\/wp-json\/wp\/v2\/users\/9"}],"replies":[{"embeddable":true,"href":"https:\/\/www.alivitpharm.com\/es\/wp-json\/wp\/v2\/comments?post=14209"}],"version-history":[{"count":16,"href":"https:\/\/www.alivitpharm.com\/es\/wp-json\/wp\/v2\/pages\/14209\/revisions"}],"predecessor-version":[{"id":14234,"href":"https:\/\/www.alivitpharm.com\/es\/wp-json\/wp\/v2\/pages\/14209\/revisions\/14234"}],"wp:attachment":[{"href":"https:\/\/www.alivitpharm.com\/es\/wp-json\/wp\/v2\/media?parent=14209"}],"curies":[{"name":"wp","href":"https:\/\/api.w.org\/{rel}","templated":true}]}}