{"id":7432,"date":"2022-10-14T08:21:46","date_gmt":"2022-10-14T06:21:46","guid":{"rendered":"https:\/\/www.alivitpharm.com\/?page_id=7432"},"modified":"2022-10-14T10:08:45","modified_gmt":"2022-10-14T08:08:45","slug":"sauco-negro","status":"publish","type":"page","link":"https:\/\/www.alivitpharm.com\/es\/black-elderberry\/","title":{"rendered":"Sa\u00faco Negro"},"content":{"rendered":"<div data-elementor-type=\"wp-page\" data-elementor-id=\"7432\" class=\"elementor elementor-7432\">\n\t\t\t\t\t\t<section class=\"elementor-section elementor-top-section elementor-element elementor-element-4bb7924 elementor-section-content-middle elementor-section-boxed elementor-section-height-default elementor-section-height-default\" data-id=\"4bb7924\" data-element_type=\"section\" data-e-type=\"section\" data-settings=\"{&quot;background_background&quot;:&quot;classic&quot;}\">\n\t\t\t\t\t\t\t<div class=\"elementor-background-overlay\"><\/div>\n\t\t\t\t\t\t\t<div class=\"elementor-container elementor-column-gap-default\">\n\t\t\t\t\t<div class=\"elementor-column elementor-col-100 elementor-top-column elementor-element elementor-element-756ed26\" data-id=\"756ed26\" data-element_type=\"column\" data-e-type=\"column\">\n\t\t\t<div class=\"elementor-widget-wrap elementor-element-populated\">\n\t\t\t\t\t\t<div class=\"elementor-element elementor-element-477908f elementor-widget elementor-widget-heading\" data-id=\"477908f\" data-element_type=\"widget\" data-e-type=\"widget\" data-widget_type=\"heading.default\">\n\t\t\t\t<div class=\"elementor-widget-container\">\n\t\t\t\t\t<h1 class=\"elementor-heading-title elementor-size-default\">Sa\u00faco Negro<\/h1>\t\t\t\t<\/div>\n\t\t\t\t<\/div>\n\t\t\t\t<div class=\"elementor-element elementor-element-fd62719 elementor-widget elementor-widget-image\" data-id=\"fd62719\" data-element_type=\"widget\" data-e-type=\"widget\" data-widget_type=\"image.default\">\n\t\t\t\t<div class=\"elementor-widget-container\">\n\t\t\t\t\t\t\t\t\t\t\t\t\t\t\t<img decoding=\"async\" width=\"75\" height=\"33\" src=\"https:\/\/www.alivitpharm.com\/wp-content\/uploads\/2019\/07\/logo-leaf-new.png\" class=\"attachment-large size-large wp-image-2518\" alt=\"\" \/>\t\t\t\t\t\t\t\t\t\t\t\t\t\t\t<\/div>\n\t\t\t\t<\/div>\n\t\t\t\t<div class=\"elementor-element elementor-element-bc87980 elementor-widget elementor-widget-text-editor\" data-id=\"bc87980\" data-element_type=\"widget\" data-e-type=\"widget\" data-widget_type=\"text-editor.default\">\n\t\t\t\t<div class=\"elementor-widget-container\">\n\t\t\t\t\t\t\t\t\t<p><em>Sambucus nigra L. &#8211; Adoxaceae<\/em><\/p>\t\t\t\t\t\t\t\t<\/div>\n\t\t\t\t<\/div>\n\t\t\t\t\t<\/div>\n\t\t<\/div>\n\t\t\t\t\t<\/div>\n\t\t<\/section>\n\t\t\t\t<section class=\"elementor-section elementor-top-section elementor-element elementor-element-b4f287e elementor-section-boxed elementor-section-height-default elementor-section-height-default\" data-id=\"b4f287e\" data-element_type=\"section\" data-e-type=\"section\" data-settings=\"{&quot;background_background&quot;:&quot;classic&quot;}\">\n\t\t\t\t\t\t<div class=\"elementor-container elementor-column-gap-default\">\n\t\t\t\t\t<div class=\"elementor-column elementor-col-100 elementor-top-column elementor-element elementor-element-820edd1\" data-id=\"820edd1\" data-element_type=\"column\" data-e-type=\"column\">\n\t\t\t<div class=\"elementor-widget-wrap elementor-element-populated\">\n\t\t\t\t\t\t<div class=\"elementor-element elementor-element-8520cb6 elementor-widget elementor-widget-image\" data-id=\"8520cb6\" data-element_type=\"widget\" data-e-type=\"widget\" data-widget_type=\"image.default\">\n\t\t\t\t<div class=\"elementor-widget-container\">\n\t\t\t\t\t\t\t\t\t\t\t\t\t\t\t<img decoding=\"async\" src=\"https:\/\/www.alivitpharm.com\/wp-content\/uploads\/2022\/10\/elderberry.jpg\" title=\"elderberry\" alt=\"Elderberry\" loading=\"lazy\" \/>\t\t\t\t\t\t\t\t\t\t\t\t\t\t\t<\/div>\n\t\t\t\t<\/div>\n\t\t\t\t<div class=\"elementor-element elementor-element-8ac23b1 elementor-widget elementor-widget-text-editor\" data-id=\"8ac23b1\" data-element_type=\"widget\" data-e-type=\"widget\" data-widget_type=\"text-editor.default\">\n\t\t\t\t<div class=\"elementor-widget-container\">\n\t\t\t\t\t\t\t\t\t<p><span class=\"jCAhz ChMk0b\"><span class=\"ryNqvb\">El sa\u00faco es un arbusto o un \u00e1rbol peque\u00f1o.<\/span><\/span> <span class=\"jCAhz ChMk0b\"><span class=\"ryNqvb\">La corteza est\u00e1 agrietada, de color gris; en las ramas j\u00f3venes es verde con yemas grandes y prominentes en forma de huevo.<\/span><\/span> <span class=\"jCAhz ChMk0b\"><span class=\"ryNqvb\">Las hojas son pinnadas de manera irregular, las flores son blanco-amarillas, fragantes, y se agrupan en inflorescencias densas.<\/span><\/span> <span class=\"jCAhz ChMk0b\"><span class=\"ryNqvb\">El fruto es una drupa, de color rojo-p\u00farpura, que contiene 3 semillas. <\/span><\/span>El sa\u00faco crece en lugares luminosos y c\u00e1lidos y es bastante com\u00fan en nuestra regi\u00f3n.<\/p><p><span class=\"jCAhz ChMk0b\"><span class=\"ryNqvb\"><strong>El sa\u00faco negro<\/strong> <em>(Sambucus nigra)<\/em> es, seg\u00fan muchos mitos, una planta m\u00e1gica.<\/span><\/span> <span class=\"jCAhz ChMk0b\"><span class=\"ryNqvb\">Debido a sus propiedades curativas, se utilizaba en el antiguo Egipto y la antigua Grecia, y Hip\u00f3crates, el padre de la medicina, llam\u00f3 a esta planta \u201cel arca de la salud\u201d.<\/span><\/span><\/p><p><span class=\"jCAhz ChMk0b\"><span class=\"ryNqvb\">El sa\u00faco negro contiene caroteno, vitaminas B y C, y tambi\u00e9n es rico en minerales: hierro, sodio y calcio.<\/span><\/span> <span class=\"jCAhz ChMk0b\"><span class=\"ryNqvb\">Adem\u00e1s, el fruto del sa\u00faco negro contiene antocianinas (sambucina, sambucianina, crisantemo), taninos, fitoesteroles, muc\u00edlagos y amino\u00e1cidos.<\/span><\/span> <span class=\"jCAhz ChMk0b\"><span class=\"ryNqvb\">Tambi\u00e9n contiene pigmentos org\u00e1nicos, \u00e1cido clorog\u00e9nico, y es rico en heter\u00f3sidos flavonoides (rutin, isoquercitrina, hiper\u00f3sido), que son excelentes antioxidantes.<\/span><\/span> <span class=\"jCAhz ChMk0b\"><span class=\"ryNqvb\">La sustancia activa sambucol activa el sistema inmunol\u00f3gico mediante la producci\u00f3n de citocinas y reduce la duraci\u00f3n de la gripe en 3-4 d\u00edas.<\/span><\/span> <span class=\"jCAhz ChMk0b\"><span class=\"ryNqvb\">Existen trazas de aceite esencial y predominan los \u00e1cidos grasos.<\/span><\/span><\/p>\t\t\t\t\t\t\t\t<\/div>\n\t\t\t\t<\/div>\n\t\t\t\t<div class=\"elementor-element elementor-element-976c7f3 elementor-widget elementor-widget-image\" data-id=\"976c7f3\" data-element_type=\"widget\" data-e-type=\"widget\" data-widget_type=\"image.default\">\n\t\t\t\t<div class=\"elementor-widget-container\">\n\t\t\t\t\t\t\t\t\t\t\t\t\t\t\t<img decoding=\"async\" src=\"https:\/\/www.alivitpharm.com\/wp-content\/uploads\/2022\/09\/leaves.png\" title=\"leaves\" alt=\"Leaves\" loading=\"lazy\" \/>\t\t\t\t\t\t\t\t\t\t\t\t\t\t\t<\/div>\n\t\t\t\t<\/div>\n\t\t\t\t<div class=\"elementor-element elementor-element-a582557 elementor-widget elementor-widget-text-editor\" data-id=\"a582557\" data-element_type=\"widget\" data-e-type=\"widget\" data-widget_type=\"text-editor.default\">\n\t\t\t\t<div class=\"elementor-widget-container\">\n\t\t\t\t\t\t\t\t\t<p><span class=\"jCAhz ChMk0b\"><span class=\"ryNqvb\">Debido a su acci\u00f3n antioxidante (neutraliza los radicales libres en el cuerpo) e inmunomoduladora (estimula el sistema inmunitario), se recomienda para la prevenci\u00f3n y el tratamiento de infecciones del tracto respiratorio superior.<\/span><\/span> <span class=\"jCAhz ChMk0b\"><span class=\"ryNqvb\">Esta planta se considera un antiviral natural, especialmente contra diferentes cepas del virus de la gripe.<\/span><\/span> <span class=\"jCAhz ChMk0b\"><span class=\"ryNqvb\">Se ha demostrado, mediante investigaciones in vitro, que el sa\u00faco negro es eficaz contra hasta 10 cepas del virus de la gripe.<\/span><\/span> <span class=\"jCAhz ChMk0b\"><span class=\"ryNqvb\">Adem\u00e1s, numerosos estudios han demostrado que el sa\u00faco puede ser \u00fatil para la activaci\u00f3n de la respuesta inmunitaria (activaci\u00f3n de citocinas inflamatorias) en personas completamente sanas, pero tambi\u00e9n en personas que padecen algunas enfermedades, como diversas formas de c\u00e1ncer y SIDA. <\/span><\/span><span class=\"jCAhz ChMk0b\"><span class=\"ryNqvb\">El sa\u00faco negro puede recomendarse a pacientes con diabetes para fortalecer el sistema inmunitario.<\/span><\/span> <span class=\"jCAhz ChMk0b\"><span class=\"ryNqvb\">Los polifenoles extra\u00eddos del fruto de esta planta modifican la respuesta inmunitaria en personas con diabetes y reducen la posibilidad de reacciones inflamatorias.<\/span><\/span><\/p>\t\t\t\t\t\t\t\t<\/div>\n\t\t\t\t<\/div>\n\t\t\t\t<div class=\"elementor-element elementor-element-9699294 elementor-widget elementor-widget-heading\" data-id=\"9699294\" data-element_type=\"widget\" data-e-type=\"widget\" data-widget_type=\"heading.default\">\n\t\t\t\t<div class=\"elementor-widget-container\">\n\t\t\t\t\t<h4 class=\"elementor-heading-title elementor-size-default\">Referencias<\/h4>\t\t\t\t<\/div>\n\t\t\t\t<\/div>\n\t\t\t\t<div class=\"elementor-element elementor-element-844d616 elementor-widget elementor-widget-text-editor\" data-id=\"844d616\" data-element_type=\"widget\" data-e-type=\"widget\" data-widget_type=\"text-editor.default\">\n\t\t\t\t<div class=\"elementor-widget-container\">\n\t\t\t\t\t\t\t\t\t<ul><li><a class=\"reference-link\" href=\"https:\/\/pubmed.ncbi.nlm.nih.gov\/30670267\/\" target=\"_blank\" rel=\"noopener\">Black elderberry (Sambucus nigra) supplementation effectively treats upper respiratory symptoms: A meta-analysis of randomized, controlled clinical trials<\/a><\/li><li><a class=\"reference-link\" href=\"https:\/\/pubmed.ncbi.nlm.nih.gov\/25327310\/\" target=\"_blank\" rel=\"noopener\">Effects of Sambucus nigra and Aronia melanocarpa extracts on immune system disorders within diabetes mellitus<\/a><\/li><li><a class=\"reference-link\" href=\"https:\/\/pubmed.ncbi.nlm.nih.gov\/11399518\/\" target=\"_blank\" rel=\"noopener\">The effect of Sambucol, a black elderberry-based, natural product, on the production of human cytokines: I. Inflammatory cytokines<\/a><\/li><li><a class=\"reference-link\" href=\"https:\/\/pubmed.ncbi.nlm.nih.gov\/32864330\/\" target=\"_blank\" rel=\"noopener\">The effects of Sambucus nigra berry on acute respiratory viral infections: A rapid review of clinical studies<\/a><\/li><\/ul>\t\t\t\t\t\t\t\t<\/div>\n\t\t\t\t<\/div>\n\t\t\t\t\t<\/div>\n\t\t<\/div>\n\t\t\t\t\t<\/div>\n\t\t<\/section>\n\t\t\t\t<\/div>","protected":false},"excerpt":{"rendered":"<p>Black Elderberry Sambucus nigra L. &#8211; Adoxaceae Elderberry is a shrub or low tree. The bark is cracked, gray in color, on young branches it is green with prominent large, egg-shaped buds. The leaves are oddly pinnate, the flowers are white-yellow, fragrant, collected in dense inflorescences. The fruit is a drupe, red-purple in color, containing &hellip;<\/p>\n<p class=\"read-more\"> <a class=\"\" href=\"https:\/\/www.alivitpharm.com\/es\/black-elderberry\/\"> <span class=\"screen-reader-text\">Sa\u00faco Negro<\/span> Leer m\u00e1s &raquo;<\/a><\/p>","protected":false},"author":9,"featured_media":0,"parent":0,"menu_order":0,"comment_status":"closed","ping_status":"closed","template":"","meta":{"site-sidebar-layout":"no-sidebar","site-content-layout":"page-builder","ast-global-header-display":"","ast-main-header-display":"","ast-hfb-above-header-display":"","ast-hfb-below-header-display":"","ast-hfb-mobile-header-display":"","site-post-title":"disabled","ast-breadcrumbs-content":"","ast-featured-img":"disabled","footer-sml-layout":"","theme-transparent-header-meta":"","adv-header-id-meta":"","stick-header-meta":"","header-above-stick-meta":"","header-main-stick-meta":"","header-below-stick-meta":"","footnotes":""},"class_list":["post-7432","page","type-page","status-publish","hentry"],"_links":{"self":[{"href":"https:\/\/www.alivitpharm.com\/es\/wp-json\/wp\/v2\/pages\/7432","targetHints":{"allow":["GET"]}}],"collection":[{"href":"https:\/\/www.alivitpharm.com\/es\/wp-json\/wp\/v2\/pages"}],"about":[{"href":"https:\/\/www.alivitpharm.com\/es\/wp-json\/wp\/v2\/types\/page"}],"author":[{"embeddable":true,"href":"https:\/\/www.alivitpharm.com\/es\/wp-json\/wp\/v2\/users\/9"}],"replies":[{"embeddable":true,"href":"https:\/\/www.alivitpharm.com\/es\/wp-json\/wp\/v2\/comments?post=7432"}],"version-history":[{"count":0,"href":"https:\/\/www.alivitpharm.com\/es\/wp-json\/wp\/v2\/pages\/7432\/revisions"}],"wp:attachment":[{"href":"https:\/\/www.alivitpharm.com\/es\/wp-json\/wp\/v2\/media?parent=7432"}],"curies":[{"name":"wp","href":"https:\/\/api.w.org\/{rel}","templated":true}]}}