{"id":7724,"date":"2022-10-21T09:24:27","date_gmt":"2022-10-21T07:24:27","guid":{"rendered":"https:\/\/www.alivitpharm.com\/?page_id=7724"},"modified":"2022-10-21T13:24:47","modified_gmt":"2022-10-21T11:24:47","slug":"el-ajo-de-oso","status":"publish","type":"page","link":"https:\/\/www.alivitpharm.com\/es\/wild-garlic\/","title":{"rendered":"El ajo de oso"},"content":{"rendered":"<div data-elementor-type=\"wp-page\" data-elementor-id=\"7724\" class=\"elementor elementor-7724\">\n\t\t\t\t\t\t<section class=\"elementor-section elementor-top-section elementor-element elementor-element-d506db5 elementor-section-content-middle elementor-section-boxed elementor-section-height-default elementor-section-height-default\" data-id=\"d506db5\" data-element_type=\"section\" data-e-type=\"section\" data-settings=\"{&quot;background_background&quot;:&quot;classic&quot;}\">\n\t\t\t\t\t\t\t<div class=\"elementor-background-overlay\"><\/div>\n\t\t\t\t\t\t\t<div class=\"elementor-container elementor-column-gap-default\">\n\t\t\t\t\t<div class=\"elementor-column elementor-col-100 elementor-top-column elementor-element elementor-element-eff1f98\" data-id=\"eff1f98\" data-element_type=\"column\" data-e-type=\"column\">\n\t\t\t<div class=\"elementor-widget-wrap elementor-element-populated\">\n\t\t\t\t\t\t<div class=\"elementor-element elementor-element-9228915 elementor-widget elementor-widget-heading\" data-id=\"9228915\" data-element_type=\"widget\" data-e-type=\"widget\" data-widget_type=\"heading.default\">\n\t\t\t\t<div class=\"elementor-widget-container\">\n\t\t\t\t\t<h1 class=\"elementor-heading-title elementor-size-default\">El ajo de oso<\/h1>\t\t\t\t<\/div>\n\t\t\t\t<\/div>\n\t\t\t\t<div class=\"elementor-element elementor-element-32c1769 elementor-widget elementor-widget-image\" data-id=\"32c1769\" data-element_type=\"widget\" data-e-type=\"widget\" data-widget_type=\"image.default\">\n\t\t\t\t<div class=\"elementor-widget-container\">\n\t\t\t\t\t\t\t\t\t\t\t\t\t\t\t<img decoding=\"async\" width=\"75\" height=\"33\" src=\"https:\/\/www.alivitpharm.com\/wp-content\/uploads\/2019\/07\/logo-leaf-new.png\" class=\"attachment-large size-large wp-image-2518\" alt=\"\" \/>\t\t\t\t\t\t\t\t\t\t\t\t\t\t\t<\/div>\n\t\t\t\t<\/div>\n\t\t\t\t<div class=\"elementor-element elementor-element-c9803ad elementor-widget elementor-widget-text-editor\" data-id=\"c9803ad\" data-element_type=\"widget\" data-e-type=\"widget\" data-widget_type=\"text-editor.default\">\n\t\t\t\t<div class=\"elementor-widget-container\">\n\t\t\t\t\t\t\t\t\t<p><em>Alli ursini folium \u2013Hoja de ajo de oso<br \/>Allium ursinum \u2013 Allia ceae<\/em><\/p>\t\t\t\t\t\t\t\t<\/div>\n\t\t\t\t<\/div>\n\t\t\t\t\t<\/div>\n\t\t<\/div>\n\t\t\t\t\t<\/div>\n\t\t<\/section>\n\t\t\t\t<section class=\"elementor-section elementor-top-section elementor-element elementor-element-623f25e elementor-section-boxed elementor-section-height-default elementor-section-height-default\" data-id=\"623f25e\" data-element_type=\"section\" data-e-type=\"section\" data-settings=\"{&quot;background_background&quot;:&quot;classic&quot;}\">\n\t\t\t\t\t\t<div class=\"elementor-container elementor-column-gap-default\">\n\t\t\t\t\t<div class=\"elementor-column elementor-col-100 elementor-top-column elementor-element elementor-element-13b2f6a\" data-id=\"13b2f6a\" data-element_type=\"column\" data-e-type=\"column\">\n\t\t\t<div class=\"elementor-widget-wrap elementor-element-populated\">\n\t\t\t\t\t\t<div class=\"elementor-element elementor-element-ccdc037 elementor-widget elementor-widget-image\" data-id=\"ccdc037\" data-element_type=\"widget\" data-e-type=\"widget\" data-widget_type=\"image.default\">\n\t\t\t\t<div class=\"elementor-widget-container\">\n\t\t\t\t\t\t\t\t\t\t\t\t\t\t\t<img decoding=\"async\" src=\"https:\/\/www.alivitpharm.com\/wp-content\/uploads\/2022\/10\/wild-garlic.jpg\" title=\"wild-garlic\" alt=\"El ajo de oso\" loading=\"lazy\" \/>\t\t\t\t\t\t\t\t\t\t\t\t\t\t\t<\/div>\n\t\t\t\t<\/div>\n\t\t\t\t<div class=\"elementor-element elementor-element-397d73c elementor-widget elementor-widget-text-editor\" data-id=\"397d73c\" data-element_type=\"widget\" data-e-type=\"widget\" data-widget_type=\"text-editor.default\">\n\t\t\t\t<div class=\"elementor-widget-container\">\n\t\t\t\t\t\t\t\t\t<p><span class=\"jCAhz ChMk0b\"><span class=\"ryNqvb\"><strong>El ajo de oso<\/strong>\u00a0es una planta herb\u00e1cea perenne.<\/span><\/span> <span class=\"jCAhz ChMk0b\"><span class=\"ryNqvb\">Se caracteriza por un tallo subterr\u00e1neo metamorfoseado en forma de bulbo.<\/span><\/span> <span class=\"jCAhz ChMk0b\"><span class=\"ryNqvb\">El bulbo es erecto, de 2\u20135 cm de longitud, y est\u00e1 cubierto por hojas de color blanco-amarillento.<\/span><\/span> <span class=\"jCAhz ChMk0b\"><span class=\"ryNqvb\">Del bulbo emergen dos hojas; la hoja es el\u00edptica, con \u00e1pice puntiagudo y de color verde.<\/span><\/span> <span class=\"jCAhz ChMk0b\"><span class=\"ryNqvb\">En la base, la hoja se estrecha formando un pec\u00edolo largo.<\/span><\/span> <span class=\"jCAhz ChMk0b\"><span class=\"ryNqvb\">El tallo tiene una secci\u00f3n transversal triangular, y en su parte superior se desarrollan flores blancas reunidas en inflorescencias en forma de umbela.<\/span><\/span> <span class=\"jCAhz ChMk0b\"><span class=\"ryNqvb\">El fruto tiene forma de c\u00e1psula, con semillas rojas triangulares.<\/span><\/span><\/p><p><span class=\"jCAhz ChMk0b\"><span class=\"ryNqvb\">El ajo de oso es una planta silvestre comestible con un aroma similar al del ajo.<\/span><\/span> <span class=\"jCAhz ChMk0b\"><span class=\"ryNqvb\">Tambi\u00e9n se conoce con otros nombres, como ajo bosque, ajo silvestre euroasi\u00e1tico<b>, <\/b>ajo de oso.<\/span><\/span> <span class=\"jCAhz ChMk0b\"><span class=\"ryNqvb\">Crece en bosques caducifolios h\u00famedos de Europa y en algunas regiones de Asia.<\/span><\/span> <span class=\"jCAhz ChMk0b\"><span class=\"ryNqvb\">Todas las partes de la planta son comestibles, por lo que para el consumo se cosechan las hojas antes de la floraci\u00f3n.<\/span><\/span><\/p>\t\t\t\t\t\t\t\t<\/div>\n\t\t\t\t<\/div>\n\t\t\t\t<div class=\"elementor-element elementor-element-4302ff6 elementor-widget elementor-widget-image\" data-id=\"4302ff6\" data-element_type=\"widget\" data-e-type=\"widget\" data-widget_type=\"image.default\">\n\t\t\t\t<div class=\"elementor-widget-container\">\n\t\t\t\t\t\t\t\t\t\t\t\t\t\t\t<img decoding=\"async\" src=\"https:\/\/www.alivitpharm.com\/wp-content\/uploads\/2022\/09\/leaves.png\" title=\"leaves\" alt=\"Leaves\" loading=\"lazy\" \/>\t\t\t\t\t\t\t\t\t\t\t\t\t\t\t<\/div>\n\t\t\t\t<\/div>\n\t\t\t\t<div class=\"elementor-element elementor-element-caca516 elementor-widget elementor-widget-text-editor\" data-id=\"caca516\" data-element_type=\"widget\" data-e-type=\"widget\" data-widget_type=\"text-editor.default\">\n\t\t\t\t<div class=\"elementor-widget-container\">\n\t\t\t\t\t\t\t\t\t<p><span class=\"jCAhz ChMk0b\"><span class=\"ryNqvb\">El ajo de oso contiene un alto contenido de azufre y es importante para mantener la salud del tracto digestivo (afecta el equilibrio adecuado de la microbiota intestinal) y del organismo en general, as\u00ed como para la eliminaci\u00f3n de metales pesados del cuerpo.<\/span><\/span> <span class=\"jCAhz ChMk0b\"><span class=\"ryNqvb\">Los principios activos del ajo de oso son la alicina y la tiosulfina, responsables de reducir los l\u00edpidos (disminuyendo el nivel de colesterol LDL y aumentando el colesterol bueno o HDL), prevenir la coagulaci\u00f3n sangu\u00ednea y bajar la presi\u00f3n arterial.<\/span><\/span> <span class=\"jCAhz ChMk0b\"><span class=\"ryNqvb\">Los efectos mencionados reflejan su acci\u00f3n cardioprotectora.<\/span><\/span><\/p><p><span class=\"jCAhz ChMk0b\"><span class=\"ryNqvb\">Adem\u00e1s de estos componentes, el ajo de oso contiene ajoeno, que ocupa un papel importante como sustancia que ayuda en el tratamiento del melanoma y de algunas formas de leucemia, as\u00ed como adenosina, que tiene un efecto muy favorable en el mantenimiento de valores normales de presi\u00f3n arterial.<\/span><\/span> <span class=\"jCAhz ChMk0b\"><span class=\"ryNqvb\">Tambi\u00e9n muestra actividad antioxidante (neutraliza los radicales libres) y tiene una marcada actividad antimicrobiana (act\u00faa contra virus, bacterias, hongos y par\u00e1sitos).<\/span><\/span> <span class=\"jCAhz ChMk0b\"><span class=\"ryNqvb\">Debido a su composici\u00f3n, esta planta es objeto de numerosos estudios m\u00e9dicos.<\/span><\/span><\/p>\t\t\t\t\t\t\t\t<\/div>\n\t\t\t\t<\/div>\n\t\t\t\t<div class=\"elementor-element elementor-element-dda13c9 elementor-widget elementor-widget-heading\" data-id=\"dda13c9\" data-element_type=\"widget\" data-e-type=\"widget\" data-widget_type=\"heading.default\">\n\t\t\t\t<div class=\"elementor-widget-container\">\n\t\t\t\t\t<h4 class=\"elementor-heading-title elementor-size-default\">Referencias<\/h4>\t\t\t\t<\/div>\n\t\t\t\t<\/div>\n\t\t\t\t<div class=\"elementor-element elementor-element-9418782 elementor-widget elementor-widget-text-editor\" data-id=\"9418782\" data-element_type=\"widget\" data-e-type=\"widget\" data-widget_type=\"text-editor.default\">\n\t\t\t\t<div class=\"elementor-widget-container\">\n\t\t\t\t\t\t\t\t\t<ul><li><a class=\"reference-link\" href=\"https:\/\/pubmed.ncbi.nlm.nih.gov\/25774103\/\" target=\"_blank\" rel=\"noopener\">Allium ursinum: botanical, phytochemical and pharmacological overview<\/a><\/li><li><a class=\"reference-link\" href=\"https:\/\/pubmed.ncbi.nlm.nih.gov\/33335521\/\" target=\"_blank\" rel=\"noopener\">Antioxidant and Antiproliferative Activity of Allium ursinum and Their Associated Microbiota During Simulated in vitro Digestion in the Presence of Food Matrix<\/a><\/li><li><a class=\"reference-link\" href=\"https:\/\/pubmed.ncbi.nlm.nih.gov\/28543032\/\" target=\"_blank\" rel=\"noopener\">Influence of different wild-garlic (Allium ursinum) extracts on the gastrointestinal system: spasmolytic, antimicrobial and antioxidant properties<\/a><\/li><li><a class=\"reference-link\" href=\"https:\/\/pubmed.ncbi.nlm.nih.gov\/22408399\/\" target=\"_blank\" rel=\"noopener\">Chemical composition and in vitro antifungal activity screening of the Allium ursinum L. (Liliaceae)<\/a><\/li><li><a class=\"reference-link\" href=\"https:\/\/pubmed.ncbi.nlm.nih.gov\/27517918\/\" target=\"_blank\" rel=\"noopener\">Anti-Atherogenic Properties of Allium ursinum Liophylisate: Impact on Lipoprotein Homeostasis and Cardiac Biomarkers in Hypercholesterolemic Rabbits<\/a><\/li><li><a class=\"reference-link\" href=\"https:\/\/pubmed.ncbi.nlm.nih.gov\/31297043\/\" target=\"_blank\" rel=\"noopener\">Ethanol extracts of Allium sp. regulate cyclooxygenase-2 and E-cadherin expression in gastric cancer MKN74 cell line and enhance doxorubicin toxicity<\/a><\/li><\/ul>\t\t\t\t\t\t\t\t<\/div>\n\t\t\t\t<\/div>\n\t\t\t\t\t<\/div>\n\t\t<\/div>\n\t\t\t\t\t<\/div>\n\t\t<\/section>\n\t\t\t\t<\/div>","protected":false},"excerpt":{"rendered":"<p>Wild Garlic Alli ursini folium \u2013 Leaf of wild garlicAllium ursinum \u2013 Allia ceae Wild garlic\u00a0is a perennial herbaceous plant. It is characterized by a metamorphosed underground shoot-bulb. The bulb is upright, 2-5 cm long, covered with white-yellow leaves. Two leaves emerge from the bulb, the leaf is elliptical, with a sharp tip, green in &hellip;<\/p>\n<p class=\"read-more\"> <a class=\"\" href=\"https:\/\/www.alivitpharm.com\/es\/wild-garlic\/\"> <span class=\"screen-reader-text\">El ajo de oso<\/span> Leer m\u00e1s &raquo;<\/a><\/p>","protected":false},"author":9,"featured_media":0,"parent":0,"menu_order":0,"comment_status":"closed","ping_status":"closed","template":"","meta":{"site-sidebar-layout":"no-sidebar","site-content-layout":"page-builder","ast-global-header-display":"","ast-main-header-display":"","ast-hfb-above-header-display":"","ast-hfb-below-header-display":"","ast-hfb-mobile-header-display":"","site-post-title":"disabled","ast-breadcrumbs-content":"","ast-featured-img":"disabled","footer-sml-layout":"","theme-transparent-header-meta":"","adv-header-id-meta":"","stick-header-meta":"","header-above-stick-meta":"","header-main-stick-meta":"","header-below-stick-meta":"","footnotes":""},"class_list":["post-7724","page","type-page","status-publish","hentry"],"_links":{"self":[{"href":"https:\/\/www.alivitpharm.com\/es\/wp-json\/wp\/v2\/pages\/7724","targetHints":{"allow":["GET"]}}],"collection":[{"href":"https:\/\/www.alivitpharm.com\/es\/wp-json\/wp\/v2\/pages"}],"about":[{"href":"https:\/\/www.alivitpharm.com\/es\/wp-json\/wp\/v2\/types\/page"}],"author":[{"embeddable":true,"href":"https:\/\/www.alivitpharm.com\/es\/wp-json\/wp\/v2\/users\/9"}],"replies":[{"embeddable":true,"href":"https:\/\/www.alivitpharm.com\/es\/wp-json\/wp\/v2\/comments?post=7724"}],"version-history":[{"count":0,"href":"https:\/\/www.alivitpharm.com\/es\/wp-json\/wp\/v2\/pages\/7724\/revisions"}],"wp:attachment":[{"href":"https:\/\/www.alivitpharm.com\/es\/wp-json\/wp\/v2\/media?parent=7724"}],"curies":[{"name":"wp","href":"https:\/\/api.w.org\/{rel}","templated":true}]}}