{"id":7880,"date":"2022-12-22T11:00:37","date_gmt":"2022-12-22T09:00:37","guid":{"rendered":"https:\/\/www.alivitpharm.com\/?page_id=7880"},"modified":"2023-01-11T14:19:23","modified_gmt":"2023-01-11T12:19:23","slug":"politica-de-privacidad","status":"publish","type":"page","link":"https:\/\/www.alivitpharm.com\/es\/privacy-policy\/","title":{"rendered":"Pol\u00edtica de privacidad"},"content":{"rendered":"<h5 class=\"wp-block-heading\"><br>Declaraci\u00f3n de seguridad de compra con tarjeta de cr\u00e9dito<\/h5>\n\n\n\n<p>La confidencialidad de su informaci\u00f3n est\u00e1 protegida mediante el cifrado TLS. Las p\u00e1ginas de pago web est\u00e1n protegidas mediante el protocolo Secure Socket Layer (SSL) con cifrado de datos de 128 bits. El cifrado SSL es un procedimiento de codificaci\u00f3n de datos que previene el acceso no autorizado durante la transferencia de datos.<br>Esto permite una transferencia de datos segura y evita el acceso no autorizado a los datos durante la comunicaci\u00f3n entre el usuario y Monri WebPay Payment Gateway y viceversa.<br>La pasarela de pago Monri WebPay y las instituciones financieras intercambian datos mediante su red privada virtual (VPN), que tambi\u00e9n est\u00e1 protegida contra el acceso no autorizado.<br>Monri Payments is PCI DSS Level 1 certified payment service provider.<br>Los n\u00fameros de tarjetas de cr\u00e9dito no son almacenados por el Comerciante y no est\u00e1n disponibles para personal no autorizado.<\/p>\n\n\n\n<h5 class=\"wp-block-heading\"><br>Declaraci\u00f3n de recopilaci\u00f3n y protecci\u00f3n de datos personales<\/h5>\n\n\n\n<p>Nos comprometemos a proteger los datos personales de nuestros clientes recopilando \u00fanicamente la informaci\u00f3n b\u00e1sica esencial sobre nuestros compradores, necesaria para cumplir con nuestras obligaciones. Asimismo, informamos a nuestros clientes sobre c\u00f3mo recopilamos informaci\u00f3n y les ofrecemos peri\u00f3dicamente opciones sobre c\u00f3mo se utilizar\u00e1 su informaci\u00f3n, incluyendo la posibilidad de decidir si su nombre debe incluirse u omitirse en las listas utilizadas para campa\u00f1as de marketing.<br>Toda la informaci\u00f3n del usuario est\u00e1 estrictamente protegida y est\u00e1 disponible s\u00f3lo para los empleados que necesitan esa informaci\u00f3n para completar el trabajo.<br>Todos nuestros empleados y socios comerciales son responsables de seguir los principios de protecci\u00f3n de la confidencialidad.<\/p>","protected":false},"excerpt":{"rendered":"<p>Credit card purchase security statement Confidentiality of your information is protected and secured by using TLS encryption. Pages for web payment are secured by using Secure Socket Layer (SSL) protocol with 128-bit data encryption. SSL encryption is a data coding procedure for prevention of unauthorized access during data transfer.This enables a secure data transfer and &hellip;<\/p>\n<p class=\"read-more\"> <a class=\"\" href=\"https:\/\/www.alivitpharm.com\/es\/privacy-policy\/\"> <span class=\"screen-reader-text\">Pol\u00edtica de privacidad<\/span> Leer m\u00e1s &raquo;<\/a><\/p>","protected":false},"author":9,"featured_media":0,"parent":0,"menu_order":0,"comment_status":"closed","ping_status":"closed","template":"","meta":{"site-sidebar-layout":"default","site-content-layout":"default","ast-global-header-display":"","ast-main-header-display":"","ast-hfb-above-header-display":"","ast-hfb-below-header-display":"","ast-hfb-mobile-header-display":"","site-post-title":"","ast-breadcrumbs-content":"","ast-featured-img":"","footer-sml-layout":"","theme-transparent-header-meta":"","adv-header-id-meta":"","stick-header-meta":"","header-above-stick-meta":"","header-main-stick-meta":"","header-below-stick-meta":"","footnotes":""},"class_list":["post-7880","page","type-page","status-publish","hentry"],"_links":{"self":[{"href":"https:\/\/www.alivitpharm.com\/es\/wp-json\/wp\/v2\/pages\/7880","targetHints":{"allow":["GET"]}}],"collection":[{"href":"https:\/\/www.alivitpharm.com\/es\/wp-json\/wp\/v2\/pages"}],"about":[{"href":"https:\/\/www.alivitpharm.com\/es\/wp-json\/wp\/v2\/types\/page"}],"author":[{"embeddable":true,"href":"https:\/\/www.alivitpharm.com\/es\/wp-json\/wp\/v2\/users\/9"}],"replies":[{"embeddable":true,"href":"https:\/\/www.alivitpharm.com\/es\/wp-json\/wp\/v2\/comments?post=7880"}],"version-history":[{"count":0,"href":"https:\/\/www.alivitpharm.com\/es\/wp-json\/wp\/v2\/pages\/7880\/revisions"}],"wp:attachment":[{"href":"https:\/\/www.alivitpharm.com\/es\/wp-json\/wp\/v2\/media?parent=7880"}],"curies":[{"name":"wp","href":"https:\/\/api.w.org\/{rel}","templated":true}]}}