{"id":8206,"date":"2023-01-30T11:07:28","date_gmt":"2023-01-30T09:07:28","guid":{"rendered":"https:\/\/www.alivitpharm.com\/?page_id=8206"},"modified":"2023-01-30T12:05:10","modified_gmt":"2023-01-30T10:05:10","slug":"milenrama","status":"publish","type":"page","link":"https:\/\/www.alivitpharm.com\/es\/yarrow\/","title":{"rendered":"Milenrama"},"content":{"rendered":"<div data-elementor-type=\"wp-page\" data-elementor-id=\"8206\" class=\"elementor elementor-8206\">\n\t\t\t\t\t\t<section class=\"elementor-section elementor-top-section elementor-element elementor-element-5611358 elementor-section-content-middle elementor-section-boxed elementor-section-height-default elementor-section-height-default\" data-id=\"5611358\" data-element_type=\"section\" data-e-type=\"section\" data-settings=\"{&quot;background_background&quot;:&quot;classic&quot;}\">\n\t\t\t\t\t\t\t<div class=\"elementor-background-overlay\"><\/div>\n\t\t\t\t\t\t\t<div class=\"elementor-container elementor-column-gap-default\">\n\t\t\t\t\t<div class=\"elementor-column elementor-col-100 elementor-top-column elementor-element elementor-element-661c2d3\" data-id=\"661c2d3\" data-element_type=\"column\" data-e-type=\"column\">\n\t\t\t<div class=\"elementor-widget-wrap elementor-element-populated\">\n\t\t\t\t\t\t<div class=\"elementor-element elementor-element-e56401a elementor-widget elementor-widget-heading\" data-id=\"e56401a\" data-element_type=\"widget\" data-e-type=\"widget\" data-widget_type=\"heading.default\">\n\t\t\t\t<div class=\"elementor-widget-container\">\n\t\t\t\t\t<h1 class=\"elementor-heading-title elementor-size-default\">Milenrama<\/h1>\t\t\t\t<\/div>\n\t\t\t\t<\/div>\n\t\t\t\t<div class=\"elementor-element elementor-element-f21896e elementor-widget elementor-widget-image\" data-id=\"f21896e\" data-element_type=\"widget\" data-e-type=\"widget\" data-widget_type=\"image.default\">\n\t\t\t\t<div class=\"elementor-widget-container\">\n\t\t\t\t\t\t\t\t\t\t\t\t\t\t\t<img decoding=\"async\" width=\"75\" height=\"33\" src=\"https:\/\/www.alivitpharm.com\/wp-content\/uploads\/2019\/07\/logo-leaf-new.png\" class=\"attachment-large size-large wp-image-2518\" alt=\"\" \/>\t\t\t\t\t\t\t\t\t\t\t\t\t\t\t<\/div>\n\t\t\t\t<\/div>\n\t\t\t\t<div class=\"elementor-element elementor-element-3f13065 elementor-widget elementor-widget-text-editor\" data-id=\"3f13065\" data-element_type=\"widget\" data-e-type=\"widget\" data-widget_type=\"text-editor.default\">\n\t\t\t\t<div class=\"elementor-widget-container\">\n\t\t\t\t\t\t\t\t\t<p><em>Achillea millefolium L. &#8211; Asteraceae<\/em><\/p>\t\t\t\t\t\t\t\t<\/div>\n\t\t\t\t<\/div>\n\t\t\t\t\t<\/div>\n\t\t<\/div>\n\t\t\t\t\t<\/div>\n\t\t<\/section>\n\t\t\t\t<section class=\"elementor-section elementor-top-section elementor-element elementor-element-e2b8868 elementor-section-boxed elementor-section-height-default elementor-section-height-default\" data-id=\"e2b8868\" data-element_type=\"section\" data-e-type=\"section\" data-settings=\"{&quot;background_background&quot;:&quot;classic&quot;}\">\n\t\t\t\t\t\t<div class=\"elementor-container elementor-column-gap-default\">\n\t\t\t\t\t<div class=\"elementor-column elementor-col-100 elementor-top-column elementor-element elementor-element-e52c24f\" data-id=\"e52c24f\" data-element_type=\"column\" data-e-type=\"column\">\n\t\t\t<div class=\"elementor-widget-wrap elementor-element-populated\">\n\t\t\t\t\t\t<div class=\"elementor-element elementor-element-a167bf4 elementor-widget elementor-widget-image\" data-id=\"a167bf4\" data-element_type=\"widget\" data-e-type=\"widget\" data-widget_type=\"image.default\">\n\t\t\t\t<div class=\"elementor-widget-container\">\n\t\t\t\t\t\t\t\t\t\t\t\t\t\t\t<img decoding=\"async\" src=\"https:\/\/www.alivitpharm.com\/wp-content\/uploads\/2023\/01\/yarrow.jpg\" title=\"yarrow\" alt=\"Milenrama\" loading=\"lazy\" \/>\t\t\t\t\t\t\t\t\t\t\t\t\t\t\t<\/div>\n\t\t\t\t<\/div>\n\t\t\t\t<div class=\"elementor-element elementor-element-b50f6be elementor-widget elementor-widget-text-editor\" data-id=\"b50f6be\" data-element_type=\"widget\" data-e-type=\"widget\" data-widget_type=\"text-editor.default\">\n\t\t\t\t<div class=\"elementor-widget-container\">\n\t\t\t\t\t\t\t\t\t<p><span class=\"jCAhz ChMk0b\"><span class=\"ryNqvb\"><strong>Milenrama<\/strong> es una planta perenne, cuyo tallo es redondo, verdoso, y puede alcanzar hasta 80 cm de altura.<\/span><\/span> <span class=\"jCAhz ChMk0b\"><span class=\"ryNqvb\">Posee muchas hojas alternas con bordes dentados, las hojas inferiores son pecioladas, mientras que las hojas superiores envuelven el tallo.<\/span><\/span> <span class=\"jCAhz ChMk0b\"><span class=\"ryNqvb\">Toda la planta es pilosa y arom\u00e1tica.<\/span><\/span> <span class=\"jCAhz ChMk0b\"><span class=\"ryNqvb\">Las flores se re\u00fanen en una inflorescencia en la parte superior del tallo.<\/span><\/span> <span class=\"jCAhz ChMk0b\"><span class=\"ryNqvb\">Crece en la zona templada del hemisferio norte, al borde de los caminos y en lugares secos.<\/span><\/span><\/p><p><span class=\"jCAhz ChMk0b\"><span class=\"ryNqvb\">La parte medicinal de la planta es la parte a\u00e9rea.<\/span><\/span> <span class=\"jCAhz ChMk0b\"><span class=\"ryNqvb\">Durante el per\u00edodo de floraci\u00f3n, la parte a\u00e9rea contiene aceite esencial, flavonoides, alcaloides, germacran\u00f3lidos, triterpenos, vitamina K, resinas, esteroles, taninos, \u00e1cidos org\u00e1nicos y az\u00facares.<\/span><\/span> <span class=\"jCAhz ChMk0b\"><span class=\"ryNqvb\">El aceite esencial se obtiene por destilaci\u00f3n con vapor, y los principios activos del aceite esencial son: pineno, tujona, alcanfor, cineol, borneol y limoneno.<\/span><\/span><\/p>\t\t\t\t\t\t\t\t<\/div>\n\t\t\t\t<\/div>\n\t\t\t\t<div class=\"elementor-element elementor-element-70ea92c elementor-widget elementor-widget-image\" data-id=\"70ea92c\" data-element_type=\"widget\" data-e-type=\"widget\" data-widget_type=\"image.default\">\n\t\t\t\t<div class=\"elementor-widget-container\">\n\t\t\t\t\t\t\t\t\t\t\t\t\t\t\t<img decoding=\"async\" src=\"https:\/\/www.alivitpharm.com\/wp-content\/uploads\/2022\/09\/leaves.png\" title=\"leaves\" alt=\"Leaves\" loading=\"lazy\" \/>\t\t\t\t\t\t\t\t\t\t\t\t\t\t\t<\/div>\n\t\t\t\t<\/div>\n\t\t\t\t<div class=\"elementor-element elementor-element-b471e6e elementor-widget elementor-widget-text-editor\" data-id=\"b471e6e\" data-element_type=\"widget\" data-e-type=\"widget\" data-widget_type=\"text-editor.default\">\n\t\t\t\t<div class=\"elementor-widget-container\">\n\t\t\t\t\t\t\t\t\t<p><span class=\"jCAhz ChMk0b\"><span class=\"ryNqvb\">La Milenrama es una planta medicinal que posee un muy rico potencial biol\u00f3gico.<\/span><\/span> <span class=\"jCAhz ChMk0b\"><span class=\"ryNqvb\">Muchos estudios han demostrado que ocupa un lugar importante como herramienta auxiliar en el tratamiento de trastornos inflamatorios del tracto gastrointestinal y hepatobiliar (acci\u00f3n antiinflamatoria y hepatoprotectora).<\/span><\/span> <span class=\"jCAhz ChMk0b\"><span class=\"ryNqvb\">La parte a\u00e9rea de la Milenrama se utiliza para tratar afecciones intestinales y estomacales (medio para eliminar gases y mejorar el apetito).<\/span><\/span> <span class=\"jCAhz ChMk0b\"><span class=\"ryNqvb\">Adem\u00e1s, a menudo puede recomendarse como un agente que neutraliza el dolor y los espasmos en el tracto gastrointestinal, ya que favorece la relajaci\u00f3n de los m\u00fasculos lisos del aparato digestivo, y el uso de la Milenrama tambi\u00e9n se recomienda para aliviar el dolor menstrual, as\u00ed como para ciclos menstruales irregulares (la llamada<\/span><\/span> <span class=\"jCAhz ChMk0b\"><span class=\"ryNqvb\">amenorrea \u2013 ausencia de menstruaci\u00f3n) y sangrado excesivo.<\/span><\/span><\/p><p>Asimismo, se recomienda el uso de la Milenrama para personas que padecen diabetes, porque reduce el nivel de glucosa en sangre, as\u00ed como para artritis reumatoide, gota, osteoartritis, trastornos hemorr\u00e1gicos, eccema, psoriasis, y \u00falceras cut\u00e1neas.<\/p>\t\t\t\t\t\t\t\t<\/div>\n\t\t\t\t<\/div>\n\t\t\t\t<div class=\"elementor-element elementor-element-7419496 elementor-widget elementor-widget-heading\" data-id=\"7419496\" data-element_type=\"widget\" data-e-type=\"widget\" data-widget_type=\"heading.default\">\n\t\t\t\t<div class=\"elementor-widget-container\">\n\t\t\t\t\t<h4 class=\"elementor-heading-title elementor-size-default\">Referencias<\/h4>\t\t\t\t<\/div>\n\t\t\t\t<\/div>\n\t\t\t\t<div class=\"elementor-element elementor-element-ec90ae5 elementor-widget elementor-widget-text-editor\" data-id=\"ec90ae5\" data-element_type=\"widget\" data-e-type=\"widget\" data-widget_type=\"text-editor.default\">\n\t\t\t\t<div class=\"elementor-widget-container\">\n\t\t\t\t\t\t\t\t\t<ul><li><a class=\"reference-link\" href=\"https:\/\/pubmed.ncbi.nlm.nih.gov\/17704978\/\" target=\"_blank\" rel=\"noopener\">Achillea millefolium L. s.l. revisited: recent findings confirm the traditional use<\/a><\/li><li><a class=\"reference-link\" href=\"https:\/\/pubmed.ncbi.nlm.nih.gov\/23959026\/\" target=\"_blank\" rel=\"noopener\">Minireview on Achillea millefolium Linn<\/a><\/li><li><a class=\"reference-link\" href=\"https:\/\/pubmed.ncbi.nlm.nih.gov\/19075697\/\" target=\"_blank\" rel=\"noopener\">Biological activities of yarrow species (Achillea spp.)<\/a><\/li><\/ul>\t\t\t\t\t\t\t\t<\/div>\n\t\t\t\t<\/div>\n\t\t\t\t\t<\/div>\n\t\t<\/div>\n\t\t\t\t\t<\/div>\n\t\t<\/section>\n\t\t\t\t<\/div>","protected":false},"excerpt":{"rendered":"<p>Yarrow Achillea millefolium L. &#8211; Asteraceae Yarrow is a perennial plant, whose stem is round, greenish, up to 80 cm tall. It has many leaves that are alternate, with toothed edges, the lower leaves are petioled, and the upper leaves enclose the stem. The whole plant is hairy and fragrant. The flowers are gathered in &hellip;<\/p>\n<p class=\"read-more\"> <a class=\"\" href=\"https:\/\/www.alivitpharm.com\/es\/yarrow\/\"> <span class=\"screen-reader-text\">Milenrama<\/span> Leer m\u00e1s &raquo;<\/a><\/p>","protected":false},"author":9,"featured_media":0,"parent":0,"menu_order":0,"comment_status":"closed","ping_status":"closed","template":"","meta":{"site-sidebar-layout":"no-sidebar","site-content-layout":"page-builder","ast-global-header-display":"","ast-main-header-display":"","ast-hfb-above-header-display":"","ast-hfb-below-header-display":"","ast-hfb-mobile-header-display":"","site-post-title":"disabled","ast-breadcrumbs-content":"","ast-featured-img":"disabled","footer-sml-layout":"","theme-transparent-header-meta":"","adv-header-id-meta":"","stick-header-meta":"","header-above-stick-meta":"","header-main-stick-meta":"","header-below-stick-meta":"","footnotes":""},"class_list":["post-8206","page","type-page","status-publish","hentry"],"_links":{"self":[{"href":"https:\/\/www.alivitpharm.com\/es\/wp-json\/wp\/v2\/pages\/8206","targetHints":{"allow":["GET"]}}],"collection":[{"href":"https:\/\/www.alivitpharm.com\/es\/wp-json\/wp\/v2\/pages"}],"about":[{"href":"https:\/\/www.alivitpharm.com\/es\/wp-json\/wp\/v2\/types\/page"}],"author":[{"embeddable":true,"href":"https:\/\/www.alivitpharm.com\/es\/wp-json\/wp\/v2\/users\/9"}],"replies":[{"embeddable":true,"href":"https:\/\/www.alivitpharm.com\/es\/wp-json\/wp\/v2\/comments?post=8206"}],"version-history":[{"count":0,"href":"https:\/\/www.alivitpharm.com\/es\/wp-json\/wp\/v2\/pages\/8206\/revisions"}],"wp:attachment":[{"href":"https:\/\/www.alivitpharm.com\/es\/wp-json\/wp\/v2\/media?parent=8206"}],"curies":[{"name":"wp","href":"https:\/\/api.w.org\/{rel}","templated":true}]}}