{"id":8519,"date":"2023-02-21T10:19:02","date_gmt":"2023-02-21T08:19:02","guid":{"rendered":"https:\/\/www.alivitpharm.com\/?page_id=8519"},"modified":"2023-02-21T11:16:38","modified_gmt":"2023-02-21T09:16:38","slug":"acido-alfa-lipoico","status":"publish","type":"page","link":"https:\/\/www.alivitpharm.com\/es\/alpha-lipoic-acid\/","title":{"rendered":"\u00c1cido Alfa-Lipoico"},"content":{"rendered":"<div data-elementor-type=\"wp-page\" data-elementor-id=\"8519\" class=\"elementor elementor-8519\">\n\t\t\t\t\t\t<section class=\"elementor-section elementor-top-section elementor-element elementor-element-55eb493 elementor-section-content-middle elementor-section-boxed elementor-section-height-default elementor-section-height-default\" data-id=\"55eb493\" data-element_type=\"section\" data-e-type=\"section\" data-settings=\"{&quot;background_background&quot;:&quot;classic&quot;}\">\n\t\t\t\t\t\t\t<div class=\"elementor-background-overlay\"><\/div>\n\t\t\t\t\t\t\t<div class=\"elementor-container elementor-column-gap-default\">\n\t\t\t\t\t<div class=\"elementor-column elementor-col-100 elementor-top-column elementor-element elementor-element-0e99a3d\" data-id=\"0e99a3d\" data-element_type=\"column\" data-e-type=\"column\">\n\t\t\t<div class=\"elementor-widget-wrap elementor-element-populated\">\n\t\t\t\t\t\t<div class=\"elementor-element elementor-element-25a630f elementor-widget elementor-widget-heading\" data-id=\"25a630f\" data-element_type=\"widget\" data-e-type=\"widget\" data-widget_type=\"heading.default\">\n\t\t\t\t<div class=\"elementor-widget-container\">\n\t\t\t\t\t<h1 class=\"elementor-heading-title elementor-size-default\">\u00c1cido Alfa-Lipoico<\/h1>\t\t\t\t<\/div>\n\t\t\t\t<\/div>\n\t\t\t\t<div class=\"elementor-element elementor-element-ea32578 elementor-widget elementor-widget-image\" data-id=\"ea32578\" data-element_type=\"widget\" data-e-type=\"widget\" data-widget_type=\"image.default\">\n\t\t\t\t<div class=\"elementor-widget-container\">\n\t\t\t\t\t\t\t\t\t\t\t\t\t\t\t<img decoding=\"async\" src=\"https:\/\/www.alivitpharm.com\/wp-content\/uploads\/2022\/10\/pill.png\" title=\"pill\" alt=\"Pill\" loading=\"lazy\" \/>\t\t\t\t\t\t\t\t\t\t\t\t\t\t\t<\/div>\n\t\t\t\t<\/div>\n\t\t\t\t<div class=\"elementor-element elementor-element-5dc68f2 elementor-widget elementor-widget-text-editor\" data-id=\"5dc68f2\" data-element_type=\"widget\" data-e-type=\"widget\" data-widget_type=\"text-editor.default\">\n\t\t\t\t<div class=\"elementor-widget-container\">\n\t\t\t\t\t\t\t\t\t<p><em>\u00c1cido Ti\u00f3ctico<\/em><\/p>\t\t\t\t\t\t\t\t<\/div>\n\t\t\t\t<\/div>\n\t\t\t\t\t<\/div>\n\t\t<\/div>\n\t\t\t\t\t<\/div>\n\t\t<\/section>\n\t\t\t\t<section class=\"elementor-section elementor-top-section elementor-element elementor-element-77db749 elementor-section-boxed elementor-section-height-default elementor-section-height-default\" data-id=\"77db749\" data-element_type=\"section\" data-e-type=\"section\" data-settings=\"{&quot;background_background&quot;:&quot;classic&quot;}\">\n\t\t\t\t\t\t<div class=\"elementor-container elementor-column-gap-default\">\n\t\t\t\t\t<div class=\"elementor-column elementor-col-100 elementor-top-column elementor-element elementor-element-0066087\" data-id=\"0066087\" data-element_type=\"column\" data-e-type=\"column\">\n\t\t\t<div class=\"elementor-widget-wrap elementor-element-populated\">\n\t\t\t\t\t\t<div class=\"elementor-element elementor-element-e741d72 elementor-widget elementor-widget-text-editor\" data-id=\"e741d72\" data-element_type=\"widget\" data-e-type=\"widget\" data-widget_type=\"text-editor.default\">\n\t\t\t\t<div class=\"elementor-widget-container\">\n\t\t\t\t\t\t\t\t\t<p><strong>El \u00e1cido alfa-lipoico<\/strong> es una sustancia que se utiliza como prevenci\u00f3n o como ayuda en el tratamiento de muchas enfermedades cr\u00f3nicas asociadas con el estr\u00e9s oxidativo (como la neuropat\u00eda diab\u00e9tica) y, por lo tanto, ralentiza la aparici\u00f3n del s\u00edndrome metab\u00f3lico, ya que se considera un potente antioxidante.<\/p><p><strong><span class=\"jCAhz ChMk0b\"><span class=\"ryNqvb\">Mecanismo de acci\u00f3n:<\/span><\/span><\/strong>\u00a0<span class=\"jCAhz ChMk0b\"><span class=\"ryNqvb\">Existen dos formas de \u00e1cido alfa-lipoico: \u00e1cido lipoico oxidado y \u00e1cido dihidrolipoico reducido.<\/span><\/span> <span class=\"jCAhz ChMk0b\"><span class=\"ryNqvb\">Ambas formas son capaces de neutralizar los radicales libres, y su importancia radica en que ninguna de las dos puede convertirse en un radical libre.<\/span><\/span> <span class=\"jCAhz ChMk0b\"><span class=\"ryNqvb\">Adem\u00e1s, esta sustancia tiene la capacidad de regenerar otros antioxidantes en nuestro cuerpo, como las vitaminas C y E, y tambi\u00e9n desempe\u00f1a un papel importante en la s\u00edntesis de glutati\u00f3n. <\/span><\/span><span class=\"jCAhz ChMk0b\"><span class=\"ryNqvb\">En la patog\u00e9nesis de las condiciones inflamatorias, el \u00e1cido alfa-lipoico es muy importante porque exhibe un efecto antiinflamatorio al inhibir la s\u00edntesis de factores inflamatorios y la formaci\u00f3n de citocinas inflamatorias.<\/span><\/span> \u00a0<span class=\"jCAhz ChMk0b\"><span class=\"ryNqvb\">El uso de esta sustancia est\u00e1 justificado en el tratamiento de neuropat\u00edas, que son una complicaci\u00f3n de la diabetes tipo I y tipo II.<\/span><\/span> <span class=\"jCAhz ChMk0b\"><span class=\"ryNqvb\">Muchos estudios han concluido que una dosis de 300 mg de \u00e1cido alfa-lipoico durante 3 meses mantiene y mejora la visi\u00f3n en personas con diabetes tipo I y tipo II.<\/span><\/span><\/p><p><span class=\"jCAhz ChMk0b\"><span class=\"ryNqvb\">El \u00e1cido alfa-lipoico est\u00e1 disponible en forma de formas farmac\u00e9uticas orales, as\u00ed como en inyecciones intravenosas.<\/span><\/span><\/p>\t\t\t\t\t\t\t\t<\/div>\n\t\t\t\t<\/div>\n\t\t\t\t<div class=\"elementor-element elementor-element-0019cec elementor-widget elementor-widget-image\" data-id=\"0019cec\" data-element_type=\"widget\" data-e-type=\"widget\" data-widget_type=\"image.default\">\n\t\t\t\t<div class=\"elementor-widget-container\">\n\t\t\t\t\t\t\t\t\t\t\t\t\t\t\t<img decoding=\"async\" src=\"https:\/\/www.alivitpharm.com\/wp-content\/uploads\/2022\/09\/leaves.png\" title=\"leaves\" alt=\"Leaves\" loading=\"lazy\" \/>\t\t\t\t\t\t\t\t\t\t\t\t\t\t\t<\/div>\n\t\t\t\t<\/div>\n\t\t\t\t<div class=\"elementor-element elementor-element-f2546df elementor-widget elementor-widget-text-editor\" data-id=\"f2546df\" data-element_type=\"widget\" data-e-type=\"widget\" data-widget_type=\"text-editor.default\">\n\t\t\t\t<div class=\"elementor-widget-container\">\n\t\t\t\t\t\t\t\t\t<p><span class=\"jCAhz ChMk0b\"><span class=\"ryNqvb\">La enfermedad de Alzheimer es un trastorno neurodegenerativo caracterizado por una disminuci\u00f3n de las funciones cognitivas relacionadas con la orientaci\u00f3n y la memoria, as\u00ed como por alteraciones de las funciones motoras.<\/span><\/span> <span class=\"jCAhz ChMk0b\"><span class=\"ryNqvb\">Esta patolog\u00eda es el resultado de la acumulaci\u00f3n anormal del p\u00e9ptido beta-amiloide.<\/span><\/span> <span class=\"jCAhz ChMk0b\"><span class=\"ryNqvb\">La disfunci\u00f3n mitocondrial juega un papel clave en la patog\u00e9nesis de la enfermedad de Alzheimer.<\/span><\/span> <span class=\"jCAhz ChMk0b\"><span class=\"ryNqvb\">Por ello, el \u00e1cido alfa-lipoico es un compuesto que ha sido ampliamente estudiado y se utiliza como complemento en el tratamiento de muchas enfermedades neurodegenerativas, incluida la enfermedad de Alzheimer, debido a su potencial antioxidante, antiinflamatorio y neuroprotector.<\/span><\/span><\/p><p><span class=\"jCAhz ChMk0b\"><span class=\"ryNqvb\">En cuanto al perfil farmacocin\u00e9tico, el \u00e1cido alfa-lipoico se absorbe r\u00e1pidamente, tiene baja biodisponibilidad, atraviesa la barrera hematoencef\u00e1lica y se metaboliza en el h\u00edgado.<\/span><\/span> <span class=\"jCAhz ChMk0b\"><span class=\"ryNqvb\">Es muy raro que esta sustancia interact\u00fae con otros suplementos o f\u00e1rmacos (hasta ahora no se han probado interacciones cl\u00ednicamente), por lo que el uso del \u00e1cido alfa-lipoico se considera seguro junto con la farmacoterapia.<\/span><\/span> <span class=\"jCAhz ChMk0b\"><span class=\"ryNqvb\">El \u00e1cido alfa-lipoico se considera un suplemento seguro, sin efectos secundarios pronunciados.<\/span><\/span> <span class=\"jCAhz ChMk0b\"><span class=\"ryNqvb\">Existe muy poca informaci\u00f3n sobre su uso en poblaci\u00f3n pedi\u00e1trica, durante el embarazo y la lactancia, por lo que se recomienda consultar al m\u00e9dico o farmac\u00e9utico antes de su uso.<\/span><\/span><\/p>\t\t\t\t\t\t\t\t<\/div>\n\t\t\t\t<\/div>\n\t\t\t\t<div class=\"elementor-element elementor-element-96c5a0c elementor-widget elementor-widget-heading\" data-id=\"96c5a0c\" data-element_type=\"widget\" data-e-type=\"widget\" data-widget_type=\"heading.default\">\n\t\t\t\t<div class=\"elementor-widget-container\">\n\t\t\t\t\t<h4 class=\"elementor-heading-title elementor-size-default\">Referencias<\/h4>\t\t\t\t<\/div>\n\t\t\t\t<\/div>\n\t\t\t\t<div class=\"elementor-element elementor-element-b4afd7a elementor-widget elementor-widget-text-editor\" data-id=\"b4afd7a\" data-element_type=\"widget\" data-e-type=\"widget\" data-widget_type=\"text-editor.default\">\n\t\t\t\t<div class=\"elementor-widget-container\">\n\t\t\t\t\t\t\t\t\t<ul><li><a class=\"reference-link\" href=\"https:\/\/pubmed.ncbi.nlm.nih.gov\/31885820\/\" target=\"_blank\" rel=\"noopener\">Mitochondrial Dysfunction and Alpha-Lipoic Acid: Beneficial or Harmful in Alzheimer&#8217;s Disease?<\/a><\/li><li><a class=\"reference-link\" href=\"https:\/\/pubmed.ncbi.nlm.nih.gov\/34450170\/\" target=\"_blank\" rel=\"noopener\">Decrypting the potential role of \u03b1-lipoic acid in Alzheimer&#8217;s disease<\/a><\/li><li><a class=\"reference-link\" href=\"https:\/\/pubmed.ncbi.nlm.nih.gov\/33401674\/\" target=\"_blank\" rel=\"noopener\">Natural Molecules and Neuroprotection: Kynurenic Acid, Pantethine and \u03b1-Lipoic Acid<\/a><\/li><li><a class=\"reference-link\" href=\"https:\/\/pubmed.ncbi.nlm.nih.gov\/35445914\/\" target=\"_blank\" rel=\"noopener\">\u03b1-Lipoic Acid, an Organosulfur Biomolecule a Novel Therapeutic Agent for Neurodegenerative Disorders: An Mechanistic Perspective<\/a><\/li><\/ul>\t\t\t\t\t\t\t\t<\/div>\n\t\t\t\t<\/div>\n\t\t\t\t\t<\/div>\n\t\t<\/div>\n\t\t\t\t\t<\/div>\n\t\t<\/section>\n\t\t\t\t<\/div>","protected":false},"excerpt":{"rendered":"<p>Alpha-Lipoic Acid Thioctic Acid Alpha-lipoic acid is a substance that is used as a prevention or aid in the treatment of many chronic diseases that are associated with oxidative stress (such as diabetic neuropathy) and thus slows down the onset of metabolic syndrome, because it is considered a strong antioxidant. Action mechanism:\u00a0There are two forms &hellip;<\/p>\n<p class=\"read-more\"> <a class=\"\" href=\"https:\/\/www.alivitpharm.com\/es\/alpha-lipoic-acid\/\"> <span class=\"screen-reader-text\">\u00c1cido Alfa-Lipoico<\/span> Leer m\u00e1s &raquo;<\/a><\/p>","protected":false},"author":9,"featured_media":0,"parent":0,"menu_order":0,"comment_status":"closed","ping_status":"closed","template":"","meta":{"site-sidebar-layout":"no-sidebar","site-content-layout":"page-builder","ast-global-header-display":"","ast-main-header-display":"","ast-hfb-above-header-display":"","ast-hfb-below-header-display":"","ast-hfb-mobile-header-display":"","site-post-title":"disabled","ast-breadcrumbs-content":"","ast-featured-img":"disabled","footer-sml-layout":"","theme-transparent-header-meta":"","adv-header-id-meta":"","stick-header-meta":"","header-above-stick-meta":"","header-main-stick-meta":"","header-below-stick-meta":"","footnotes":""},"class_list":["post-8519","page","type-page","status-publish","hentry"],"_links":{"self":[{"href":"https:\/\/www.alivitpharm.com\/es\/wp-json\/wp\/v2\/pages\/8519","targetHints":{"allow":["GET"]}}],"collection":[{"href":"https:\/\/www.alivitpharm.com\/es\/wp-json\/wp\/v2\/pages"}],"about":[{"href":"https:\/\/www.alivitpharm.com\/es\/wp-json\/wp\/v2\/types\/page"}],"author":[{"embeddable":true,"href":"https:\/\/www.alivitpharm.com\/es\/wp-json\/wp\/v2\/users\/9"}],"replies":[{"embeddable":true,"href":"https:\/\/www.alivitpharm.com\/es\/wp-json\/wp\/v2\/comments?post=8519"}],"version-history":[{"count":0,"href":"https:\/\/www.alivitpharm.com\/es\/wp-json\/wp\/v2\/pages\/8519\/revisions"}],"wp:attachment":[{"href":"https:\/\/www.alivitpharm.com\/es\/wp-json\/wp\/v2\/media?parent=8519"}],"curies":[{"name":"wp","href":"https:\/\/api.w.org\/{rel}","templated":true}]}}