{"id":9049,"date":"2023-05-03T14:14:14","date_gmt":"2023-05-03T12:14:14","guid":{"rendered":"https:\/\/www.alivitpharm.com\/?page_id=9049"},"modified":"2023-05-04T08:32:14","modified_gmt":"2023-05-04T06:32:14","slug":"ortiga","status":"publish","type":"page","link":"https:\/\/www.alivitpharm.com\/es\/nettle\/","title":{"rendered":"Ortiga"},"content":{"rendered":"<div data-elementor-type=\"wp-page\" data-elementor-id=\"9049\" class=\"elementor elementor-9049\">\n\t\t\t\t\t\t<section class=\"elementor-section elementor-top-section elementor-element elementor-element-f45c3fe elementor-section-content-middle elementor-section-boxed elementor-section-height-default elementor-section-height-default\" data-id=\"f45c3fe\" data-element_type=\"section\" data-e-type=\"section\" data-settings=\"{&quot;background_background&quot;:&quot;classic&quot;}\">\n\t\t\t\t\t\t\t<div class=\"elementor-background-overlay\"><\/div>\n\t\t\t\t\t\t\t<div class=\"elementor-container elementor-column-gap-default\">\n\t\t\t\t\t<div class=\"elementor-column elementor-col-100 elementor-top-column elementor-element elementor-element-32e93a7\" data-id=\"32e93a7\" data-element_type=\"column\" data-e-type=\"column\">\n\t\t\t<div class=\"elementor-widget-wrap elementor-element-populated\">\n\t\t\t\t\t\t<div class=\"elementor-element elementor-element-7e0c237 elementor-widget elementor-widget-heading\" data-id=\"7e0c237\" data-element_type=\"widget\" data-e-type=\"widget\" data-widget_type=\"heading.default\">\n\t\t\t\t<div class=\"elementor-widget-container\">\n\t\t\t\t\t<h1 class=\"elementor-heading-title elementor-size-default\">Ortiga<\/h1>\t\t\t\t<\/div>\n\t\t\t\t<\/div>\n\t\t\t\t<div class=\"elementor-element elementor-element-295dd0c elementor-widget elementor-widget-image\" data-id=\"295dd0c\" data-element_type=\"widget\" data-e-type=\"widget\" data-widget_type=\"image.default\">\n\t\t\t\t<div class=\"elementor-widget-container\">\n\t\t\t\t\t\t\t\t\t\t\t\t\t\t\t<img decoding=\"async\" width=\"75\" height=\"33\" src=\"https:\/\/www.alivitpharm.com\/wp-content\/uploads\/2019\/07\/logo-leaf-new.png\" class=\"attachment-large size-large wp-image-2518\" alt=\"\" \/>\t\t\t\t\t\t\t\t\t\t\t\t\t\t\t<\/div>\n\t\t\t\t<\/div>\n\t\t\t\t<div class=\"elementor-element elementor-element-4eaace3 elementor-widget elementor-widget-text-editor\" data-id=\"4eaace3\" data-element_type=\"widget\" data-e-type=\"widget\" data-widget_type=\"text-editor.default\">\n\t\t\t\t<div class=\"elementor-widget-container\">\n\t\t\t\t\t\t\t\t\t<p><em>Urtica dioica L. &#8211; Urticaceae<\/em><\/p>\t\t\t\t\t\t\t\t<\/div>\n\t\t\t\t<\/div>\n\t\t\t\t\t<\/div>\n\t\t<\/div>\n\t\t\t\t\t<\/div>\n\t\t<\/section>\n\t\t\t\t<section class=\"elementor-section elementor-top-section elementor-element elementor-element-b1420ef elementor-section-boxed elementor-section-height-default elementor-section-height-default\" data-id=\"b1420ef\" data-element_type=\"section\" data-e-type=\"section\" data-settings=\"{&quot;background_background&quot;:&quot;classic&quot;}\">\n\t\t\t\t\t\t<div class=\"elementor-container elementor-column-gap-default\">\n\t\t\t\t\t<div class=\"elementor-column elementor-col-100 elementor-top-column elementor-element elementor-element-fc7a4fc\" data-id=\"fc7a4fc\" data-element_type=\"column\" data-e-type=\"column\">\n\t\t\t<div class=\"elementor-widget-wrap elementor-element-populated\">\n\t\t\t\t\t\t<div class=\"elementor-element elementor-element-0a08528 elementor-widget elementor-widget-image\" data-id=\"0a08528\" data-element_type=\"widget\" data-e-type=\"widget\" data-widget_type=\"image.default\">\n\t\t\t\t<div class=\"elementor-widget-container\">\n\t\t\t\t\t\t\t\t\t\t\t\t\t\t\t<img decoding=\"async\" src=\"https:\/\/www.alivitpharm.com\/wp-content\/uploads\/2023\/05\/nettle.png\" title=\"nettle\" alt=\"Ortiga\" loading=\"lazy\" \/>\t\t\t\t\t\t\t\t\t\t\t\t\t\t\t<\/div>\n\t\t\t\t<\/div>\n\t\t\t\t<div class=\"elementor-element elementor-element-8a79aef elementor-widget elementor-widget-text-editor\" data-id=\"8a79aef\" data-element_type=\"widget\" data-e-type=\"widget\" data-widget_type=\"text-editor.default\">\n\t\t\t\t<div class=\"elementor-widget-container\">\n\t\t\t\t\t\t\t\t\t<p><span class=\"jCAhz ChMk0b\"><span class=\"ryNqvb\"><strong>Ortiga<\/strong> es una planta herb\u00e1cea y perenne que pertenece a la <em>Urticaceae<\/em> familia.<\/span><\/span> <span class=\"jCAhz ChMk0b\"><span class=\"ryNqvb\">El tallo es erguido y cuadrangular, las hojas est\u00e1n sobre pec\u00edolos, son opuestas y de forma ovado-lanceolada.<\/span><\/span> <span class=\"jCAhz ChMk0b\"><span class=\"ryNqvb\">Tanto los tallos como las hojas est\u00e1n cubiertos de pelos.<\/span><\/span> <span class=\"jCAhz ChMk0b\"><span class=\"ryNqvb\">Las flores son verdosas, agrupadas en inflorescencias, y el fruto es una nuez.<\/span><\/span> <span class=\"jCAhz ChMk0b\"><span class=\"ryNqvb\">Esta especie cosmopolita crece alrededor de las casas, a lo largo de los caminos y en h\u00e1bitats ricos en nitritos. <\/span><\/span><span class=\"jCAhz ChMk0b\"><span class=\"ryNqvb\">Est\u00e1 presente en muchos pa\u00edses del sur de Asia, en el subcontinente indio, y ha sido utilizada durante mucho tiempo como planta medicinal en la medicina tradicional.<\/span><\/span><\/p><p><span class=\"jCAhz ChMk0b\"><span class=\"ryNqvb\">Las partes medicinales de la planta son las semillas, las hojas y las ra\u00edces.<\/span><\/span> <span class=\"jCAhz ChMk0b\"><span class=\"ryNqvb\">En nuestra preparaci\u00f3n se utiliz\u00f3 un extracto de una mezcla de hojas y ra\u00edces de ortiga.<\/span><\/span> <span class=\"jCAhz ChMk0b\"><span class=\"ryNqvb\">La ortiga se utiliza como ayuda en el tratamiento de diversas enfermedades, tales como nefritis, hematuria, ictericia, artritis y reumatismo.<\/span><\/span> <span class=\"jCAhz ChMk0b\"><span class=\"ryNqvb\">La hoja de ortiga contiene \u00e1cidos org\u00e1nicos (f\u00f3rmico y ox\u00e1lico), amines libres (acetilcolina, beta\u00edna, colina, histamina, serotonina), flavonoides, carotenoides, taninos y cumarinas, mientras que la ra\u00edz de ortiga contiene polisac\u00e1ridos, lectinas, cumarinas y triterpenos.<\/span><\/span>\u00a0<span class=\"jCAhz ChMk0b\"><span class=\"ryNqvb\">Adem\u00e1s, la ortiga es rica en hierro y vitamina C.<\/span><\/span><\/p>\t\t\t\t\t\t\t\t<\/div>\n\t\t\t\t<\/div>\n\t\t\t\t<div class=\"elementor-element elementor-element-10bc6f2 elementor-widget elementor-widget-image\" data-id=\"10bc6f2\" data-element_type=\"widget\" data-e-type=\"widget\" data-widget_type=\"image.default\">\n\t\t\t\t<div class=\"elementor-widget-container\">\n\t\t\t\t\t\t\t\t\t\t\t\t\t\t\t<img decoding=\"async\" src=\"https:\/\/www.alivitpharm.com\/wp-content\/uploads\/2022\/09\/leaves.png\" title=\"leaves\" alt=\"Leaves\" loading=\"lazy\" \/>\t\t\t\t\t\t\t\t\t\t\t\t\t\t\t<\/div>\n\t\t\t\t<\/div>\n\t\t\t\t<div class=\"elementor-element elementor-element-39d2f54 elementor-widget elementor-widget-text-editor\" data-id=\"39d2f54\" data-element_type=\"widget\" data-e-type=\"widget\" data-widget_type=\"text-editor.default\">\n\t\t\t\t<div class=\"elementor-widget-container\">\n\t\t\t\t\t\t\t\t\t<p>Debido a la gran cantidad de compuestos biol\u00f3gicamente activos, la ortiga posee diversas actividades farmacol\u00f3gicas, tales como antibacteriana, antioxidante, analg\u00e9sica, antiinflamatoria, antiviral, inmunomoduladora, hepatoprotectora, anticancer\u00edgena y antial\u00e9rgica. Los extractos de hojas y ra\u00edces de ortiga han sido objeto de numerosos estudios, por lo que sus actividades farmacol\u00f3gicas se conocen desde hace mucho tiempo.\n\nMediante investigaciones, se ha demostrado que la ortiga se utiliza tradicionalmente en el control de enfermedades cardiovasculares, especialmente la hipertensi\u00f3n. Tambi\u00e9n se ha comprobado que el extracto de hoja de ortiga tiene un efecto beneficioso sobre los niveles de glucosa en sangre, as\u00ed como que se utiliza como medicamento antiinflamatorio en el tratamiento de la artritis reumatoide.\n\nUn hecho muy importante es que el extracto de esta planta mostr\u00f3 un efecto significativo en el tratamiento del c\u00e1ncer de mama, especialmente en pacientes que recib\u00edan terapia con paclitaxel, ya que la ortiga aument\u00f3 la sensibilidad de las c\u00e9lulas cancer\u00edgenas al f\u00e1rmaco paclitaxel. <span class=\"jCAhz ChMk0b\"><span class=\"ryNqvb\">La ortiga puede recomendarse para sangrado menstrual abundante, para sangrado por hemorroides, como diur\u00e9tico (ya que aumenta la expulsi\u00f3n de l\u00edquidos del cuerpo, por lo que tambi\u00e9n puede recomendarse para infecciones urinarias de diversos tipos) y tambi\u00e9n se ha utilizado como ayuda en el tratamiento del adenoma prost\u00e1tico benigno o maligno<\/span><\/span> <span class=\"jCAhz ChMk0b\"><span class=\"ryNqvb\">.<\/span><\/span><\/p>\t\t\t\t\t\t\t\t<\/div>\n\t\t\t\t<\/div>\n\t\t\t\t<div class=\"elementor-element elementor-element-98ec0d6 elementor-widget elementor-widget-heading\" data-id=\"98ec0d6\" data-element_type=\"widget\" data-e-type=\"widget\" data-widget_type=\"heading.default\">\n\t\t\t\t<div class=\"elementor-widget-container\">\n\t\t\t\t\t<h4 class=\"elementor-heading-title elementor-size-default\">Referencias<\/h4>\t\t\t\t<\/div>\n\t\t\t\t<\/div>\n\t\t\t\t<div class=\"elementor-element elementor-element-93dfb46 elementor-widget elementor-widget-text-editor\" data-id=\"93dfb46\" data-element_type=\"widget\" data-e-type=\"widget\" data-widget_type=\"text-editor.default\">\n\t\t\t\t<div class=\"elementor-widget-container\">\n\t\t\t\t\t\t\t\t\t<ul><li><a class=\"reference-link\" href=\"https:\/\/pubmed.ncbi.nlm.nih.gov\/32981268\/\" target=\"_blank\" rel=\"noopener\">Urtica Dioica Root Extract on Clinical and Biochemical Parameters in Patients with Benign Prostatic Hyperplasia, Randomized Controlled Trial<\/a><\/li><li><a class=\"reference-link\" href=\"http:\/\/www.greenpharmacy.info\/index.php\/ijgp\/article\/view\/414\" target=\"_blank\" rel=\"noopener\">PHARMACOGNOSTICAL REVIEW OF URTICA DIOICA L.<\/a><\/li><li><a class=\"reference-link\" href=\"https:\/\/www.sciencedirect.com\/science\/article\/abs\/pii\/S0079610719300987\" target=\"_blank\" rel=\"noopener\">Screening of pharmacological uses of Urtica dioica and others benefits<\/a><\/li><li><a class=\"reference-link\" href=\"https:\/\/www.scirp.org\/html\/4-8801106_22709.htm\" target=\"_blank\" rel=\"noopener\">Pharmacognostic Evaluation and Antioxidant Activity of Urtica dioica L.<\/a><\/li><\/ul>\t\t\t\t\t\t\t\t<\/div>\n\t\t\t\t<\/div>\n\t\t\t\t\t<\/div>\n\t\t<\/div>\n\t\t\t\t\t<\/div>\n\t\t<\/section>\n\t\t\t\t<\/div>","protected":false},"excerpt":{"rendered":"<p>Nettle Urtica dioica L. &#8211; Urticaceae Nettle is a herbaceous, perennial plant that belongs to the Urticaceae family. The tree is upright and square, the leaves are on petioles, opposite, ovate-lanceolate. Stems and leaves are covered with hairs. The flowers are greenish, collected in inflorescences, and the fruit is a nut. The cosmopolitan species grows &hellip;<\/p>\n<p class=\"read-more\"> <a class=\"\" href=\"https:\/\/www.alivitpharm.com\/es\/nettle\/\"> <span class=\"screen-reader-text\">Ortiga<\/span> Leer m\u00e1s &raquo;<\/a><\/p>","protected":false},"author":9,"featured_media":0,"parent":0,"menu_order":0,"comment_status":"closed","ping_status":"closed","template":"","meta":{"site-sidebar-layout":"no-sidebar","site-content-layout":"page-builder","ast-global-header-display":"","ast-main-header-display":"","ast-hfb-above-header-display":"","ast-hfb-below-header-display":"","ast-hfb-mobile-header-display":"","site-post-title":"disabled","ast-breadcrumbs-content":"","ast-featured-img":"disabled","footer-sml-layout":"","theme-transparent-header-meta":"","adv-header-id-meta":"","stick-header-meta":"","header-above-stick-meta":"","header-main-stick-meta":"","header-below-stick-meta":"","footnotes":""},"class_list":["post-9049","page","type-page","status-publish","hentry"],"_links":{"self":[{"href":"https:\/\/www.alivitpharm.com\/es\/wp-json\/wp\/v2\/pages\/9049","targetHints":{"allow":["GET"]}}],"collection":[{"href":"https:\/\/www.alivitpharm.com\/es\/wp-json\/wp\/v2\/pages"}],"about":[{"href":"https:\/\/www.alivitpharm.com\/es\/wp-json\/wp\/v2\/types\/page"}],"author":[{"embeddable":true,"href":"https:\/\/www.alivitpharm.com\/es\/wp-json\/wp\/v2\/users\/9"}],"replies":[{"embeddable":true,"href":"https:\/\/www.alivitpharm.com\/es\/wp-json\/wp\/v2\/comments?post=9049"}],"version-history":[{"count":0,"href":"https:\/\/www.alivitpharm.com\/es\/wp-json\/wp\/v2\/pages\/9049\/revisions"}],"wp:attachment":[{"href":"https:\/\/www.alivitpharm.com\/es\/wp-json\/wp\/v2\/media?parent=9049"}],"curies":[{"name":"wp","href":"https:\/\/api.w.org\/{rel}","templated":true}]}}