{"id":9934,"date":"2023-12-22T10:00:30","date_gmt":"2023-12-22T08:00:30","guid":{"rendered":"https:\/\/www.alivitpharm.com\/?page_id=9934"},"modified":"2023-12-22T11:52:11","modified_gmt":"2023-12-22T09:52:11","slug":"oregano","status":"publish","type":"page","link":"https:\/\/www.alivitpharm.com\/es\/oregano\/","title":{"rendered":"Or\u00e9gano"},"content":{"rendered":"<div data-elementor-type=\"wp-page\" data-elementor-id=\"9934\" class=\"elementor elementor-9934\">\n\t\t\t\t\t\t<section class=\"elementor-section elementor-top-section elementor-element elementor-element-1d79609 elementor-section-content-middle elementor-section-boxed elementor-section-height-default elementor-section-height-default\" data-id=\"1d79609\" data-element_type=\"section\" data-e-type=\"section\" data-settings=\"{&quot;background_background&quot;:&quot;classic&quot;}\">\n\t\t\t\t\t\t\t<div class=\"elementor-background-overlay\"><\/div>\n\t\t\t\t\t\t\t<div class=\"elementor-container elementor-column-gap-default\">\n\t\t\t\t\t<div class=\"elementor-column elementor-col-100 elementor-top-column elementor-element elementor-element-51555a7\" data-id=\"51555a7\" data-element_type=\"column\" data-e-type=\"column\">\n\t\t\t<div class=\"elementor-widget-wrap elementor-element-populated\">\n\t\t\t\t\t\t<div class=\"elementor-element elementor-element-5f833c2 elementor-widget elementor-widget-heading\" data-id=\"5f833c2\" data-element_type=\"widget\" data-e-type=\"widget\" data-widget_type=\"heading.default\">\n\t\t\t\t<div class=\"elementor-widget-container\">\n\t\t\t\t\t<h1 class=\"elementor-heading-title elementor-size-default\">Or\u00e9gano<\/h1>\t\t\t\t<\/div>\n\t\t\t\t<\/div>\n\t\t\t\t<div class=\"elementor-element elementor-element-79b864e elementor-widget elementor-widget-image\" data-id=\"79b864e\" data-element_type=\"widget\" data-e-type=\"widget\" data-widget_type=\"image.default\">\n\t\t\t\t<div class=\"elementor-widget-container\">\n\t\t\t\t\t\t\t\t\t\t\t\t\t\t\t<img decoding=\"async\" width=\"75\" height=\"33\" src=\"https:\/\/www.alivitpharm.com\/wp-content\/uploads\/2019\/07\/logo-leaf-new.png\" class=\"attachment-large size-large wp-image-2518\" alt=\"\" \/>\t\t\t\t\t\t\t\t\t\t\t\t\t\t\t<\/div>\n\t\t\t\t<\/div>\n\t\t\t\t<div class=\"elementor-element elementor-element-466850c elementor-widget elementor-widget-text-editor\" data-id=\"466850c\" data-element_type=\"widget\" data-e-type=\"widget\" data-widget_type=\"text-editor.default\">\n\t\t\t\t<div class=\"elementor-widget-container\">\n\t\t\t\t\t\t\t\t\t<p><em>Origanum vulgare L. &#8211; Lamiaceae<\/em><\/p>\t\t\t\t\t\t\t\t<\/div>\n\t\t\t\t<\/div>\n\t\t\t\t\t<\/div>\n\t\t<\/div>\n\t\t\t\t\t<\/div>\n\t\t<\/section>\n\t\t\t\t<section class=\"elementor-section elementor-top-section elementor-element elementor-element-42e8fec elementor-section-boxed elementor-section-height-default elementor-section-height-default\" data-id=\"42e8fec\" data-element_type=\"section\" data-e-type=\"section\" data-settings=\"{&quot;background_background&quot;:&quot;classic&quot;}\">\n\t\t\t\t\t\t<div class=\"elementor-container elementor-column-gap-default\">\n\t\t\t\t\t<div class=\"elementor-column elementor-col-100 elementor-top-column elementor-element elementor-element-8383d77\" data-id=\"8383d77\" data-element_type=\"column\" data-e-type=\"column\">\n\t\t\t<div class=\"elementor-widget-wrap elementor-element-populated\">\n\t\t\t\t\t\t<div class=\"elementor-element elementor-element-8102028 elementor-widget elementor-widget-image\" data-id=\"8102028\" data-element_type=\"widget\" data-e-type=\"widget\" data-widget_type=\"image.default\">\n\t\t\t\t<div class=\"elementor-widget-container\">\n\t\t\t\t\t\t\t\t\t\t\t\t\t\t\t<img decoding=\"async\" src=\"https:\/\/www.alivitpharm.com\/wp-content\/uploads\/2023\/12\/oregano.png\" title=\"oregano\" alt=\"Or\u00e9gano\" loading=\"lazy\" \/>\t\t\t\t\t\t\t\t\t\t\t\t\t\t\t<\/div>\n\t\t\t\t<\/div>\n\t\t\t\t<div class=\"elementor-element elementor-element-5ce9c8b elementor-widget elementor-widget-text-editor\" data-id=\"5ce9c8b\" data-element_type=\"widget\" data-e-type=\"widget\" data-widget_type=\"text-editor.default\">\n\t\t\t\t<div class=\"elementor-widget-container\">\n\t\t\t\t\t\t\t\t\t<p><span class=\"JLqJ4b ChMk0b\"><span class=\"Q4iAWc\"><strong>Or\u00e9gano<\/strong> <span class=\"jCAhz ChMk0b\"><span class=\"ryNqvb\">es una planta perenne y arbustiva.<\/span><\/span> <span class=\"jCAhz ChMk0b\"><span class=\"ryNqvb\">Se utiliza ampliamente como especia en la cocina, pero debido a sus numerosos efectos beneficiosos tambi\u00e9n ha encontrado una amplia aplicaci\u00f3n en la medicina.<\/span><\/span> <span class=\"jCAhz ChMk0b\"><span class=\"ryNqvb\">Crece en las regiones monta\u00f1osas del sur de Turqu\u00eda.<\/span><\/span> <span class=\"jCAhz ChMk0b\"><span class=\"ryNqvb\">Tiene un olor muy caracter\u00edstico y un sabor amargo, y como parte medicinal de la planta se utiliza la parte a\u00e9rea seca o el aceite esencial.<\/span><\/span> <span class=\"jCAhz ChMk0b\"><span class=\"ryNqvb\">El or\u00e9gano contiene entre un 0,5 y un 1,2 % de aceite esencial, que incluye los siguientes principios activos: carvacrol, gamma-terpineno, p-cimeno, alfa-pineno, mirceno, timol, estragol, alfa-terpineno, eugenol\u2026\nAdem\u00e1s del aceite esencial, el or\u00e9gano tambi\u00e9n es rico en flavonoides, \u00e1cido rosmar\u00ednico, \u00e9steres fen\u00f3licos y taninos.<\/span><\/span><\/span><\/span><\/p><p><span class=\"jCAhz ChMk0b\"><span class=\"ryNqvb\">La EMA (Agencia Europea de Medicamentos) prescribe dos indicaciones oficiales en las que puede utilizarse el or\u00e9gano, a saber:<br \/><\/span><\/span><span class=\"jCAhz ChMk0b\"><span class=\"ryNqvb\"><strong>1.<\/strong> El or\u00e9gano se utiliza como un remedio herbal tradicional para el alivio sintom\u00e1tico de los espasmos leves y la flatulencia del tracto gastrointestinal, ya que presenta una acci\u00f3n espasmol\u00edtica (relaja la musculatura lisa del aparato digestivo).<br \/><\/span><\/span><span class=\"jCAhz ChMk0b\"><span class=\"ryNqvb\"><strong>2.<\/strong> El or\u00e9gano se utiliza como un medicamento herbal tradicional para aliviar los s\u00edntomas desagradables de la piel irritada y da\u00f1ada alrededor de las fosas nasales.<\/span><\/span><\/p>\t\t\t\t\t\t\t\t<\/div>\n\t\t\t\t<\/div>\n\t\t\t\t<div class=\"elementor-element elementor-element-20b67df elementor-widget elementor-widget-image\" data-id=\"20b67df\" data-element_type=\"widget\" data-e-type=\"widget\" data-widget_type=\"image.default\">\n\t\t\t\t<div class=\"elementor-widget-container\">\n\t\t\t\t\t\t\t\t\t\t\t\t\t\t\t<img decoding=\"async\" src=\"https:\/\/www.alivitpharm.com\/wp-content\/uploads\/2022\/09\/leaves.png\" title=\"leaves\" alt=\"Leaves\" loading=\"lazy\" \/>\t\t\t\t\t\t\t\t\t\t\t\t\t\t\t<\/div>\n\t\t\t\t<\/div>\n\t\t\t\t<div class=\"elementor-element elementor-element-a40899b elementor-widget elementor-widget-text-editor\" data-id=\"a40899b\" data-element_type=\"widget\" data-e-type=\"widget\" data-widget_type=\"text-editor.default\">\n\t\t\t\t<div class=\"elementor-widget-container\">\n\t\t\t\t\t\t\t\t\t<p><span class=\"jCAhz ChMk0b\"><span class=\"ryNqvb\">Por lo tanto, el or\u00e9gano puede utilizarse como un remedio herbal tradicional para el tratamiento de la tos (expectorante, facilita la expulsi\u00f3n de las secreciones) y como un medio para reducir la inflamaci\u00f3n de la mucosa bronquial.<\/span><\/span> <span class=\"jCAhz ChMk0b\"><span class=\"ryNqvb\">Sin embargo, numerosos estudios han confirmado sus efectos antimicrobianos (antif\u00fangicos y antibacterianos), antiinflamatorios, antioxidantes, hipoglucemiantes y antimutag\u00e9nicos.<\/span><\/span> <span class=\"jCAhz ChMk0b\"><span class=\"ryNqvb\">Un estudio demostr\u00f3 que el or\u00e9gano presenta un efecto sin\u00e9rgico con los antimic\u00f3ticos (medicamentos contra los hongos), como la nistatina y el fluconazol, contribuyendo as\u00ed a una alta eficacia terap\u00e9utica en el tratamiento de infecciones f\u00fangicas causadas por <em>Candida spp<\/em>.<\/span><\/span><\/p><p><span class=\"jCAhz ChMk0b\"><span class=\"ryNqvb\">Existen declaraciones sobre el or\u00e9gano que actualmente se encuentran en estado de \u201con-hold\u201d y que han sido aprobadas por la EFSA (Autoridad Europea de Seguridad Alimentaria), las cuales indican que esta planta contribuye a la salud de los sistemas inmunitario, cardiovascular y respiratorio, favorece la salud del h\u00edgado y la ves\u00edcula biliar, ayuda a la digesti\u00f3n y tambi\u00e9n estimula la actividad mental.El uso de productos a base de or\u00e9gano se recomienda para personas mayores de 18 a\u00f1os. En cuanto a los efectos no deseados, es necesario evitar el contacto con los ojos, ya que puede causar irritaci\u00f3n.<\/span><\/span> <span class=\"jCAhz ChMk0b\"><span class=\"ryNqvb\">Respecto a las interacciones medicamentosas, hasta el momento no se han reportado ni documentado interacciones, por lo que el or\u00e9gano se considera seguro en combinaci\u00f3n con la terapia farmacol\u00f3gica.<\/span><\/span> <span class=\"jCAhz ChMk0b\"><span class=\"ryNqvb\">La seguridad durante el embarazo y la lactancia no ha sido establecida, por lo que, debido a la falta de evidencia, no se recomienda el uso de or\u00e9gano durante el embarazo ni la lactancia.<\/span><\/span><\/p>\t\t\t\t\t\t\t\t<\/div>\n\t\t\t\t<\/div>\n\t\t\t\t<div class=\"elementor-element elementor-element-73bdb1e elementor-widget elementor-widget-heading\" data-id=\"73bdb1e\" data-element_type=\"widget\" data-e-type=\"widget\" data-widget_type=\"heading.default\">\n\t\t\t\t<div class=\"elementor-widget-container\">\n\t\t\t\t\t<h4 class=\"elementor-heading-title elementor-size-default\">Referencias<\/h4>\t\t\t\t<\/div>\n\t\t\t\t<\/div>\n\t\t\t\t<div class=\"elementor-element elementor-element-9844969 elementor-widget elementor-widget-text-editor\" data-id=\"9844969\" data-element_type=\"widget\" data-e-type=\"widget\" data-widget_type=\"text-editor.default\">\n\t\t\t\t<div class=\"elementor-widget-container\">\n\t\t\t\t\t\t\t\t\t<ul><li><a class=\"reference-link\" href=\"https:\/\/www.ncbi.nlm.nih.gov\/pmc\/articles\/PMC4400296\/\" target=\"_blank\" rel=\"noopener\">Antimicrobial activity of essential oils of cultivated oregano (Origanum vulgare), sage (Salvia officinalis), and thyme (Thymus vulgaris) against clinical isolates of Escherichia coli, Klebsiella oxytoca, and Klebsiella pneumoniae<\/a><\/li><li><a class=\"reference-link\" href=\"https:\/\/www.ema.europa.eu\/en\/documents\/herbal-monograph\/draft-european-union-herbal-monograph-origanum-majorana-l-herba_en.pdf\" target=\"_blank\" rel=\"noopener\">European Union herbal monograph on Origanum majorana L., herba<\/a><\/li><li><a class=\"reference-link\" href=\"https:\/\/www.efsa.europa.eu\/sites\/default\/files\/2021-06\/questions-on-hold-botanical-claims.xlsx\" target=\"_blank\" rel=\"noopener\">Questions On Hold Botanical Claims Excel<\/a><\/li><li><a class=\"reference-link\" href=\"https:\/\/pubmed.ncbi.nlm.nih.gov\/35751165\/\" target=\"_blank\" rel=\"noopener\">Nanoencapsulation of Origanum vulgare essential oil into liposomes with anticancer potential<\/a><\/li><li><a class=\"reference-link\" href=\"https:\/\/pubmed.ncbi.nlm.nih.gov\/33629672\/\" target=\"_blank\" rel=\"noopener\">Hypoglycemic activity of Origanum vulgare L. and its main chemical constituents identified with HPLC-ESI-QTOF-MS<\/a><\/li><li><a class=\"reference-link\" href=\"https:\/\/pubmed.ncbi.nlm.nih.gov\/35139827\/\" target=\"_blank\" rel=\"noopener\">Origanum vulgare L. essential oil inhibits virulence patterns of Candida spp. and potentiates the effects of fluconazole and nystatin in vitro<\/a><\/li><\/ul>\t\t\t\t\t\t\t\t<\/div>\n\t\t\t\t<\/div>\n\t\t\t\t\t<\/div>\n\t\t<\/div>\n\t\t\t\t\t<\/div>\n\t\t<\/section>\n\t\t\t\t<\/div>","protected":false},"excerpt":{"rendered":"<p>Oregano Origanum vulgare L. &#8211; Lamiaceae Oregano is a perennial, bushy plant. It is widely used as a spice in cooking, but due to its rich effects, it has also found wide application in medicine. It grows in the mountainous regions of southern Turkey. It has a very characteristic smell and a bitter taste, and &hellip;<\/p>\n<p class=\"read-more\"> <a class=\"\" href=\"https:\/\/www.alivitpharm.com\/es\/oregano\/\"> <span class=\"screen-reader-text\">Or\u00e9gano<\/span> Leer m\u00e1s &raquo;<\/a><\/p>","protected":false},"author":9,"featured_media":0,"parent":0,"menu_order":0,"comment_status":"closed","ping_status":"closed","template":"","meta":{"site-sidebar-layout":"no-sidebar","site-content-layout":"page-builder","ast-global-header-display":"","ast-main-header-display":"","ast-hfb-above-header-display":"","ast-hfb-below-header-display":"","ast-hfb-mobile-header-display":"","site-post-title":"disabled","ast-breadcrumbs-content":"","ast-featured-img":"disabled","footer-sml-layout":"","theme-transparent-header-meta":"","adv-header-id-meta":"","stick-header-meta":"","header-above-stick-meta":"","header-main-stick-meta":"","header-below-stick-meta":"","footnotes":""},"class_list":["post-9934","page","type-page","status-publish","hentry"],"_links":{"self":[{"href":"https:\/\/www.alivitpharm.com\/es\/wp-json\/wp\/v2\/pages\/9934","targetHints":{"allow":["GET"]}}],"collection":[{"href":"https:\/\/www.alivitpharm.com\/es\/wp-json\/wp\/v2\/pages"}],"about":[{"href":"https:\/\/www.alivitpharm.com\/es\/wp-json\/wp\/v2\/types\/page"}],"author":[{"embeddable":true,"href":"https:\/\/www.alivitpharm.com\/es\/wp-json\/wp\/v2\/users\/9"}],"replies":[{"embeddable":true,"href":"https:\/\/www.alivitpharm.com\/es\/wp-json\/wp\/v2\/comments?post=9934"}],"version-history":[{"count":0,"href":"https:\/\/www.alivitpharm.com\/es\/wp-json\/wp\/v2\/pages\/9934\/revisions"}],"wp:attachment":[{"href":"https:\/\/www.alivitpharm.com\/es\/wp-json\/wp\/v2\/media?parent=9934"}],"curies":[{"name":"wp","href":"https:\/\/api.w.org\/{rel}","templated":true}]}}