{"id":10418,"date":"2024-02-06T13:21:57","date_gmt":"2024-02-06T11:21:57","guid":{"rendered":"https:\/\/www.alivitpharm.com\/?post_type=product&#038;p=10418"},"modified":"2026-02-26T16:22:56","modified_gmt":"2026-02-26T14:22:56","slug":"diabetstop","status":"publish","type":"product","link":"https:\/\/www.alivitpharm.com\/es\/product\/diabetstop\/","title":{"rendered":"DIABETSTOP"},"content":{"rendered":"<div class=\"product-accordion\">\n<div class=\"btn\">SOBRE DIABETSTOP<\/div>\n<div class=\"board\">\n<div>\n      <b>DIABETSTOP\u00ae<\/b> est\u00e1 dise\u00f1ado para personas con diabetes tipo I y tipo II, as\u00ed como para quienes tienen un metabolismo de glucosa deficiente o antecedentes familiares de diabetes.<\/p>\n<p>Esta f\u00f3rmula favorece la regulaci\u00f3n del az\u00facar en sangre gracias a su combinaci\u00f3n de ajo fermentado, canela, cromo y zinc. El ajo fermentado favorece la funci\u00f3n inmunitaria y la salud cardiovascular, manteniendo niveles saludables de colesterol y homociste\u00edna. La canela favorece unos niveles saludables de glucosa y l\u00edpidos en sangre, mejora la digesti\u00f3n, reduce los gases y aumenta la sensibilidad a la insulina, lo que la hace adecuada para la resistencia a la insulina. Tambi\u00e9n ralentiza la descomposici\u00f3n de los carbohidratos, reduciendo la cantidad de az\u00facar que entra en el torrente sangu\u00edneo despu\u00e9s de las comidas. La vitamina B6 favorece el metabolismo de las prote\u00ednas y los carbohidratos. Junto con las vitaminas B1 y B12, contribuye al metabolismo energ\u00e9tico normal. El folato y la vitamina B12 participan en la divisi\u00f3n celular y ayudan a reducir la fatiga. El zinc favorece el metabolismo de las grasas y los carbohidratos y ayuda a transportar la glucosa a las c\u00e9lulas para obtener energ\u00eda. El cromo contribuye a mantener niveles normales de glucosa en sangre. El \u00e1cido alfa lipoico ayuda a prevenir y aliviar las complicaciones diab\u00e9ticas, como el da\u00f1o nervioso (neuropat\u00eda), que se manifiesta como ardor, hormigueo, entumecimiento o dolor en las manos y los pies. En conjunto, estos ingredientes act\u00faan sin\u00e9rgicamente para reducir la glucosa en sangre, proteger los nervios del estr\u00e9s oxidativo (previniendo la neuropat\u00eda) y retrasar o reducir el riesgo de complicaciones diab\u00e9ticas.\n    <\/p><\/div>\n<\/p><\/div>\n<div class=\"btn\">INGREDIENTES<\/div>\n<div class=\"board\">\n<div>\n      90 c\u00e1psulas de gelatina blanda<\/p>\n<p>      <b>\u2022<\/b> Polvo de <a class=\"custom-link\" href=\"\/es\/black-garlic\/\">bulbo de ajo fermentado <i>(Allium sativum)<\/i><\/a>;<br \/>\n      <b>\u2022<\/b> Polvo de <a class=\"custom-link\" href=\"\/es\/canela-de-ceilan\/\">ceylon cinnamon bark <i>(Cinnamomum ceylonicum)<\/i><\/a>;<br \/>\n      <b>\u2022<\/b> <a class=\"custom-link\" href=\"\/es\/acido-alfa-lipoico\/\">El \u00e1cido alfa-lipoico<\/a>;<br \/>\n      <b>\u2022<\/b> <a class=\"custom-link\" href=\"\/es\/zinc\/\">Citrato de zinc trihidratado<\/a>;<br \/>\n      <b>\u2022<\/b> <a class=\"custom-link\" href=\"\/es\/cromo\/\">Cloruro de cromo (III) hexahidratado<\/a>;<br \/>\n      <b>\u2022<\/b> <a class=\"custom-link\" href=\"\/es\/vitamina-b1\/\">Mononitrato de tiamina (vitamina B1)<\/a>;<br \/>\n      <b>\u2022<\/b> <a class=\"custom-link\" href=\"\/es\/vitamina-b6\/\">Clorhidrato de piridoxina (vitamina B6)<\/a>;<br \/>\n      <b>\u2022<\/b> <a class=\"custom-link\" href=\"\/es\/vitamina-b12\/\">Cianocobalamina (vitamina B12)<\/a>;<br \/>\n      <b>\u2022<\/b> <a class=\"custom-link\" href=\"\/es\/acido-folico\/\">El \u00e1cido f\u00f3lico<\/a>;<br \/>\n      <b>\u2022<\/b> C\u00e1psula (gelatina, agua purificada, color: carbonato de calcio), di\u00f3xido de silicio, estearato de magnesio;\n    <\/div>\n<\/p><\/div>\n<div class=\"btn\">USO SUGERIDO<\/div>\n<div class=\"board\">\n<div>\n      Para mayores de 14 a\u00f1os, se recomienda tomar una c\u00e1psula tres veces al d\u00eda, durante o despu\u00e9s de las comidas. El producto puede tomarse durante un tiempo prolongado. Ingiera la c\u00e1psula entera con l\u00edquido.<\/p>\n<p>      <b>ADVERTENCIAS:<\/b><br \/>\n      <b>\u2022<\/b> No exceda la dosis diaria recomendada.<br \/>\n      <b>\u2022<\/b> El producto no est\u00e1 destinado a personas menores de 14 a\u00f1os, personas con insuficiencia hep\u00e1tica ni mujeres embarazadas o en per\u00edodo de lactancia.<br \/>\n      <b>\u2022<\/b> No lo use si es hipersensible a alguno de los ingredientes.<br \/>\n      <b>\u2022<\/b> Consulte a su m\u00e9dico si est\u00e1 tomando medicamentos.<br \/>\n      <b>\u2022<\/b> No tomar simult\u00e1neamente con medicamentos anticoagulantes.<br \/>\n      <b>\u2022<\/b> Antes de una cirug\u00eda programada, es necesario suspender el uso de este producto.<br \/>\n      <b>\u2022<\/b> Se aconseja a los diab\u00e9ticos que controlen su nivel de az\u00facar en sangre mientras utilizan el producto.\n    <\/div>\n<\/p><\/div>\n<\/div>","protected":false},"excerpt":{"rendered":"<div class=\"my-product-info\">\n<div class=\"two-categories\">\n<div>\n            <img decoding=\"async\" src=\"https:\/\/www.alivitpharm.com\/wp-content\/uploads\/2025\/05\/icon-9.png\" alt=\"100% Natural\" width=\"50px\" height=\"50px\" \/><\/p>\n<div>100% Natural<\/div>\n<\/p><\/div>\n<div>\n            <img decoding=\"async\" src=\"https:\/\/www.alivitpharm.com\/wp-content\/uploads\/2025\/05\/icon-10.png\" alt=\"Sin OGM\" width=\"50px\" height=\"50px\" \/><\/p>\n<div>Sin OGM<\/div>\n<\/p><\/div>\n<div>\n            <img decoding=\"async\" src=\"https:\/\/www.alivitpharm.com\/wp-content\/uploads\/2025\/05\/icon-15.png\" alt=\"Sin gluten\" width=\"50px\" height=\"50px\" \/><\/p>\n<div>Sin gluten<\/div>\n<\/p><\/div>\n<\/p><\/div>\n<\/div>\n<ul>\n<li>Recomendado para niveles altos de az\u00facar en sangre.<\/li>\n<li>Ayuda a pacientes con resistencia a la insulina.<\/li>\n<li>Previene la resistencia a la insulina en pacientes con s\u00edndrome de ovario poliqu\u00edstico.<\/li>\n<li>Previene el desarrollo de polineuropat\u00eda diab\u00e9tica.<\/li>\n<\/ul>\n<p><a class=\"category-pdf-btn\" href=\"https:\/\/www.alivitpharm.com\/wp-content\/uploads\/2025\/07\/phytotherapy_in_managing_the_endocrine_disorders_and_hormonal_balance_en.pdf\" target=\"_blank\" rel=\"noopener\">Aprenda M\u00e1s Sobre Los Trastornos Endocrinos Y El Equilibrio Hormonal<\/a><\/p>","protected":false},"featured_media":13126,"comment_status":"open","ping_status":"closed","template":"","meta":{"site-sidebar-layout":"default","site-content-layout":"default","ast-global-header-display":"","ast-main-header-display":"","ast-hfb-above-header-display":"","ast-hfb-below-header-display":"","ast-hfb-mobile-header-display":"","site-post-title":"","ast-breadcrumbs-content":"","ast-featured-img":"","footer-sml-layout":"","theme-transparent-header-meta":"default","adv-header-id-meta":"","stick-header-meta":"","header-above-stick-meta":"","header-main-stick-meta":"","header-below-stick-meta":""},"product_brand":[],"product_cat":[172,183],"product_tag":[],"class_list":{"0":"post-10418","1":"product","2":"type-product","3":"status-publish","4":"has-post-thumbnail","6":"product_cat-hormonal-balance","7":"product_cat-womens-health","8":"desktop-align-center","9":"tablet-align-center","10":"mobile-align-center","12":"first","13":"instock","14":"shipping-taxable","15":"purchasable","16":"product-type-simple"},"_links":{"self":[{"href":"https:\/\/www.alivitpharm.com\/es\/wp-json\/wp\/v2\/product\/10418","targetHints":{"allow":["GET"]}}],"collection":[{"href":"https:\/\/www.alivitpharm.com\/es\/wp-json\/wp\/v2\/product"}],"about":[{"href":"https:\/\/www.alivitpharm.com\/es\/wp-json\/wp\/v2\/types\/product"}],"replies":[{"embeddable":true,"href":"https:\/\/www.alivitpharm.com\/es\/wp-json\/wp\/v2\/comments?post=10418"}],"wp:featuredmedia":[{"embeddable":true,"href":"https:\/\/www.alivitpharm.com\/es\/wp-json\/wp\/v2\/media\/13126"}],"wp:attachment":[{"href":"https:\/\/www.alivitpharm.com\/es\/wp-json\/wp\/v2\/media?parent=10418"}],"wp:term":[{"taxonomy":"product_brand","embeddable":true,"href":"https:\/\/www.alivitpharm.com\/es\/wp-json\/wp\/v2\/product_brand?post=10418"},{"taxonomy":"product_cat","embeddable":true,"href":"https:\/\/www.alivitpharm.com\/es\/wp-json\/wp\/v2\/product_cat?post=10418"},{"taxonomy":"product_tag","embeddable":true,"href":"https:\/\/www.alivitpharm.com\/es\/wp-json\/wp\/v2\/product_tag?post=10418"}],"curies":[{"name":"wp","href":"https:\/\/api.w.org\/{rel}","templated":true}]}}