{"id":11264,"date":"2024-12-20T10:26:38","date_gmt":"2024-12-20T08:26:38","guid":{"rendered":"https:\/\/www.alivitpharm.com\/?post_type=product&#038;p=11264"},"modified":"2026-03-30T08:44:54","modified_gmt":"2026-03-30T06:44:54","slug":"vitamin-d3-4000-iu","status":"publish","type":"product","link":"https:\/\/www.alivitpharm.com\/es\/product\/vitamin-d3-4000-iu\/","title":{"rendered":"VITAMIN D3 4000 IU"},"content":{"rendered":"<div class=\"product-accordion\">\n<div class=\"btn\">SOBRE VITAMIN D3 4000 IU<\/div>\n<div class=\"board\">\n<div>\n      <b>VITAMIN D3 4000 IU\u00ae<\/b> las c\u00e1psulas de gelatina blanda ayudan a mantener la funci\u00f3n \u00f3sea y muscular normal. Favorecen la correcta absorci\u00f3n y utilizaci\u00f3n del calcio y el f\u00f3sforo. La vitamina D3 participa en la divisi\u00f3n celular y contribuye al funcionamiento normal del sistema inmunitario. Estudios cient\u00edficos han demostrado que la deficiencia de vitamina D puede estar asociada al desarrollo de enfermedades autoinmunes, como la esclerosis m\u00faltiple, la diabetes tipo 1, la artritis reumatoide, la psoriasis y la enfermedad inflamatoria intestinal. La vitamina D tambi\u00e9n contribuye a la reducci\u00f3n de la inflamaci\u00f3n y a la regulaci\u00f3n del crecimiento celular de la piel, por lo que se utiliza a menudo en el tratamiento de la psoriasis. Adem\u00e1s, la vitamina D tiene una gran influencia en la salud cardiovascular, ayuda a regular la presi\u00f3n arterial y reduce el riesgo de enfermedades card\u00edacas.\n    <\/div>\n<\/p><\/div>\n<div class=\"btn\">INGREDIENTES<\/div>\n<div class=\"board\">\n<div>\n      90 c\u00e1psulas de gelatina blanda<\/p>\n<p>      <b>\u2022<\/b> <a class=\"custom-link\" href=\"\/es\/vitamina-d3\/\">Colecalciferol (vitamina D3)<\/a>;<br \/>\n      <b>\u2022<\/b> <a class=\"custom-link\" href=\"\/es\/aceite-de-oliva\/\">El aceite de oliva<\/a>;<br \/>\n      <b>\u2022<\/b> Gelatina bovina, humectante: glicerol, agua purificada, antioxidante: acetato de DL-\u03b1-tocoferilo;\n    <\/div>\n<\/p><\/div>\n<div class=\"btn\">USO SUGERIDO<\/div>\n<div class=\"board\">\n<div>\n      Para mayores de 18 a\u00f1os, se recomienda tomar una c\u00e1psula al d\u00eda, durante o despu\u00e9s de las comidas. Ingerir la c\u00e1psula entera con l\u00edquido. Apto para personas con diabetes.<\/p>\n<p>      <b>ADVERTENCIAS:<\/b><br \/>\n      <b>\u2022<\/b> El producto no est\u00e1 destinado a personas menores de 18 a\u00f1os.<br \/>\n      <b>\u2022<\/b> No lo use si es hipersensible a alguno de los ingredientes.<br \/>\n      <b>\u2022<\/b> El producto no est\u00e1 destinado a personas con hipercalcemia e hipertiroidismo.<br \/>\n      <b>\u2022<\/b> Se requieren precauciones para las personas que utilizan tiazidas, gluc\u00f3sidos cardiot\u00f3nicos, rifampicina, isoniazida, fenito\u00edna, barbit\u00faricos y corticosteroides en su terapia.<br \/>\n      <b>\u2022<\/b> Las mujeres embarazadas o en per\u00edodo de lactancia deben consultar a su m\u00e9dico antes de usar este producto.<br \/>\n      <b>\u2022<\/b> \u00a1Este producto debe utilizarse bajo la supervisi\u00f3n de un m\u00e9dico!\n    <\/div>\n<\/p><\/div>\n<\/div>","protected":false},"excerpt":{"rendered":"<div class=\"my-product-info\">\n<div class=\"two-categories\">\n<div>\n            <img decoding=\"async\" src=\"https:\/\/www.alivitpharm.com\/wp-content\/uploads\/2025\/05\/icon-9.png\" alt=\"100% Natural\" width=\"50px\" height=\"50px\" \/><\/p>\n<div>100% Natural<\/div>\n<\/p><\/div>\n<div>\n            <img decoding=\"async\" src=\"https:\/\/www.alivitpharm.com\/wp-content\/uploads\/2025\/05\/icon-10.png\" alt=\"Sin OGM\" width=\"50px\" height=\"50px\" \/><\/p>\n<div>Sin OGM<\/div>\n<\/p><\/div>\n<div>\n            <img decoding=\"async\" src=\"https:\/\/www.alivitpharm.com\/wp-content\/uploads\/2025\/05\/icon-15.png\" alt=\"Sin gluten\" width=\"50px\" height=\"50px\" \/><\/p>\n<div>Sin gluten<\/div>\n<\/p><\/div>\n<\/p><\/div>\n<\/div>\n<ul>\n<li>Contribuye al funcionamiento normal del sistema inmunitario.<\/li>\n<li>Contributes to the maintenance of healthy bones.<\/li>\n<li>Contribuye al mantenimiento de la funci\u00f3n muscular normal.<\/li>\n<li>Contribuye a la absorci\u00f3n\/utilizaci\u00f3n normal del calcio y del f\u00f3sforo.<\/li>\n<\/ul>","protected":false},"featured_media":13112,"comment_status":"open","ping_status":"closed","template":"","meta":{"site-sidebar-layout":"default","site-content-layout":"default","ast-global-header-display":"","ast-main-header-display":"","ast-hfb-above-header-display":"","ast-hfb-below-header-display":"","ast-hfb-mobile-header-display":"","site-post-title":"","ast-breadcrumbs-content":"","ast-featured-img":"","footer-sml-layout":"","theme-transparent-header-meta":"default","adv-header-id-meta":"","stick-header-meta":"","header-above-stick-meta":"","header-main-stick-meta":"","header-below-stick-meta":""},"product_brand":[],"product_cat":[172,174],"product_tag":[],"class_list":{"0":"post-11264","1":"product","2":"type-product","3":"status-publish","4":"has-post-thumbnail","6":"product_cat-hormonal-balance","7":"product_cat-immune-system","8":"desktop-align-center","9":"tablet-align-center","10":"mobile-align-center","12":"first","13":"instock","14":"shipping-taxable","15":"purchasable","16":"product-type-simple"},"_links":{"self":[{"href":"https:\/\/www.alivitpharm.com\/es\/wp-json\/wp\/v2\/product\/11264","targetHints":{"allow":["GET"]}}],"collection":[{"href":"https:\/\/www.alivitpharm.com\/es\/wp-json\/wp\/v2\/product"}],"about":[{"href":"https:\/\/www.alivitpharm.com\/es\/wp-json\/wp\/v2\/types\/product"}],"replies":[{"embeddable":true,"href":"https:\/\/www.alivitpharm.com\/es\/wp-json\/wp\/v2\/comments?post=11264"}],"wp:featuredmedia":[{"embeddable":true,"href":"https:\/\/www.alivitpharm.com\/es\/wp-json\/wp\/v2\/media\/13112"}],"wp:attachment":[{"href":"https:\/\/www.alivitpharm.com\/es\/wp-json\/wp\/v2\/media?parent=11264"}],"wp:term":[{"taxonomy":"product_brand","embeddable":true,"href":"https:\/\/www.alivitpharm.com\/es\/wp-json\/wp\/v2\/product_brand?post=11264"},{"taxonomy":"product_cat","embeddable":true,"href":"https:\/\/www.alivitpharm.com\/es\/wp-json\/wp\/v2\/product_cat?post=11264"},{"taxonomy":"product_tag","embeddable":true,"href":"https:\/\/www.alivitpharm.com\/es\/wp-json\/wp\/v2\/product_tag?post=11264"}],"curies":[{"name":"wp","href":"https:\/\/api.w.org\/{rel}","templated":true}]}}