{"id":11790,"date":"2025-03-07T10:20:18","date_gmt":"2025-03-07T08:20:18","guid":{"rendered":"https:\/\/www.alivitpharm.com\/?post_type=product&#038;p=11790"},"modified":"2026-04-01T08:40:54","modified_gmt":"2026-04-01T06:40:54","slug":"parazit-stop-complex","status":"publish","type":"product","link":"https:\/\/www.alivitpharm.com\/es\/product\/parazit-stop-complex\/","title":{"rendered":"PARAZIT STOP (ANTIPARAZIT) COMPLEX"},"content":{"rendered":"<div class=\"product-accordion\">\n<div class=\"btn\">ACERCA DEL COMPLEJO PARAZIT STOP (ANTIPARAZIT) COMPLEX<\/div>\n<div class=\"board\">\n<div>\n<p><b>PARAZIT STOP (ANTIPARAZIT) COMPLEX\u00ae<\/b> consta de dos productos, PARAZIT STOP (ANTIPARAZIT) I y PARAZIT STOP (ANTIPARAZIT) II, que trabajan juntos sin\u00e9rgicamente para ayudar a mantener un ambiente intestinal saludable y libre de par\u00e1sitos, apoyando la funci\u00f3n adecuada del tracto digestivo.<\/p>\n<p>El tomillo, el ajenjo dulce y la flor de clavo contribuyen al funcionamiento gastrointestinal normal y favorecen la limpieza intestinal. Estas hierbas ejercen efectos antiparasitarios naturales. El higo contiene enzimas que ayudan a descomponer las estructuras proteicas de los par\u00e1sitos. El jengibre ayuda a expulsar los par\u00e1sitos y reduce las reacciones inflamatorias inducidas por ellos. El ajo tiene propiedades antibacterianas y antioxidantes, refuerza la funci\u00f3n inmunitaria y reduce la supervivencia y reproducci\u00f3n de los par\u00e1sitos. La hoja de papaya promueve la digesti\u00f3n y facilita la eliminaci\u00f3n de par\u00e1sitos intestinales. La pimienta negra posee potentes propiedades antioxidantes, ayuda a mantener la integridad corporal gracias a su acci\u00f3n antimicrobiana y antiparasitaria, y refuerza la funci\u00f3n inmunitaria. La c\u00farcuma tiene efectos antiinflamatorios, mientras que el or\u00e9gano se utiliza tradicionalmente para facilitar la digesti\u00f3n y tambi\u00e9n da\u00f1a las membranas celulares de los par\u00e1sitos.<\/p>\n<\/div>\n<\/div>\n<div class=\"btn\">INGREDIENTES<\/div>\n<div class=\"board\">\n<div>\nPARAZIT STOP (ANTIPARAZIT) I: 28 c\u00e1psulas de gelatina blanda<br \/>\nPARAZIT STOP (ANTIPARAZIT) II: 60 c\u00e1psulas de gelatina blanda<\/p>\n<p><b>PARAZIT STOP (ANTIPARAZIT) I:<\/b><br \/>\n<b>\u2022<\/b> Extracto de <a class=\"custom-link\" href=\"\/es\/tomillo\/\">hierba de tomillo <i>(Thymus vulgaris)<\/i><\/a> en <a class=\"custom-link\" href=\"\/es\/aceite-de-oliva\/\">aceite de oliva<\/a>;<br \/>\n<b>\u2022<\/b> Extracto de <a class=\"custom-link\" href=\"\/es\/ajenjo-dulce\/\">herba de ajenjo dulce <i>(Artemisia annua)<\/i><\/a> en <a class=\"custom-link\" href=\"\/es\/aceite-de-oliva\/\">aceite de oliva<\/a>;<br \/>\n<b>\u2022<\/b> Extracto de <a class=\"custom-link\" href=\"\/es\/jengibre\/\">rizoma de jengibre <i>(Zingiber officinale)<\/i><\/a> en <a class=\"custom-link\" href=\"\/es\/aceite-de-oliva\/\">aceite de oliva<\/a>;<br \/>\n<b>\u2022<\/b> Extracto de <a class=\"custom-link\" href=\"\/es\/higuera\/\">hoja de higuera <i>(Ficus carica)<\/i><\/a> en <a class=\"custom-link\" href=\"\/es\/aceite-de-oliva\/\">aceite de oliva<\/a>;<br \/>\n<b>\u2022<\/b> Extracto de <a class=\"custom-link\" href=\"\/es\/clavo-de-olor\/\">flor de clavo <i>(Syzygium aromaticum)<\/i><\/a> en <a class=\"custom-link\" href=\"\/es\/aceite-de-oliva\/\">aceite de oliva<\/a>;<br \/>\n<b>\u2022<\/b> Gelatina bovina, glicerol (agente de retenci\u00f3n de humedad), agua purificada, antioxidante: acetato de DL \u03b1 tocoferilo;<\/p>\n<p><b>PARAZIT STOP (ANTIPARAZIT) II:<\/b><br \/>\n<b>\u2022<\/b> Extracto de <a class=\"custom-link\" href=\"\/es\/ajo\/\">bulbo de ajo fresco <i>(Allium sativum)<\/i><\/a> en <a class=\"custom-link\" href=\"\/es\/aceite-de-oliva\/\">aceite de oliva<\/a>;<br \/>\n<b>\u2022<\/b> Extracto de <a class=\"custom-link\" href=\"\/es\/papaya\/\">hoja de papaya <i>(Carica papaya)<\/i><\/a> en <a class=\"custom-link\" href=\"\/es\/aceite-de-oliva\/\">aceite de oliva<\/a>;<br \/>\n<b>\u2022<\/b> Extracto de <a class=\"custom-link\" href=\"\/es\/pimienta-negra\/\">fruto de la pimienta negra <i>(Piper nigrum)<\/i><\/a> en <a class=\"custom-link\" href=\"\/es\/aceite-de-oliva\/\">aceite de oliva<\/a>;<br \/>\n<b>\u2022<\/b> Extracto de <a class=\"custom-link\" href=\"\/es\/nuez-de-nogal-negro\/\">c\u00e1scara de nuez negra <i>(Juglans nigra)<\/i><\/a> en <a class=\"custom-link\" href=\"\/es\/aceite-de-oliva\/\">aceite de oliva<\/a>;<br \/>\n<b>\u2022<\/b> Extracto de <a class=\"custom-link\" href=\"\/es\/curcuma\/\">rizoma de c\u00farcuma <i>(Curcuma longa)<\/i><\/a> en <a class=\"custom-link\" href=\"\/es\/aceite-de-oliva\/\">aceite de oliva<\/a>;<br \/>\n<b>\u2022<\/b> Extracto de <a class=\"custom-link\" href=\"\/es\/oregano\/\">hierba de or\u00e9gano <i>(Origanum vulgare)<\/i><\/a> en <a class=\"custom-link\" href=\"\/es\/aceite-de-oliva\/\">aceite de oliva<\/a>;<br \/>\n<b>\u2022<\/b> Extracto de <a class=\"custom-link\" href=\"\/es\/black-garlic\/\">bulbo de ajo fermentado <i>(Allium sativum)<\/i><\/a> en <a class=\"custom-link\" href=\"\/es\/aceite-de-oliva\/\">aceite de oliva<\/a>;<br \/>\n<b>\u2022<\/b> Gelatina bovina, glicerol, agua purificada, di\u00f3xido de silicio (antiaglomerante), colorante: carb\u00f3n negro, antioxidante: acetato de DL \u03b1 tocoferilo;<\/div>\n<\/div>\n<div class=\"btn\">USO SUGERIDO<\/div>\n<div class=\"board\">\n<div>\n<p>Para mayores de 18 a\u00f1os, se recomienda tomar dos c\u00e1psulas amarillas de PARAZIT STOP (ANTIPARAZIT) I por la ma\u00f1ana y dos c\u00e1psulas negras de PARAZIT STOP (ANTIPARAZIT) II por la noche, durante o despu\u00e9s de las comidas, durante 14 d\u00edas. Posteriormente, continuar con dos c\u00e1psulas de PARAZIT STOP (ANTIPARAZIT) II cada noche. Ingerir la c\u00e1psula entera con l\u00edquido. Apto para personas con diabetes.<\/p>\n<p><b>ADVERTENCIAS:<\/b><br \/>\n<b>\u2022<\/b> No exceda la dosis diaria recomendada.<br \/>\n<b>\u2022<\/b> No se recomienda para personas con trastornos digestivos, enfermedades de la tiroides, mujeres embarazadas o en per\u00edodo de lactancia o menores de 18 a\u00f1os.<br \/>\n<b>\u2022<\/b> No lo use si es hipersensible a alguno de los ingredientes.<br \/>\n<b>\u2022<\/b> Consulte a su m\u00e9dico si est\u00e1 tomando medicamentos.<br \/>\n<b>\u2022<\/b> No tomar simult\u00e1neamente con medicamentos anticoagulantes.<br \/>\n<b>\u2022<\/b> Suspenda su uso 7 d\u00edas antes de la cirug\u00eda programada.<br \/>\n<b>\u2022<\/b> Las c\u00e1psulas de PARAZIT STOP (ANTIPARAZIT) I no deben tomarse durante m\u00e1s de dos semanas consecutivas.<\/p>\n<\/div>\n<\/div>\n<\/div>","protected":false},"excerpt":{"rendered":"<div class=\"my-product-info\">\n<div class=\"two-categories\">\n<div>\n            <img decoding=\"async\" src=\"https:\/\/www.alivitpharm.com\/wp-content\/uploads\/2025\/05\/icon-9.png\" alt=\"100% Natural\" width=\"50px\" height=\"50px\" \/><\/p>\n<div>100% Natural<\/div>\n<\/p><\/div>\n<div>\n            <img decoding=\"async\" src=\"https:\/\/www.alivitpharm.com\/wp-content\/uploads\/2025\/05\/icon-10.png\" alt=\"Sin OGM\" width=\"50px\" height=\"50px\" \/><\/p>\n<div>Sin OGM<\/div>\n<\/p><\/div>\n<div>\n            <img decoding=\"async\" src=\"https:\/\/www.alivitpharm.com\/wp-content\/uploads\/2025\/05\/icon-15.png\" alt=\"Sin gluten\" width=\"50px\" height=\"50px\" \/><\/p>\n<div>Sin gluten<\/div>\n<\/p><\/div>\n<\/p><\/div>\n<\/div>\n<ul>\n<li>Contribuye a la desaparici\u00f3n de par\u00e1sitos intestinales.<\/li>\n<li>Acelera la transici\u00f3n de la Toxoplasmosis de la fase activa a la latente en mujeres sometidas a fertilizaci\u00f3n in vitro.<\/li>\n<li>Mejora la digesti\u00f3n.<\/li>\n<li>Contribuye al funcionamiento normal del tracto digestivo.<\/li>\n<li>Estimula el crecimiento de la microbiota intestinal beneficiosa.<\/li>\n<\/ul>\n<p><a class=\"category-pdf-btn\" href=\"https:\/\/www.alivitpharm.com\/wp-content\/uploads\/2025\/07\/phytotherapy_in_the_treatment_of_parasitic_infections_en.pdf\" target=\"_blank\" rel=\"noopener\">Aprenda m\u00e1s sobre la fitoterapia en el tratamiento de infecciones parasitarias.<\/a><\/p>","protected":false},"featured_media":13535,"comment_status":"open","ping_status":"closed","template":"","meta":{"site-sidebar-layout":"default","site-content-layout":"default","ast-global-header-display":"","ast-main-header-display":"","ast-hfb-above-header-display":"","ast-hfb-below-header-display":"","ast-hfb-mobile-header-display":"","site-post-title":"","ast-breadcrumbs-content":"","ast-featured-img":"","footer-sml-layout":"","theme-transparent-header-meta":"default","adv-header-id-meta":"","stick-header-meta":"","header-above-stick-meta":"","header-main-stick-meta":"","header-below-stick-meta":""},"product_brand":[],"product_cat":[171,170,178],"product_tag":[],"class_list":{"0":"post-11790","1":"product","2":"type-product","3":"status-publish","4":"has-post-thumbnail","6":"product_cat-detox-revitalization","7":"product_cat-digestive-system","8":"product_cat-parasitic-infections","9":"desktop-align-center","10":"tablet-align-center","11":"mobile-align-center","13":"first","14":"instock","15":"shipping-taxable","16":"purchasable","17":"product-type-simple"},"_links":{"self":[{"href":"https:\/\/www.alivitpharm.com\/es\/wp-json\/wp\/v2\/product\/11790","targetHints":{"allow":["GET"]}}],"collection":[{"href":"https:\/\/www.alivitpharm.com\/es\/wp-json\/wp\/v2\/product"}],"about":[{"href":"https:\/\/www.alivitpharm.com\/es\/wp-json\/wp\/v2\/types\/product"}],"replies":[{"embeddable":true,"href":"https:\/\/www.alivitpharm.com\/es\/wp-json\/wp\/v2\/comments?post=11790"}],"wp:featuredmedia":[{"embeddable":true,"href":"https:\/\/www.alivitpharm.com\/es\/wp-json\/wp\/v2\/media\/13535"}],"wp:attachment":[{"href":"https:\/\/www.alivitpharm.com\/es\/wp-json\/wp\/v2\/media?parent=11790"}],"wp:term":[{"taxonomy":"product_brand","embeddable":true,"href":"https:\/\/www.alivitpharm.com\/es\/wp-json\/wp\/v2\/product_brand?post=11790"},{"taxonomy":"product_cat","embeddable":true,"href":"https:\/\/www.alivitpharm.com\/es\/wp-json\/wp\/v2\/product_cat?post=11790"},{"taxonomy":"product_tag","embeddable":true,"href":"https:\/\/www.alivitpharm.com\/es\/wp-json\/wp\/v2\/product_tag?post=11790"}],"curies":[{"name":"wp","href":"https:\/\/api.w.org\/{rel}","templated":true}]}}