{"id":13620,"date":"2025-11-12T15:21:15","date_gmt":"2025-11-12T13:21:15","guid":{"rendered":"https:\/\/www.alivitpharm.com\/?post_type=product&#038;p=13620"},"modified":"2026-02-19T10:33:41","modified_gmt":"2026-02-19T08:33:41","slug":"koenzim-q10","status":"publish","type":"product","link":"https:\/\/www.alivitpharm.com\/es\/product\/koenzim-q10\/","title":{"rendered":"KOENZIM Q10"},"content":{"rendered":"<div class=\"product-accordion\">\n<div class=\"btn\">SOBRE KOENZIM Q10<\/div>\n<div class=\"board\">\n<div>\n<p><b>Koenzim Q10\u00ae<\/b> las c\u00e1psulas son un suplemento diet\u00e9tico recomendado para enfermedades card\u00edacas y vasculares, y tambi\u00e9n pueden recomendarse como complemento del tratamiento con estatinas (medicamentos para reducir el colesterol y los triglic\u00e9ridos). A medida que envejecemos, el cuerpo produce cada vez menos coenzima Q10, por lo que es necesario consumirla a trav\u00e9s de alimentos o suplementos diet\u00e9ticos. Cada c\u00e9lula contiene coenzima Q10, especialmente en las mitocondrias, y por lo tanto participa en los procesos de producci\u00f3n de energ\u00eda.<\/p>\n<p>La coenzima Q10 previene el desarrollo de la aterosclerosis y protege los vasos sangu\u00edneos, mejora la funci\u00f3n card\u00edaca y los par\u00e1metros metab\u00f3licos, aumenta la producci\u00f3n de antioxidantes y, por lo tanto, alivia el estr\u00e9s oxidativo vascular en personas con hipertensi\u00f3n, adem\u00e1s de contribuir a la preservaci\u00f3n de la funci\u00f3n muscular. La deficiencia de coenzima Q10 en humanos provoca fatiga, p\u00e9rdida de energ\u00eda, debilitamiento de las funciones mentales y disminuci\u00f3n del sistema inmunitario.<\/p>\n<\/div>\n<\/div>\n<div class=\"btn\">INGREDIENTES<\/div>\n<div class=\"board\">\n<div>60 c\u00e1psulas duras<\/p>\n<p><b>\u2022<\/b> <a class=\"custom-link\" href=\"\/es\/coenzyme-q10\/\">Koenzim Q10<\/a>;<br \/>\n<b>\u2022<\/b> Agente de carga: celulosa microcristalina, antiaglomerantes: estearato de magnesio y di\u00f3xido de silicio, c\u00e1psula (gelatina, colorante: carbonato de calcio);<\/div>\n<\/div>\n<div class=\"btn\">USO SUGERIDO<\/div>\n<div class=\"board\">\n<div>Se recomienda tomar una c\u00e1psula al d\u00eda, durante o despu\u00e9s de las comidas. Ingiera la c\u00e1psula entera con l\u00edquido.<\/p>\n<p><b>ADVERTENCIAS:<\/b><br \/>\n<b>\u2022<\/b> No exceda la dosis diaria recomendada.<br \/>\n<b>\u2022<\/b> No lo use si es hipersensible a alguno de los ingredientes.<br \/>\n<b>\u2022<\/b> Las personas que toman el medicamento warfarina deben evitar el uso de este producto.<br \/>\n<b>\u2022<\/b> Koenzim Q10 debe utilizarse con precauci\u00f3n en personas con diabetes y aquellas propensas a episodios de hipoglucemia.<\/div>\n<\/div>\n<\/div>","protected":false},"excerpt":{"rendered":"<div class=\"my-product-info\">\n<div class=\"two-categories\">\n<div>\n            <img decoding=\"async\" src=\"https:\/\/www.alivitpharm.com\/wp-content\/uploads\/2025\/05\/icon-9.png\" alt=\"100% Natural\" width=\"50px\" height=\"50px\" \/><\/p>\n<div>100% Natural<\/div>\n<\/p><\/div>\n<div>\n            <img decoding=\"async\" src=\"https:\/\/www.alivitpharm.com\/wp-content\/uploads\/2025\/05\/icon-10.png\" alt=\"Sin OGM\" width=\"50px\" height=\"50px\" \/><\/p>\n<div>Sin OGM<\/div>\n<\/p><\/div>\n<div>\n            <img decoding=\"async\" src=\"https:\/\/www.alivitpharm.com\/wp-content\/uploads\/2025\/05\/icon-15.png\" alt=\"Sin gluten\" width=\"50px\" height=\"50px\" \/><\/p>\n<div>Sin gluten<\/div>\n<\/p><\/div>\n<\/p><\/div>\n<\/div>\n<ul>\n<li>Previene el desarrollo de la aterosclerosis.<\/li>\n<li>Mejora la funci\u00f3n card\u00edaca y los par\u00e1metros metab\u00f3licos.<\/li>\n<li>Aumenta la producci\u00f3n de antioxidantes, aliviando as\u00ed el estr\u00e9s oxidativo vascular en personas que padecen hipertensi\u00f3n.<\/li>\n<li>Protege los vasos sangu\u00edneos y contribuye a la preservaci\u00f3n de la funci\u00f3n muscular.<\/li>\n<li>Recomendada como complemento de la terapia con estatinas.<\/li>\n<\/ul>","protected":false},"featured_media":13618,"comment_status":"open","ping_status":"closed","template":"","meta":{"site-sidebar-layout":"default","site-content-layout":"default","ast-global-header-display":"","ast-main-header-display":"","ast-hfb-above-header-display":"","ast-hfb-below-header-display":"","ast-hfb-mobile-header-display":"","site-post-title":"","ast-breadcrumbs-content":"","ast-featured-img":"","footer-sml-layout":"","theme-transparent-header-meta":"default","adv-header-id-meta":"","stick-header-meta":"","header-above-stick-meta":"","header-main-stick-meta":"","header-below-stick-meta":""},"product_brand":[],"product_cat":[169,174,175],"product_tag":[],"class_list":{"0":"post-13620","1":"product","2":"type-product","3":"status-publish","4":"has-post-thumbnail","6":"product_cat-cardiovascular-health","7":"product_cat-immune-system","8":"product_cat-nervous-system-protection","9":"desktop-align-center","10":"tablet-align-center","11":"mobile-align-center","13":"first","14":"instock","15":"shipping-taxable","16":"purchasable","17":"product-type-simple"},"_links":{"self":[{"href":"https:\/\/www.alivitpharm.com\/es\/wp-json\/wp\/v2\/product\/13620","targetHints":{"allow":["GET"]}}],"collection":[{"href":"https:\/\/www.alivitpharm.com\/es\/wp-json\/wp\/v2\/product"}],"about":[{"href":"https:\/\/www.alivitpharm.com\/es\/wp-json\/wp\/v2\/types\/product"}],"replies":[{"embeddable":true,"href":"https:\/\/www.alivitpharm.com\/es\/wp-json\/wp\/v2\/comments?post=13620"}],"wp:featuredmedia":[{"embeddable":true,"href":"https:\/\/www.alivitpharm.com\/es\/wp-json\/wp\/v2\/media\/13618"}],"wp:attachment":[{"href":"https:\/\/www.alivitpharm.com\/es\/wp-json\/wp\/v2\/media?parent=13620"}],"wp:term":[{"taxonomy":"product_brand","embeddable":true,"href":"https:\/\/www.alivitpharm.com\/es\/wp-json\/wp\/v2\/product_brand?post=13620"},{"taxonomy":"product_cat","embeddable":true,"href":"https:\/\/www.alivitpharm.com\/es\/wp-json\/wp\/v2\/product_cat?post=13620"},{"taxonomy":"product_tag","embeddable":true,"href":"https:\/\/www.alivitpharm.com\/es\/wp-json\/wp\/v2\/product_tag?post=13620"}],"curies":[{"name":"wp","href":"https:\/\/api.w.org\/{rel}","templated":true}]}}