{"id":13763,"date":"2026-01-19T15:20:54","date_gmt":"2026-01-19T13:20:54","guid":{"rendered":"https:\/\/www.alivitpharm.com\/?post_type=product&#038;p=13763"},"modified":"2026-02-26T16:22:38","modified_gmt":"2026-02-26T14:22:38","slug":"ovarinova","status":"publish","type":"product","link":"https:\/\/www.alivitpharm.com\/es\/product\/ovarinova\/","title":{"rendered":"OVARINOVA"},"content":{"rendered":"<div class=\"product-accordion\">\n<div class=\"btn\">SOBRE OVARINOVA<\/div>\n<div class=\"board\">\n<div>\n<p><b>OVARINOVA\u00ae<\/b> c\u00e1psulas contienen polvo de fruto de sauzgatillo, mio-inositol y D-quiro-inositol.<\/p>\n<p>El sauzgatillo ayuda durante el ciclo premenstrual. Contribuye al alivio de los s\u00edntomas de la menopausia y del malestar premenstrual. Contribuye al mantenimiento del equilibrio hormonal durante la menopausia. Ayuda a mantener el bienestar fisiol\u00f3gico durante el ciclo menstrual.<\/p>\n<\/div>\n<\/div>\n<div class=\"btn\">INGREDIENTES<\/div>\n<div class=\"board\">\n<div>\n<p>90 c\u00e1psulas duras<\/p>\n<p><b>\u2022<\/b> Polvo de <a class=\"custom-link\" href=\"\/es\/gatillo\/\">fruto de gatillo<\/a>;<br \/>\n<b>\u2022<\/b> <a class=\"custom-link\" href=\"\/es\/mio-inositol-d-quiro-inositol\/\">Mio-inositol<\/a>;<br \/>\n<b>\u2022<\/b> <a class=\"custom-link\" href=\"\/es\/mio-inositol-d-quiro-inositol\/\">D-quiro-inositol<\/a>;<br \/>\n<b>\u2022<\/b> C\u00e1psula (gelatina, agua purificada, colorante: carbonato de calcio), antiaglomerantes: estearato de magnesio y di\u00f3xido de silicio;<\/p>\n<\/div>\n<\/div>\n<div class=\"btn\">USO SUGERIDO<\/div>\n<div class=\"board\">\n<div>\n<p>Para mayores de 18 a\u00f1os, se recomienda tomar una c\u00e1psula dos veces al d\u00eda, durante o despu\u00e9s de las comidas. Ingiera la c\u00e1psula entera con l\u00edquido. El producto debe tomarse durante un tiempo prolongado.<\/p>\n<p><b>ADVERTENCIAS:<\/b><br \/>\n<b>\u2022<\/b> No lo use si es hipersensible a alguno de los ingredientes.<br \/>\n<b>\u2022<\/b> Consulte a su m\u00e9dico si est\u00e1 tomando medicamentos.<br \/>\n<b>\u2022<\/b> El producto no est\u00e1 destinado a personas menores de 18 a\u00f1os, ni a mujeres embarazadas o en per\u00edodo de lactancia.<br \/>\n<b>\u2022<\/b> No exceda la dosis diaria recomendada.<\/p>\n<\/div>\n<\/div>\n<\/div>","protected":false},"excerpt":{"rendered":"<div class=\"my-product-info\">\n<div class=\"two-categories\">\n<div>\n<p><img decoding=\"async\" src=\"https:\/\/www.alivitpharm.com\/wp-content\/uploads\/2025\/05\/icon-9.png\" alt=\"100% Natural\" width=\"50px\" height=\"50px\" \/><\/p>\n<div>100% Natural<\/div>\n<\/div>\n<div>\n<p><img decoding=\"async\" src=\"https:\/\/www.alivitpharm.com\/wp-content\/uploads\/2025\/05\/icon-10.png\" alt=\"Sin OGM\" width=\"50px\" height=\"50px\" \/><\/p>\n<div>Sin OGM<\/div>\n<\/div>\n<div>\n<p><img decoding=\"async\" src=\"https:\/\/www.alivitpharm.com\/wp-content\/uploads\/2025\/05\/icon-15.png\" alt=\"Sin gluten\" width=\"50px\" height=\"50px\" \/><\/p>\n<div>Sin gluten<\/div>\n<\/div>\n<\/div>\n<\/div>\n<ul>\n<li>Contribuye al alivio de los s\u00edntomas de la menopausia.<\/li>\n<li>Ayuda a mantener el equilibrio hormonal.<\/li>\n<li>Contribuye al alivio de los s\u00edntomas premenstruales y a la regulaci\u00f3n del ciclo menstrual.<\/li>\n<li>Se utiliza en el tratamiento de la resistencia a la insulina y el s\u00edndrome de ovario poliqu\u00edstico (SOP).<\/li>\n<\/ul>","protected":false},"featured_media":13765,"comment_status":"open","ping_status":"closed","template":"","meta":{"site-sidebar-layout":"default","site-content-layout":"default","ast-global-header-display":"","ast-main-header-display":"","ast-hfb-above-header-display":"","ast-hfb-below-header-display":"","ast-hfb-mobile-header-display":"","site-post-title":"","ast-breadcrumbs-content":"","ast-featured-img":"","footer-sml-layout":"","theme-transparent-header-meta":"default","adv-header-id-meta":"","stick-header-meta":"","header-above-stick-meta":"","header-main-stick-meta":"","header-below-stick-meta":""},"product_brand":[],"product_cat":[172,183],"product_tag":[],"class_list":{"0":"post-13763","1":"product","2":"type-product","3":"status-publish","4":"has-post-thumbnail","6":"product_cat-hormonal-balance","7":"product_cat-womens-health","8":"desktop-align-center","9":"tablet-align-center","10":"mobile-align-center","12":"first","13":"instock","14":"shipping-taxable","15":"purchasable","16":"product-type-simple"},"_links":{"self":[{"href":"https:\/\/www.alivitpharm.com\/es\/wp-json\/wp\/v2\/product\/13763","targetHints":{"allow":["GET"]}}],"collection":[{"href":"https:\/\/www.alivitpharm.com\/es\/wp-json\/wp\/v2\/product"}],"about":[{"href":"https:\/\/www.alivitpharm.com\/es\/wp-json\/wp\/v2\/types\/product"}],"replies":[{"embeddable":true,"href":"https:\/\/www.alivitpharm.com\/es\/wp-json\/wp\/v2\/comments?post=13763"}],"wp:featuredmedia":[{"embeddable":true,"href":"https:\/\/www.alivitpharm.com\/es\/wp-json\/wp\/v2\/media\/13765"}],"wp:attachment":[{"href":"https:\/\/www.alivitpharm.com\/es\/wp-json\/wp\/v2\/media?parent=13763"}],"wp:term":[{"taxonomy":"product_brand","embeddable":true,"href":"https:\/\/www.alivitpharm.com\/es\/wp-json\/wp\/v2\/product_brand?post=13763"},{"taxonomy":"product_cat","embeddable":true,"href":"https:\/\/www.alivitpharm.com\/es\/wp-json\/wp\/v2\/product_cat?post=13763"},{"taxonomy":"product_tag","embeddable":true,"href":"https:\/\/www.alivitpharm.com\/es\/wp-json\/wp\/v2\/product_tag?post=13763"}],"curies":[{"name":"wp","href":"https:\/\/api.w.org\/{rel}","templated":true}]}}