{"id":13771,"date":"2026-01-23T09:41:28","date_gmt":"2026-01-23T07:41:28","guid":{"rendered":"https:\/\/www.alivitpharm.com\/?post_type=product&#038;p=13771"},"modified":"2026-03-03T04:40:53","modified_gmt":"2026-03-03T02:40:53","slug":"omega3-vitamin-e","status":"publish","type":"product","link":"https:\/\/www.alivitpharm.com\/es\/product\/omega3-vitamin-e\/","title":{"rendered":"OMEGA3 + VITAMIN E"},"content":{"rendered":"<div class=\"product-accordion\">\n<div class=\"btn\">SOBRE OMEGA3 + VITAMIN E<\/div>\n<div class=\"board\">\n<div>\n<p><b>OMEGA3 + VITAMIN E\u00ae<\/b> c\u00e1psulas contienen aceite de pescado y vitamina E. El aceite de pescado contiene \u00e1cidos grasos omega-3: \u00e1cido eicosapentaenoico (EPA) y \u00e1cido docosahexaenoico (DHA), que contribuyen al funcionamiento normal del coraz\u00f3n.<\/p>\n<p><b>\u2022<\/b> El DHA contribuye al mantenimiento de una funci\u00f3n cerebral y una visi\u00f3n normales.<br \/>\n<b>\u2022<\/b> La vitamina E contribuye a la protecci\u00f3n de las c\u00e9lulas frente al estr\u00e9s oxidativo.<br \/>\n<b>\u2022<\/b> El efecto beneficioso se consigue con una ingesta diaria de 250 mg de EPA y DHA.<br \/>\n<b>\u2022<\/b> El efecto beneficioso se consigue con una ingesta diaria de 250 mg de DHA.<\/p>\n<\/div>\n<\/div>\n<div class=\"btn\">INGREDIENTES<\/div>\n<div class=\"board\">\n<div>\n<p>100 c\u00e1psulas de gelatina blanda<\/p>\n<p><b>\u2022<\/b> <a class=\"custom-link\" href=\"\/es\/aceite-de-pescado\/\">Aceite de pescado<\/a>;<br \/>\n<b>\u2022<\/b> <a class=\"custom-link\" href=\"\/es\/vitamina-e\/\">Vitamina E<\/a>;<br \/>\n<b>\u2022<\/b> C\u00e1psula (gelatina bovina, humectante: glicerol, agua purificada);<\/p>\n<\/div>\n<\/div>\n<div class=\"btn\">USO SUGERIDO<\/div>\n<div class=\"board\">\n<div>\n<p>Se recomienda que adultos y ni\u00f1os mayores de 12 a\u00f1os tomen una c\u00e1psula al d\u00eda con abundante l\u00edquido, despu\u00e9s de las comidas. Traguen la c\u00e1psula entera con l\u00edquido. Apto para personas con diabetes.<\/p>\n<p><b>ADVERTENCIAS:<\/b><br \/>\n<b>\u2022<\/b> No lo use si es hipersensible a alguno de los ingredientes.<br \/>\n<b>\u2022<\/b> Consulte a su m\u00e9dico si est\u00e1 tomando medicamentos anticoagulantes.<br \/>\n<b>\u2022<\/b> Las mujeres embarazadas o en per\u00edodo de lactancia deben consultar a su m\u00e9dico antes de usar este producto.<br \/>\n<b>\u2022<\/b> No exceda la dosis diaria recomendada.<\/p>\n<\/div>\n<\/div>\n<\/div>","protected":false},"excerpt":{"rendered":"<div class=\"my-product-info\">\n<div class=\"two-categories\">\n<div>\n<p><img decoding=\"async\" src=\"https:\/\/www.alivitpharm.com\/wp-content\/uploads\/2025\/05\/icon-9.png\" alt=\"100% Natural\" width=\"50px\" height=\"50px\" \/><\/p>\n<div>100% Natural<\/div>\n<\/div>\n<div>\n<p><img decoding=\"async\" src=\"https:\/\/www.alivitpharm.com\/wp-content\/uploads\/2025\/05\/icon-10.png\" alt=\"Sin OGM\" width=\"50px\" height=\"50px\" \/><\/p>\n<div>Sin OGM<\/div>\n<\/div>\n<div>\n<p><img decoding=\"async\" src=\"https:\/\/www.alivitpharm.com\/wp-content\/uploads\/2025\/05\/icon-15.png\" alt=\"Sin gluten\" width=\"50px\" height=\"50px\" \/><\/p>\n<div>Sin gluten<\/div>\n<\/div>\n<\/div>\n<\/div>\n<ul>\n<li>Contribuye al funcionamiento normal del coraz\u00f3n.<\/li>\n<li>Reduce la presi\u00f3n arterial.<\/li>\n<li>Contribuye al mantenimiento del funcionamiento normal del cerebro y la visi\u00f3n.<\/li>\n<li>Reduce los niveles de triglic\u00e9ridos.<\/li>\n<li>Previene el infarto de miocardio.<\/li>\n<\/ul>","protected":false},"featured_media":13775,"comment_status":"open","ping_status":"closed","template":"","meta":{"site-sidebar-layout":"default","site-content-layout":"default","ast-global-header-display":"","ast-main-header-display":"","ast-hfb-above-header-display":"","ast-hfb-below-header-display":"","ast-hfb-mobile-header-display":"","site-post-title":"","ast-breadcrumbs-content":"","ast-featured-img":"","footer-sml-layout":"","theme-transparent-header-meta":"default","adv-header-id-meta":"","stick-header-meta":"","header-above-stick-meta":"","header-main-stick-meta":"","header-below-stick-meta":""},"product_brand":[],"product_cat":[169,174,175,183],"product_tag":[],"class_list":{"0":"post-13771","1":"product","2":"type-product","3":"status-publish","4":"has-post-thumbnail","6":"product_cat-cardiovascular-health","7":"product_cat-immune-system","8":"product_cat-nervous-system-protection","9":"product_cat-womens-health","10":"desktop-align-center","11":"tablet-align-center","12":"mobile-align-center","14":"first","15":"onbackorder","16":"shipping-taxable","17":"product-type-simple"},"_links":{"self":[{"href":"https:\/\/www.alivitpharm.com\/es\/wp-json\/wp\/v2\/product\/13771","targetHints":{"allow":["GET"]}}],"collection":[{"href":"https:\/\/www.alivitpharm.com\/es\/wp-json\/wp\/v2\/product"}],"about":[{"href":"https:\/\/www.alivitpharm.com\/es\/wp-json\/wp\/v2\/types\/product"}],"replies":[{"embeddable":true,"href":"https:\/\/www.alivitpharm.com\/es\/wp-json\/wp\/v2\/comments?post=13771"}],"wp:featuredmedia":[{"embeddable":true,"href":"https:\/\/www.alivitpharm.com\/es\/wp-json\/wp\/v2\/media\/13775"}],"wp:attachment":[{"href":"https:\/\/www.alivitpharm.com\/es\/wp-json\/wp\/v2\/media?parent=13771"}],"wp:term":[{"taxonomy":"product_brand","embeddable":true,"href":"https:\/\/www.alivitpharm.com\/es\/wp-json\/wp\/v2\/product_brand?post=13771"},{"taxonomy":"product_cat","embeddable":true,"href":"https:\/\/www.alivitpharm.com\/es\/wp-json\/wp\/v2\/product_cat?post=13771"},{"taxonomy":"product_tag","embeddable":true,"href":"https:\/\/www.alivitpharm.com\/es\/wp-json\/wp\/v2\/product_tag?post=13771"}],"curies":[{"name":"wp","href":"https:\/\/api.w.org\/{rel}","templated":true}]}}