{"id":13777,"date":"2026-01-23T10:16:41","date_gmt":"2026-01-23T08:16:41","guid":{"rendered":"https:\/\/www.alivitpharm.com\/?post_type=product&#038;p=13777"},"modified":"2026-03-04T09:36:52","modified_gmt":"2026-03-04T07:36:52","slug":"anemi-care","status":"publish","type":"product","link":"https:\/\/www.alivitpharm.com\/es\/product\/anemi-care\/","title":{"rendered":"ANEMI CARE"},"content":{"rendered":"<div class=\"product-accordion\">\n<div class=\"btn\">ABOUT ANEMI CARE<\/div>\n<div class=\"board\">\n<div>\n      <b>ANEMI CARE\u00ae<\/b> capsules contain iron, vitamin C, folic acid, beetroot, nettle herb, collard leaf and acerola fruit.<\/p>\n<p>Iron contributes to the normal formation of red blood cells and haemoglobin, normal oxygen transport in the body, normal cognitive function. Folic acid contributes to normal blood formation and plays a role in the process of cell division. Vitamin C increases the absorption of iron, while iron together with vitamin C and folic acid contributes to the normal function of the immune system and the reduction of tiredness and fatigue. Nettle supports the body&#8217;s vitality, venous circulation and the immune system, and also helps maintain heart health, contains iron and thus reduces iron deficiency anaemia.\n    <\/p><\/div>\n<\/p><\/div>\n<div class=\"btn\">INGREDIENTES<\/div>\n<div class=\"board\">\n<div>\n      56 soft gelatin capsules<\/p>\n<p>      <b>\u2022<\/b> <a class=\"custom-link\" href=\"#\">Iron<\/a>;<br \/>\n      <b>\u2022<\/b> <a class=\"custom-link\" href=\"\/es\/vitamina-c\/\">Vitamina C<\/a>;<br \/>\n      <b>\u2022<\/b> <a class=\"custom-link\" href=\"\/es\/acido-folico\/\">El \u00e1cido f\u00f3lico<\/a>;<br \/>\n      <b>\u2022<\/b> Polvo de <a class=\"custom-link\" href=\"#\">beetroot <i>(Beta vulgaris)<\/i><\/a>;<br \/>\n      <b>\u2022<\/b> Polvo de <a class=\"custom-link\" href=\"\/es\/ortiga\/\">nettle herb <i>(Urtica dioca)<\/i><\/a>;<br \/>\n      <b>\u2022<\/b> Polvo de <a class=\"custom-link\" href=\"#\">collard leaf <i>(Brassica oleracea var. Acephala)<\/i><\/a>;<br \/>\n      <b>\u2022<\/b> Polvo de <a class=\"custom-link\" href=\"#\">acerola fruit <i>(Malphigia glabra)<\/i><\/a>;<br \/>\n      <b>\u2022<\/b> C\u00e1psula (carbonato de calcio, hidroxipropilmetilcelulosa), antiaglomerante: di\u00f3xido de silicio, estearato de magnesio;\n    <\/div>\n<\/p><\/div>\n<div class=\"btn\">USO SUGERIDO<\/div>\n<div class=\"board\">\n<div>\n      Adults and children over 12 years of age are recommended to take two capsules once a day. Swallow the whole capsule with liquid. Suitable for people with diabetes.<\/p>\n<p>      <b>ADVERTENCIAS:<\/b><br \/>\n      <b>\u2022<\/b> Consulte a su m\u00e9dico si est\u00e1 tomando medicamentos.<br \/>\n      <b>\u2022<\/b> No lo use si es hipersensible a alguno de los ingredientes.<br \/>\n      <b>\u2022<\/b> It is not recommended to take more than four weeks continuously.<br \/>\n      <b>\u2022<\/b> El producto no est\u00e1 destinado a personas menores de 12 a\u00f1os ni a mujeres embarazadas o en per\u00edodo de lactancia.<br \/>\n      <b>\u2022<\/b> No exceda la dosis diaria recomendada.\n    <\/div>\n<\/p><\/div>\n<\/div>","protected":false},"excerpt":{"rendered":"<div class=\"my-product-info\">\n<div class=\"two-categories\">\n<div>\n            <img decoding=\"async\" src=\"https:\/\/www.alivitpharm.com\/wp-content\/uploads\/2025\/05\/icon-9.png\" alt=\"100% Natural\" width=\"50px\" height=\"50px\" \/><\/p>\n<div>100% Natural<\/div>\n<\/p><\/div>\n<div>\n            <img decoding=\"async\" src=\"https:\/\/www.alivitpharm.com\/wp-content\/uploads\/2025\/05\/icon-10.png\" alt=\"Sin OGM\" width=\"50px\" height=\"50px\" \/><\/p>\n<div>Sin OGM<\/div>\n<\/p><\/div>\n<div>\n            <img decoding=\"async\" src=\"https:\/\/www.alivitpharm.com\/wp-content\/uploads\/2025\/05\/icon-15.png\" alt=\"Sin gluten\" width=\"50px\" height=\"50px\" \/><\/p>\n<div>Sin gluten<\/div>\n<\/p><\/div>\n<\/p><\/div>\n<\/div>\n<ul>\n<li>Aporta una fuente natural de hierro y vitamina C.<\/li>\n<li>Contribuye a la formaci\u00f3n normal de eritrocitos.<\/li>\n<li>Contribuye al funcionamiento normal del sistema inmunitario.<\/li>\n<li>Reduce el cansancio y la fatiga.<\/li>\n<\/ul>","protected":false},"featured_media":13772,"comment_status":"open","ping_status":"closed","template":"","meta":{"site-sidebar-layout":"default","site-content-layout":"default","ast-global-header-display":"","ast-main-header-display":"","ast-hfb-above-header-display":"","ast-hfb-below-header-display":"","ast-hfb-mobile-header-display":"","site-post-title":"","ast-breadcrumbs-content":"","ast-featured-img":"","footer-sml-layout":"","theme-transparent-header-meta":"default","adv-header-id-meta":"","stick-header-meta":"","header-above-stick-meta":"","header-main-stick-meta":"","header-below-stick-meta":""},"product_brand":[],"product_cat":[169,172,174,183],"product_tag":[],"class_list":{"0":"post-13777","1":"product","2":"type-product","3":"status-publish","4":"has-post-thumbnail","6":"product_cat-cardiovascular-health","7":"product_cat-hormonal-balance","8":"product_cat-immune-system","9":"product_cat-womens-health","10":"desktop-align-center","11":"tablet-align-center","12":"mobile-align-center","14":"first","15":"onbackorder","16":"shipping-taxable","17":"product-type-simple"},"_links":{"self":[{"href":"https:\/\/www.alivitpharm.com\/es\/wp-json\/wp\/v2\/product\/13777","targetHints":{"allow":["GET"]}}],"collection":[{"href":"https:\/\/www.alivitpharm.com\/es\/wp-json\/wp\/v2\/product"}],"about":[{"href":"https:\/\/www.alivitpharm.com\/es\/wp-json\/wp\/v2\/types\/product"}],"replies":[{"embeddable":true,"href":"https:\/\/www.alivitpharm.com\/es\/wp-json\/wp\/v2\/comments?post=13777"}],"wp:featuredmedia":[{"embeddable":true,"href":"https:\/\/www.alivitpharm.com\/es\/wp-json\/wp\/v2\/media\/13772"}],"wp:attachment":[{"href":"https:\/\/www.alivitpharm.com\/es\/wp-json\/wp\/v2\/media?parent=13777"}],"wp:term":[{"taxonomy":"product_brand","embeddable":true,"href":"https:\/\/www.alivitpharm.com\/es\/wp-json\/wp\/v2\/product_brand?post=13777"},{"taxonomy":"product_cat","embeddable":true,"href":"https:\/\/www.alivitpharm.com\/es\/wp-json\/wp\/v2\/product_cat?post=13777"},{"taxonomy":"product_tag","embeddable":true,"href":"https:\/\/www.alivitpharm.com\/es\/wp-json\/wp\/v2\/product_tag?post=13777"}],"curies":[{"name":"wp","href":"https:\/\/api.w.org\/{rel}","templated":true}]}}