{"id":13786,"date":"2026-01-24T20:58:47","date_gmt":"2026-01-24T18:58:47","guid":{"rendered":"https:\/\/www.alivitpharm.com\/?post_type=product&#038;p=13786"},"modified":"2026-03-03T09:36:36","modified_gmt":"2026-03-03T07:36:36","slug":"revitox","status":"publish","type":"product","link":"https:\/\/www.alivitpharm.com\/es\/product\/revitox\/","title":{"rendered":"REVITOX"},"content":{"rendered":"<div class=\"product-accordion\">\n<div class=\"btn\">ABOUT REVITOX<\/div>\n<div class=\"board\">\n<div><b>REVITOX\u00ae<\/b> capsules contain dry extract of fermented garlic bulb, resveratrol, beta-nicotinamide mononucleotide, active principle of green tea (epigallocatechin gallate), dihydroquercetin. Fermented garlic contributes to the normal function of the immune system, helps maintain the health of the heart and blood vessels by maintaining normal levels of cholesterol and homocysteine in the blood.<\/p>\n<\/div>\n<\/div>\n<div class=\"btn\">INGREDIENTES<\/div>\n<div class=\"board\">\n<div>\n120 soft gelatin capsules<\/p>\n<p><b>\u2022<\/b> Dry extract of <a class=\"custom-link\" href=\"\/es\/black-garlic\/\">bulbo de ajo fermentado<\/a> standardized to 4% S-allyl-L-cysteine;<br \/>\n<b>\u2022<\/b> <a class=\"custom-link\" href=\"#\">Resveratrol<\/a>;<br \/>\n<b>\u2022<\/b> <a class=\"custom-link\" href=\"#\">Beta-nicotinamide mononucleotide<\/a>;<br \/>\n<b>\u2022<\/b> <a class=\"custom-link\" href=\"\/es\/te-verde\/\">Epigallocatechin gallate<\/a>;<br \/>\n<b>\u2022<\/b> <a class=\"custom-link\" href=\"#\">Dihydroquercetin<\/a>;<br \/>\n<b>\u2022<\/b> Capsule (gelatin, purified water, color: calcium carbonate), anti-caking agents: silicon dioxide and magnesium stearate;<\/p>\n<\/div>\n<\/div>\n<div class=\"btn\">USO SUGERIDO<\/div>\n<div class=\"board\">\n<div>For persons over 18 years of age, it is recommended to use one capsule a day, during or after a meal. Swallow the whole capsule with liquid. The product needs to be taken for a long time.<\/p>\n<p><b>ADVERTENCIAS:<\/b><br \/>\n<b>\u2022<\/b> No lo use si es hipersensible a alguno de los ingredientes.<br \/>\n<b>\u2022<\/b> Consulte a su m\u00e9dico si est\u00e1 tomando medicamentos.<br \/>\n<b>\u2022<\/b> El producto no est\u00e1 destinado a personas menores de 18 a\u00f1os, ni a mujeres embarazadas o en per\u00edodo de lactancia.<br \/>\n<b>\u2022<\/b> No exceda la dosis diaria recomendada.<br \/>\n<b>\u2022<\/b> You should not consume the product if you are taking other products containing green tea on the same day.<br \/>\n<b>\u2022<\/b> The product should not be consumed on an empty stomach.<br \/>\n<b>\u2022<\/b> Do not consume 800mg or more of (-)-epigallocatechin-3-gallate per day.<\/p>\n<\/div>\n<\/div>\n<\/div>","protected":false},"excerpt":{"rendered":"<p>ABOUT REVITOX REVITOX\u00ae capsules contain dry extract of fermented garlic bulb, resveratrol, beta-nicotinamide mononucleotide, active principle of green tea (epigallocatechin gallate), dihydroquercetin. Fermented garlic contributes to the normal function of the immune system, helps maintain the health of the heart and blood vessels by maintaining normal levels of cholesterol and homocysteine in the blood. INGREDIENTS &hellip;<\/p>\n<p class=\"read-more\"> <a class=\"\" href=\"https:\/\/www.alivitpharm.com\/es\/product\/revitox\/\"> <span class=\"screen-reader-text\">REVITOX<\/span> Leer m\u00e1s &raquo;<\/a><\/p>","protected":false},"featured_media":13940,"comment_status":"open","ping_status":"closed","template":"","meta":{"site-sidebar-layout":"default","site-content-layout":"default","ast-global-header-display":"","ast-main-header-display":"","ast-hfb-above-header-display":"","ast-hfb-below-header-display":"","ast-hfb-mobile-header-display":"","site-post-title":"","ast-breadcrumbs-content":"","ast-featured-img":"","footer-sml-layout":"","theme-transparent-header-meta":"default","adv-header-id-meta":"","stick-header-meta":"","header-above-stick-meta":"","header-main-stick-meta":"","header-below-stick-meta":""},"product_brand":[],"product_cat":[175,183],"product_tag":[],"class_list":{"0":"post-13786","1":"product","2":"type-product","3":"status-publish","4":"has-post-thumbnail","6":"product_cat-nervous-system-protection","7":"product_cat-womens-health","8":"desktop-align-center","9":"tablet-align-center","10":"mobile-align-center","12":"first","13":"onbackorder","14":"shipping-taxable","15":"product-type-simple"},"_links":{"self":[{"href":"https:\/\/www.alivitpharm.com\/es\/wp-json\/wp\/v2\/product\/13786","targetHints":{"allow":["GET"]}}],"collection":[{"href":"https:\/\/www.alivitpharm.com\/es\/wp-json\/wp\/v2\/product"}],"about":[{"href":"https:\/\/www.alivitpharm.com\/es\/wp-json\/wp\/v2\/types\/product"}],"replies":[{"embeddable":true,"href":"https:\/\/www.alivitpharm.com\/es\/wp-json\/wp\/v2\/comments?post=13786"}],"wp:featuredmedia":[{"embeddable":true,"href":"https:\/\/www.alivitpharm.com\/es\/wp-json\/wp\/v2\/media\/13940"}],"wp:attachment":[{"href":"https:\/\/www.alivitpharm.com\/es\/wp-json\/wp\/v2\/media?parent=13786"}],"wp:term":[{"taxonomy":"product_brand","embeddable":true,"href":"https:\/\/www.alivitpharm.com\/es\/wp-json\/wp\/v2\/product_brand?post=13786"},{"taxonomy":"product_cat","embeddable":true,"href":"https:\/\/www.alivitpharm.com\/es\/wp-json\/wp\/v2\/product_cat?post=13786"},{"taxonomy":"product_tag","embeddable":true,"href":"https:\/\/www.alivitpharm.com\/es\/wp-json\/wp\/v2\/product_tag?post=13786"}],"curies":[{"name":"wp","href":"https:\/\/api.w.org\/{rel}","templated":true}]}}