{"id":13788,"date":"2026-01-24T21:11:41","date_gmt":"2026-01-24T19:11:41","guid":{"rendered":"https:\/\/www.alivitpharm.com\/?post_type=product&#038;p=13788"},"modified":"2026-03-26T15:10:48","modified_gmt":"2026-03-26T13:10:48","slug":"cardio-max","status":"publish","type":"product","link":"https:\/\/www.alivitpharm.com\/es\/product\/cardio-max\/","title":{"rendered":"CARDIO MAX"},"content":{"rendered":"<div class=\"product-accordion\">\n<div class=\"btn\">SOBRE CARDIO MAX<\/div>\n<div class=\"board\">\n<div><b>CARDIO MAX\u00ae<\/b> c\u00e1psulas blandas de gelatina son una rica fuente de ingredientes activos procedentes del extracto de aceite de ajo fermentado, espino blanco y rojo, agripalma, valeriana, oliva y laurel.<\/p>\n<p>El ajo blanco fermentado contribuye a la salud del coraz\u00f3n, mantiene niveles normales de l\u00edpidos en la sangre y de homociste\u00edna, y de este modo contribuye a la salud de los vasos sangu\u00edneos. El espino apoya la funci\u00f3n card\u00edaca, aumenta el aporte de ox\u00edgeno, mejora la circulaci\u00f3n perif\u00e9rica y ayuda a mantener una presi\u00f3n arterial normal. La agripalma mantiene la salud del sistema cardiovascular y ayuda a mantener una presi\u00f3n arterial normal. La valeriana mejora la funci\u00f3n card\u00edaca, aumenta la elasticidad y la resistencia de las paredes de los vasos sangu\u00edneos y contribuye a normalizar la presi\u00f3n arterial. El olivo ayuda a mantener una presi\u00f3n arterial normal y contribuye a mantener niveles normales de colesterol en la sangre. El laurel ayuda a mantener una circulaci\u00f3n normal.<\/p>\n<\/div>\n<\/div>\n<div class=\"btn\">INGREDIENTES<\/div>\n<div class=\"board\">\n<div>90 c\u00e1psulas de gelatina blanda<\/p>\n<p><b>\u2022<\/b> Extracto de <a class=\"custom-link\" href=\"\/es\/black-garlic\/\">bulbo de ajo fermentado <i>(Allium sativum)<\/i><\/a> en aceite de soja;<br \/>\n<b>\u2022<\/b> Extracto de <a class=\"custom-link\" href=\"\/es\/el-espino-blanco-rojo\/\">hoja y flor de espino blanco y rojo <i>(Crataegus monogyna, Crataegus oxyacantha)<\/i><\/a> en aceite de soja;<br \/>\n<b>\u2022<\/b> Extracto de <a class=\"custom-link\" href=\"\/es\/agripalma\/\">la parte a\u00e9rea de la agripalma <i>(Leonurus cardiaca)<\/i><\/a> en aceite de soja;<br \/>\n<b>\u2022<\/b> Extracto de <a class=\"custom-link\" href=\"\/es\/valerian\/\">ra\u00edz de valeriana <i>(Valeriana officinalis)<\/i><\/a> en aceite de soja;<br \/>\n<b>\u2022<\/b> Extracto de <a class=\"custom-link\" href=\"\/es\/olive-leaf\/\">hoja de olivo <i>(Olea europaea)<\/i><\/a> en aceite de soja;<br \/>\n<b>\u2022<\/b> Extracto de <a class=\"custom-link\" href=\"\/es\/bay-laurel\/\">hoja de laurel <i>(Laurus nobilis)<\/i><\/a> en aceite de soja;<br \/>\n<b>\u2022<\/b> Gelatina bovina, humectante: glicerol, agua purificada, antiaglomerante: di\u00f3xido de silicio, antioxidante: acetato de DL-alfa-tocoferilo, colorante: carb\u00f3n vegetal;<\/p>\n<\/div>\n<\/div>\n<div class=\"btn\">USO SUGERIDO<\/div>\n<div class=\"board\">\n<div>Para mayores de 18 a\u00f1os, se recomienda tomar una c\u00e1psula tres veces al d\u00eda, durante o despu\u00e9s de las comidas. Ingerir la c\u00e1psula entera con l\u00edquido. Apto para personas con diabetes.<\/p>\n<p><b>ADVERTENCIAS:<\/b><br \/>\n<b>\u2022<\/b> No lo use si es hipersensible a alguno de los ingredientes.<br \/>\n<b>\u2022<\/b> Consulte a su m\u00e9dico si est\u00e1 tomando alg\u00fan medicamento, especialmente para bajar la presi\u00f3n arterial o anticoagulantes.<br \/>\n<b>\u2022<\/b> Antes de una cirug\u00eda programada, es necesario suspender el uso de este producto.<br \/>\n<b>\u2022<\/b> Despu\u00e9s de cuatro meses de uso del producto, es necesario tomar un descanso de un mes.<br \/>\n<b>\u2022<\/b> El producto no est\u00e1 destinado a personas menores de 18 a\u00f1os, ni a mujeres embarazadas o en per\u00edodo de lactancia.<br \/>\n<b>\u2022<\/b> No exceda la dosis diaria recomendada.<\/p>\n<\/div>\n<\/div>\n<\/div>","protected":false},"excerpt":{"rendered":"<div class=\"my-product-info\">\n<div class=\"two-categories\">\n<div><img decoding=\"async\" src=\"https:\/\/www.alivitpharm.com\/wp-content\/uploads\/2025\/05\/icon-9.png\" alt=\"100% Natural\" width=\"50px\" height=\"50px\" \/><\/p>\n<div>100% Natural<\/div>\n<\/div>\n<div><img decoding=\"async\" src=\"https:\/\/www.alivitpharm.com\/wp-content\/uploads\/2025\/05\/icon-10.png\" alt=\"Sin OGM\" width=\"50px\" height=\"50px\" \/><\/p>\n<div>Sin OGM<\/div>\n<\/div>\n<div><img decoding=\"async\" src=\"https:\/\/www.alivitpharm.com\/wp-content\/uploads\/2025\/05\/icon-15.png\" alt=\"Sin gluten\" width=\"50px\" height=\"50px\" \/><\/p>\n<div>Sin gluten<\/div>\n<\/div>\n<\/div>\n<\/div>\n<ul>\n<li>Contribuye a la salud del coraz\u00f3n y los vasos sangu\u00edneos.<\/li>\n<li>Mantiene niveles normales de l\u00edpidos y homociste\u00edna en sangre.<\/li>\n<li>Mejora la funci\u00f3n card\u00edaca.<\/li>\n<li>Normaliza la presi\u00f3n arterial.<\/li>\n<\/ul>","protected":false},"featured_media":13790,"comment_status":"open","ping_status":"closed","template":"","meta":{"site-sidebar-layout":"default","site-content-layout":"default","ast-global-header-display":"","ast-main-header-display":"","ast-hfb-above-header-display":"","ast-hfb-below-header-display":"","ast-hfb-mobile-header-display":"","site-post-title":"","ast-breadcrumbs-content":"","ast-featured-img":"","footer-sml-layout":"","theme-transparent-header-meta":"default","adv-header-id-meta":"","stick-header-meta":"","header-above-stick-meta":"","header-main-stick-meta":"","header-below-stick-meta":""},"product_brand":[],"product_cat":[169],"product_tag":[],"class_list":{"0":"post-13788","1":"product","2":"type-product","3":"status-publish","4":"has-post-thumbnail","6":"product_cat-cardiovascular-health","7":"desktop-align-center","8":"tablet-align-center","9":"mobile-align-center","11":"first","12":"onbackorder","13":"shipping-taxable","14":"product-type-simple"},"_links":{"self":[{"href":"https:\/\/www.alivitpharm.com\/es\/wp-json\/wp\/v2\/product\/13788","targetHints":{"allow":["GET"]}}],"collection":[{"href":"https:\/\/www.alivitpharm.com\/es\/wp-json\/wp\/v2\/product"}],"about":[{"href":"https:\/\/www.alivitpharm.com\/es\/wp-json\/wp\/v2\/types\/product"}],"replies":[{"embeddable":true,"href":"https:\/\/www.alivitpharm.com\/es\/wp-json\/wp\/v2\/comments?post=13788"}],"wp:featuredmedia":[{"embeddable":true,"href":"https:\/\/www.alivitpharm.com\/es\/wp-json\/wp\/v2\/media\/13790"}],"wp:attachment":[{"href":"https:\/\/www.alivitpharm.com\/es\/wp-json\/wp\/v2\/media?parent=13788"}],"wp:term":[{"taxonomy":"product_brand","embeddable":true,"href":"https:\/\/www.alivitpharm.com\/es\/wp-json\/wp\/v2\/product_brand?post=13788"},{"taxonomy":"product_cat","embeddable":true,"href":"https:\/\/www.alivitpharm.com\/es\/wp-json\/wp\/v2\/product_cat?post=13788"},{"taxonomy":"product_tag","embeddable":true,"href":"https:\/\/www.alivitpharm.com\/es\/wp-json\/wp\/v2\/product_tag?post=13788"}],"curies":[{"name":"wp","href":"https:\/\/api.w.org\/{rel}","templated":true}]}}