{"id":3096,"date":"2022-05-24T08:47:47","date_gmt":"2022-05-24T06:47:47","guid":{"rendered":"https:\/\/www.alivitpharm.com\/?post_type=product&#038;p=3096"},"modified":"2026-02-10T15:49:18","modified_gmt":"2026-02-10T13:49:18","slug":"aterostop","status":"publish","type":"product","link":"https:\/\/www.alivitpharm.com\/es\/product\/aterostop\/","title":{"rendered":"ATEROSTOP"},"content":{"rendered":"<div class=\"product-accordion\">\n<div class=\"btn\">SOBRE ATEROSTOP<\/div>\n<div class=\"board\">\n<div><b>ATEROSTOP\u00ae<\/b> ayuda a reducir la hipertensi\u00f3n arterial, regula el metabolismo del colesterol y normaliza los niveles de colesterol LDL y HDL. Se utiliza eficazmente en la prevenci\u00f3n de la aterosclerosis. El ajo fermentado y el ajo silvestre presentan una fuerte actividad antioxidante y son potentes agentes para combatir el estr\u00e9s oxidativo, un factor importante en muchos trastornos cardiovasculares. Las hojas y flores de espino blanco promueven la dilataci\u00f3n de los vasos sangu\u00edneos coronarios, favorecen el suministro de ox\u00edgeno y la perfusi\u00f3n del m\u00fasculo card\u00edaco, mejoran la fuerza de las contracciones card\u00edacas, regulan el ritmo card\u00edaco y ayudan a normalizar la presi\u00f3n arterial. Las hojas de melisa tienen efectos calmantes y sedantes, y benefician la funci\u00f3n card\u00edaca.<\/div>\n<\/div>\n<div class=\"btn\">INGREDIENTES<\/div>\n<div class=\"board\">\n<div>\n90 c\u00e1psulas duras<\/p>\n<p><b>\u2022<\/b> Polvo de <a class=\"custom-link\" href=\"\/es\/black-garlic\/\">bulbo de ajo fermentado <i>(Allium sativum)<\/i><\/a>;<br \/>\n<b>\u2022<\/b> Polvo de <a class=\"custom-link\" href=\"\/es\/el-ajo-de-oso\/\">hoja de ajo silvestre <i>(Allium ursinum)<\/i><\/a>;<br \/>\n<b>\u2022<\/b> Polvo de <a class=\"custom-link\" href=\"\/es\/el-espino-blanco-rojo\/\">hoja y flor de espino blanco y rojo <i>(Crataegus monogyna, Crataegus oxyacantha)<\/i><\/a>;<br \/>\n<b>\u2022<\/b> Polvo de <a class=\"custom-link\" href=\"\/es\/la-melisa\/\">hoja de melisa <i>(Melissa officinalis)<\/i><\/a>;<br \/>\n<b>\u2022<\/b> C\u00e1psula (gelatina, agua purificada, colorante: carbonato de calcio), antiaglomerantes: di\u00f3xido de silicio, estearato de magnesio;<\/div>\n<\/div>\n<div class=\"btn\">USO SUGERIDO<\/div>\n<div class=\"board\">\n<div>Para mayores de 12 a\u00f1os, se recomienda tomar una c\u00e1psula tres veces al d\u00eda, durante o despu\u00e9s de las comidas. Ingerir la c\u00e1psula entera con l\u00edquido. Apto para personas con diabetes.<\/p>\n<p><b>ADVERTENCIAS:<\/b><br \/>\n<b>\u2022<\/b> No exceda la dosis diaria recomendada.<br \/>\n<b>\u2022<\/b> El producto no est\u00e1 destinado a personas menores de 12 a\u00f1os ni a mujeres embarazadas o en per\u00edodo de lactancia.<br \/>\n<b>\u2022<\/b> No lo use si es hipersensible a alguno de los ingredientes.<br \/>\n<b>\u2022<\/b> Consulte a su m\u00e9dico si est\u00e1 tomando medicamentos, especialmente para bajar la presi\u00f3n arterial.<br \/>\n<b>\u2022<\/b> No tomar simult\u00e1neamente con medicamentos anticoagulantes.<br \/>\n<b>\u2022<\/b> Antes de una cirug\u00eda programada, es necesario suspender el uso de este producto.<br \/>\n<b>\u2022<\/b> Despu\u00e9s de cuatro meses de uso del producto, es necesario tomar un descanso de un mes.\n<\/div>\n<\/div>\n<\/div>","protected":false},"excerpt":{"rendered":"<div class=\"my-product-info\">\n<div class=\"two-categories\">\n<div>\n            <img decoding=\"async\" src=\"https:\/\/www.alivitpharm.com\/wp-content\/uploads\/2025\/05\/icon-9.png\" alt=\"100% Natural\" width=\"50px\" height=\"50px\" \/><\/p>\n<div>100% Natural<\/div>\n<\/p><\/div>\n<div>\n            <img decoding=\"async\" src=\"https:\/\/www.alivitpharm.com\/wp-content\/uploads\/2025\/05\/icon-10.png\" alt=\"Sin OGM\" width=\"50px\" height=\"50px\" \/><\/p>\n<div>Sin OGM<\/div>\n<\/p><\/div>\n<div>\n            <img decoding=\"async\" src=\"https:\/\/www.alivitpharm.com\/wp-content\/uploads\/2025\/05\/icon-15.png\" alt=\"Sin gluten\" width=\"50px\" height=\"50px\" \/><\/p>\n<div>Sin gluten<\/div>\n<\/p><\/div>\n<\/p><\/div>\n<\/div>\n<ul>\n<li>Previene el desarrollo de la aterosclerosis.<\/li>\n<li>Reduce los niveles elevados de grasa en el cuerpo.<\/li>\n<li>Limpia los vasos sangu\u00edneos.<\/li>\n<li>Reduce la presi\u00f3n arterial elevada.<\/li>\n<li>Potente antioxidante.<\/li>\n<\/ul>\n<p><a class=\"category-pdf-btn\" href=\"https:\/\/www.alivitpharm.com\/wp-content\/uploads\/2025\/06\/cardiovascular_health_en.pdf\" target=\"_blank\" rel=\"noopener\">Aprenda M\u00e1s Sobre La Salud Cardiovascular<\/a><\/p>","protected":false},"featured_media":13118,"comment_status":"open","ping_status":"closed","template":"","meta":{"site-sidebar-layout":"default","site-content-layout":"default","ast-global-header-display":"","ast-main-header-display":"","ast-hfb-above-header-display":"","ast-hfb-below-header-display":"","ast-hfb-mobile-header-display":"","site-post-title":"","ast-breadcrumbs-content":"","ast-featured-img":"","footer-sml-layout":"","theme-transparent-header-meta":"default","adv-header-id-meta":"","stick-header-meta":"","header-above-stick-meta":"","header-main-stick-meta":"","header-below-stick-meta":""},"product_brand":[],"product_cat":[169],"product_tag":[],"class_list":{"0":"post-3096","1":"product","2":"type-product","3":"status-publish","4":"has-post-thumbnail","6":"product_cat-cardiovascular-health","7":"desktop-align-center","8":"tablet-align-center","9":"mobile-align-center","11":"first","12":"instock","13":"shipping-taxable","14":"purchasable","15":"product-type-simple"},"_links":{"self":[{"href":"https:\/\/www.alivitpharm.com\/es\/wp-json\/wp\/v2\/product\/3096","targetHints":{"allow":["GET"]}}],"collection":[{"href":"https:\/\/www.alivitpharm.com\/es\/wp-json\/wp\/v2\/product"}],"about":[{"href":"https:\/\/www.alivitpharm.com\/es\/wp-json\/wp\/v2\/types\/product"}],"replies":[{"embeddable":true,"href":"https:\/\/www.alivitpharm.com\/es\/wp-json\/wp\/v2\/comments?post=3096"}],"wp:featuredmedia":[{"embeddable":true,"href":"https:\/\/www.alivitpharm.com\/es\/wp-json\/wp\/v2\/media\/13118"}],"wp:attachment":[{"href":"https:\/\/www.alivitpharm.com\/es\/wp-json\/wp\/v2\/media?parent=3096"}],"wp:term":[{"taxonomy":"product_brand","embeddable":true,"href":"https:\/\/www.alivitpharm.com\/es\/wp-json\/wp\/v2\/product_brand?post=3096"},{"taxonomy":"product_cat","embeddable":true,"href":"https:\/\/www.alivitpharm.com\/es\/wp-json\/wp\/v2\/product_cat?post=3096"},{"taxonomy":"product_tag","embeddable":true,"href":"https:\/\/www.alivitpharm.com\/es\/wp-json\/wp\/v2\/product_tag?post=3096"}],"curies":[{"name":"wp","href":"https:\/\/api.w.org\/{rel}","templated":true}]}}