{"id":3112,"date":"2022-05-24T13:29:38","date_gmt":"2022-05-24T11:29:38","guid":{"rendered":"https:\/\/www.alivitpharm.com\/?post_type=product&#038;p=3112"},"modified":"2026-02-26T15:58:51","modified_gmt":"2026-02-26T13:58:51","slug":"tireoplus","status":"publish","type":"product","link":"https:\/\/www.alivitpharm.com\/es\/product\/tireoplus\/","title":{"rendered":"TIREOPLUS"},"content":{"rendered":"<div class=\"product-accordion\">\n<div class=\"btn\">SOBRE TIREOPLUS<\/div>\n<div class=\"board\">\n<div>\n      <b>TIREOPLUS\u00ae<\/b> Contiene bulbo de ajo fermentado en polvo y partes a\u00e9reas de agripalma en polvo, que act\u00faan sin\u00e9rgicamente para favorecer el funcionamiento normal de la gl\u00e1ndula tiroides y proteger las c\u00e9lulas del estr\u00e9s oxidativo. El ajo fermentado posee propiedades antiinflamatorias y antioxidantes, lo que lo hace \u00fatil en casos de tiroiditis aguda. La agripalma ayuda a aliviar los s\u00edntomas del hipertiroidismo, como tensi\u00f3n nerviosa leve, ansiedad, palpitaciones, hipertensi\u00f3n en fase inicial y arritmias leves. El yodo es un componente esencial de las hormonas tiroideas y favorece su producci\u00f3n, as\u00ed como el correcto funcionamiento de la gl\u00e1ndula tiroides. El selenio contribuye al funcionamiento normal de la tiroides y del sistema inmunitario. La vitamina E y el selenio ayudan a proteger las c\u00e9lulas del da\u00f1o oxidativo.\n    <\/div>\n<\/p><\/div>\n<div class=\"btn\">INGREDIENTES<\/div>\n<div class=\"board\">\n<div>\n      90 c\u00e1psulas duras<\/p>\n<p>      <b>\u2022<\/b> Polvo de <a class=\"custom-link\" href=\"\/es\/black-garlic\/\">bulbo de ajo fermentado <i>(Allium sativum)<\/i><\/a>;<br \/>\n      <b>\u2022<\/b> Polvo de <a class=\"custom-link\" href=\"\/es\/agripalma\/\">la parte a\u00e9rea de la agripalma <i>(Leonurus cardiaca)<\/i><\/a>;<br \/>\n      <b>\u2022<\/b> <a class=\"custom-link\" href=\"\/es\/selenio\/\">Selenito de sodio (selenio)<\/a>, <a class=\"custom-link\" href=\"\/es\/yodo\/\">yoduro de potasio (yodo)<\/a>, <a class=\"custom-link\" href=\"\/es\/vitamina-e\/\">Acetato de DL-\u03b1-tocoferilo (vitamina E)<\/a>;<br \/>\n      <b>\u2022<\/b> Cubierta de la c\u00e1psula (gelatina, agua purificada, colorante: carbonato de calcio), di\u00f3xido de silicio, estearato de magnesio;\n    <\/div>\n<\/p><\/div>\n<div class=\"btn\">USO SUGERIDO<\/div>\n<div class=\"board\">\n<div>\n      Para mayores de 18 a\u00f1os, se recomienda tomar una c\u00e1psula dos veces al d\u00eda, durante o despu\u00e9s de las comidas. Ingiera la c\u00e1psula entera con l\u00edquido. El producto debe tomarse durante un tiempo prolongado. Apto para personas con diabetes.<\/p>\n<p>      <b>ADVERTENCIAS:<\/b><br \/>\n      <b>\u2022<\/b> No exceda la dosis diaria recomendada.<br \/>\n      <b>\u2022<\/b> El producto no est\u00e1 destinado a personas menores de 18 a\u00f1os, ni a mujeres embarazadas o en per\u00edodo de lactancia.<br \/>\n      <b>\u2022<\/b> No lo use si es hipersensible a alguno de los ingredientes.<br \/>\n      <b>\u2022<\/b> Consulte a su m\u00e9dico si est\u00e1 tomando medicamentos.<br \/>\n      <b>\u2022<\/b> No tomar simult\u00e1neamente con medicamentos anticoagulantes.<br \/>\n      <b>\u2022<\/b> Antes de una cirug\u00eda programada, es necesario suspender el uso de este producto.\n    <\/div>\n<\/p><\/div>\n<\/div>","protected":false},"excerpt":{"rendered":"<div class=\"my-product-info\">\n<div class=\"two-categories\">\n<div>\n            <img decoding=\"async\" src=\"https:\/\/www.alivitpharm.com\/wp-content\/uploads\/2025\/05\/icon-9.png\" alt=\"100% Natural\" width=\"50px\" height=\"50px\" \/><\/p>\n<div>100% Natural<\/div>\n<\/p><\/div>\n<div><img decoding=\"async\" src=\"https:\/\/www.alivitpharm.com\/wp-content\/uploads\/2025\/05\/icon-10.png\" alt=\"Sin OGM\" width=\"50px\" height=\"50px\" \/><\/p>\n<div>Sin OGM<\/div>\n<\/p><\/div>\n<div><img decoding=\"async\" src=\"https:\/\/www.alivitpharm.com\/wp-content\/uploads\/2025\/05\/icon-15.png\" alt=\"Sin gluten\" width=\"50px\" height=\"50px\" \/><\/p>\n<div>Sin gluten<\/div>\n<\/p><\/div>\n<\/p><\/div>\n<\/div>\n<ul>\n<li>Normaliza la funci\u00f3n tiroidea.<\/li>\n<li>Reduce la tensi\u00f3n nerviosa y la ansiedad.<\/li>\n<li>Normaliza el ritmo card\u00edaco en el hipertiroidismo.<\/li>\n<li>Ayuda con la tiroiditis aguda y el hipertiroidismo.<\/li>\n<li>Prevenci\u00f3n de los trastornos tiroideos en pacientes con s\u00edndrome de ovario poliqu\u00edstico.<\/li>\n<li>Potente antioxidante.<\/li>\n<\/ul>\n<p><a class=\"category-pdf-btn\" href=\"https:\/\/www.alivitpharm.com\/wp-content\/uploads\/2025\/07\/phytotherapy_in_managing_the_endocrine_disorders_and_hormonal_balance_en.pdf\" target=\"_blank\" rel=\"noopener\">Aprenda M\u00e1s Sobre Los Trastornos Endocrinos Y El Equilibrio Hormonal<\/a><\/p>","protected":false},"featured_media":13111,"comment_status":"open","ping_status":"closed","template":"","meta":{"site-sidebar-layout":"default","site-content-layout":"default","ast-global-header-display":"","ast-main-header-display":"","ast-hfb-above-header-display":"","ast-hfb-below-header-display":"","ast-hfb-mobile-header-display":"","site-post-title":"","ast-breadcrumbs-content":"","ast-featured-img":"","footer-sml-layout":"","theme-transparent-header-meta":"default","adv-header-id-meta":"","stick-header-meta":"","header-above-stick-meta":"","header-main-stick-meta":"","header-below-stick-meta":""},"product_brand":[],"product_cat":[172],"product_tag":[],"class_list":{"0":"post-3112","1":"product","2":"type-product","3":"status-publish","4":"has-post-thumbnail","6":"product_cat-hormonal-balance","7":"desktop-align-center","8":"tablet-align-center","9":"mobile-align-center","11":"first","12":"instock","13":"shipping-taxable","14":"purchasable","15":"product-type-simple"},"_links":{"self":[{"href":"https:\/\/www.alivitpharm.com\/es\/wp-json\/wp\/v2\/product\/3112","targetHints":{"allow":["GET"]}}],"collection":[{"href":"https:\/\/www.alivitpharm.com\/es\/wp-json\/wp\/v2\/product"}],"about":[{"href":"https:\/\/www.alivitpharm.com\/es\/wp-json\/wp\/v2\/types\/product"}],"replies":[{"embeddable":true,"href":"https:\/\/www.alivitpharm.com\/es\/wp-json\/wp\/v2\/comments?post=3112"}],"wp:featuredmedia":[{"embeddable":true,"href":"https:\/\/www.alivitpharm.com\/es\/wp-json\/wp\/v2\/media\/13111"}],"wp:attachment":[{"href":"https:\/\/www.alivitpharm.com\/es\/wp-json\/wp\/v2\/media?parent=3112"}],"wp:term":[{"taxonomy":"product_brand","embeddable":true,"href":"https:\/\/www.alivitpharm.com\/es\/wp-json\/wp\/v2\/product_brand?post=3112"},{"taxonomy":"product_cat","embeddable":true,"href":"https:\/\/www.alivitpharm.com\/es\/wp-json\/wp\/v2\/product_cat?post=3112"},{"taxonomy":"product_tag","embeddable":true,"href":"https:\/\/www.alivitpharm.com\/es\/wp-json\/wp\/v2\/product_tag?post=3112"}],"curies":[{"name":"wp","href":"https:\/\/api.w.org\/{rel}","templated":true}]}}