{"id":3116,"date":"2022-05-24T13:47:45","date_gmt":"2022-05-24T11:47:45","guid":{"rendered":"https:\/\/www.alivitpharm.com\/?post_type=product&#038;p=3116"},"modified":"2026-02-26T10:51:17","modified_gmt":"2026-02-26T08:51:17","slug":"digestiv","status":"publish","type":"product","link":"https:\/\/www.alivitpharm.com\/es\/product\/digestiv\/","title":{"rendered":"DIGESTIV"},"content":{"rendered":"<div class=\"product-accordion\">\n<div class=\"btn\">SOBRE DIGESTIV<\/div>\n<div class=\"board\">\n<div><b>DIGESTIV\u00ae<\/b> contiene seis extractos herbales cuyos componentes activos act\u00faan sin\u00e9rgicamente para aliviar las molestias digestivas. La manzanilla, la menta, la alcaravea, la ang\u00e9lica y el romero ayudan a relajar la musculatura lisa del tracto gastrointestinal y a reducir los gases. El ajo fermentado, combinado con manzanilla y alcaravea, estimula la motilidad intestinal y facilita la eliminaci\u00f3n de gases, lo que lo hace adecuado para la defecaci\u00f3n lenta (\"intestino perezoso\"), el estre\u00f1imiento y las irregularidades intestinales. Gracias a la actividad antimicrobiana del ajo fermentado y a las propiedades gastroprotectoras del aceite de oliva, esta f\u00f3rmula favorece la regeneraci\u00f3n de la mucosa g\u00e1strica e intestinal inflamada.<\/p>\n<p>Estos extractos herbales tambi\u00e9n son beneficiosos para afecciones digestivas como la dispepsia funcional, el s\u00edndrome del intestino irritable (SII) y la gastritis, ayudando a aliviar el dolor de est\u00f3mago, la hinchaz\u00f3n, los c\u00f3licos digestivos, los eructos, las n\u00e1useas y la acidez.<\/p>\n<\/div>\n<\/div>\n<div class=\"btn\">INGREDIENTES<\/div>\n<div class=\"board\">\n<div>\n90 c\u00e1psulas de gelatina blanda<\/p>\n<p><b>\u2022<\/b> Extracto de <a class=\"custom-link\" href=\"\/es\/black-garlic\/\">bulbo de ajo fermentado <i>(Allium sativum)<\/i><\/a> en <a class=\"custom-link\" href=\"\/es\/aceite-de-oliva\/\">aceite de oliva<\/a>;<br \/>\n<b>\u2022<\/b> Extracto de <a class=\"custom-link\" href=\"\/es\/manzanilla\/\">flor de manzanilla <i>(Matricaria recutita)<\/i><\/a> en <a class=\"custom-link\" href=\"\/es\/aceite-de-oliva\/\">aceite de oliva<\/a>;<br \/>\n<b>\u2022<\/b> Extracto de <a class=\"custom-link\" href=\"\/es\/menta\/\">menta <i>(Mentha \u00d7 piperita)<\/i><\/a> en <a class=\"custom-link\" href=\"\/es\/aceite-de-oliva\/\">aceite de oliva<\/a>;<br \/>\n<b>\u2022<\/b> Extracto de <a class=\"custom-link\" href=\"\/es\/alcaravea\/\">fruta de alcaravea <i>(Carum carvi)<\/i><\/a> en <a class=\"custom-link\" href=\"\/es\/aceite-de-oliva\/\">aceite de oliva<\/a>;<br \/>\n<b>\u2022<\/b> Extracto de <a class=\"custom-link\" href=\"\/es\/angelica\/\">ra\u00edz de ang\u00e9lica <i>(Angelica archangelica)<\/i><\/a> en <a class=\"custom-link\" href=\"\/es\/aceite-de-oliva\/\">aceite de oliva<\/a>;<br \/>\n<b>\u2022<\/b> Extracto de <a class=\"custom-link\" href=\"\/es\/romero\/\">hoja de romero <i>(Rosmarinus officinalis)<\/i><\/a> en <a class=\"custom-link\" href=\"\/es\/aceite-de-oliva\/\">aceite de oliva<\/a>;<br \/>\n<b>\u2022<\/b> Gelatina bovina, glicerol, agua purificada, di\u00f3xido de silicio, antioxidante: acetato de DL-\u03b1-tocoferilo, colorante: carb\u00f3n vegetal;<\/div>\n<\/div>\n<div class=\"btn\">USO SUGERIDO<\/div>\n<div class=\"board\">\n<div>Se recomienda a los adultos mayores de 12 a\u00f1os tomar una c\u00e1psula tres veces al d\u00eda, durante o despu\u00e9s de las comidas. Trague la c\u00e1psula entera con l\u00edquido. El producto debe tomarse durante un tiempo prolongado.<\/p>\n<p><b>ADVERTENCIAS:<\/b><br \/>\n<b>\u2022<\/b> No exceda la dosis diaria recomendada.<br \/>\n<b>\u2022<\/b> El producto no est\u00e1 destinado a personas menores de 12 a\u00f1os ni a mujeres embarazadas o en per\u00edodo de lactancia.<br \/>\n<b>\u2022<\/b> No lo use si es hipersensible a alguno de los ingredientes.<br \/>\n<b>\u2022<\/b> Consulte a su m\u00e9dico si est\u00e1 tomando medicamentos.<br \/>\n<b>\u2022<\/b> No tomar simult\u00e1neamente con medicamentos anticoagulantes.<br \/>\n<b>\u2022<\/b> Antes de una cirug\u00eda programada, es necesario suspender el uso de este producto.\n<\/div>\n<\/div>\n<\/div>","protected":false},"excerpt":{"rendered":"<div class=\"my-product-info\">\n<div class=\"two-categories\">\n<div>\n            <img decoding=\"async\" src=\"https:\/\/www.alivitpharm.com\/wp-content\/uploads\/2025\/05\/icon-9.png\" alt=\"100% Natural\" width=\"50px\" height=\"50px\" \/><\/p>\n<div>100% Natural<\/div>\n<\/p><\/div>\n<div>\n            <img decoding=\"async\" src=\"https:\/\/www.alivitpharm.com\/wp-content\/uploads\/2025\/05\/icon-10.png\" alt=\"Sin OGM\" width=\"50px\" height=\"50px\" \/><\/p>\n<div>Sin OGM<\/div>\n<\/p><\/div>\n<div>\n            <img decoding=\"async\" src=\"https:\/\/www.alivitpharm.com\/wp-content\/uploads\/2025\/05\/icon-15.png\" alt=\"Sin gluten\" width=\"50px\" height=\"50px\" \/><\/p>\n<div>Sin gluten<\/div>\n<\/p><\/div>\n<\/p><\/div>\n<\/div>\n<ul>\n<li>Reduce la hinchaz\u00f3n, los calambres, las n\u00e1useas y la acidez estomacal.<\/li>\n<li>Acelera la eliminaci\u00f3n de gases.<\/li>\n<li>Calma la inflamaci\u00f3n de la mucosa estomacal e intestinal.<\/li>\n<li>Acelera la digesti\u00f3n y regula la funci\u00f3n intestinal.<\/li>\n<li>Prebi\u00f3tico natural.<\/li>\n<li>Coadyuvante en el tratamiento de <i>Helicobacter pylori<\/i>.<\/li>\n<\/ul>\n<p><a class=\"category-pdf-btn\" href=\"https:\/\/www.alivitpharm.com\/wp-content\/uploads\/2025\/06\/gastrointestinal_and_liver_health_en.pdf\" target=\"_blank\" rel=\"noopener\">Aprenda M\u00e1s Sobre La Salud Gastrointestinal Y Hep\u00e1tica<\/a><\/p>","protected":false},"featured_media":13103,"comment_status":"open","ping_status":"closed","template":"","meta":{"site-sidebar-layout":"default","site-content-layout":"default","ast-global-header-display":"","ast-main-header-display":"","ast-hfb-above-header-display":"","ast-hfb-below-header-display":"","ast-hfb-mobile-header-display":"","site-post-title":"","ast-breadcrumbs-content":"","ast-featured-img":"","footer-sml-layout":"","theme-transparent-header-meta":"default","adv-header-id-meta":"","stick-header-meta":"","header-above-stick-meta":"","header-main-stick-meta":"","header-below-stick-meta":""},"product_brand":[],"product_cat":[170],"product_tag":[],"class_list":{"0":"post-3116","1":"product","2":"type-product","3":"status-publish","4":"has-post-thumbnail","6":"product_cat-digestive-system","7":"desktop-align-center","8":"tablet-align-center","9":"mobile-align-center","11":"first","12":"instock","13":"shipping-taxable","14":"purchasable","15":"product-type-simple"},"_links":{"self":[{"href":"https:\/\/www.alivitpharm.com\/es\/wp-json\/wp\/v2\/product\/3116","targetHints":{"allow":["GET"]}}],"collection":[{"href":"https:\/\/www.alivitpharm.com\/es\/wp-json\/wp\/v2\/product"}],"about":[{"href":"https:\/\/www.alivitpharm.com\/es\/wp-json\/wp\/v2\/types\/product"}],"replies":[{"embeddable":true,"href":"https:\/\/www.alivitpharm.com\/es\/wp-json\/wp\/v2\/comments?post=3116"}],"wp:featuredmedia":[{"embeddable":true,"href":"https:\/\/www.alivitpharm.com\/es\/wp-json\/wp\/v2\/media\/13103"}],"wp:attachment":[{"href":"https:\/\/www.alivitpharm.com\/es\/wp-json\/wp\/v2\/media?parent=3116"}],"wp:term":[{"taxonomy":"product_brand","embeddable":true,"href":"https:\/\/www.alivitpharm.com\/es\/wp-json\/wp\/v2\/product_brand?post=3116"},{"taxonomy":"product_cat","embeddable":true,"href":"https:\/\/www.alivitpharm.com\/es\/wp-json\/wp\/v2\/product_cat?post=3116"},{"taxonomy":"product_tag","embeddable":true,"href":"https:\/\/www.alivitpharm.com\/es\/wp-json\/wp\/v2\/product_tag?post=3116"}],"curies":[{"name":"wp","href":"https:\/\/api.w.org\/{rel}","templated":true}]}}