{"id":3118,"date":"2022-05-24T13:49:50","date_gmt":"2022-05-24T11:49:50","guid":{"rendered":"https:\/\/www.alivitpharm.com\/?post_type=product&#038;p=3118"},"modified":"2026-02-10T15:41:06","modified_gmt":"2026-02-10T13:41:06","slug":"cardio-plus","status":"publish","type":"product","link":"https:\/\/www.alivitpharm.com\/es\/product\/cardio-plus\/","title":{"rendered":"CARDIO PLUS"},"content":{"rendered":"<div class=\"product-accordion\">\n<div class=\"btn\">SOBRE CARDIO PLUS<\/div>\n<div class=\"board\">\n<div>\n      <b>CARDIO PLUS\u00ae<\/b> contiene ingredientes vegetales que favorecen el buen funcionamiento del sistema cardiovascular y ayudan a prevenir la insuficiencia card\u00edaca. El ajo fermentado proporciona una potente protecci\u00f3n antioxidante, protege las c\u00e9lulas del miocardio del estr\u00e9s oxidativo, ayuda a mantener niveles normales de colesterol total, LDL y HDL, y favorece niveles saludables de homociste\u00edna. Las hojas y flores de espino mejoran la oxigenaci\u00f3n y la circulaci\u00f3n en el tejido card\u00edaco, aumentan la fuerza de las contracciones card\u00edacas y ayudan a regular el ritmo card\u00edaco. Junto con el mu\u00e9rdago, ayudan a reducir la presi\u00f3n arterial alta.<\/p>\n<p>Este producto est\u00e1 especialmente recomendado para personas con colesterol alto, insuficiencia card\u00edaca en fase inicial o hipertensi\u00f3n, as\u00ed como para personas sanas con antecedentes familiares de enfermedades cardiovasculares.\n    <\/p><\/div>\n<\/p><\/div>\n<div class=\"btn\">INGREDIENTES<\/div>\n<div class=\"board\">\n<div>\n      90 c\u00e1psulas de gelatina blanda<\/p>\n<p>      <b>\u2022<\/b> Extracto de <a class=\"custom-link\" href=\"\/es\/black-garlic\/\">bulbo de ajo fermentado <i>(Allium sativum)<\/i><\/a> en aceite de soja;<br \/>\n      <b>\u2022<\/b> Extracto de <a class=\"custom-link\" href=\"\/es\/el-espino-blanco-rojo\/\">hoja y flor de espino blanco y rojo <i>(Crataegus monogyna, Crataegus oxyacantha)<\/i><\/a> en aceite de soja;<br \/>\n      <b>\u2022<\/b> Extracto de <a class=\"custom-link\" href=\"\/es\/muerdago-blanco\/\">hierba de mu\u00e9rdago blanco <i>(Viscum album)<\/i><\/a> en aceite de soja;<br \/>\n      <b>\u2022<\/b> Antioxidante: vitamina E, gelatina bovina, glicerol, agua purificada, di\u00f3xido de silicio, colorante: carb\u00f3n vegetal;\n    <\/div>\n<\/p><\/div>\n<div class=\"btn\">USO SUGERIDO<\/div>\n<div class=\"board\">\n<div>\n      Para mayores de 18 a\u00f1os, se recomienda tomar dos c\u00e1psulas tres veces al d\u00eda, durante o despu\u00e9s de las comidas. Ingerir la c\u00e1psula entera con l\u00edquido. Apto para personas con diabetes.<\/p>\n<p>      <b>ADVERTENCIAS:<\/b><br \/>\n      <b>\u2022<\/b> No exceda la dosis diaria recomendada.<br \/>\n      <b>\u2022<\/b> El producto no est\u00e1 destinado a personas menores de 18 a\u00f1os, mujeres embarazadas o en per\u00edodo de lactancia, as\u00ed como en caso de enfermedades inflamatorias agudas y tuberculosis.<br \/>\n      <b>\u2022<\/b> No lo use si es hipersensible a alguno de los ingredientes.<br \/>\n      <b>\u2022<\/b> Consulte a su m\u00e9dico si est\u00e1 tomando medicamentos.<br \/>\n      <b>\u2022<\/b> No tomar simult\u00e1neamente con medicamentos anticoagulantes.<br \/>\n      <b>\u2022<\/b> Se requiere especial precauci\u00f3n en pacientes que est\u00e9n tomando digoxina, betabloqueantes o antiarr\u00edtmicos en su terapia, y le aconsejamos que consulte a su m\u00e9dico o farmac\u00e9utico en caso de cualquier terapia card\u00edaca.<br \/>\n      <b>\u2022<\/b> Despu\u00e9s de cuatro meses de uso del producto, es necesario tomar un descanso de un mes.\n    <\/div>\n<\/p><\/div>\n<\/div>","protected":false},"excerpt":{"rendered":"<div class=\"my-product-info\">\n<div class=\"two-categories\">\n<div>\n            <img decoding=\"async\" src=\"https:\/\/www.alivitpharm.com\/wp-content\/uploads\/2025\/05\/icon-9.png\" alt=\"100% Natural\" width=\"50px\" height=\"50px\" \/><\/p>\n<div>100% Natural<\/div>\n<\/p><\/div>\n<div>\n            <img decoding=\"async\" src=\"https:\/\/www.alivitpharm.com\/wp-content\/uploads\/2025\/05\/icon-10.png\" alt=\"Sin OGM\" width=\"50px\" height=\"50px\" \/><\/p>\n<div>Sin OGM<\/div>\n<\/p><\/div>\n<div>\n            <img decoding=\"async\" src=\"https:\/\/www.alivitpharm.com\/wp-content\/uploads\/2025\/05\/icon-15.png\" alt=\"Sin gluten\" width=\"50px\" height=\"50px\" \/><\/p>\n<div>Sin gluten<\/div>\n<\/p><\/div>\n<\/p><\/div>\n<\/div>\n<ul>\n<li>Reduce la presi\u00f3n arterial alta.<\/li>\n<li>Reduce los niveles altos de grasa en el cuerpo.<\/li>\n<li>Fortalece el m\u00fasculo card\u00edaco, ayuda en caso de insuficiencia card\u00edaca, angina de pecho.<\/li>\n<li>Ayuda a la recuperaci\u00f3n despu\u00e9s de un ataque card\u00edaco o un derrame cerebral.<\/li>\n<li>Potente antioxidante.<\/li>\n<\/ul>\n<p><a class=\"category-pdf-btn\" href=\"https:\/\/www.alivitpharm.com\/wp-content\/uploads\/2025\/06\/cardiovascular_health_en.pdf\" target=\"_blank\" rel=\"noopener\">Aprenda M\u00e1s Sobre La Salud Cardiovascular<\/a><\/p>","protected":false},"featured_media":13101,"comment_status":"open","ping_status":"closed","template":"","meta":{"site-sidebar-layout":"default","site-content-layout":"default","ast-global-header-display":"","ast-main-header-display":"","ast-hfb-above-header-display":"","ast-hfb-below-header-display":"","ast-hfb-mobile-header-display":"","site-post-title":"","ast-breadcrumbs-content":"","ast-featured-img":"","footer-sml-layout":"","theme-transparent-header-meta":"default","adv-header-id-meta":"","stick-header-meta":"","header-above-stick-meta":"","header-main-stick-meta":"","header-below-stick-meta":""},"product_brand":[],"product_cat":[169],"product_tag":[],"class_list":{"0":"post-3118","1":"product","2":"type-product","3":"status-publish","4":"has-post-thumbnail","6":"product_cat-cardiovascular-health","7":"desktop-align-center","8":"tablet-align-center","9":"mobile-align-center","11":"first","12":"instock","13":"shipping-taxable","14":"purchasable","15":"product-type-simple"},"_links":{"self":[{"href":"https:\/\/www.alivitpharm.com\/es\/wp-json\/wp\/v2\/product\/3118","targetHints":{"allow":["GET"]}}],"collection":[{"href":"https:\/\/www.alivitpharm.com\/es\/wp-json\/wp\/v2\/product"}],"about":[{"href":"https:\/\/www.alivitpharm.com\/es\/wp-json\/wp\/v2\/types\/product"}],"replies":[{"embeddable":true,"href":"https:\/\/www.alivitpharm.com\/es\/wp-json\/wp\/v2\/comments?post=3118"}],"wp:featuredmedia":[{"embeddable":true,"href":"https:\/\/www.alivitpharm.com\/es\/wp-json\/wp\/v2\/media\/13101"}],"wp:attachment":[{"href":"https:\/\/www.alivitpharm.com\/es\/wp-json\/wp\/v2\/media?parent=3118"}],"wp:term":[{"taxonomy":"product_brand","embeddable":true,"href":"https:\/\/www.alivitpharm.com\/es\/wp-json\/wp\/v2\/product_brand?post=3118"},{"taxonomy":"product_cat","embeddable":true,"href":"https:\/\/www.alivitpharm.com\/es\/wp-json\/wp\/v2\/product_cat?post=3118"},{"taxonomy":"product_tag","embeddable":true,"href":"https:\/\/www.alivitpharm.com\/es\/wp-json\/wp\/v2\/product_tag?post=3118"}],"curies":[{"name":"wp","href":"https:\/\/api.w.org\/{rel}","templated":true}]}}