{"id":3120,"date":"2022-05-24T13:51:37","date_gmt":"2022-05-24T11:51:37","guid":{"rendered":"https:\/\/www.alivitpharm.com\/?post_type=product&#038;p=3120"},"modified":"2026-02-26T10:28:54","modified_gmt":"2026-02-26T08:28:54","slug":"neuro","status":"publish","type":"product","link":"https:\/\/www.alivitpharm.com\/es\/product\/neuro\/","title":{"rendered":"NEURO"},"content":{"rendered":"<div class=\"product-accordion\">\n<div class=\"btn\">SOBRE NEURO<\/div>\n<div class=\"board\">\n<div><b>NEURO\u00ae<\/b> contiene ajo fermentado, romero y t\u00e9 verde, que presentan potentes efectos antioxidantes y neuroprotectores. Se recomienda para la prevenci\u00f3n y el alivio de los s\u00edntomas asociados con enfermedades neurodegenerativas. Gracias a sus propiedades antiinflamatorias y a su influencia positiva en la microcirculaci\u00f3n, estas hierbas se utilizan para apoyar a personas con polineuropat\u00eda diab\u00e9tica y diversas radiculopat\u00edas, lo que hace que NEURO sea especialmente eficaz en la prevenci\u00f3n de complicaciones diab\u00e9ticas. La lavanda contribuye al equilibrio del sistema nervioso, ayuda con el agotamiento nervioso y los trastornos del sue\u00f1o, y potencia los efectos calmantes del producto.<\/p>\n<p>El ajo fermentado tiene efectos antioxidantes (neutraliza los radicales libres y protege las c\u00e9lulas del estr\u00e9s oxidativo), actividad antiinflamatoria (reduce la probabilidad de respuestas inflamatorias) y sirve como terapia de apoyo para enfermedades neurodegenerativas como la demencia, el Alzheimer y el Parkinson. En la medicina persa, adem\u00e1s de los tratamientos farmacol\u00f3gicos, se utilizan diversos remedios de origen vegetal y animal para inhibir la progresi\u00f3n de la enfermedad, siendo el ajo uno de los ingredientes clave por su potencial antioxidante y antiinflamatorio.<\/p>\n<p>Las vitaminas B1 y B6 contribuyen al funcionamiento normal del sistema nervioso y a la funci\u00f3n psicol\u00f3gica. La vitamina B2 favorece el metabolismo energ\u00e9tico y protege las c\u00e9lulas del estr\u00e9s oxidativo. El selenio ayuda a reducir la ansiedad, la depresi\u00f3n y la fatiga, y, en combinaci\u00f3n con otros antioxidantes, puede mejorar el estado de \u00e1nimo y el flujo sangu\u00edneo cerebral. La vitamina E y el selenio contribuyen a la protecci\u00f3n de las c\u00e9lulas contra el da\u00f1o oxidativo.<\/p>\n<\/div>\n<\/div>\n<div class=\"btn\">INGREDIENTES<\/div>\n<div class=\"board\">\n<div>\n90 c\u00e1psulas de gelatina blanda<\/p>\n<p><b>\u2022<\/b> Extracto de <a class=\"custom-link\" href=\"\/es\/black-garlic\/\">bulbo de ajo fermentado <i>(Allium sativum)<\/i><\/a> en aceite de soja;<br \/>\n<b>\u2022<\/b> Extracto de <a class=\"custom-link\" href=\"\/es\/lavanda\/\">flor de lavanda <i>(Lavandula angustifolia)<\/i><\/a> en aceite de soja;<br \/>\n<b>\u2022<\/b> Extracto de <a class=\"custom-link\" href=\"\/es\/romero\/\">hoja de romero <i>(Rosmarinus officinalis)<\/i><\/a> en aceite de soja;<br \/>\n<b>\u2022<\/b> Extracto de <a class=\"custom-link\" href=\"\/es\/te-verde\/\">hoja de t\u00e9 verde <i>(Camellia sinensis)<\/i><\/a> en aceite de soja;<br \/>\n<b>\u2022<\/b> <a class=\"custom-link\" href=\"\/es\/acido-alfa-lipoico\/\">\u00c1cido alfa lipoide<\/a>;<br \/>\n<b>\u2022<\/b> <a class=\"custom-link\" href=\"\/es\/vitamina-e\/\">Acetato de DL-\u03b1-tocoferilo (vitamina E)<\/a>;<br \/>\n<b>\u2022<\/b> <a class=\"custom-link\" href=\"\/es\/vitamina-b6\/\">Clorhidrato de piridoxina (vitamina B6)<\/a>;<br \/>\n<b>\u2022<\/b> <a class=\"custom-link\" href=\"\/es\/vitamina-b2\/\">Riboflavina (vitamina B2)<\/a>;<br \/>\n<b>\u2022<\/b> <a class=\"custom-link\" href=\"\/es\/vitamina-b1\/\">Mononitrato de tiamina (vitamina B1)<\/a>;<br \/>\n<b>\u2022<\/b> <a class=\"custom-link\" href=\"\/es\/selenio\/\">Selenito de sodio (selenio)<\/a>;<br \/>\n<b>\u2022<\/b> Gelatina bovina, glicerol, agua purificada, colorante: carb\u00f3n vegetal;<\/div>\n<\/div>\n<div class=\"btn\">USO SUGERIDO<\/div>\n<div class=\"board\">\n<div>Para mayores de 18 a\u00f1os, se recomienda tomar una c\u00e1psula dos veces al d\u00eda, durante o despu\u00e9s de las comidas. Ingiera la c\u00e1psula entera con l\u00edquido. El producto debe tomarse durante un tiempo prolongado. Apto para personas con diabetes.<\/p>\n<p><b>ADVERTENCIAS:<\/b><br \/>\n<b>\u2022<\/b> No exceda la dosis diaria recomendada.<br \/>\n<b>\u2022<\/b> El producto no est\u00e1 destinado a personas menores de 18 a\u00f1os, ni a mujeres embarazadas o en per\u00edodo de lactancia.<br \/>\n<b>\u2022<\/b> No lo use si es hipersensible a alguno de los ingredientes.<br \/>\n<b>\u2022<\/b> Consulte a su m\u00e9dico si est\u00e1 tomando medicamentos.<br \/>\n<b>\u2022<\/b> No tomar simult\u00e1neamente con medicamentos anticoagulantes.<br \/>\n<b>\u2022<\/b> Antes de una cirug\u00eda programada, es necesario suspender el uso de este producto.\n<\/div>\n<\/div>\n<\/div>","protected":false},"excerpt":{"rendered":"<div class=\"my-product-info\">\n<div class=\"two-categories\">\n<div>\n            <img decoding=\"async\" src=\"https:\/\/www.alivitpharm.com\/wp-content\/uploads\/2025\/05\/icon-9.png\" alt=\"100% Natural\" width=\"50px\" height=\"50px\" \/><\/p>\n<div>100% Natural<\/div>\n<\/p><\/div>\n<div>\n            <img decoding=\"async\" src=\"https:\/\/www.alivitpharm.com\/wp-content\/uploads\/2025\/05\/icon-10.png\" alt=\"Sin OGM\" width=\"50px\" height=\"50px\" \/><\/p>\n<div>Sin OGM<\/div>\n<\/p><\/div>\n<div>\n            <img decoding=\"async\" src=\"https:\/\/www.alivitpharm.com\/wp-content\/uploads\/2025\/05\/icon-15.png\" alt=\"Sin gluten\" width=\"50px\" height=\"50px\" \/><\/p>\n<div>Sin gluten<\/div>\n<\/p><\/div>\n<\/p><\/div>\n<\/div>\n<ul>\n<li>Tiene un efecto neuroprotector.<\/li>\n<li>Ayuda con enfermedades neurodegenerativas y trastornos del sue\u00f1o.<\/li>\n<li>Protege el sistema nervioso del da\u00f1o causado por el estr\u00e9s oxidativo.<\/li>\n<li>Mejora la funci\u00f3n cognitiva.<\/li>\n<li>Previene el desarrollo de polineuropat\u00edas en diab\u00e9ticos.<\/li>\n<\/ul>\n<p><a class=\"category-pdf-btn\" href=\"https:\/\/www.alivitpharm.com\/wp-content\/uploads\/2025\/07\/phytotherapy_for_neurodegeneration_and_oxidative_stress_en.pdf\" target=\"_blank\" rel=\"noopener\">Aprenda M\u00e1s Sobre La Fitoterapia Para La Neurodegeneraci\u00f3n Y El Estr\u00e9s Oxidativo.<\/a><\/p>","protected":false},"featured_media":13119,"comment_status":"open","ping_status":"closed","template":"","meta":{"site-sidebar-layout":"default","site-content-layout":"default","ast-global-header-display":"","ast-main-header-display":"","ast-hfb-above-header-display":"","ast-hfb-below-header-display":"","ast-hfb-mobile-header-display":"","site-post-title":"","ast-breadcrumbs-content":"","ast-featured-img":"","footer-sml-layout":"","theme-transparent-header-meta":"default","adv-header-id-meta":"","stick-header-meta":"","header-above-stick-meta":"","header-main-stick-meta":"","header-below-stick-meta":""},"product_brand":[],"product_cat":[175],"product_tag":[],"class_list":{"0":"post-3120","1":"product","2":"type-product","3":"status-publish","4":"has-post-thumbnail","6":"product_cat-nervous-system-protection","7":"desktop-align-center","8":"tablet-align-center","9":"mobile-align-center","11":"first","12":"instock","13":"shipping-taxable","14":"purchasable","15":"product-type-simple"},"_links":{"self":[{"href":"https:\/\/www.alivitpharm.com\/es\/wp-json\/wp\/v2\/product\/3120","targetHints":{"allow":["GET"]}}],"collection":[{"href":"https:\/\/www.alivitpharm.com\/es\/wp-json\/wp\/v2\/product"}],"about":[{"href":"https:\/\/www.alivitpharm.com\/es\/wp-json\/wp\/v2\/types\/product"}],"replies":[{"embeddable":true,"href":"https:\/\/www.alivitpharm.com\/es\/wp-json\/wp\/v2\/comments?post=3120"}],"wp:featuredmedia":[{"embeddable":true,"href":"https:\/\/www.alivitpharm.com\/es\/wp-json\/wp\/v2\/media\/13119"}],"wp:attachment":[{"href":"https:\/\/www.alivitpharm.com\/es\/wp-json\/wp\/v2\/media?parent=3120"}],"wp:term":[{"taxonomy":"product_brand","embeddable":true,"href":"https:\/\/www.alivitpharm.com\/es\/wp-json\/wp\/v2\/product_brand?post=3120"},{"taxonomy":"product_cat","embeddable":true,"href":"https:\/\/www.alivitpharm.com\/es\/wp-json\/wp\/v2\/product_cat?post=3120"},{"taxonomy":"product_tag","embeddable":true,"href":"https:\/\/www.alivitpharm.com\/es\/wp-json\/wp\/v2\/product_tag?post=3120"}],"curies":[{"name":"wp","href":"https:\/\/api.w.org\/{rel}","templated":true}]}}