{"id":3122,"date":"2022-05-24T14:11:03","date_gmt":"2022-05-24T12:11:03","guid":{"rendered":"https:\/\/www.alivitpharm.com\/?post_type=product&#038;p=3122"},"modified":"2026-02-10T15:48:31","modified_gmt":"2026-02-10T13:48:31","slug":"prostat","status":"publish","type":"product","link":"https:\/\/www.alivitpharm.com\/es\/product\/prostat\/","title":{"rendered":"PROSTAT"},"content":{"rendered":"<div class=\"product-accordion\">\n<div class=\"btn\">SOBRE PROSTAT<\/div>\n<div class=\"board\">\n<div><b>PROSTAT\u00ae<\/b> contiene extractos de hierbas que ayudan a aliviar los s\u00edntomas asociados con la hiperplasia prost\u00e1tica benigna (HPB), como la micci\u00f3n frecuente y dif\u00edcil, y tambi\u00e9n son beneficiosos para la prostatitis aguda.<\/p>\n<p>Los componentes activos del ajo fresco y fermentado ejercen efectos antioxidantes, antibacterianos y antif\u00fangicos. Reducen la s\u00edntesis de citocinas inflamatorias y act\u00faan sobre las terminaciones nerviosas de la pared vesical, mejorando la elasticidad y el ciclo de contracci\u00f3n-relajaci\u00f3n del m\u00fasculo liso vesical. En sinergia con el aceite de semilla de calabaza, estos efectos contribuyen a la eficacia de PROSTAT para aliviar los s\u00edntomas de la HPB, la prostatitis aguda y el deterioro de la funci\u00f3n vesical.<\/p>\n<\/div>\n<\/div>\n<div class=\"btn\">INGREDIENTES<\/div>\n<div class=\"board\">\n<div>\n60 c\u00e1psulas de gelatina blanda<\/p>\n<p><b>\u2022<\/b> Extracto de <a class=\"custom-link\" href=\"\/es\/black-garlic\/\">bulbo de ajo fermentado <i>(Allium sativum)<\/i><\/a> en <a class=\"custom-link\" href=\"\/es\/semilla-de-calabaza\/\">aceite de semilla de calabaza<\/a>;<br \/>\n<b>\u2022<\/b> Extracto de <a class=\"custom-link\" href=\"\/es\/ajo\/\">bulbo de ajo fresco <i>(Allium sativum)<\/i><\/a> en <a class=\"custom-link\" href=\"\/es\/semilla-de-calabaza\/\">aceite de semilla de calabaza<\/a>;<br \/>\n<b>\u2022<\/b> Gelatina bovina, glicerol, agua purificada, di\u00f3xido de silicio, antioxidante: vitamina E;<\/div>\n<\/div>\n<div class=\"btn\">USO SUGERIDO<\/div>\n<div class=\"board\">\n<div>Para mayores de 18 a\u00f1os, se recomienda tomar una c\u00e1psula tres veces al d\u00eda, durante o despu\u00e9s de las comidas. Ingerir la c\u00e1psula entera con l\u00edquido. Apto para personas con diabetes.<\/p>\n<p><b>ADVERTENCIAS:<\/b><br \/>\n<b>\u2022<\/b> No exceda la dosis diaria recomendada.<br \/>\n<b>\u2022<\/b> Este producto no est\u00e1 destinado a menores de 18 a\u00f1os ni a personas con insuficiencia hep\u00e1tica.<br \/>\n<b>\u2022<\/b> El producto debe tomarse durante un tiempo prolongado.<br \/>\n<b>\u2022<\/b> No lo use si es hipersensible a alguno de los ingredientes.<br \/>\n<b>\u2022<\/b> Consulte a su m\u00e9dico si est\u00e1 tomando medicamentos.<br \/>\n<b>\u2022<\/b> Las c\u00e1psulas no deben utilizarse junto con medicamentos que impidan la coagulaci\u00f3n sangu\u00ednea, porque prolongar el tiempo de coagulaci\u00f3n sangu\u00ednea puede aumentar el riesgo de sangrado.<br \/>\n<b>\u2022<\/b> Antes de una cirug\u00eda programada, es necesario suspender el uso del producto, ya que puede influir en la prolongaci\u00f3n del tiempo de coagulaci\u00f3n sangu\u00ednea.\n<\/div>\n<\/div>\n<\/div>","protected":false},"excerpt":{"rendered":"<div class=\"my-product-info\">\n<div class=\"two-categories\">\n<div>\n            <img decoding=\"async\" src=\"https:\/\/www.alivitpharm.com\/wp-content\/uploads\/2025\/05\/icon-9.png\" alt=\"100% Natural\" width=\"50px\" height=\"50px\" \/><\/p>\n<div>100% Natural<\/div>\n<\/p><\/div>\n<div>\n            <img decoding=\"async\" src=\"https:\/\/www.alivitpharm.com\/wp-content\/uploads\/2025\/05\/icon-10.png\" alt=\"Sin OGM\" width=\"50px\" height=\"50px\" \/><\/p>\n<div>Sin OGM<\/div>\n<\/p><\/div>\n<div>\n            <img decoding=\"async\" src=\"https:\/\/www.alivitpharm.com\/wp-content\/uploads\/2025\/05\/icon-15.png\" alt=\"Sin gluten\" width=\"50px\" height=\"50px\" \/><\/p>\n<div>Sin gluten<\/div>\n<\/p><\/div>\n<\/p><\/div>\n<\/div>\n<ul>\n<li>Ayuda con la hiperplasia prost\u00e1tica benigna.<\/li>\n<li>Reduce los s\u00edntomas de la prostatitis aguda.<\/li>\n<li>Ayuda con la incontinencia en mujeres y hombres.<\/li>\n<li>Alivia la micci\u00f3n dif\u00edcil y frecuente.<\/li>\n<\/ul>\n<p><a class=\"category-pdf-btn\" href=\"https:\/\/www.alivitpharm.com\/wp-content\/uploads\/2025\/06\/the_urogenital_tract_en.pdf\" target=\"_blank\" rel=\"noopener\">Aprenda M\u00e1s Sobre El Tracto Urogenital<\/a><\/p>","protected":false},"featured_media":13231,"comment_status":"open","ping_status":"closed","template":"","meta":{"site-sidebar-layout":"default","site-content-layout":"default","ast-global-header-display":"","ast-main-header-display":"","ast-hfb-above-header-display":"","ast-hfb-below-header-display":"","ast-hfb-mobile-header-display":"","site-post-title":"","ast-breadcrumbs-content":"","ast-featured-img":"","footer-sml-layout":"","theme-transparent-header-meta":"default","adv-header-id-meta":"","stick-header-meta":"","header-above-stick-meta":"","header-main-stick-meta":"","header-below-stick-meta":""},"product_brand":[],"product_cat":[179],"product_tag":[],"class_list":{"0":"post-3122","1":"product","2":"type-product","3":"status-publish","4":"has-post-thumbnail","6":"product_cat-mens-health","7":"desktop-align-center","8":"tablet-align-center","9":"mobile-align-center","11":"first","12":"instock","13":"shipping-taxable","14":"purchasable","15":"product-type-simple"},"_links":{"self":[{"href":"https:\/\/www.alivitpharm.com\/es\/wp-json\/wp\/v2\/product\/3122","targetHints":{"allow":["GET"]}}],"collection":[{"href":"https:\/\/www.alivitpharm.com\/es\/wp-json\/wp\/v2\/product"}],"about":[{"href":"https:\/\/www.alivitpharm.com\/es\/wp-json\/wp\/v2\/types\/product"}],"replies":[{"embeddable":true,"href":"https:\/\/www.alivitpharm.com\/es\/wp-json\/wp\/v2\/comments?post=3122"}],"wp:featuredmedia":[{"embeddable":true,"href":"https:\/\/www.alivitpharm.com\/es\/wp-json\/wp\/v2\/media\/13231"}],"wp:attachment":[{"href":"https:\/\/www.alivitpharm.com\/es\/wp-json\/wp\/v2\/media?parent=3122"}],"wp:term":[{"taxonomy":"product_brand","embeddable":true,"href":"https:\/\/www.alivitpharm.com\/es\/wp-json\/wp\/v2\/product_brand?post=3122"},{"taxonomy":"product_cat","embeddable":true,"href":"https:\/\/www.alivitpharm.com\/es\/wp-json\/wp\/v2\/product_cat?post=3122"},{"taxonomy":"product_tag","embeddable":true,"href":"https:\/\/www.alivitpharm.com\/es\/wp-json\/wp\/v2\/product_tag?post=3122"}],"curies":[{"name":"wp","href":"https:\/\/api.w.org\/{rel}","templated":true}]}}