{"id":3124,"date":"2022-05-24T14:13:40","date_gmt":"2022-05-24T12:13:40","guid":{"rendered":"https:\/\/www.alivitpharm.com\/?post_type=product&#038;p=3124"},"modified":"2026-02-26T11:15:21","modified_gmt":"2026-02-26T09:15:21","slug":"immuno-active","status":"publish","type":"product","link":"https:\/\/www.alivitpharm.com\/es\/product\/immuno-active\/","title":{"rendered":"IMMUNO ACTIVE"},"content":{"rendered":"<div class=\"product-accordion\">\n<div class=\"btn\">SOBRE IMMUNO ACTIVE<\/div>\n<div class=\"board\">\n<div><b>IMMUNO ACTIVE\u00ae<\/b> Contiene ingredientes vegetales que fortalecen el sistema inmunitario, especialmente en pacientes inmunodeprimidos, as\u00ed como en personas con enfermedades cr\u00f3nicas, sometidas a alto estr\u00e9s f\u00edsico o psicol\u00f3gico, o propensas a infecciones frecuentes. El ajo fermentado ayuda al cuerpo a responder al estr\u00e9s y refuerza la salud inmunitaria gracias a sus propiedades antibacterianas y antioxidantes. Se utiliza tradicionalmente para aliviar los s\u00edntomas del resfriado y la gripe. El ajo fermentado, el sa\u00faco, el escaramujo y el rizoma de jengibre son potentes antioxidantes con una potente actividad antimicrobiana. Juntos, ayudan a fortalecer el sistema inmunitario debilitado y a prevenir infecciones respiratorias y urinarias, tos, dolor de garganta e inflamaci\u00f3n de las mucosas. La vitamina C act\u00faa como antioxidante y desempe\u00f1a un papel crucial en el apoyo inmunitario. Tambi\u00e9n contribuye a la absorci\u00f3n de hierro y a la formaci\u00f3n de gl\u00f3bulos rojos. La vitamina D3 promueve la absorci\u00f3n de calcio y f\u00f3sforo y contribuye al mantenimiento de la funci\u00f3n \u00f3sea y muscular normal, adem\u00e1s de participar en la divisi\u00f3n celular. El zinc y el selenio ayudan a equilibrar la actividad hormonal, mejorando la resistencia y la resiliencia inmunitaria del cuerpo.<\/div>\n<\/div>\n<div class=\"btn\">INGREDIENTES<\/div>\n<div class=\"board\">\n<div>\n90 c\u00e1psulas de gelatina blanda<\/p>\n<p><b>\u2022<\/b> Extracto de <a class=\"custom-link\" href=\"\/es\/black-garlic\/\">bulbo de ajo fermentado <i>(Allium sativum)<\/i><\/a> en aceite de soja;<br \/>\n<b>\u2022<\/b> Extracto de <a class=\"custom-link\" href=\"\/es\/sauco-negro\/\">fruto del sa\u00faco negro <i>(Sambucus nigra)<\/i><\/a> en aceite de soja;<br \/>\n<b>\u2022<\/b> Extracto de <a class=\"custom-link\" href=\"\/es\/jengibre\/\">rizoma de jengibre <i>(Zingiber officinale)<\/i><\/a> en aceite de soja;<br \/>\n<b>\u2022<\/b> Extracto de <a class=\"custom-link\" href=\"\/es\/escaramujo\/\">fruto de escaramujo <i>(Rosa canina)<\/i><\/a> en aceite de soja;<br \/>\n<b>\u2022<\/b> <a class=\"custom-link\" href=\"\/es\/vitamina-c\/\">Palmitato de ascorbilo (vitamina C)<\/a>;<br \/>\n<b>\u2022<\/b> <a class=\"custom-link\" href=\"\/es\/vitamina-d3\/\">Colecalciferol (vitamina D3)<\/a>;<br \/>\n<b>\u2022<\/b> <a class=\"custom-link\" href=\"\/es\/selenio\/\">Selenito de sodio (selenio)<\/a>;<br \/>\n<b>\u2022<\/b> <a class=\"custom-link\" href=\"\/es\/zinc\/\">Citrato de zinc trihidratado (zinc)<\/a>;<br \/>\n<b>\u2022<\/b> Gelatina bovina, glicerol, agua purificada, di\u00f3xido de silicio, antioxidante: acetato de DL-\u03b1-tocoferilo, colorante: carb\u00f3n vegetal;<\/div>\n<\/div>\n<div class=\"btn\">USO SUGERIDO<\/div>\n<div class=\"board\">\n<div>Se recomienda a los adultos tomar una c\u00e1psula dos veces al d\u00eda, durante o despu\u00e9s de las comidas, mientras que a los ni\u00f1os mayores de 12 a\u00f1os se les recomienda tomar una c\u00e1psula al d\u00eda. Trague la c\u00e1psula entera con l\u00edquido. El producto se puede tomar durante un tiempo prolongado. Apto para personas con diabetes.<\/p>\n<p><b>ADVERTENCIAS:<\/b><br \/>\n<b>\u2022<\/b> No exceda la dosis diaria recomendada.<br \/>\n<b>\u2022<\/b> El producto no est\u00e1 destinado a personas menores de 12 a\u00f1os, mujeres embarazadas o en per\u00edodo de lactancia y personas con insuficiencia hep\u00e1tica.<br \/>\n<b>\u2022<\/b> No lo use si es hipersensible a alguno de los ingredientes.<br \/>\n<b>\u2022<\/b> Consulte a su m\u00e9dico si est\u00e1 tomando medicamentos.<br \/>\n<b>\u2022<\/b> No tomar simult\u00e1neamente con medicamentos anticoagulantes.<br \/>\n<b>\u2022<\/b> Antes de una cirug\u00eda programada, es necesario suspender el uso de este producto.\n<\/div>\n<\/div>\n<\/div>","protected":false},"excerpt":{"rendered":"<div class=\"my-product-info\">\n<div class=\"two-categories\">\n<div>\n            <img decoding=\"async\" src=\"https:\/\/www.alivitpharm.com\/wp-content\/uploads\/2025\/05\/icon-9.png\" alt=\"100% Natural\" width=\"50px\" height=\"50px\" \/><\/p>\n<div>100% Natural<\/div>\n<\/p><\/div>\n<div>\n            <img decoding=\"async\" src=\"https:\/\/www.alivitpharm.com\/wp-content\/uploads\/2025\/05\/icon-10.png\" alt=\"Sin OGM\" width=\"50px\" height=\"50px\" \/><\/p>\n<div>Sin OGM<\/div>\n<\/p><\/div>\n<div>\n            <img decoding=\"async\" src=\"https:\/\/www.alivitpharm.com\/wp-content\/uploads\/2025\/05\/icon-15.png\" alt=\"Sin gluten\" width=\"50px\" height=\"50px\" \/><\/p>\n<div>Sin gluten<\/div>\n<\/p><\/div>\n<\/p><\/div>\n<\/div>\n<ul>\n<li>Fortalece un sistema inmunol\u00f3gico debilitado.<\/li>\n<li>Previene la aparici\u00f3n de infecciones del tracto respiratorio superior.<\/li>\n<li>Acelera la recuperaci\u00f3n de infecciones causadas por el virus de la gripe y el coronavirus.<\/li>\n<li>Ayuda con las alergias estacionales.<\/li>\n<li>Potente antioxidante.<\/li>\n<\/ul>\n<p><a class=\"category-pdf-btn\" href=\"https:\/\/www.alivitpharm.com\/wp-content\/uploads\/2025\/07\/phytotherapy_for_immune_system_en.pdf\" target=\"_blank\" rel=\"noopener\">Aprenda m\u00e1s sobre el sistema inmunol\u00f3gico<\/a><\/p>\n<div class=\"product-packages\">\n<h4>Elige tu paquete<\/h4>\n<div class=\"package-item active\">1 paquete (45 d\u00edas de uso)<\/div>\n<div class=\"package-item\">2 paquetes (90 d\u00edas de uso) \u2013 <b>Ahorre un 10%<\/b><\/div>\n<div class=\"package-item\">3 paquetes (135 d\u00edas de uso) \u2013 <b>Ahorre un 15%<\/b><\/div>\n<\/div>","protected":false},"featured_media":13105,"comment_status":"open","ping_status":"closed","template":"","meta":{"site-sidebar-layout":"default","site-content-layout":"default","ast-global-header-display":"","ast-main-header-display":"","ast-hfb-above-header-display":"","ast-hfb-below-header-display":"","ast-hfb-mobile-header-display":"","site-post-title":"","ast-breadcrumbs-content":"","ast-featured-img":"","footer-sml-layout":"","theme-transparent-header-meta":"default","adv-header-id-meta":"","stick-header-meta":"","header-above-stick-meta":"","header-main-stick-meta":"","header-below-stick-meta":""},"product_brand":[],"product_cat":[174,177],"product_tag":[],"class_list":{"0":"post-3124","1":"product","2":"type-product","3":"status-publish","4":"has-post-thumbnail","6":"product_cat-immune-system","7":"product_cat-urinary-infections","8":"desktop-align-center","9":"tablet-align-center","10":"mobile-align-center","12":"first","13":"instock","14":"shipping-taxable","15":"purchasable","16":"product-type-simple"},"_links":{"self":[{"href":"https:\/\/www.alivitpharm.com\/es\/wp-json\/wp\/v2\/product\/3124","targetHints":{"allow":["GET"]}}],"collection":[{"href":"https:\/\/www.alivitpharm.com\/es\/wp-json\/wp\/v2\/product"}],"about":[{"href":"https:\/\/www.alivitpharm.com\/es\/wp-json\/wp\/v2\/types\/product"}],"replies":[{"embeddable":true,"href":"https:\/\/www.alivitpharm.com\/es\/wp-json\/wp\/v2\/comments?post=3124"}],"wp:featuredmedia":[{"embeddable":true,"href":"https:\/\/www.alivitpharm.com\/es\/wp-json\/wp\/v2\/media\/13105"}],"wp:attachment":[{"href":"https:\/\/www.alivitpharm.com\/es\/wp-json\/wp\/v2\/media?parent=3124"}],"wp:term":[{"taxonomy":"product_brand","embeddable":true,"href":"https:\/\/www.alivitpharm.com\/es\/wp-json\/wp\/v2\/product_brand?post=3124"},{"taxonomy":"product_cat","embeddable":true,"href":"https:\/\/www.alivitpharm.com\/es\/wp-json\/wp\/v2\/product_cat?post=3124"},{"taxonomy":"product_tag","embeddable":true,"href":"https:\/\/www.alivitpharm.com\/es\/wp-json\/wp\/v2\/product_tag?post=3124"}],"curies":[{"name":"wp","href":"https:\/\/api.w.org\/{rel}","templated":true}]}}