{"id":8642,"date":"2023-02-28T14:44:50","date_gmt":"2023-02-28T12:44:50","guid":{"rendered":"https:\/\/www.alivitpharm.com\/?post_type=product&#038;p=8642"},"modified":"2026-03-10T11:26:47","modified_gmt":"2026-03-10T09:26:47","slug":"prostat-plus","status":"publish","type":"product","link":"https:\/\/www.alivitpharm.com\/es\/product\/prostat-plus\/","title":{"rendered":"PROSTAT PLUS"},"content":{"rendered":"<div class=\"product-accordion\">\n<div class=\"btn\">SOBRE PROSTAT PLUS<\/div>\n<div class=\"board\">\n<div><b>PROSTAT PLUS\u00ae<\/b> Contiene extractos de hierbas que se utilizan para aliviar los s\u00edntomas asociados con la hiperplasia prost\u00e1tica benigna, como la micci\u00f3n frecuente y dif\u00edcil, as\u00ed como la prostatitis cr\u00f3nica.<\/p>\n<p>Los ingredientes activos del ajo fresco y fermentado act\u00faan como antioxidantes, antibacterianos y antif\u00fangicos. Reducen la producci\u00f3n de citocinas inflamatorias y mejoran la flexibilidad del m\u00fasculo liso de la vejiga al actuar sobre las terminaciones nerviosas. La c\u00farcuma tiene propiedades antimicrobianas, antioxidantes y antiinflamatorias. Ayuda a reducir la s\u00edntesis de citocinas y a aliviar los s\u00edntomas de la prostatitis cr\u00f3nica. La pimienta negra mejora la biodisponibilidad de muchos compuestos activos, incluida la curcumina. El epilobo es beneficiosa no solo para la salud de la pr\u00f3stata, sino tambi\u00e9n para afecciones de la vejiga y los ri\u00f1ones. La ortiga tiene un efecto diur\u00e9tico, promueve el flujo de orina y presenta propiedades antiinflamatorias, lo que la hace \u00fatil para diversas infecciones del tracto urinario. Junto con el aceite de semilla de calabaza, estos extractos de hierbas ayudan a aliviar los s\u00edntomas de la HBP, la prostatitis cr\u00f3nica y el deterioro de la funci\u00f3n vesical.<\/p>\n<\/div>\n<\/div>\n<div class=\"btn\">INGREDIENTES<\/div>\n<div class=\"board\">\n<div>\n90 c\u00e1psulas de gelatina blanda<\/p>\n<p><b>\u2022<\/b> Extracto de <a class=\"custom-link\" href=\"\/es\/black-garlic\/\">bulbo de ajo fermentado <i>(Allium sativum)<\/i><\/a> en <a class=\"custom-link\" href=\"\/es\/semilla-de-calabaza\/\">aceite de semilla de calabaza<\/a>;<br \/>\n<b>\u2022<\/b> Extracto de <a class=\"custom-link\" href=\"\/es\/epilobio\/\">hierba de epilobio <i>(Epilobium parviflorum)<\/i><\/a> en aceite de colza<br \/>\n<b>\u2022<\/b> Extracto de <a class=\"custom-link\" href=\"\/es\/curcuma\/\">ra\u00edz de c\u00farcuma <i>(Curcuma longa)<\/i><\/a> en aceite de colza<br \/>\n<b>\u2022<\/b> Extracto de <a class=\"custom-link\" href=\"\/es\/ortiga\/\">hoja y ra\u00edz de ortiga <i>(Urtica dioica)<\/i><\/a> en aceite de colza<br \/>\n<b>\u2022<\/b> Extracto de <a class=\"custom-link\" href=\"\/es\/pimienta-negra\/\">fruto de la pimienta negra <i>(Piper nigrum)<\/i><\/a> en aceite de colza<br \/>\n<b>\u2022<\/b> <a class=\"custom-link\" href=\"\/es\/vitamina-e\/\">Acetato de DL-\u03b1-tocoferilo (vitamina E)<\/a>, <a class=\"custom-link\" href=\"\/es\/zinc\/\">citrato de zinc trihidratado<\/a>, <a class=\"custom-link\" href=\"\/es\/selenio\/\">selenito de sodio (selenio)<\/a>;<br \/>\n<b>\u2022<\/b> Gelatina bovina, glicerol, agua purificada, di\u00f3xido de silicio, colorante: carb\u00f3n vegetal;<\/div>\n<\/div>\n<div class=\"btn\">USO SUGERIDO<\/div>\n<div class=\"board\">\n<div>Para mayores de 18 a\u00f1os, se recomienda tomar una c\u00e1psula tres veces al d\u00eda, durante o despu\u00e9s de las comidas. Ingerir la c\u00e1psula entera con l\u00edquido. Apto para personas con diabetes.<\/p>\n<p><b>ADVERTENCIAS:<\/b><br \/>\n<b>\u2022<\/b> No exceda la dosis diaria recomendada.<br \/>\n<b>\u2022<\/b> Este producto no est\u00e1 destinado a menores de 18 a\u00f1os ni a personas con insuficiencia hep\u00e1tica.<br \/>\n<b>\u2022<\/b> El producto no est\u00e1 recomendado para personas que padecen c\u00e1lculos biliares, reflujo gastroesof\u00e1gico (ERGE) y otros trastornos del sistema digestivo, as\u00ed como trastornos de la tiroides, mujeres embarazadas y lactantes.<br \/>\n<b>\u2022<\/b> No lo use si es hipersensible a alguno de los ingredientes.<br \/>\n<b>\u2022<\/b> Consulte a su m\u00e9dico si est\u00e1 tomando medicamentos.<br \/>\n<b>\u2022<\/b> No tomar simult\u00e1neamente con medicamentos anticoagulantes.<br \/>\n<b>\u2022<\/b> Antes de una cirug\u00eda programada, es necesario suspender el uso del producto, ya que puede influir en la prolongaci\u00f3n del tiempo de coagulaci\u00f3n sangu\u00ednea.<br \/>\n<b>\u2022<\/b> Despu\u00e9s de aplicar la preparaci\u00f3n de forma continua durante cuatro semanas, es necesario tomar un descanso de diez d\u00edas.\n<\/div>\n<\/div>\n<\/div>","protected":false},"excerpt":{"rendered":"<div class=\"my-product-info\">\n<div class=\"two-categories\">\n<div>\n            <img decoding=\"async\" src=\"https:\/\/www.alivitpharm.com\/wp-content\/uploads\/2025\/05\/icon-9.png\" alt=\"100% Natural\" width=\"50px\" height=\"50px\" \/><\/p>\n<div>100% Natural<\/div>\n<\/p><\/div>\n<div>\n            <img decoding=\"async\" src=\"https:\/\/www.alivitpharm.com\/wp-content\/uploads\/2025\/05\/icon-10.png\" alt=\"Sin OGM\" width=\"50px\" height=\"50px\" \/><\/p>\n<div>Sin OGM<\/div>\n<\/p><\/div>\n<div>\n            <img decoding=\"async\" src=\"https:\/\/www.alivitpharm.com\/wp-content\/uploads\/2025\/05\/icon-15.png\" alt=\"Sin gluten\" width=\"50px\" height=\"50px\" \/><\/p>\n<div>Sin gluten<\/div>\n<\/p><\/div>\n<\/p><\/div>\n<\/div>\n<ul>\n<li>Alivia los s\u00edntomas de la prostatitis cr\u00f3nica.<\/li>\n<li>Ayuda con la hiperplasia prost\u00e1tica benigna.<\/li>\n<li>Funci\u00f3n de vejiga debilitada.<\/li>\n<li>Ayuda con la micci\u00f3n frecuente (nocturna).<\/li>\n<\/ul>\n<p><a class=\"category-pdf-btn\" href=\"https:\/\/www.alivitpharm.com\/wp-content\/uploads\/2025\/06\/the_urogenital_tract_en.pdf\" target=\"_blank\" rel=\"noopener\">Aprenda M\u00e1s Sobre El Tracto Urogenital<\/a><\/p>","protected":false},"featured_media":13127,"comment_status":"open","ping_status":"closed","template":"","meta":{"site-sidebar-layout":"default","site-content-layout":"default","ast-global-header-display":"","ast-main-header-display":"","ast-hfb-above-header-display":"","ast-hfb-below-header-display":"","ast-hfb-mobile-header-display":"","site-post-title":"","ast-breadcrumbs-content":"","ast-featured-img":"","footer-sml-layout":"","theme-transparent-header-meta":"default","adv-header-id-meta":"","stick-header-meta":"","header-above-stick-meta":"","header-main-stick-meta":"","header-below-stick-meta":""},"product_brand":[],"product_cat":[179],"product_tag":[],"class_list":{"0":"post-8642","1":"product","2":"type-product","3":"status-publish","4":"has-post-thumbnail","6":"product_cat-mens-health","7":"desktop-align-center","8":"tablet-align-center","9":"mobile-align-center","11":"first","12":"instock","13":"shipping-taxable","14":"purchasable","15":"product-type-simple"},"_links":{"self":[{"href":"https:\/\/www.alivitpharm.com\/es\/wp-json\/wp\/v2\/product\/8642","targetHints":{"allow":["GET"]}}],"collection":[{"href":"https:\/\/www.alivitpharm.com\/es\/wp-json\/wp\/v2\/product"}],"about":[{"href":"https:\/\/www.alivitpharm.com\/es\/wp-json\/wp\/v2\/types\/product"}],"replies":[{"embeddable":true,"href":"https:\/\/www.alivitpharm.com\/es\/wp-json\/wp\/v2\/comments?post=8642"}],"wp:featuredmedia":[{"embeddable":true,"href":"https:\/\/www.alivitpharm.com\/es\/wp-json\/wp\/v2\/media\/13127"}],"wp:attachment":[{"href":"https:\/\/www.alivitpharm.com\/es\/wp-json\/wp\/v2\/media?parent=8642"}],"wp:term":[{"taxonomy":"product_brand","embeddable":true,"href":"https:\/\/www.alivitpharm.com\/es\/wp-json\/wp\/v2\/product_brand?post=8642"},{"taxonomy":"product_cat","embeddable":true,"href":"https:\/\/www.alivitpharm.com\/es\/wp-json\/wp\/v2\/product_cat?post=8642"},{"taxonomy":"product_tag","embeddable":true,"href":"https:\/\/www.alivitpharm.com\/es\/wp-json\/wp\/v2\/product_tag?post=8642"}],"curies":[{"name":"wp","href":"https:\/\/api.w.org\/{rel}","templated":true}]}}