{"id":8644,"date":"2023-03-01T09:30:55","date_gmt":"2023-03-01T07:30:55","guid":{"rendered":"https:\/\/www.alivitpharm.com\/?post_type=product&#038;p=8644"},"modified":"2026-02-10T15:50:00","modified_gmt":"2026-02-10T13:50:00","slug":"alisept","status":"publish","type":"product","link":"https:\/\/www.alivitpharm.com\/es\/product\/alisept\/","title":{"rendered":"ALISEPT"},"content":{"rendered":"<div class=\"product-accordion\">\n<div class=\"btn\">SOBRE ALISEPT<\/div>\n<div class=\"board\">\n<div>\n      <b>ALISEPT\u00ae<\/b> Contiene hierbas recomendadas para aliviar los s\u00edntomas de las infecciones e inflamaci\u00f3n del tracto urinario, y tambi\u00e9n puede usarse de forma preventiva en personas propensas a infecciones urinarias recurrentes. Los extractos oleosos de bulbo de ajo, or\u00e9gano, fruto de cornalina y fruto de ar\u00e1ndano rojo presentan una actividad antimicrobiana, antiinflamatoria y antis\u00e9ptica de amplio espectro, ayudando a combatir infecciones causadas por diversos microorganismos, especialmente <i>Escherichia coli<\/i>El alto contenido de \u00e1cidos naturales del ar\u00e1ndano rojo ayuda a reducir el pH en el tracto urinario, previniendo el crecimiento bacteriano y su adhesi\u00f3n a las paredes del mismo. El or\u00e9gano es particularmente eficaz contra las infecciones f\u00fangicas causadas por <i>Candida spp<\/i>La hoja de perejil y la ra\u00edz de r\u00e1bano picante tienen efectos diur\u00e9ticos, facilitan la micci\u00f3n, ayudan a prevenir la formaci\u00f3n de c\u00e1lculos renales y favorecen la funci\u00f3n del tracto urinario. La hoja de menta, gracias a su acci\u00f3n antiespasm\u00f3dica, alivia los c\u00f3licos y el dolor causados \u200b\u200bpor la inflamaci\u00f3n de la vejiga y el tracto urinario.\n    <\/div>\n<\/p><\/div>\n<div class=\"btn\">INGREDIENTES<\/div>\n<div class=\"board\">\n<div>\n      90 c\u00e1psulas de gelatina blanda<\/p>\n<p>      <b>\u2022<\/b> Extracto de <a class=\"custom-link\" href=\"\/es\/ajo\/\">bulbo de ajo fresco <i>(Allium sativum)<\/i><\/a> en aceite de colza<br \/>\n      <b>\u2022<\/b> Extracto de <a class=\"custom-link\" href=\"\/es\/perejil\/\">hoja de perejil <i>(Petroselinum crispum)<\/i><\/a> en aceite de colza<br \/>\n      <b>\u2022<\/b> Extracto de <a class=\"custom-link\" href=\"\/es\/oregano\/\">hierba de or\u00e9gano <i>(Origanum vulgare)<\/i><\/a> en aceite de colza<br \/>\n      <b>\u2022<\/b> Extracto de <a class=\"custom-link\" href=\"\/es\/cornalina\/\">fruto del cornejo <i>(Cornus mas)<\/i><\/a> en aceite de colza<br \/>\n      <b>\u2022<\/b> Extracto de <a class=\"custom-link\" href=\"\/es\/rabano-picante\/\">ra\u00edz de r\u00e1bano picante <i>(Armoracia rusticana)<\/i><\/a> en aceite de colza<br \/>\n      <b>\u2022<\/b> Extracto de <a class=\"custom-link\" href=\"\/es\/arandano-rojo\/\">fruta de ar\u00e1ndano <i>(Vaccinium vitis-idaea)<\/i><\/a> en aceite de colza<br \/>\n      <b>\u2022<\/b> Extracto de <a class=\"custom-link\" href=\"\/es\/menta\/\">menta <i>(Mentha \u00d7 piperita)<\/i><\/a> en aceite de colza<br \/>\n      <b>\u2022<\/b> Gelatina bovina, glicerol, agua purificada, antioxidante: acetato de DL-\u03b1-tocoferilo;\n    <\/div>\n<\/p><\/div>\n<div class=\"btn\">USO SUGERIDO<\/div>\n<div class=\"board\">\n<div>\n      Para mayores de 18 a\u00f1os, se recomienda tomar una c\u00e1psula tres veces al d\u00eda, durante o despu\u00e9s de las comidas. Ingerir la c\u00e1psula entera con l\u00edquido. Apto para personas con diabetes.<\/p>\n<p>      <b>ADVERTENCIAS:<\/b><br \/>\n      <b>\u2022<\/b> No exceda la dosis diaria recomendada.<br \/>\n      <b>\u2022<\/b> El producto no est\u00e1 destinado a mujeres embarazadas o en per\u00edodo de lactancia.<br \/>\n      <b>\u2022<\/b> No lo use si es hipersensible a alguno de los ingredientes.<br \/>\n      <b>\u2022<\/b> Consulte a su m\u00e9dico si est\u00e1 tomando medicamentos.<br \/>\n      <b>\u2022<\/b> No tomar simult\u00e1neamente con medicamentos anticoagulantes.<br \/>\n      <b>\u2022<\/b> Antes de una cirug\u00eda programada, es necesario suspender el uso de este producto.\n    <\/div>\n<\/p><\/div>\n<\/div>","protected":false},"excerpt":{"rendered":"<div class=\"my-product-info\">\n<div class=\"two-categories\">\n<div>\n            <img decoding=\"async\" src=\"https:\/\/www.alivitpharm.com\/wp-content\/uploads\/2025\/05\/icon-9.png\" alt=\"100% Natural\" width=\"50px\" height=\"50px\" \/><\/p>\n<div>100% Natural<\/div>\n<\/p><\/div>\n<div>\n            <img decoding=\"async\" src=\"https:\/\/www.alivitpharm.com\/wp-content\/uploads\/2025\/05\/icon-10.png\" alt=\"Sin OGM\" width=\"50px\" height=\"50px\" \/><\/p>\n<div>Sin OGM<\/div>\n<\/p><\/div>\n<div>\n            <img decoding=\"async\" src=\"https:\/\/www.alivitpharm.com\/wp-content\/uploads\/2025\/05\/icon-15.png\" alt=\"Sin gluten\" width=\"50px\" height=\"50px\" \/><\/p>\n<div>Sin gluten<\/div>\n<\/p><\/div>\n<\/p><\/div>\n<\/div>\n<ul>\n<li>Coadyuvante en el tratamiento de <i>Candida<\/i> y <i>Escherichia coli<\/i>.<\/li>\n<li>Mejora el efecto de los antibi\u00f3ticos y antif\u00fangicos, lo que conduce a una obtenci\u00f3n m\u00e1s r\u00e1pida de los resultados deseados.<\/li>\n<li>Soluci\u00f3n natural para las infecciones del tracto urinario.<\/li>\n<li>Alivia los s\u00edntomas durante la micci\u00f3n en infecciones del tracto urinario.<\/li>\n<li>Previene la recurrencia de infecciones del tracto urinario.<\/li>\n<\/ul>\n<p><a class=\"category-pdf-btn\" href=\"https:\/\/www.alivitpharm.com\/wp-content\/uploads\/2025\/06\/the_urogenital_tract_en.pdf\" target=\"_blank\" rel=\"noopener\">Aprenda M\u00e1s Sobre El Tracto Urogenital<\/a><\/p>","protected":false},"featured_media":13099,"comment_status":"open","ping_status":"closed","template":"","meta":{"site-sidebar-layout":"default","site-content-layout":"default","ast-global-header-display":"","ast-main-header-display":"","ast-hfb-above-header-display":"","ast-hfb-below-header-display":"","ast-hfb-mobile-header-display":"","site-post-title":"","ast-breadcrumbs-content":"","ast-featured-img":"","footer-sml-layout":"","theme-transparent-header-meta":"default","adv-header-id-meta":"","stick-header-meta":"","header-above-stick-meta":"","header-main-stick-meta":"","header-below-stick-meta":""},"product_brand":[],"product_cat":[177],"product_tag":[],"class_list":{"0":"post-8644","1":"product","2":"type-product","3":"status-publish","4":"has-post-thumbnail","6":"product_cat-urinary-infections","7":"desktop-align-center","8":"tablet-align-center","9":"mobile-align-center","11":"first","12":"instock","13":"shipping-taxable","14":"purchasable","15":"product-type-simple"},"_links":{"self":[{"href":"https:\/\/www.alivitpharm.com\/es\/wp-json\/wp\/v2\/product\/8644","targetHints":{"allow":["GET"]}}],"collection":[{"href":"https:\/\/www.alivitpharm.com\/es\/wp-json\/wp\/v2\/product"}],"about":[{"href":"https:\/\/www.alivitpharm.com\/es\/wp-json\/wp\/v2\/types\/product"}],"replies":[{"embeddable":true,"href":"https:\/\/www.alivitpharm.com\/es\/wp-json\/wp\/v2\/comments?post=8644"}],"wp:featuredmedia":[{"embeddable":true,"href":"https:\/\/www.alivitpharm.com\/es\/wp-json\/wp\/v2\/media\/13099"}],"wp:attachment":[{"href":"https:\/\/www.alivitpharm.com\/es\/wp-json\/wp\/v2\/media?parent=8644"}],"wp:term":[{"taxonomy":"product_brand","embeddable":true,"href":"https:\/\/www.alivitpharm.com\/es\/wp-json\/wp\/v2\/product_brand?post=8644"},{"taxonomy":"product_cat","embeddable":true,"href":"https:\/\/www.alivitpharm.com\/es\/wp-json\/wp\/v2\/product_cat?post=8644"},{"taxonomy":"product_tag","embeddable":true,"href":"https:\/\/www.alivitpharm.com\/es\/wp-json\/wp\/v2\/product_tag?post=8644"}],"curies":[{"name":"wp","href":"https:\/\/api.w.org\/{rel}","templated":true}]}}