{"id":10071,"date":"2023-12-25T09:26:57","date_gmt":"2023-12-25T07:26:57","guid":{"rendered":"https:\/\/www.alivitpharm.com\/?page_id=10071"},"modified":"2023-12-25T10:13:33","modified_gmt":"2023-12-25T08:13:33","slug":"canneberge","status":"publish","type":"page","link":"https:\/\/www.alivitpharm.com\/fr\/cranberry\/","title":{"rendered":"Canneberge"},"content":{"rendered":"<div data-elementor-type=\"wp-page\" data-elementor-id=\"10071\" class=\"elementor elementor-10071\">\n\t\t\t\t\t\t<section class=\"elementor-section elementor-top-section elementor-element elementor-element-a232712 elementor-section-content-middle elementor-section-boxed elementor-section-height-default elementor-section-height-default\" data-id=\"a232712\" data-element_type=\"section\" data-e-type=\"section\" data-settings=\"{&quot;background_background&quot;:&quot;classic&quot;}\">\n\t\t\t\t\t\t\t<div class=\"elementor-background-overlay\"><\/div>\n\t\t\t\t\t\t\t<div class=\"elementor-container elementor-column-gap-default\">\n\t\t\t\t\t<div class=\"elementor-column elementor-col-100 elementor-top-column elementor-element elementor-element-99371a6\" data-id=\"99371a6\" data-element_type=\"column\" data-e-type=\"column\">\n\t\t\t<div class=\"elementor-widget-wrap elementor-element-populated\">\n\t\t\t\t\t\t<div class=\"elementor-element elementor-element-aa9da52 elementor-widget elementor-widget-heading\" data-id=\"aa9da52\" data-element_type=\"widget\" data-e-type=\"widget\" data-widget_type=\"heading.default\">\n\t\t\t\t<div class=\"elementor-widget-container\">\n\t\t\t\t\t<h1 class=\"elementor-heading-title elementor-size-default\">Canneberge<\/h1>\t\t\t\t<\/div>\n\t\t\t\t<\/div>\n\t\t\t\t<div class=\"elementor-element elementor-element-df2687d elementor-widget elementor-widget-image\" data-id=\"df2687d\" data-element_type=\"widget\" data-e-type=\"widget\" data-widget_type=\"image.default\">\n\t\t\t\t<div class=\"elementor-widget-container\">\n\t\t\t\t\t\t\t\t\t\t\t\t\t\t\t<img decoding=\"async\" width=\"75\" height=\"33\" src=\"https:\/\/www.alivitpharm.com\/wp-content\/uploads\/2019\/07\/logo-leaf-new.png\" class=\"attachment-large size-large wp-image-2518\" alt=\"\" \/>\t\t\t\t\t\t\t\t\t\t\t\t\t\t\t<\/div>\n\t\t\t\t<\/div>\n\t\t\t\t<div class=\"elementor-element elementor-element-5a7d7e5 elementor-widget elementor-widget-text-editor\" data-id=\"5a7d7e5\" data-element_type=\"widget\" data-e-type=\"widget\" data-widget_type=\"text-editor.default\">\n\t\t\t\t<div class=\"elementor-widget-container\">\n\t\t\t\t\t\t\t\t\t<p><em>Vaccinium macrocarpon, Vaccinium vitis idea L. &#8211; Ericaceae<\/em><\/p>\t\t\t\t\t\t\t\t<\/div>\n\t\t\t\t<\/div>\n\t\t\t\t\t<\/div>\n\t\t<\/div>\n\t\t\t\t\t<\/div>\n\t\t<\/section>\n\t\t\t\t<section class=\"elementor-section elementor-top-section elementor-element elementor-element-2f54793 elementor-section-boxed elementor-section-height-default elementor-section-height-default\" data-id=\"2f54793\" data-element_type=\"section\" data-e-type=\"section\" data-settings=\"{&quot;background_background&quot;:&quot;classic&quot;}\">\n\t\t\t\t\t\t<div class=\"elementor-container elementor-column-gap-default\">\n\t\t\t\t\t<div class=\"elementor-column elementor-col-100 elementor-top-column elementor-element elementor-element-cf352d7\" data-id=\"cf352d7\" data-element_type=\"column\" data-e-type=\"column\">\n\t\t\t<div class=\"elementor-widget-wrap elementor-element-populated\">\n\t\t\t\t\t\t<div class=\"elementor-element elementor-element-593cb17 elementor-widget elementor-widget-image\" data-id=\"593cb17\" data-element_type=\"widget\" data-e-type=\"widget\" data-widget_type=\"image.default\">\n\t\t\t\t<div class=\"elementor-widget-container\">\n\t\t\t\t\t\t\t\t\t\t\t\t\t\t\t<img decoding=\"async\" src=\"https:\/\/www.alivitpharm.com\/wp-content\/uploads\/2023\/12\/cranberry.jpg\" title=\"cranberry\" alt=\"Canneberge\" loading=\"lazy\" \/>\t\t\t\t\t\t\t\t\t\t\t\t\t\t\t<\/div>\n\t\t\t\t<\/div>\n\t\t\t\t<div class=\"elementor-element elementor-element-7e0597d elementor-widget elementor-widget-text-editor\" data-id=\"7e0597d\" data-element_type=\"widget\" data-e-type=\"widget\" data-widget_type=\"text-editor.default\">\n\t\t\t\t<div class=\"elementor-widget-container\">\n\t\t\t\t\t\t\t\t\t<p><span class=\"jCAhz ChMk0b\"><span class=\"ryNqvb\"><strong>Canneberge<\/strong> est une plante sauvage et persistante \u00e0 baies rouges, cultiv\u00e9e aux \u00c9tats-Unis et au Canada.<\/span><\/span> <span class=\"jCAhz ChMk0b\"><span class=\"ryNqvb\">Le fruit de la canneberge est la partie m\u00e9dicinale de cette plante et est riche en vitamine C, en carot\u00e8nes, en min\u00e9raux et en fibres v\u00e9g\u00e9tales. Il contient \u00e9galement une haute concentration de bioflavono\u00efdes et d\u2019acide ellagique, qui exerce une puissante action antioxydante et anti-inflammatoire.<\/span><\/span> <span class=\"jCAhz ChMk0b\"><span class=\"ryNqvb\">De plus, la canneberge contient du proanthocyanidine, un bioflavono\u00efde de la famille des polyph\u00e9nols, qui est le principal constituant de cette plante et responsable de l\u2019inhibition des infections urinaires.<\/span><\/span> <span class=\"jCAhz ChMk0b\"><span class=\"ryNqvb\">La forte teneur en acides naturels dans le fruit de la canneberge contribue \u00e0 abaisser la valeur du pH dans les voies urinaires, ce qui emp\u00eache la croissance et le d\u00e9veloppement des bact\u00e9ries pathog\u00e8nes ainsi que leur adh\u00e9sion aux parois des voies urinaires.<\/span><\/span> <span class=\"jCAhz ChMk0b\"><span class=\"ryNqvb\">Tout cela indique que la canneberge est une plante avec un effet uroantiseptique marqu\u00e9.<\/span><\/span><\/p>\t\t\t\t\t\t\t\t<\/div>\n\t\t\t\t<\/div>\n\t\t\t\t<div class=\"elementor-element elementor-element-05cb1a4 elementor-widget elementor-widget-image\" data-id=\"05cb1a4\" data-element_type=\"widget\" data-e-type=\"widget\" data-widget_type=\"image.default\">\n\t\t\t\t<div class=\"elementor-widget-container\">\n\t\t\t\t\t\t\t\t\t\t\t\t\t\t\t<img decoding=\"async\" src=\"https:\/\/www.alivitpharm.com\/wp-content\/uploads\/2022\/09\/leaves.png\" title=\"leaves\" alt=\"Leaves\" loading=\"lazy\" \/>\t\t\t\t\t\t\t\t\t\t\t\t\t\t\t<\/div>\n\t\t\t\t<\/div>\n\t\t\t\t<div class=\"elementor-element elementor-element-4de0e06 elementor-widget elementor-widget-text-editor\" data-id=\"4de0e06\" data-element_type=\"widget\" data-e-type=\"widget\" data-widget_type=\"text-editor.default\">\n\t\t\t\t<div class=\"elementor-widget-container\">\n\t\t\t\t\t\t\t\t\t<p><span class=\"jCAhz ChMk0b\"><span class=\"ryNqvb\">L'EMA (Agence Europ\u00e9enne des M\u00e9dicaments) prescrit deux indications officielles pour lesquelles la canneberge peut \u00eatre utilis\u00e9e en tant que m\u00e9dicament traditionnel \u00e0 base de plantes:<br \/><\/span><\/span><span class=\"jCAhz ChMk0b\"><span class=\"ryNqvb\"><strong>1.<\/strong> L'indication est que la canneberge est utilis\u00e9e comme m\u00e9dicament traditionnel \u00e0 base de plantes pour soulager les sympt\u00f4mes des infections urinaires l\u00e9g\u00e8res (sensation de br\u00fblure et mictions fr\u00e9quentes).<br \/><\/span><\/span><span class=\"jCAhz ChMk0b\"><span class=\"ryNqvb\"><strong>2.<\/strong> L'indication est que la canneberge est utilis\u00e9e comme m\u00e9dicament traditionnel \u00e0 base de plantes pour pr\u00e9venir les infections urinaires r\u00e9currentes, non compliqu\u00e9es et l\u00e9g\u00e8res chez les femmes.<\/span><\/span><\/p><p><span class=\"jCAhz ChMk0b\"><span class=\"ryNqvb\">Il est recommand\u00e9 d'utiliser des pr\u00e9parations \u00e0 base de canneberge pour les personnes de plus de 18 ans, car il n'existe pas suffisamment de preuves pour son utilisation chez les patients plus jeunes.<\/span><\/span> <span class=\"jCAhz ChMk0b\"><span class=\"ryNqvb\">Son utilisation est contre-indiqu\u00e9e chez les personnes sensibles \u00e0 l\u2019un des composants du fruit de la canneberge.<\/span><\/span> <span class=\"jCAhz ChMk0b\"><span class=\"ryNqvb\">Les personnes ayant des probl\u00e8mes r\u00e9naux, comme des calculs r\u00e9naux, doivent \u00eatre surveill\u00e9es par un professionnel de la sant\u00e9 si elles utilisent un produit \u00e0 base de canneberge.<\/span><\/span> <span class=\"jCAhz ChMk0b\"><span class=\"ryNqvb\">Il n'est pas recommand\u00e9 d'utiliser simultan\u00e9ment des pr\u00e9parations \u00e0 base de canneberge avec le tacrolimus (qui peut r\u00e9duire la concentration du m\u00e9dicament dans le s\u00e9rum) et la warfarine (qui peut augmenter l'effet du m\u00e9dicament, ce qui peut entra\u00eener des saignements).<\/span><\/span> <span class=\"jCAhz ChMk0b\"><span class=\"ryNqvb\">Il n'est pas recommand\u00e9 pour les femmes enceintes et allaitantes en raison du manque de preuves.<\/span><\/span><\/p>\t\t\t\t\t\t\t\t<\/div>\n\t\t\t\t<\/div>\n\t\t\t\t<div class=\"elementor-element elementor-element-0168b69 elementor-widget elementor-widget-heading\" data-id=\"0168b69\" data-element_type=\"widget\" data-e-type=\"widget\" data-widget_type=\"heading.default\">\n\t\t\t\t<div class=\"elementor-widget-container\">\n\t\t\t\t\t<h4 class=\"elementor-heading-title elementor-size-default\">R\u00e9f\u00e9rences<\/h4>\t\t\t\t<\/div>\n\t\t\t\t<\/div>\n\t\t\t\t<div class=\"elementor-element elementor-element-7eedf06 elementor-widget elementor-widget-text-editor\" data-id=\"7eedf06\" data-element_type=\"widget\" data-e-type=\"widget\" data-widget_type=\"text-editor.default\">\n\t\t\t\t<div class=\"elementor-widget-container\">\n\t\t\t\t\t\t\t\t\t<ul><li><a class=\"reference-link\" href=\"https:\/\/www.ema.europa.eu\/en\/documents\/herbal-monograph\/final-european-union-herbal-monograph-vaccinium-macrocarpon-aiton-fructus_en.pdf\" target=\"_blank\" rel=\"noopener\">European Union herbal monograph on Vaccinium macrocarpon Aiton, fructus <\/a><\/li><li><a class=\"reference-link\" href=\"https:\/\/pubmed.ncbi.nlm.nih.gov\/31117097\/\" target=\"_blank\" rel=\"noopener\">A Multicenter, Randomized, Placebo-Controlled Study Evaluating the Efficacy of a Combination of Propolis and Cranberry (Vaccinium macrocarpon) (DUAB\u00ae) in Preventing Low Urinary Tract Infection Recurrence in Women Complaining of Recurrent Cystitis<\/a><\/li><li><a class=\"reference-link\" href=\"https:\/\/pubmed.ncbi.nlm.nih.gov\/32752183\/\" target=\"_blank\" rel=\"noopener\">Cranberry Polyphenols and Prevention against Urinary Tract Infections: Relevant Considerations<\/a><\/li><li><a class=\"reference-link\" href=\"https:\/\/pubmed.ncbi.nlm.nih.gov\/28364867\/\" target=\"_blank\" rel=\"noopener\">Preventing urinary tract infections after menopause without antibiotics<\/a><\/li><\/ul>\t\t\t\t\t\t\t\t<\/div>\n\t\t\t\t<\/div>\n\t\t\t\t\t<\/div>\n\t\t<\/div>\n\t\t\t\t\t<\/div>\n\t\t<\/section>\n\t\t\t\t<\/div>","protected":false},"excerpt":{"rendered":"<p>Cranberry Vaccinium macrocarpon, Vaccinium vitis idea L. &#8211; Ericaceae Cranberry or mountain cranberry is a wild, evergreen plant with red fruit that is grown in the USA and Canada. The cranberry fruit is a medicinal part of this plant and is rich in vitamin C, carotenes, mineral and plant fibers, it also contains a high &hellip;<\/p>\n<p class=\"read-more\"> <a class=\"\" href=\"https:\/\/www.alivitpharm.com\/fr\/cranberry\/\"> <span class=\"screen-reader-text\">Canneberge<\/span> Lire la suite\u00a0\u00bb<\/a><\/p>","protected":false},"author":9,"featured_media":0,"parent":0,"menu_order":0,"comment_status":"closed","ping_status":"closed","template":"","meta":{"site-sidebar-layout":"no-sidebar","site-content-layout":"page-builder","ast-global-header-display":"","ast-main-header-display":"","ast-hfb-above-header-display":"","ast-hfb-below-header-display":"","ast-hfb-mobile-header-display":"","site-post-title":"disabled","ast-breadcrumbs-content":"","ast-featured-img":"disabled","footer-sml-layout":"","theme-transparent-header-meta":"","adv-header-id-meta":"","stick-header-meta":"","header-above-stick-meta":"","header-main-stick-meta":"","header-below-stick-meta":"","footnotes":""},"class_list":["post-10071","page","type-page","status-publish","hentry"],"_links":{"self":[{"href":"https:\/\/www.alivitpharm.com\/fr\/wp-json\/wp\/v2\/pages\/10071","targetHints":{"allow":["GET"]}}],"collection":[{"href":"https:\/\/www.alivitpharm.com\/fr\/wp-json\/wp\/v2\/pages"}],"about":[{"href":"https:\/\/www.alivitpharm.com\/fr\/wp-json\/wp\/v2\/types\/page"}],"author":[{"embeddable":true,"href":"https:\/\/www.alivitpharm.com\/fr\/wp-json\/wp\/v2\/users\/9"}],"replies":[{"embeddable":true,"href":"https:\/\/www.alivitpharm.com\/fr\/wp-json\/wp\/v2\/comments?post=10071"}],"version-history":[{"count":0,"href":"https:\/\/www.alivitpharm.com\/fr\/wp-json\/wp\/v2\/pages\/10071\/revisions"}],"wp:attachment":[{"href":"https:\/\/www.alivitpharm.com\/fr\/wp-json\/wp\/v2\/media?parent=10071"}],"curies":[{"name":"wp","href":"https:\/\/api.w.org\/{rel}","templated":true}]}}