{"id":10425,"date":"2024-02-07T12:35:12","date_gmt":"2024-02-07T10:35:12","guid":{"rendered":"https:\/\/www.alivitpharm.com\/?page_id=10425"},"modified":"2025-02-03T09:28:14","modified_gmt":"2025-02-03T07:28:14","slug":"canelle-de-ceylan","status":"publish","type":"page","link":"https:\/\/www.alivitpharm.com\/fr\/ceylon-cinnamon\/","title":{"rendered":"Canelle de Ceylan"},"content":{"rendered":"<div data-elementor-type=\"wp-page\" data-elementor-id=\"10425\" class=\"elementor elementor-10425\">\n\t\t\t\t\t\t<section class=\"elementor-section elementor-top-section elementor-element elementor-element-7954d8d elementor-section-content-middle elementor-section-boxed elementor-section-height-default elementor-section-height-default\" data-id=\"7954d8d\" data-element_type=\"section\" data-e-type=\"section\" data-settings=\"{&quot;background_background&quot;:&quot;classic&quot;}\">\n\t\t\t\t\t\t\t<div class=\"elementor-background-overlay\"><\/div>\n\t\t\t\t\t\t\t<div class=\"elementor-container elementor-column-gap-default\">\n\t\t\t\t\t<div class=\"elementor-column elementor-col-100 elementor-top-column elementor-element elementor-element-502a9b9\" data-id=\"502a9b9\" data-element_type=\"column\" data-e-type=\"column\">\n\t\t\t<div class=\"elementor-widget-wrap elementor-element-populated\">\n\t\t\t\t\t\t<div class=\"elementor-element elementor-element-360f3c3 elementor-widget elementor-widget-heading\" data-id=\"360f3c3\" data-element_type=\"widget\" data-e-type=\"widget\" data-widget_type=\"heading.default\">\n\t\t\t\t<div class=\"elementor-widget-container\">\n\t\t\t\t\t<h1 class=\"elementor-heading-title elementor-size-default\">Canelle de Ceylan<\/h1>\t\t\t\t<\/div>\n\t\t\t\t<\/div>\n\t\t\t\t<div class=\"elementor-element elementor-element-25beca8 elementor-widget elementor-widget-image\" data-id=\"25beca8\" data-element_type=\"widget\" data-e-type=\"widget\" data-widget_type=\"image.default\">\n\t\t\t\t<div class=\"elementor-widget-container\">\n\t\t\t\t\t\t\t\t\t\t\t\t\t\t\t<img decoding=\"async\" width=\"75\" height=\"33\" src=\"https:\/\/www.alivitpharm.com\/wp-content\/uploads\/2019\/07\/logo-leaf-new.png\" class=\"attachment-large size-large wp-image-2518\" alt=\"\" \/>\t\t\t\t\t\t\t\t\t\t\t\t\t\t\t<\/div>\n\t\t\t\t<\/div>\n\t\t\t\t<div class=\"elementor-element elementor-element-f71dc9c elementor-widget elementor-widget-text-editor\" data-id=\"f71dc9c\" data-element_type=\"widget\" data-e-type=\"widget\" data-widget_type=\"text-editor.default\">\n\t\t\t\t<div class=\"elementor-widget-container\">\n\t\t\t\t\t\t\t\t\t<p>Cinnamomum zeylanicum<\/p>\t\t\t\t\t\t\t\t<\/div>\n\t\t\t\t<\/div>\n\t\t\t\t\t<\/div>\n\t\t<\/div>\n\t\t\t\t\t<\/div>\n\t\t<\/section>\n\t\t\t\t<section class=\"elementor-section elementor-top-section elementor-element elementor-element-bd10b43 elementor-section-boxed elementor-section-height-default elementor-section-height-default\" data-id=\"bd10b43\" data-element_type=\"section\" data-e-type=\"section\" data-settings=\"{&quot;background_background&quot;:&quot;classic&quot;}\">\n\t\t\t\t\t\t<div class=\"elementor-container elementor-column-gap-default\">\n\t\t\t\t\t<div class=\"elementor-column elementor-col-100 elementor-top-column elementor-element elementor-element-0bb1a7c\" data-id=\"0bb1a7c\" data-element_type=\"column\" data-e-type=\"column\">\n\t\t\t<div class=\"elementor-widget-wrap elementor-element-populated\">\n\t\t\t\t\t\t<div class=\"elementor-element elementor-element-62191da elementor-widget elementor-widget-image\" data-id=\"62191da\" data-element_type=\"widget\" data-e-type=\"widget\" data-widget_type=\"image.default\">\n\t\t\t\t<div class=\"elementor-widget-container\">\n\t\t\t\t\t\t\t\t\t\t\t\t\t\t\t<img decoding=\"async\" src=\"https:\/\/www.alivitpharm.com\/wp-content\/uploads\/2024\/02\/ceylon-cinnamon.jpg\" title=\"ceylon-cinnamon\" alt=\"Canelle de Ceylan\" loading=\"lazy\" \/>\t\t\t\t\t\t\t\t\t\t\t\t\t\t\t<\/div>\n\t\t\t\t<\/div>\n\t\t\t\t<div class=\"elementor-element elementor-element-5585847 elementor-widget elementor-widget-text-editor\" data-id=\"5585847\" data-element_type=\"widget\" data-e-type=\"widget\" data-widget_type=\"text-editor.default\">\n\t\t\t\t<div class=\"elementor-widget-container\">\n\t\t\t\t\t\t\t\t\t<p><span class=\"jCAhz ChMk0b\"><span class=\"ryNqvb\"><strong>La cannelle<\/strong> obtenue en coupant les tiges des arbres \u00e0 cannelle.<\/span><\/span> <span class=\"jCAhz ChMk0b\"><span class=\"ryNqvb\">Ensuite, l'\u00e9corce int\u00e9rieure est extraite et les parties ligneuses sont \u00e9limin\u00e9es.<\/span><\/span> <span class=\"jCAhz ChMk0b\"><span class=\"ryNqvb\">Une fois s\u00e9ch\u00e9e, elle forme des bandes qui sont roul\u00e9es en b\u00e2tons de cannelle.<\/span><\/span> <span class=\"jCAhz ChMk0b\"><span class=\"ryNqvb\">Ces b\u00e2tons peuvent \u00eatre moulus pour obtenir de la poudre de cannelle.<\/span><\/span> <span class=\"jCAhz ChMk0b\"><span class=\"ryNqvb\">Le go\u00fbt et l'odeur caract\u00e9ristiques proviennent de la teneur \u00e9lev\u00e9e en cinnamald\u00e9hyde (environ 90% de l'huile essentielle de l'\u00e9corce).<\/span><\/span> <span class=\"jCAhz ChMk0b\"><span class=\"ryNqvb\">Les scientifiques estiment que ce compos\u00e9 est responsable de la plupart des effets puissants de la cannelle sur la sant\u00e9 et le m\u00e9tabolisme.<\/span><\/span><\/p><p><span style=\"text-decoration: underline;\">Propri\u00e9t\u00e9s de la cannelle:<\/span><\/p><p><strong>1.<\/strong> <strong><span class=\"jCAhz ChMk0b\"><span class=\"ryNqvb\">Antioxydant.<\/span><\/span><\/strong> <span class=\"jCAhz ChMk0b\"><span class=\"ryNqvb\">Les antioxydants prot\u00e8gent notre corps des dommages oxydatifs caus\u00e9s par les radicaux libres.<\/span><\/span> <span class=\"jCAhz ChMk0b\"><span class=\"ryNqvb\">La cannelle est riche en puissants antioxydants, y compris des polyph\u00e9nols.<\/span><\/span> <span class=\"jCAhz ChMk0b\"><span class=\"ryNqvb\">Une \u00e9tude a r\u00e9v\u00e9l\u00e9 que la suppl\u00e9mentation en cannelle peut augmenter de mani\u00e8re significative les niveaux d'antioxydants dans le sang tout en r\u00e9duisant les niveaux des marqueurs utilis\u00e9s pour mesurer l'inflammation, comme la prot\u00e9ine C-r\u00e9active.<\/span><\/span><\/p><p><strong>2. <span class=\"jCAhz ChMk0b\"><span class=\"ryNqvb\">Anti-inflammatoire.<\/span><\/span><\/strong> <span class=\"jCAhz ChMk0b\"><span class=\"ryNqvb\">Les \u00e9tudes montrent que cette \u00e9pice et ses antioxydants ont de puissantes propri\u00e9t\u00e9s anti-inflammatoires, ce qui peut aider \u00e0 r\u00e9duire le risque de maladies.<\/span><\/span><\/p><p><strong>3. <span class=\"jCAhz ChMk0b\"><span class=\"ryNqvb\">Cardioprotecteur.<\/span><\/span><\/strong> <span class=\"jCAhz ChMk0b\"><span class=\"ryNqvb\">Comme indiqu\u00e9 dans une \u00e9tude, la suppl\u00e9mentation avec au moins 1,5 gramme (environ 3\/4 de cuill\u00e8re \u00e0 caf\u00e9) de cannelle par jour peut r\u00e9duire les niveaux de triglyc\u00e9rides, de cholest\u00e9rol total, de cholest\u00e9rol LDL (mauvais cholest\u00e9rol) et de sucre dans le sang chez les personnes souffrant de maladies m\u00e9taboliques.<\/span><\/span> <span class=\"jCAhz ChMk0b\"><span class=\"ryNqvb\">La cannelle peut r\u00e9duire les niveaux de triglyc\u00e9rides et de cholest\u00e9rol total, deux facteurs de risque de maladies cardiaques.<\/span><\/span> <span class=\"jCAhz ChMk0b\"><span class=\"ryNqvb\">Il a \u00e9galement \u00e9t\u00e9 d\u00e9montr\u00e9 que la cannelle r\u00e9duit la pression art\u00e9rielle lorsqu'elle est consomm\u00e9e de mani\u00e8re r\u00e9guli\u00e8re pendant au moins 8 semaines.<\/span><\/span><\/p><p><strong>4. <span class=\"jCAhz ChMk0b\"><span class=\"ryNqvb\">R\u00e9duit la r\u00e9sistance \u00e0 l'insuline.<\/span><\/span><\/strong> <span class=\"jCAhz ChMk0b\"><span class=\"ryNqvb\">L'insuline est l'une des hormones cl\u00e9s qui r\u00e9gule le m\u00e9tabolisme et l'utilisation de l'\u00e9nergie.<\/span><\/span> <span class=\"jCAhz ChMk0b\"><span class=\"ryNqvb\">Elle est \u00e9galement n\u00e9cessaire pour transporter le sucre sanguin de notre circulation sanguine vers nos cellules.<\/span><\/span> <span class=\"jCAhz ChMk0b\"><span class=\"ryNqvb\">Cependant, certaines personnes sont r\u00e9sistantes aux effets de l'insuline.<\/span><\/span> <span class=\"jCAhz ChMk0b\"><span class=\"ryNqvb\">Un ph\u00e9nom\u00e8ne connu sous le nom de r\u00e9sistance \u00e0 l'insuline, caract\u00e9ristique de conditions telles que le syndrome m\u00e9tabolique et le diab\u00e8te de type 2. En augmentant la sensibilit\u00e9 \u00e0 l'insuline, la cannelle peut r\u00e9duire les niveaux de sucre dans le sang et aider \u00e0 mieux contr\u00f4ler la glyc\u00e9mie.<\/span><\/span><\/p>\t\t\t\t\t\t\t\t<\/div>\n\t\t\t\t<\/div>\n\t\t\t\t<div class=\"elementor-element elementor-element-de2bafd elementor-widget elementor-widget-image\" data-id=\"de2bafd\" data-element_type=\"widget\" data-e-type=\"widget\" data-widget_type=\"image.default\">\n\t\t\t\t<div class=\"elementor-widget-container\">\n\t\t\t\t\t\t\t\t\t\t\t\t\t\t\t<img decoding=\"async\" src=\"https:\/\/www.alivitpharm.com\/wp-content\/uploads\/2022\/09\/leaves.png\" title=\"leaves\" alt=\"Leaves\" loading=\"lazy\" \/>\t\t\t\t\t\t\t\t\t\t\t\t\t\t\t<\/div>\n\t\t\t\t<\/div>\n\t\t\t\t<div class=\"elementor-element elementor-element-a582ae5 elementor-widget elementor-widget-text-editor\" data-id=\"a582ae5\" data-element_type=\"widget\" data-e-type=\"widget\" data-widget_type=\"text-editor.default\">\n\t\t\t\t<div class=\"elementor-widget-container\">\n\t\t\t\t\t\t\t\t\t<p><strong>5. <span class=\"jCAhz ChMk0b\"><span class=\"ryNqvb\">R\u00e9duit la glyc\u00e9mie.<\/span><\/span><\/strong> <span class=\"jCAhz ChMk0b\"><span class=\"ryNqvb\">La cannelle est bien connue pour ses propri\u00e9t\u00e9s de r\u00e9duction du sucre sanguin.<\/span><\/span> <span class=\"jCAhz ChMk0b\"><span class=\"ryNqvb\">En plus de ses effets b\u00e9n\u00e9fiques sur la r\u00e9sistance \u00e0 l'insuline, la cannelle peut r\u00e9duire la glyc\u00e9mie par plusieurs autres m\u00e9canismes.<\/span><\/span> <span class=\"jCAhz ChMk0b\"><span class=\"ryNqvb\">D'abord, il a \u00e9t\u00e9 d\u00e9montr\u00e9 que la cannelle r\u00e9duit la quantit\u00e9 de sucre qui p\u00e9n\u00e8tre dans la circulation sanguine apr\u00e8s un repas en inhibant plusieurs enzymes digestives, ralentissant ainsi la d\u00e9gradation des glucides dans notre tractus digestif.<\/span><\/span><\/p><p><span class=\"jCAhz ChMk0b\"><span class=\"ryNqvb\">Deuxi\u00e8mement, le compos\u00e9 de la cannelle peut imiter les effets de l'insuline pour am\u00e9liorer l'absorption du sucre dans les cellules. De nombreuses \u00e9tudes chez l'homme ont confirm\u00e9 les effets b\u00e9n\u00e9fiques de la cannelle, montrant qu'elle peut r\u00e9duire la glyc\u00e9mie \u00e0 jeun et am\u00e9liorer l'h\u00e9moglobine A1c, un marqueur de contr\u00f4le \u00e0 long terme de la glyc\u00e9mie. La dose efficace est g\u00e9n\u00e9ralement de 1 \u00e0 6 g (environ 0,5 \u00e0 2 cuill\u00e8res \u00e0 caf\u00e9) de cannelle par jour.<\/span><\/span><\/p><p><strong>6. <span class=\"jCAhz ChMk0b\"><span class=\"ryNqvb\">Neuroprotecteur.<\/span><\/span><\/strong> <span class=\"jCAhz ChMk0b\"><span class=\"ryNqvb\">Les maladies neurod\u00e9g\u00e9n\u00e9ratives sont caract\u00e9ris\u00e9es par la perte progressive de la structure ou de la fonction des cellules nerveuses.<\/span><\/span> <span class=\"jCAhz ChMk0b\"><span class=\"ryNqvb\">La maladie d'Alzheimer et la maladie de Parkinson sont les deux types les plus courants.<\/span><\/span> <span class=\"jCAhz ChMk0b\"><span class=\"ryNqvb\">Il semble que certains compos\u00e9s pr\u00e9sents dans la cannelle inhibent l'accumulation de prot\u00e9ines tau, une prot\u00e9ine qui s'accumule dans le cerveau et est un marqueur de la maladie d'Alzheimer.<\/span><\/span><\/p><p><span class=\"jCAhz ChMk0b\"><span class=\"ryNqvb\">Une \u00e9tude de 2014 men\u00e9e sur des souris atteintes de la maladie de Parkinson a r\u00e9v\u00e9l\u00e9 que la cannelle aidait \u00e0 prot\u00e9ger les neurones, normalisait les niveaux de neurotransmetteurs et am\u00e9liorait la fonction motrice.<\/span><\/span> <span class=\"jCAhz ChMk0b\"><span class=\"ryNqvb\">Cependant, ces effets doivent encore \u00eatre \u00e9tudi\u00e9s chez l'homme.<\/span><\/span><\/p><p><strong>7.<\/strong> <strong><span class=\"jCAhz ChMk0b\"><span class=\"ryNqvb\">Anticanc\u00e9reuse.<\/span><\/span><\/strong> <span class=\"jCAhz ChMk0b\"><span class=\"ryNqvb\">La cannelle a \u00e9t\u00e9 largement \u00e9tudi\u00e9e pour son utilisation potentielle dans la pr\u00e9vention et le traitement du cancer.<\/span><\/span> <span class=\"jCAhz ChMk0b\"><span class=\"ryNqvb\">Dans l'ensemble, les preuves sont limit\u00e9es aux \u00e9tudes en laboratoire et chez les animaux, qui sugg\u00e8rent que les extraits de cannelle peuvent offrir une protection contre le cancer.<\/span><\/span> <span class=\"jCAhz ChMk0b\"><span class=\"ryNqvb\">Son action consiste \u00e0 inhiber la croissance des cellules canc\u00e9reuses et la formation de vaisseaux sanguins dans les tumeurs et semble \u00eatre toxique pour les cellules canc\u00e9reuses, induisant la mort cellulaire.<\/span><\/span><\/p><p><span class=\"jCAhz ChMk0b\"><span class=\"ryNqvb\">Une \u00e9tude chez des souris atteintes de cancer ovarien a r\u00e9v\u00e9l\u00e9 que le cinnamald\u00e9hyde pourrait bloquer l'expression de certaines prot\u00e9ines impliqu\u00e9es dans le d\u00e9veloppement du cancer.<\/span><\/span> <span class=\"jCAhz ChMk0b\"><span class=\"ryNqvb\">Ces r\u00e9sultats ont \u00e9t\u00e9 soutenus par des exp\u00e9riences en laboratoire, montrant que le cinnamald\u00e9hyde pourrait ralentir la croissance et la propagation des cellules canc\u00e9reuses ovariennes.<\/span><\/span> <span class=\"jCAhz ChMk0b\"><span class=\"ryNqvb\">Cependant, des recherches suppl\u00e9mentaires sont n\u00e9cessaires pour \u00e9valuer les effets potentiels de la cannelle contre le cancer chez l'homme.<\/span><\/span><\/p><p><strong>8.<\/strong><strong> <span class=\"jCAhz ChMk0b\"><span class=\"ryNqvb\">Antifongique et antibact\u00e9rien.<\/span><\/span><\/strong> <span class=\"jCAhz ChMk0b\"><span class=\"ryNqvb\">Le cinnamald\u00e9hyde, l'un des principaux composants actifs de la cannelle, est utile contre diverses infections.<\/span><\/span> <span class=\"jCAhz ChMk0b\"><span class=\"ryNqvb\">Les \u00e9tudes en laboratoire ont montr\u00e9 que l'huile de cannelle aide \u00e0 tuer certains champignons responsables des infections des voies respiratoires.<\/span><\/span> <span class=\"jCAhz ChMk0b\"><span class=\"ryNqvb\">Elle peut \u00e9galement inhiber la croissance de certaines bact\u00e9ries, dont la list\u00e9ria et la salmonelle.<\/span><\/span> <span class=\"jCAhz ChMk0b\"><span class=\"ryNqvb\">De plus, les effets antimicrobiens de la cannelle peuvent aider \u00e0 pr\u00e9venir les caries dentaires et \u00e0 r\u00e9duire la mauvaise haleine.<\/span><\/span><\/p><p><strong>9. <span class=\"jCAhz ChMk0b\"><span class=\"ryNqvb\">Antiviral.<\/span><\/span><\/strong> <span class=\"jCAhz ChMk0b\"><span class=\"ryNqvb\">Certaines recherches sugg\u00e8rent que la cannelle pourrait offrir une protection contre certains virus.<\/span><\/span> <span class=\"jCAhz ChMk0b\"><span class=\"ryNqvb\">Par exemple, on consid\u00e8re que la cannelle extraite des vari\u00e9t\u00e9s Cassia est utile contre le VIH-1, la souche la plus courante du VIH chez l'homme.<\/span><\/span> <span class=\"jCAhz ChMk0b\"><span class=\"ryNqvb\">D'autres \u00e9tudes sugg\u00e8rent que la cannelle pourrait \u00e9galement offrir une protection contre d'autres virus, y compris la grippe et la dengue, une infection virale transmise par les moustiques.<\/span><\/span><\/p>\t\t\t\t\t\t\t\t<\/div>\n\t\t\t\t<\/div>\n\t\t\t\t<div class=\"elementor-element elementor-element-197b58c elementor-widget elementor-widget-heading\" data-id=\"197b58c\" data-element_type=\"widget\" data-e-type=\"widget\" data-widget_type=\"heading.default\">\n\t\t\t\t<div class=\"elementor-widget-container\">\n\t\t\t\t\t<h4 class=\"elementor-heading-title elementor-size-default\">R\u00e9f\u00e9rences<\/h4>\t\t\t\t<\/div>\n\t\t\t\t<\/div>\n\t\t\t\t<div class=\"elementor-element elementor-element-7fbb1f8 elementor-widget elementor-widget-text-editor\" data-id=\"7fbb1f8\" data-element_type=\"widget\" data-e-type=\"widget\" data-widget_type=\"text-editor.default\">\n\t\t\t\t<div class=\"elementor-widget-container\">\n\t\t\t\t\t\t\t\t\t<ul><li><a class=\"reference-link\" href=\"https:\/\/pubmed.ncbi.nlm.nih.gov\/20924865\/\" target=\"_blank\" rel=\"noopener\">Cinnamon and health<\/a><\/li><li><a class=\"reference-link\" href=\"https:\/\/pubmed.ncbi.nlm.nih.gov\/17408833\/\" target=\"_blank\" rel=\"noopener\">A comparison of chemical, antioxidant and antimicrobial studies of cinnamon leaf and bark volatile oils, oleoresins and their constituents<\/a><\/li><li><a class=\"reference-link\" href=\"https:\/\/pubmed.ncbi.nlm.nih.gov\/15478207\/\" target=\"_blank\" rel=\"noopener\">The chemical composition of some Lauraceae essential oils and their antifungal activities<\/a><\/li><li><a class=\"reference-link\" href=\"https:\/\/onlinelibrary.wiley.com\/doi\/abs\/10.1002\/%28SICI%291099-1026%281998070%2913%3A4&lt;235%3A%3AAID-FFJ733&gt;3.0.CO%3B2-T\" target=\"_blank\" rel=\"noopener\">Antimicrobial and antioxidant properties of some commercial essential oils<\/a><\/li><li><a class=\"reference-link\" href=\"https:\/\/www.researchgate.net\/publication\/249365097_A_study_into_the_antimicrobial_effects_of_cloves_Syzgium_aromaticum_and_cinnamon_Cinnamomum_zeylanicum_using_disc-diffusion_assay\" target=\"_blank\" rel=\"noopener\">A study into the antimicrobial effects of cloves (Syzgium aromaticum) and cinnamon (Cinnamomum zeylanicum) using disc-diffusion assay<\/a><\/li><\/ul>\t\t\t\t\t\t\t\t<\/div>\n\t\t\t\t<\/div>\n\t\t\t\t\t<\/div>\n\t\t<\/div>\n\t\t\t\t\t<\/div>\n\t\t<\/section>\n\t\t\t\t<\/div>","protected":false},"excerpt":{"rendered":"<p>Ceylon Cinnamon Cinnamomum zeylanicum Cinnamon is made by cutting the stems of cinnamon trees. Then the inner bark is extracted and the woody parts are removed. When dry, it forms strips that are twisted into rolls, called cinnamon sticks. These sticks can be ground to make cinnamon powder. The pungent taste and smell come from &hellip;<\/p>\n<p class=\"read-more\"> <a class=\"\" href=\"https:\/\/www.alivitpharm.com\/fr\/ceylon-cinnamon\/\"> <span class=\"screen-reader-text\">Canelle de Ceylan<\/span> Lire la suite\u00a0\u00bb<\/a><\/p>","protected":false},"author":9,"featured_media":0,"parent":0,"menu_order":0,"comment_status":"closed","ping_status":"closed","template":"","meta":{"site-sidebar-layout":"no-sidebar","site-content-layout":"page-builder","ast-global-header-display":"","ast-main-header-display":"","ast-hfb-above-header-display":"","ast-hfb-below-header-display":"","ast-hfb-mobile-header-display":"","site-post-title":"disabled","ast-breadcrumbs-content":"","ast-featured-img":"disabled","footer-sml-layout":"","theme-transparent-header-meta":"","adv-header-id-meta":"","stick-header-meta":"","header-above-stick-meta":"","header-main-stick-meta":"","header-below-stick-meta":"","footnotes":""},"class_list":["post-10425","page","type-page","status-publish","hentry"],"_links":{"self":[{"href":"https:\/\/www.alivitpharm.com\/fr\/wp-json\/wp\/v2\/pages\/10425","targetHints":{"allow":["GET"]}}],"collection":[{"href":"https:\/\/www.alivitpharm.com\/fr\/wp-json\/wp\/v2\/pages"}],"about":[{"href":"https:\/\/www.alivitpharm.com\/fr\/wp-json\/wp\/v2\/types\/page"}],"author":[{"embeddable":true,"href":"https:\/\/www.alivitpharm.com\/fr\/wp-json\/wp\/v2\/users\/9"}],"replies":[{"embeddable":true,"href":"https:\/\/www.alivitpharm.com\/fr\/wp-json\/wp\/v2\/comments?post=10425"}],"version-history":[{"count":9,"href":"https:\/\/www.alivitpharm.com\/fr\/wp-json\/wp\/v2\/pages\/10425\/revisions"}],"predecessor-version":[{"id":11385,"href":"https:\/\/www.alivitpharm.com\/fr\/wp-json\/wp\/v2\/pages\/10425\/revisions\/11385"}],"wp:attachment":[{"href":"https:\/\/www.alivitpharm.com\/fr\/wp-json\/wp\/v2\/media?parent=10425"}],"curies":[{"name":"wp","href":"https:\/\/api.w.org\/{rel}","templated":true}]}}