{"id":10556,"date":"2024-02-12T09:27:58","date_gmt":"2024-02-12T07:27:58","guid":{"rendered":"https:\/\/www.alivitpharm.com\/?page_id=10556"},"modified":"2025-02-03T10:46:58","modified_gmt":"2025-02-03T08:46:58","slug":"chrome","status":"publish","type":"page","link":"https:\/\/www.alivitpharm.com\/fr\/chromium\/","title":{"rendered":"Chrome"},"content":{"rendered":"<div data-elementor-type=\"wp-page\" data-elementor-id=\"10556\" class=\"elementor elementor-10556\">\n\t\t\t\t\t\t<section class=\"elementor-section elementor-top-section elementor-element elementor-element-5100aec elementor-section-content-middle elementor-section-boxed elementor-section-height-default elementor-section-height-default\" data-id=\"5100aec\" data-element_type=\"section\" data-e-type=\"section\" data-settings=\"{&quot;background_background&quot;:&quot;classic&quot;}\">\n\t\t\t\t\t\t\t<div class=\"elementor-background-overlay\"><\/div>\n\t\t\t\t\t\t\t<div class=\"elementor-container elementor-column-gap-default\">\n\t\t\t\t\t<div class=\"elementor-column elementor-col-100 elementor-top-column elementor-element elementor-element-f199187\" data-id=\"f199187\" data-element_type=\"column\" data-e-type=\"column\">\n\t\t\t<div class=\"elementor-widget-wrap elementor-element-populated\">\n\t\t\t\t\t\t<div class=\"elementor-element elementor-element-4da319d elementor-widget elementor-widget-heading\" data-id=\"4da319d\" data-element_type=\"widget\" data-e-type=\"widget\" data-widget_type=\"heading.default\">\n\t\t\t\t<div class=\"elementor-widget-container\">\n\t\t\t\t\t<h1 class=\"elementor-heading-title elementor-size-default\">Chrome<\/h1>\t\t\t\t<\/div>\n\t\t\t\t<\/div>\n\t\t\t\t<div class=\"elementor-element elementor-element-385f270 elementor-widget elementor-widget-image\" data-id=\"385f270\" data-element_type=\"widget\" data-e-type=\"widget\" data-widget_type=\"image.default\">\n\t\t\t\t<div class=\"elementor-widget-container\">\n\t\t\t\t\t\t\t\t\t\t\t\t\t\t\t<img decoding=\"async\" src=\"https:\/\/www.alivitpharm.com\/wp-content\/uploads\/2022\/10\/pill.png\" title=\"pill\" alt=\"Pill\" loading=\"lazy\" \/>\t\t\t\t\t\t\t\t\t\t\t\t\t\t\t<\/div>\n\t\t\t\t<\/div>\n\t\t\t\t<div class=\"elementor-element elementor-element-9cc96fd elementor-widget elementor-widget-text-editor\" data-id=\"9cc96fd\" data-element_type=\"widget\" data-e-type=\"widget\" data-widget_type=\"text-editor.default\">\n\t\t\t\t<div class=\"elementor-widget-container\">\n\t\t\t\t\t\t\t\t\t<p><em>Cr<\/em><\/p>\t\t\t\t\t\t\t\t<\/div>\n\t\t\t\t<\/div>\n\t\t\t\t\t<\/div>\n\t\t<\/div>\n\t\t\t\t\t<\/div>\n\t\t<\/section>\n\t\t\t\t<section class=\"elementor-section elementor-top-section elementor-element elementor-element-81ab995 elementor-section-boxed elementor-section-height-default elementor-section-height-default\" data-id=\"81ab995\" data-element_type=\"section\" data-e-type=\"section\" data-settings=\"{&quot;background_background&quot;:&quot;classic&quot;}\">\n\t\t\t\t\t\t<div class=\"elementor-container elementor-column-gap-default\">\n\t\t\t\t\t<div class=\"elementor-column elementor-col-100 elementor-top-column elementor-element elementor-element-03d3dd3\" data-id=\"03d3dd3\" data-element_type=\"column\" data-e-type=\"column\">\n\t\t\t<div class=\"elementor-widget-wrap elementor-element-populated\">\n\t\t\t\t\t\t<div class=\"elementor-element elementor-element-d163dea elementor-widget elementor-widget-text-editor\" data-id=\"d163dea\" data-element_type=\"widget\" data-e-type=\"widget\" data-widget_type=\"text-editor.default\">\n\t\t\t\t<div class=\"elementor-widget-container\">\n\t\t\t\t\t\t\t\t\t<p><span class=\"jCAhz ChMk0b\"><span class=\"ryNqvb\"><strong>Chrome<\/strong> fait partie du groupe des min\u00e9raux essentiels en trace (oligo\u00e9l\u00e9ments). Il se trouve dans le corps sous forme inorganique dans le noyau cellulaire, et sous forme de compos\u00e9 organique actif, une mol\u00e9cule trivalente, appel\u00e9e facteur de tol\u00e9rance au glucose (GTF - Glucose Tolerance Factor) ou chromoduline. Le chrome aide le m\u00e9tabolisme du glucose, r\u00e9gule le niveau d'insuline et maintient des niveaux sains de cholest\u00e9rol et d'autres graisses dans le sang.<\/span><\/span><\/p><p><span class=\"jCAhz ChMk0b\"><span class=\"ryNqvb\"> En r\u00e9gulant l'action de l'insuline, le chrome maintient le niveau de sucre dans le sang, et influence probablement aussi le contr\u00f4le de l'app\u00e9tit. Sans la pr\u00e9sence du GTF du chrome, l'insuline est compl\u00e8tement inefficace, donc sa carence dans l'alimentation peut \u00eatre la cause de l'apparition du diab\u00e8te et de l'ath\u00e9roscl\u00e9rose chez les personnes \u00e2g\u00e9es. Les aliments riches en chrome comprennent: la levure de bi\u00e8re, les c\u00e9r\u00e9ales compl\u00e8tes, le brocoli, les prunes, les champignons, et la bi\u00e8re.<\/span><\/span><\/p>\t\t\t\t\t\t\t\t<\/div>\n\t\t\t\t<\/div>\n\t\t\t\t<div class=\"elementor-element elementor-element-c3bf8e2 elementor-widget elementor-widget-image\" data-id=\"c3bf8e2\" data-element_type=\"widget\" data-e-type=\"widget\" data-widget_type=\"image.default\">\n\t\t\t\t<div class=\"elementor-widget-container\">\n\t\t\t\t\t\t\t\t\t\t\t\t\t\t\t<img decoding=\"async\" src=\"https:\/\/www.alivitpharm.com\/wp-content\/uploads\/2022\/09\/leaves.png\" title=\"leaves\" alt=\"Leaves\" loading=\"lazy\" \/>\t\t\t\t\t\t\t\t\t\t\t\t\t\t\t<\/div>\n\t\t\t\t<\/div>\n\t\t\t\t<div class=\"elementor-element elementor-element-3ecd0c1 elementor-widget elementor-widget-text-editor\" data-id=\"3ecd0c1\" data-element_type=\"widget\" data-e-type=\"widget\" data-widget_type=\"text-editor.default\">\n\t\t\t\t<div class=\"elementor-widget-container\">\n\t\t\t\t\t\t\t\t\t<p>Le chrome est mal absorb\u00e9 dans le corps, c'est pourquoi il appara\u00eet dans les suppl\u00e9ments en combinaison avec d'autres compos\u00e9s plus facilement absorbables (vitamines ou sous forme de ch\u00e9lates d'acides amin\u00e9s, o\u00f9 le min\u00e9ral est chimiquement li\u00e9 \u00e0 un acide amin\u00e9).<\/p><p><strong>Effets:<\/strong><br \/>Une prise quotidienne de chrome dans les doses journali\u00e8res recommand\u00e9es peut avoir les effets suivants:<br \/><span class=\"jCAhz ChMk0b\"><span class=\"ryNqvb\">\u2022 R\u00e9duction du niveau de sucre, des triglyc\u00e9rides, du cholest\u00e9rol et des graisses en g\u00e9n\u00e9ral;<br \/><\/span><\/span><span class=\"jCAhz ChMk0b\"><span class=\"ryNqvb\">\u2022 Augmentation de l'efficacit\u00e9 de l'insuline;<br \/><\/span><\/span><span class=\"jCAhz ChMk0b\"><span class=\"ryNqvb\">\u2022 R\u00e9duction du risque de diab\u00e8te (diab\u00e8te sucr\u00e9);<br \/><\/span><\/span><span class=\"jCAhz ChMk0b\"><span class=\"ryNqvb\">\u2022 Compl\u00e9ment \u00e0 la th\u00e9rapie existante pour le diab\u00e8te avec les m\u00e9dicaments classiques et l'insuline, prescrits par le m\u00e9decin;<br \/><\/span><\/span><span class=\"jCAhz ChMk0b\"><span class=\"ryNqvb\">\u2022 Contr\u00f4le de la faim et r\u00e9duction de l'app\u00e9tit en cas d'ob\u00e9sit\u00e9;<br \/><\/span><\/span><span class=\"jCAhz ChMk0b\"><span class=\"ryNqvb\">\u2022 R\u00e9duction du risque de cataracte;<br \/><\/span><\/span><span class=\"jCAhz ChMk0b\"><span class=\"ryNqvb\">\u2022 Pr\u00e9vention de l'hypertension et maintien de la sant\u00e9 cardiovasculaire;<br \/><\/span><\/span><span class=\"jCAhz ChMk0b\"><span class=\"ryNqvb\">\u2022 Augmentation de la masse musculaire maigre (sans d\u00e9p\u00f4ts graisseux) et de la d\u00e9finition musculaire;<br \/><\/span><\/span><span class=\"jCAhz ChMk0b\"><span class=\"ryNqvb\">\u2022 Augmentation de l'\u00e9nergie et de l'endurance;<\/span><\/span><\/p><p><span class=\"jCAhz ChMk0b\"><span class=\"ryNqvb\">Le chrome est un ingr\u00e9dient indispensable des br\u00fbleurs de graisses et fait partie de chaque programme de r\u00e9gime moderne.<\/span><\/span> <span class=\"jCAhz ChMk0b\"><span class=\"ryNqvb\">En plus d'aider l'insuline \u00e0 m\u00e9taboliser les graisses et le glucose, le chrome stimule la conversion des prot\u00e9ines en masse musculaire et des sucres en \u00e9nergie.<\/span><\/span> <span class=\"jCAhz ChMk0b\"><span class=\"ryNqvb\">Il fournit des quantit\u00e9s plus \u00e9lev\u00e9es de sucre pour la production d'\u00e9nergie, ce qui augmente consid\u00e9rablement le niveau d'\u00e9nergie et d'endurance, tout en mettant en valeur la masse musculaire maigre, cr\u00e9ant ainsi un effet de<\/span><\/span> <span class=\"jCAhz ChMk0b\"><span class=\"ryNqvb\">d\u00e9finition musculaire.<\/span><\/span> <span class=\"jCAhz ChMk0b\"><span class=\"ryNqvb\">C'est pourquoi il est un suppl\u00e9ment populaire chez les sportifs.<\/span><\/span><\/p>\t\t\t\t\t\t\t\t<\/div>\n\t\t\t\t<\/div>\n\t\t\t\t<div class=\"elementor-element elementor-element-07a733f elementor-widget elementor-widget-heading\" data-id=\"07a733f\" data-element_type=\"widget\" data-e-type=\"widget\" data-widget_type=\"heading.default\">\n\t\t\t\t<div class=\"elementor-widget-container\">\n\t\t\t\t\t<h4 class=\"elementor-heading-title elementor-size-default\">R\u00e9f\u00e9rences<\/h4>\t\t\t\t<\/div>\n\t\t\t\t<\/div>\n\t\t\t\t<div class=\"elementor-element elementor-element-8caf536 elementor-widget elementor-widget-text-editor\" data-id=\"8caf536\" data-element_type=\"widget\" data-e-type=\"widget\" data-widget_type=\"text-editor.default\">\n\t\t\t\t<div class=\"elementor-widget-container\">\n\t\t\t\t\t\t\t\t\t<ul><li><a class=\"reference-link\" href=\"https:\/\/www.efsa.europa.eu\/en\/efsajournal\/pub\/3845\" target=\"_blank\" rel=\"noopener\">Scientific Opinion on Dietary Reference Values for chromium<\/a><\/li><\/ul>\t\t\t\t\t\t\t\t<\/div>\n\t\t\t\t<\/div>\n\t\t\t\t\t<\/div>\n\t\t<\/div>\n\t\t\t\t\t<\/div>\n\t\t<\/section>\n\t\t\t\t<\/div>","protected":false},"excerpt":{"rendered":"<p>Chromium Cr Chromium belongs to the group of essential trace minerals (microminerals). In the body, it occurs in an inorganic form, in the cell nucleus, and in the form of an active organic compound, a trivalent molecule, called Glucose Tolerance Factor (GTF) or chromodulin. Chromium helps glucose metabolism, regulates insulin levels and maintains healthy levels &hellip;<\/p>\n<p class=\"read-more\"> <a class=\"\" href=\"https:\/\/www.alivitpharm.com\/fr\/chromium\/\"> <span class=\"screen-reader-text\">Chrome<\/span> Lire la suite\u00a0\u00bb<\/a><\/p>","protected":false},"author":9,"featured_media":0,"parent":0,"menu_order":0,"comment_status":"closed","ping_status":"closed","template":"","meta":{"site-sidebar-layout":"no-sidebar","site-content-layout":"page-builder","ast-global-header-display":"","ast-main-header-display":"","ast-hfb-above-header-display":"","ast-hfb-below-header-display":"","ast-hfb-mobile-header-display":"","site-post-title":"disabled","ast-breadcrumbs-content":"","ast-featured-img":"disabled","footer-sml-layout":"","theme-transparent-header-meta":"","adv-header-id-meta":"","stick-header-meta":"","header-above-stick-meta":"","header-main-stick-meta":"","header-below-stick-meta":"","footnotes":""},"class_list":["post-10556","page","type-page","status-publish","hentry"],"_links":{"self":[{"href":"https:\/\/www.alivitpharm.com\/fr\/wp-json\/wp\/v2\/pages\/10556","targetHints":{"allow":["GET"]}}],"collection":[{"href":"https:\/\/www.alivitpharm.com\/fr\/wp-json\/wp\/v2\/pages"}],"about":[{"href":"https:\/\/www.alivitpharm.com\/fr\/wp-json\/wp\/v2\/types\/page"}],"author":[{"embeddable":true,"href":"https:\/\/www.alivitpharm.com\/fr\/wp-json\/wp\/v2\/users\/9"}],"replies":[{"embeddable":true,"href":"https:\/\/www.alivitpharm.com\/fr\/wp-json\/wp\/v2\/comments?post=10556"}],"version-history":[{"count":3,"href":"https:\/\/www.alivitpharm.com\/fr\/wp-json\/wp\/v2\/pages\/10556\/revisions"}],"predecessor-version":[{"id":11389,"href":"https:\/\/www.alivitpharm.com\/fr\/wp-json\/wp\/v2\/pages\/10556\/revisions\/11389"}],"wp:attachment":[{"href":"https:\/\/www.alivitpharm.com\/fr\/wp-json\/wp\/v2\/media?parent=10556"}],"curies":[{"name":"wp","href":"https:\/\/api.w.org\/{rel}","templated":true}]}}