{"id":10627,"date":"2024-02-12T13:12:58","date_gmt":"2024-02-12T11:12:58","guid":{"rendered":"https:\/\/www.alivitpharm.com\/?page_id=10627"},"modified":"2024-02-13T15:35:29","modified_gmt":"2024-02-13T13:35:29","slug":"acide-folique","status":"publish","type":"page","link":"https:\/\/www.alivitpharm.com\/fr\/folic-acid\/","title":{"rendered":"Acide folique"},"content":{"rendered":"<div data-elementor-type=\"wp-page\" data-elementor-id=\"10627\" class=\"elementor elementor-10627\">\n\t\t\t\t\t\t<section class=\"elementor-section elementor-top-section elementor-element elementor-element-a964ede elementor-section-content-middle elementor-section-boxed elementor-section-height-default elementor-section-height-default\" data-id=\"a964ede\" data-element_type=\"section\" data-e-type=\"section\" data-settings=\"{&quot;background_background&quot;:&quot;classic&quot;}\">\n\t\t\t\t\t\t\t<div class=\"elementor-background-overlay\"><\/div>\n\t\t\t\t\t\t\t<div class=\"elementor-container elementor-column-gap-default\">\n\t\t\t\t\t<div class=\"elementor-column elementor-col-100 elementor-top-column elementor-element elementor-element-cdf7650\" data-id=\"cdf7650\" data-element_type=\"column\" data-e-type=\"column\">\n\t\t\t<div class=\"elementor-widget-wrap elementor-element-populated\">\n\t\t\t\t\t\t<div class=\"elementor-element elementor-element-b6d2cba elementor-widget elementor-widget-heading\" data-id=\"b6d2cba\" data-element_type=\"widget\" data-e-type=\"widget\" data-widget_type=\"heading.default\">\n\t\t\t\t<div class=\"elementor-widget-container\">\n\t\t\t\t\t<h1 class=\"elementor-heading-title elementor-size-default\">Acide folique<\/h1>\t\t\t\t<\/div>\n\t\t\t\t<\/div>\n\t\t\t\t<div class=\"elementor-element elementor-element-75711e1 elementor-widget elementor-widget-image\" data-id=\"75711e1\" data-element_type=\"widget\" data-e-type=\"widget\" data-widget_type=\"image.default\">\n\t\t\t\t<div class=\"elementor-widget-container\">\n\t\t\t\t\t\t\t\t\t\t\t\t\t\t\t<img decoding=\"async\" src=\"https:\/\/www.alivitpharm.com\/wp-content\/uploads\/2022\/10\/pill.png\" title=\"pill\" alt=\"Pill\" loading=\"lazy\" \/>\t\t\t\t\t\t\t\t\t\t\t\t\t\t\t<\/div>\n\t\t\t\t<\/div>\n\t\t\t\t<div class=\"elementor-element elementor-element-90a736a elementor-widget elementor-widget-text-editor\" data-id=\"90a736a\" data-element_type=\"widget\" data-e-type=\"widget\" data-widget_type=\"text-editor.default\">\n\t\t\t\t<div class=\"elementor-widget-container\">\n\t\t\t\t\t\t\t\t\t<p><em>Acide pt\u00e9roylglutamique<\/em><\/p>\t\t\t\t\t\t\t\t<\/div>\n\t\t\t\t<\/div>\n\t\t\t\t\t<\/div>\n\t\t<\/div>\n\t\t\t\t\t<\/div>\n\t\t<\/section>\n\t\t\t\t<section class=\"elementor-section elementor-top-section elementor-element elementor-element-a142563 elementor-section-boxed elementor-section-height-default elementor-section-height-default\" data-id=\"a142563\" data-element_type=\"section\" data-e-type=\"section\" data-settings=\"{&quot;background_background&quot;:&quot;classic&quot;}\">\n\t\t\t\t\t\t<div class=\"elementor-container elementor-column-gap-default\">\n\t\t\t\t\t<div class=\"elementor-column elementor-col-100 elementor-top-column elementor-element elementor-element-66bbb0b\" data-id=\"66bbb0b\" data-element_type=\"column\" data-e-type=\"column\">\n\t\t\t<div class=\"elementor-widget-wrap elementor-element-populated\">\n\t\t\t\t\t\t<div class=\"elementor-element elementor-element-2abd23d elementor-widget elementor-widget-text-editor\" data-id=\"2abd23d\" data-element_type=\"widget\" data-e-type=\"widget\" data-widget_type=\"text-editor.default\">\n\t\t\t\t<div class=\"elementor-widget-container\">\n\t\t\t\t\t\t\t\t\t<p><span class=\"jCAhz ChMk0b\"><span class=\"ryNqvb\"><strong>Acide folique<\/strong>, \u00e9galement connu sous le nom de vitamine B9, est une vitamine soluble dans l'eau.<\/span><\/span> <span class=\"jCAhz ChMk0b\"><span class=\"ryNqvb\">Il fait partie du complexe de vitamines B et correspond \u00e0 l'acide pt\u00e9roylglutamique (PGA), extrait et purifi\u00e9 des feuilles d'\u00e9pinard par M. K. Mitchell en 1941, et est donc appel\u00e9 acide folique.<\/span><\/span><\/p><p>L'acide folique est une substance essentielle pour le corps humain dans le m\u00e9tabolisme des sucres et des acides amin\u00e9s et est indispensable \u00e0 la croissance et \u00e0 la reproduction des cellules corporelles. Il aide au m\u00e9tabolisme des prot\u00e9ines et, en collaboration avec la vitamine B12, stimule la production et la maturation des globules rouges. Il est un mat\u00e9riau irrempla\u00e7able pour la production de ces globules et agit \u00e9galement comme facteur de promotion de la croissance de <em>Lactobacillus casei<\/em> et d'autres micro-organismes.<\/p><p><span class=\"jCAhz ChMk0b\"><span class=\"ryNqvb\">L'acide folique est essentiel pour la croissance et le d\u00e9veloppement du f\u0153tus.<\/span><\/span> <span class=\"jCAhz ChMk0b\"><span class=\"ryNqvb\">Une carence en acide folique chez les femmes enceintes peut entra\u00eener un faible poids \u00e0 la naissance, des fentes labiales et palatines, ainsi que des malformations cardiaques \u00e0 la naissance.<\/span><\/span> <span class=\"jCAhz ChMk0b\"><span class=\"ryNqvb\">Une carence en acide folique au cours des trois premiers mois de grossesse peut provoquer des anomalies du tube neural du f\u0153tus, entra\u00eenant ainsi des malformations.<\/span><\/span><\/p>\t\t\t\t\t\t\t\t<\/div>\n\t\t\t\t<\/div>\n\t\t\t\t<div class=\"elementor-element elementor-element-269af2d elementor-widget elementor-widget-image\" data-id=\"269af2d\" data-element_type=\"widget\" data-e-type=\"widget\" data-widget_type=\"image.default\">\n\t\t\t\t<div class=\"elementor-widget-container\">\n\t\t\t\t\t\t\t\t\t\t\t\t\t\t\t<img decoding=\"async\" src=\"https:\/\/www.alivitpharm.com\/wp-content\/uploads\/2022\/09\/leaves.png\" title=\"leaves\" alt=\"Leaves\" loading=\"lazy\" \/>\t\t\t\t\t\t\t\t\t\t\t\t\t\t\t<\/div>\n\t\t\t\t<\/div>\n\t\t\t\t<div class=\"elementor-element elementor-element-94b82d3 elementor-widget elementor-widget-text-editor\" data-id=\"94b82d3\" data-element_type=\"widget\" data-e-type=\"widget\" data-widget_type=\"text-editor.default\">\n\t\t\t\t<div class=\"elementor-widget-container\">\n\t\t\t\t\t\t\t\t\t<p><span class=\"jCAhz ChMk0b\"><span class=\"ryNqvb\">L'acide folique joue un r\u00f4le crucial dans la division cellulaire, la croissance et la synth\u00e8se des acides nucl\u00e9iques, des acides amin\u00e9s et des prot\u00e9ines. Une carence en acide folique dans le corps humain peut entra\u00eener la formation de globules rouges anormaux, une augmentation des cellules immatures, de l'an\u00e9mie et une diminution des globules blancs.<\/span><\/span><\/p><p><span class=\"jCAhz ChMk0b\"><span class=\"ryNqvb\">L'hyperhomocyst\u00e9in\u00e9mie a deux fois plus de chances d'\u00eatre la cause du d\u00e9c\u00e8s chez les patients diab\u00e9tiques que chez les personnes en bonne sant\u00e9.<\/span><\/span> <span class=\"jCAhz ChMk0b\"><span class=\"ryNqvb\">Une concentration \u00e9lev\u00e9e d'homocyst\u00e9ine est tr\u00e8s courante chez les personnes atteintes de diab\u00e8te, et l'acide folique est consid\u00e9r\u00e9 comme l'un des principaux facteurs de contr\u00f4le de la concentration d'homocyst\u00e9ine dans le plasma.<\/span><\/span><\/p><p>L'ajout d'acide folique (AF) peut r\u00e9duire de mani\u00e8re significative les niveaux d'homocyst\u00e9ine et, par cons\u00e9quent, r\u00e9duire le risque cardiovasculaire chez les patients atteints de diab\u00e8te de type 2.<\/p>\t\t\t\t\t\t\t\t<\/div>\n\t\t\t\t<\/div>\n\t\t\t\t<div class=\"elementor-element elementor-element-cf304af elementor-widget elementor-widget-heading\" data-id=\"cf304af\" data-element_type=\"widget\" data-e-type=\"widget\" data-widget_type=\"heading.default\">\n\t\t\t\t<div class=\"elementor-widget-container\">\n\t\t\t\t\t<h4 class=\"elementor-heading-title elementor-size-default\">R\u00e9f\u00e9rences<\/h4>\t\t\t\t<\/div>\n\t\t\t\t<\/div>\n\t\t\t\t<div class=\"elementor-element elementor-element-7379fa5 elementor-widget elementor-widget-text-editor\" data-id=\"7379fa5\" data-element_type=\"widget\" data-e-type=\"widget\" data-widget_type=\"text-editor.default\">\n\t\t\t\t<div class=\"elementor-widget-container\">\n\t\t\t\t\t\t\t\t\t<ul><li>Plasma homocysteine and all-cause mortality in diabetes. <em>Lancet.<\/em> 1999<\/li><li>Plasma homocysteine levels are associated with ulceration of the foot in patients with type 2 diabetes mellitus. <em>Diabetes Metab Res Rev. 2010<\/em><\/li><li><em>Tian T, Yang KQ, Cui JG, Zhou LL, Zhou XL (October 2017).<\/em> &#8220;Folic Acid Supplementation for Stroke Prevention in Patients With Cardiovascular Disease&#8221;. <em>Am. J. Med. Sci. 354 (4): 379\u2013387.<\/em><\/li><li><a class=\"reference-link\" href=\"https:\/\/ods.od.nih.gov\/factsheets\/folate-HealthProfessional\/\" target=\"_blank\" rel=\"noopener\">Folate &#8211; Fact Sheet for Health Professionals <em>Office of Dietary Supplements, US National Institutes of Health. 29. March 2021. Retrieved 29. April 2022.<\/em><\/a><\/li><li><em>Welch AD (1983).<\/em> &#8220;Folic acid: discovery and the exciting first decade&#8221;. <em>Perspect.<\/em> <em>Biol. Med. 27<\/em><\/li><\/ul>\t\t\t\t\t\t\t\t<\/div>\n\t\t\t\t<\/div>\n\t\t\t\t\t<\/div>\n\t\t<\/div>\n\t\t\t\t\t<\/div>\n\t\t<\/section>\n\t\t\t\t<\/div>","protected":false},"excerpt":{"rendered":"<p>Folic Acid Pteroylglutamic Acid Folic acid, also known as vitamin B9, is a water-soluble vitamin. It is one of the vitamin B complexes of folic acid, corresponding to pteroylglutamic acid (PGA), extracted and purified from spinach leaves by M. K. Mitchell (1941) and called folic acid. Folic acid is a necessary substance for the human &hellip;<\/p>\n<p class=\"read-more\"> <a class=\"\" href=\"https:\/\/www.alivitpharm.com\/fr\/folic-acid\/\"> <span class=\"screen-reader-text\">Acide folique<\/span> Lire la suite\u00a0\u00bb<\/a><\/p>","protected":false},"author":9,"featured_media":0,"parent":0,"menu_order":0,"comment_status":"closed","ping_status":"closed","template":"","meta":{"site-sidebar-layout":"no-sidebar","site-content-layout":"page-builder","ast-global-header-display":"","ast-main-header-display":"","ast-hfb-above-header-display":"","ast-hfb-below-header-display":"","ast-hfb-mobile-header-display":"","site-post-title":"disabled","ast-breadcrumbs-content":"","ast-featured-img":"disabled","footer-sml-layout":"","theme-transparent-header-meta":"","adv-header-id-meta":"","stick-header-meta":"","header-above-stick-meta":"","header-main-stick-meta":"","header-below-stick-meta":"","footnotes":""},"class_list":["post-10627","page","type-page","status-publish","hentry"],"_links":{"self":[{"href":"https:\/\/www.alivitpharm.com\/fr\/wp-json\/wp\/v2\/pages\/10627","targetHints":{"allow":["GET"]}}],"collection":[{"href":"https:\/\/www.alivitpharm.com\/fr\/wp-json\/wp\/v2\/pages"}],"about":[{"href":"https:\/\/www.alivitpharm.com\/fr\/wp-json\/wp\/v2\/types\/page"}],"author":[{"embeddable":true,"href":"https:\/\/www.alivitpharm.com\/fr\/wp-json\/wp\/v2\/users\/9"}],"replies":[{"embeddable":true,"href":"https:\/\/www.alivitpharm.com\/fr\/wp-json\/wp\/v2\/comments?post=10627"}],"version-history":[{"count":0,"href":"https:\/\/www.alivitpharm.com\/fr\/wp-json\/wp\/v2\/pages\/10627\/revisions"}],"wp:attachment":[{"href":"https:\/\/www.alivitpharm.com\/fr\/wp-json\/wp\/v2\/media?parent=10627"}],"curies":[{"name":"wp","href":"https:\/\/api.w.org\/{rel}","templated":true}]}}