{"id":12299,"date":"2025-05-21T08:36:17","date_gmt":"2025-05-21T06:36:17","guid":{"rendered":"https:\/\/www.alivitpharm.com\/?page_id=12299"},"modified":"2025-05-21T11:18:37","modified_gmt":"2025-05-21T09:18:37","slug":"armoise-annuelle","status":"publish","type":"page","link":"https:\/\/www.alivitpharm.com\/fr\/sweet-wormwood\/","title":{"rendered":"Armoise annuelle"},"content":{"rendered":"<div data-elementor-type=\"wp-page\" data-elementor-id=\"12299\" class=\"elementor elementor-12299\">\n\t\t\t\t\t\t<section class=\"elementor-section elementor-top-section elementor-element elementor-element-ba433ad elementor-section-content-middle elementor-section-boxed elementor-section-height-default elementor-section-height-default\" data-id=\"ba433ad\" data-element_type=\"section\" data-e-type=\"section\" data-settings=\"{&quot;background_background&quot;:&quot;classic&quot;}\">\n\t\t\t\t\t\t\t<div class=\"elementor-background-overlay\"><\/div>\n\t\t\t\t\t\t\t<div class=\"elementor-container elementor-column-gap-default\">\n\t\t\t\t\t<div class=\"elementor-column elementor-col-100 elementor-top-column elementor-element elementor-element-5e9d3d4\" data-id=\"5e9d3d4\" data-element_type=\"column\" data-e-type=\"column\">\n\t\t\t<div class=\"elementor-widget-wrap elementor-element-populated\">\n\t\t\t\t\t\t<div class=\"elementor-element elementor-element-c9679c5 elementor-widget elementor-widget-heading\" data-id=\"c9679c5\" data-element_type=\"widget\" data-e-type=\"widget\" data-widget_type=\"heading.default\">\n\t\t\t\t<div class=\"elementor-widget-container\">\n\t\t\t\t\t<h1 class=\"elementor-heading-title elementor-size-default\">Armoise annuelle<\/h1>\t\t\t\t<\/div>\n\t\t\t\t<\/div>\n\t\t\t\t<div class=\"elementor-element elementor-element-3a034b5 elementor-widget elementor-widget-image\" data-id=\"3a034b5\" data-element_type=\"widget\" data-e-type=\"widget\" data-widget_type=\"image.default\">\n\t\t\t\t<div class=\"elementor-widget-container\">\n\t\t\t\t\t\t\t\t\t\t\t\t\t\t\t<img decoding=\"async\" width=\"75\" height=\"33\" src=\"https:\/\/www.alivitpharm.com\/wp-content\/uploads\/2019\/07\/logo-leaf-new.png\" class=\"attachment-large size-large wp-image-2518\" alt=\"\" \/>\t\t\t\t\t\t\t\t\t\t\t\t\t\t\t<\/div>\n\t\t\t\t<\/div>\n\t\t\t\t<div class=\"elementor-element elementor-element-8ae1a0f elementor-widget elementor-widget-text-editor\" data-id=\"8ae1a0f\" data-element_type=\"widget\" data-e-type=\"widget\" data-widget_type=\"text-editor.default\">\n\t\t\t\t<div class=\"elementor-widget-container\">\n\t\t\t\t\t\t\t\t\t<p><em>Artemisia annua L. &#8211; Asteraceae<\/em><\/p>\t\t\t\t\t\t\t\t<\/div>\n\t\t\t\t<\/div>\n\t\t\t\t\t<\/div>\n\t\t<\/div>\n\t\t\t\t\t<\/div>\n\t\t<\/section>\n\t\t\t\t<section class=\"elementor-section elementor-top-section elementor-element elementor-element-0daa588 elementor-section-boxed elementor-section-height-default elementor-section-height-default\" data-id=\"0daa588\" data-element_type=\"section\" data-e-type=\"section\" data-settings=\"{&quot;background_background&quot;:&quot;classic&quot;}\">\n\t\t\t\t\t\t<div class=\"elementor-container elementor-column-gap-default\">\n\t\t\t\t\t<div class=\"elementor-column elementor-col-100 elementor-top-column elementor-element elementor-element-3b7e5de\" data-id=\"3b7e5de\" data-element_type=\"column\" data-e-type=\"column\">\n\t\t\t<div class=\"elementor-widget-wrap elementor-element-populated\">\n\t\t\t\t\t\t<div class=\"elementor-element elementor-element-53f8eac elementor-widget elementor-widget-image\" data-id=\"53f8eac\" data-element_type=\"widget\" data-e-type=\"widget\" data-widget_type=\"image.default\">\n\t\t\t\t<div class=\"elementor-widget-container\">\n\t\t\t\t\t\t\t\t\t\t\t\t\t\t\t<img decoding=\"async\" src=\"https:\/\/www.alivitpharm.com\/wp-content\/uploads\/2025\/05\/sweet-wormwood.jpg\" title=\"sweet-wormwood\" alt=\"Armoise annuelle\" loading=\"lazy\" \/>\t\t\t\t\t\t\t\t\t\t\t\t\t\t\t<\/div>\n\t\t\t\t<\/div>\n\t\t\t\t<div class=\"elementor-element elementor-element-b94d03a elementor-widget elementor-widget-text-editor\" data-id=\"b94d03a\" data-element_type=\"widget\" data-e-type=\"widget\" data-widget_type=\"text-editor.default\">\n\t\t\t\t<div class=\"elementor-widget-container\">\n\t\t\t\t\t\t\t\t\t<p><strong>Armoise annuelle<\/strong> est une plante herbac\u00e9e annuelle du genre <em>Artemisia<\/em> qui appartient \u00e0 la famille des <em>Asteraceae<\/em>. Elle pousse dans la nature comme une mauvaise herbe. C'est une vari\u00e9t\u00e9 originaire des r\u00e9gions temp\u00e9r\u00e9es d'Asie, mais en raison de son importance m\u00e9dicinale, elle est r\u00e9pandue dans le monde entier, en particulier dans le sud et le sud-est de l'Europe et en Am\u00e9rique du Nord.<\/p><p>Il existe une longue histoire d\u2019utilisation des parties a\u00e9riennes et des feuilles d' <em>A. annua<\/em> \u00e0 des fins m\u00e9dicinales dans certains pays asiatiques. La partie a\u00e9rienne de l'absinthe douce est utilis\u00e9e comme m\u00e9dicament traditionnel, tandis que les feuilles sont utilis\u00e9es comme mati\u00e8re premi\u00e8re pour l'extraction de l'art\u00e9misinine. L'armoise annuelle est utilis\u00e9e comme rem\u00e8de traditionnel \u00e0 base de plantes pour la perte temporaire d'app\u00e9tit, pour les troubles dyspeptiques\/gastro-intestinaux l\u00e9gers.<\/p><p>L'activit\u00e9 pharmacologique contre les maladies chroniques et infectieuses de divers m\u00e9tabolites d' <em>A. annua<\/em>, l'art\u00e9misinine et ses d\u00e9riv\u00e9s, les flavono\u00efdes et les huiles essentielles, a \u00e9t\u00e9 \u00e9tay\u00e9e par des preuves exp\u00e9rimentales pr\u00e9cliniques in vivo et in vitro, et des observations cliniques chez des humains trait\u00e9s avec diff\u00e9rentes parties de la plante, principalement les feuilles, dans le traitement du paludisme ont \u00e9galement \u00e9t\u00e9 conclues. Les feuilles, les graines et la plante enti\u00e8re d' <em>A. annua<\/em> ont \u00e9galement montr\u00e9 une activit\u00e9 pharmacologique contre les parasites responsables de la leishmaniose et de la maladie de Chagas. Le premier rapport sur l\u2019efficacit\u00e9 in vivo d' <em>A. annua<\/em> contre la dengue a \u00e9t\u00e9 r\u00e9cemment publi\u00e9.<\/p><p>Le plus connu de tous les ingr\u00e9dients actifs est le sesquiterp\u00e8ne art\u00e9misinine et ses d\u00e9riv\u00e9s chimiques. La plante a non seulement une teneur \u00e9lev\u00e9e en polyph\u00e9nols, flavono\u00efdes, prot\u00e9ines, coumarines, phytost\u00e9rols, polysaccharides, mais contient \u00e9galement beaucoup de potassium, de s\u00e9l\u00e9nium, de nitrates et de sels inorganiques.\nLes huiles essentielles volatiles sont pr\u00e9sentes \u00e0 des concentrations de 0,20 \u00e0 0,25 %. D'autres constituants importants comprennent le camph\u00e8ne, la c\u00e9tone, le camphre, le b\u00eata-caryophyll\u00e8ne et le pin\u00e8ne.<\/p>\t\t\t\t\t\t\t\t<\/div>\n\t\t\t\t<\/div>\n\t\t\t\t<div class=\"elementor-element elementor-element-7a904f2 elementor-widget elementor-widget-image\" data-id=\"7a904f2\" data-element_type=\"widget\" data-e-type=\"widget\" data-widget_type=\"image.default\">\n\t\t\t\t<div class=\"elementor-widget-container\">\n\t\t\t\t\t\t\t\t\t\t\t\t\t\t\t<img decoding=\"async\" src=\"https:\/\/www.alivitpharm.com\/wp-content\/uploads\/2022\/09\/leaves.png\" title=\"leaves\" alt=\"Leaves\" loading=\"lazy\" \/>\t\t\t\t\t\t\t\t\t\t\t\t\t\t\t<\/div>\n\t\t\t\t<\/div>\n\t\t\t\t<div class=\"elementor-element elementor-element-0379ab8 elementor-widget elementor-widget-text-editor\" data-id=\"0379ab8\" data-element_type=\"widget\" data-e-type=\"widget\" data-widget_type=\"text-editor.default\">\n\t\t\t\t<div class=\"elementor-widget-container\">\n\t\t\t\t\t\t\t\t\t<p>L'art\u00e9misinine a \u00e9t\u00e9 modifi\u00e9e chimiquement par des soci\u00e9t\u00e9s pharmaceutiques pour am\u00e9liorer sa solubilit\u00e9 dans l'eau (art\u00e9sunate) ou dans les graisses (art\u00e9m\u00e9ther). Ces d\u00e9riv\u00e9s seraient cinq fois plus efficaces que l'art\u00e9misinine, mais les donn\u00e9es scientifiques \u00e0 l'appui de cette affirmation sont rares.<\/p><p>Au cours des 40 derni\u00e8res ann\u00e9es, un grand nombre d'articles \u00e9valu\u00e9s par des pairs ont concentr\u00e9 leurs recherches sur les effets antiparasitaires de l'art\u00e9misinine. Les polyph\u00e9nols et les flavono\u00efdes en particulier sont d\u00e9sormais consid\u00e9r\u00e9s comme des substances cl\u00e9s dans l\u2019efficacit\u00e9 d' <em>A. annua<\/em> et d'autres plantes de cette famille. Les flavono\u00efdes tels que l'art\u00e9m\u00e9tine, la rutine, la querc\u00e9tine, la casticine, l'eupatine, la lut\u00e9oline et leurs glucosides ont une large gamme d'activit\u00e9s biologiques, dont beaucoup ont un effet synergique. La lut\u00e9oline a montr\u00e9 une activit\u00e9 antipaludique et antioxydante. Les principaux constituants de l'huile essentielle d' <em>A. annua<\/em> sont le cin\u00e9ole, le camph\u00e8ne, l'a-pin\u00e8ne, le germacr\u00e8ne et la c\u00e9tone de camphre. Ils sont pr\u00e9sents \u00e0 des concentrations de 0,20 \u00e0 0,25 % et ont montr\u00e9 non seulement une activit\u00e9 antimicrobienne diff\u00e9rente mais \u00e9galement des activit\u00e9s anti-inflammatoires et cytotoxiques. Les acides ph\u00e9noliques, chlorog\u00e9niques et rosmariniques sont pr\u00e9sents dans l'extrait aqueux d' <em>A. annua<\/em>. Ce sont de puissants antioxydants et peuvent r\u00e9duire la s\u00e9cr\u00e9tion de cytokines anti-inflammatoires, l'interleukine-6 \u200b\u200bet l'interleukine-8.<\/p><p><em>A. annua<\/em> est commun\u00e9ment appel\u00e9e \u00ab absinthe \u00bb car c'est un vermifuge, et ces propri\u00e9t\u00e9s de l'absinthe douce sont connues depuis l'Antiquit\u00e9. Une \u00e9tude a montr\u00e9 qu' <em>A. annua<\/em> est efficace dans le traitement de la schistosomiase (bilharziose), la deuxi\u00e8me maladie la plus importante en Afrique tropicale. En 2013, l'Universit\u00e9 de Cumana au Venezuela a men\u00e9 une \u00e9tude sur l'effet d' <em>A. annua<\/em> sur les \u00e9pimastigotes de T. cruzi. Apr\u00e8s 7 jours de traitement, la densit\u00e9 du nombre de parasites a \u00e9t\u00e9 significativement r\u00e9duite.<\/p>\t\t\t\t\t\t\t\t<\/div>\n\t\t\t\t<\/div>\n\t\t\t\t<div class=\"elementor-element elementor-element-aaa7eda elementor-widget elementor-widget-heading\" data-id=\"aaa7eda\" data-element_type=\"widget\" data-e-type=\"widget\" data-widget_type=\"heading.default\">\n\t\t\t\t<div class=\"elementor-widget-container\">\n\t\t\t\t\t<h4 class=\"elementor-heading-title elementor-size-default\">R\u00e9f\u00e9rences<\/h4>\t\t\t\t<\/div>\n\t\t\t\t<\/div>\n\t\t\t\t<div class=\"elementor-element elementor-element-ccb564c elementor-widget elementor-widget-text-editor\" data-id=\"ccb564c\" data-element_type=\"widget\" data-e-type=\"widget\" data-widget_type=\"text-editor.default\">\n\t\t\t\t<div class=\"elementor-widget-container\">\n\t\t\t\t\t\t\t\t\t<ul><li style=\"list-style-type: none;\"><ul><li><a class=\"reference-link\" href=\"https:\/\/www.sciencedirect.com\/science\/article\/abs\/pii\/S0926669011003219\" target=\"_blank\" rel=\"noopener\">Chemical composition and antioxidant and antimicrobial activity of essential oil of Artemisia annua L. from Bosnia<\/a><\/li><li><a class=\"reference-link\" href=\"https:\/\/pubmed.ncbi.nlm.nih.gov\/32758647\/\" target=\"_blank\" rel=\"noopener\">Traditional application and modern pharmacological research of Artemisia annua L<\/a><\/li><\/ul><\/li><\/ul>\t\t\t\t\t\t\t\t<\/div>\n\t\t\t\t<\/div>\n\t\t\t\t\t<\/div>\n\t\t<\/div>\n\t\t\t\t\t<\/div>\n\t\t<\/section>\n\t\t\t\t<\/div>","protected":false},"excerpt":{"rendered":"<p>Sweet Wormwood Artemisia annua L. &#8211; Asteraceae Sweet wormwood is an annual herbaceous plant from the genus Artemisia that belongs to the family of Asteraceae. It grows in nature as a weed plant. It is an autochthonous variety from the temperate regions of Asia, but due to its medicinal importance, it is spread all over &hellip;<\/p>\n<p class=\"read-more\"> <a class=\"\" href=\"https:\/\/www.alivitpharm.com\/fr\/sweet-wormwood\/\"> <span class=\"screen-reader-text\">Armoise annuelle<\/span> Lire la suite\u00a0\u00bb<\/a><\/p>","protected":false},"author":9,"featured_media":0,"parent":0,"menu_order":0,"comment_status":"closed","ping_status":"closed","template":"","meta":{"site-sidebar-layout":"no-sidebar","site-content-layout":"page-builder","ast-global-header-display":"","ast-main-header-display":"","ast-hfb-above-header-display":"","ast-hfb-below-header-display":"","ast-hfb-mobile-header-display":"","site-post-title":"disabled","ast-breadcrumbs-content":"","ast-featured-img":"disabled","footer-sml-layout":"","theme-transparent-header-meta":"","adv-header-id-meta":"","stick-header-meta":"","header-above-stick-meta":"","header-main-stick-meta":"","header-below-stick-meta":"","footnotes":""},"class_list":["post-12299","page","type-page","status-publish","hentry"],"_links":{"self":[{"href":"https:\/\/www.alivitpharm.com\/fr\/wp-json\/wp\/v2\/pages\/12299","targetHints":{"allow":["GET"]}}],"collection":[{"href":"https:\/\/www.alivitpharm.com\/fr\/wp-json\/wp\/v2\/pages"}],"about":[{"href":"https:\/\/www.alivitpharm.com\/fr\/wp-json\/wp\/v2\/types\/page"}],"author":[{"embeddable":true,"href":"https:\/\/www.alivitpharm.com\/fr\/wp-json\/wp\/v2\/users\/9"}],"replies":[{"embeddable":true,"href":"https:\/\/www.alivitpharm.com\/fr\/wp-json\/wp\/v2\/comments?post=12299"}],"version-history":[{"count":22,"href":"https:\/\/www.alivitpharm.com\/fr\/wp-json\/wp\/v2\/pages\/12299\/revisions"}],"predecessor-version":[{"id":12324,"href":"https:\/\/www.alivitpharm.com\/fr\/wp-json\/wp\/v2\/pages\/12299\/revisions\/12324"}],"wp:attachment":[{"href":"https:\/\/www.alivitpharm.com\/fr\/wp-json\/wp\/v2\/media?parent=12299"}],"curies":[{"name":"wp","href":"https:\/\/api.w.org\/{rel}","templated":true}]}}