{"id":12325,"date":"2025-05-22T10:02:24","date_gmt":"2025-05-22T08:02:24","guid":{"rendered":"https:\/\/www.alivitpharm.com\/?page_id=12325"},"modified":"2025-05-23T08:30:44","modified_gmt":"2025-05-23T06:30:44","slug":"figuier","status":"publish","type":"page","link":"https:\/\/www.alivitpharm.com\/fr\/fig-tree\/","title":{"rendered":"Figuier"},"content":{"rendered":"<div data-elementor-type=\"wp-page\" data-elementor-id=\"12325\" class=\"elementor elementor-12325\">\n\t\t\t\t\t\t<section class=\"elementor-section elementor-top-section elementor-element elementor-element-2fac7a3 elementor-section-content-middle elementor-section-boxed elementor-section-height-default elementor-section-height-default\" data-id=\"2fac7a3\" data-element_type=\"section\" data-e-type=\"section\" data-settings=\"{&quot;background_background&quot;:&quot;classic&quot;}\">\n\t\t\t\t\t\t\t<div class=\"elementor-background-overlay\"><\/div>\n\t\t\t\t\t\t\t<div class=\"elementor-container elementor-column-gap-default\">\n\t\t\t\t\t<div class=\"elementor-column elementor-col-100 elementor-top-column elementor-element elementor-element-c55ddc8\" data-id=\"c55ddc8\" data-element_type=\"column\" data-e-type=\"column\">\n\t\t\t<div class=\"elementor-widget-wrap elementor-element-populated\">\n\t\t\t\t\t\t<div class=\"elementor-element elementor-element-cc1a864 elementor-widget elementor-widget-heading\" data-id=\"cc1a864\" data-element_type=\"widget\" data-e-type=\"widget\" data-widget_type=\"heading.default\">\n\t\t\t\t<div class=\"elementor-widget-container\">\n\t\t\t\t\t<h1 class=\"elementor-heading-title elementor-size-default\">Figuier<\/h1>\t\t\t\t<\/div>\n\t\t\t\t<\/div>\n\t\t\t\t<div class=\"elementor-element elementor-element-f967a1e elementor-widget elementor-widget-image\" data-id=\"f967a1e\" data-element_type=\"widget\" data-e-type=\"widget\" data-widget_type=\"image.default\">\n\t\t\t\t<div class=\"elementor-widget-container\">\n\t\t\t\t\t\t\t\t\t\t\t\t\t\t\t<img decoding=\"async\" width=\"75\" height=\"33\" src=\"https:\/\/www.alivitpharm.com\/wp-content\/uploads\/2019\/07\/logo-leaf-new.png\" class=\"attachment-large size-large wp-image-2518\" alt=\"\" \/>\t\t\t\t\t\t\t\t\t\t\t\t\t\t\t<\/div>\n\t\t\t\t<\/div>\n\t\t\t\t<div class=\"elementor-element elementor-element-13a0e84 elementor-widget elementor-widget-text-editor\" data-id=\"13a0e84\" data-element_type=\"widget\" data-e-type=\"widget\" data-widget_type=\"text-editor.default\">\n\t\t\t\t<div class=\"elementor-widget-container\">\n\t\t\t\t\t\t\t\t\t<p><em>Ficus carica L. &#8211; Moraceae<\/em><\/p>\t\t\t\t\t\t\t\t<\/div>\n\t\t\t\t<\/div>\n\t\t\t\t\t<\/div>\n\t\t<\/div>\n\t\t\t\t\t<\/div>\n\t\t<\/section>\n\t\t\t\t<section class=\"elementor-section elementor-top-section elementor-element elementor-element-ee01ab9 elementor-section-boxed elementor-section-height-default elementor-section-height-default\" data-id=\"ee01ab9\" data-element_type=\"section\" data-e-type=\"section\" data-settings=\"{&quot;background_background&quot;:&quot;classic&quot;}\">\n\t\t\t\t\t\t<div class=\"elementor-container elementor-column-gap-default\">\n\t\t\t\t\t<div class=\"elementor-column elementor-col-100 elementor-top-column elementor-element elementor-element-ef36fe6\" data-id=\"ef36fe6\" data-element_type=\"column\" data-e-type=\"column\">\n\t\t\t<div class=\"elementor-widget-wrap elementor-element-populated\">\n\t\t\t\t\t\t<div class=\"elementor-element elementor-element-0444f40 elementor-widget elementor-widget-image\" data-id=\"0444f40\" data-element_type=\"widget\" data-e-type=\"widget\" data-widget_type=\"image.default\">\n\t\t\t\t<div class=\"elementor-widget-container\">\n\t\t\t\t\t\t\t\t\t\t\t\t\t\t\t<img decoding=\"async\" src=\"https:\/\/www.alivitpharm.com\/wp-content\/uploads\/2025\/05\/fig-tree.png\" title=\"fig-tree\" alt=\"Figuier\" loading=\"lazy\" \/>\t\t\t\t\t\t\t\t\t\t\t\t\t\t\t<\/div>\n\t\t\t\t<\/div>\n\t\t\t\t<div class=\"elementor-element elementor-element-4545f75 elementor-widget elementor-widget-text-editor\" data-id=\"4545f75\" data-element_type=\"widget\" data-e-type=\"widget\" data-widget_type=\"text-editor.default\">\n\t\t\t\t<div class=\"elementor-widget-container\">\n\t\t\t\t\t\t\t\t\t<p><strong>Figuier commun<\/strong>, <em>Ficus carica<\/em>, est un arbre \u00e0 feuilles caduques connu pour ses grandes feuilles parfum\u00e9es, son inflorescence complexe et cach\u00e9e et ses fruits juteux. Il est cultiv\u00e9 depuis l'Antiquit\u00e9 en M\u00e9diterran\u00e9e, au Moyen-Orient et en Asie occidentale et est l'un des premiers arbres fruitiers cultiv\u00e9s. Aujourd'hui, la culture s'est r\u00e9pandue dans le monde entier et on trouve des figuiers en Turquie, en Espagne, en Gr\u00e8ce, en Italie, au Br\u00e9sil, en Californie et dans d'autres endroits o\u00f9 r\u00e8gnent des hivers doux et des \u00e9t\u00e9s chauds et secs. Les figues sont consomm\u00e9es fra\u00eeches, s\u00e9ch\u00e9es et transform\u00e9es.<\/p><p>Les figues fra\u00eeches et s\u00e9ch\u00e9es contiennent une riche valeur nutritionnelle en raison de leur teneur \u00e9lev\u00e9e en min\u00e9raux, graisses, sucres, fibres et compos\u00e9s ph\u00e9noliques. Le fruit, la racine et les feuilles sont traditionnellement utilis\u00e9s dans le traitement des troubles gastro-intestinaux, respiratoires et cardiovasculaires, et la figue est incluse dans de nombreuses pharmacop\u00e9es et guides th\u00e9rapeutiques (Mawa et al., 2013). Les feuilles de figuier contiennent une riche composition aromatique. Des compos\u00e9s organiques se d\u00e9veloppent dans les feuilles pendant la maturation et affectent consid\u00e9rablement la qualit\u00e9 et la composition de l'ar\u00f4me. Les compos\u00e9s chimiques identifi\u00e9s dans l'extrait de feuille de <em>Ficus carica<\/em> sont: des compos\u00e9s ph\u00e9noliques, des flavono\u00efdes (flavonols, flavones et anthocyanes), des st\u00e9rols, des compos\u00e9s organiques (monoterp\u00e8nes, sesquiterp\u00e8nes, c\u00e9tones, alcools, esters), des coumarines, des glycosides, des alcalo\u00efdes et des sapononines (Nebedum et al., 2010). Selon El-Shobaka et al. (2010) Les feuilles de <em>Ficus carica<\/em> contiennent 82,20% d'humidit\u00e9, 0,65% de cendres, 1% de prot\u00e9ines, 1,55% de fibres et 12,90% de glucides. La feuille contient une teneur totale en flavono\u00efdes plus \u00e9lev\u00e9e (275 mg 100 g -1) par rapport au fruit de figue m\u00fbr (82 mg 100 g -1). La teneur totale en polyph\u00e9nols (32 mg 100 g -1) ne diff\u00e8re pas beaucoup de la teneur totale en polyph\u00e9nols des figues m\u00fbres (40 mg 100 g -1). Des changements significatifs dans la teneur totale en compos\u00e9s ph\u00e9noliques ont \u00e9t\u00e9 observ\u00e9s au cours de la maturation des feuilles.<\/p><p>La maturation augmente la teneur en ph\u00e9nols et l'activit\u00e9 antioxydante. La proportion de polyph\u00e9nols est plus \u00e9lev\u00e9e que celle du vin rouge et du th\u00e9, c'est pourquoi les feuilles de <em>Ficus carica<\/em> ont un effet antioxydant plus fort (Li et al., 2021). Les r\u00e9sultats de la composition min\u00e9rale montrent la pr\u00e9sence d'\u00e9l\u00e9ments min\u00e9raux essentiels: Na, K, Zn, Fe, Cr, Co, Cu, Ni, Pb, Mn, Ca, Mg, Cd (Khan et al., 2012), et vitamines C et E (Ghazi et al., 2012).<\/p>\t\t\t\t\t\t\t\t<\/div>\n\t\t\t\t<\/div>\n\t\t\t\t<div class=\"elementor-element elementor-element-d325452 elementor-widget elementor-widget-image\" data-id=\"d325452\" data-element_type=\"widget\" data-e-type=\"widget\" data-widget_type=\"image.default\">\n\t\t\t\t<div class=\"elementor-widget-container\">\n\t\t\t\t\t\t\t\t\t\t\t\t\t\t\t<img decoding=\"async\" src=\"https:\/\/www.alivitpharm.com\/wp-content\/uploads\/2022\/09\/leaves.png\" title=\"leaves\" alt=\"Leaves\" loading=\"lazy\" \/>\t\t\t\t\t\t\t\t\t\t\t\t\t\t\t<\/div>\n\t\t\t\t<\/div>\n\t\t\t\t<div class=\"elementor-element elementor-element-dd22209 elementor-widget elementor-widget-text-editor\" data-id=\"dd22209\" data-element_type=\"widget\" data-e-type=\"widget\" data-widget_type=\"text-editor.default\">\n\t\t\t\t<div class=\"elementor-widget-container\">\n\t\t\t\t\t\t\t\t\t<p><span class=\"jCAhz ChMk0b\"><span class=\"ryNqvb\">De nombreuses \u00e9tudes ont prouv\u00e9 les effets hypoglyc\u00e9miants, antioxydants, anti-inflammatoires, r\u00e9noprotecteurs et h\u00e9patoprotecteurs de l'extrait de feuille de <em>Ficus carica<\/em> (Li et al., 2021).<\/span><\/span> <span class=\"jCAhz\"><span class=\"ryNqvb\">Stephen Irudayara et al.<\/span><\/span> <span class=\"jCAhz ChMk0b\"><span class=\"ryNqvb\">(2017) ont d\u00e9montr\u00e9 un effet significatif de l'extrait d'ac\u00e9tate d'\u00e9thyle de feuilles de <em>Ficus carica<\/em> ur les enzymes m\u00e9taboliques des glucides avec des activit\u00e9s hypoglyc\u00e9miques et hypolipid\u00e9miques prometteuses chez les rats atteints de diab\u00e8te de type 2. Cela a confirm\u00e9 l'effet positif du th\u00e9 aux feuilles de <em>Ficus carica<\/em> dans la pr\u00e9vention du diab\u00e8te, qui est utilis\u00e9 en m\u00e9decine traditionnelle.<\/span><\/span><\/p><p><span class=\"jCAhz ChMk0b\"><span class=\"ryNqvb\">La figue est utilis\u00e9e pour traiter diverses maladies telles que l'an\u00e9mie, le cancer, le diab\u00e8te, la l\u00e8pre, les maladies du foie, la paralysie, les maladies de la peau et les ulc\u00e8res.<\/span><\/span> <span class=\"jCAhz ChMk0b\"><span class=\"ryNqvb\">Il s'agit d'un candidat prometteur en biologie pharmaceutique pour le d\u00e9veloppement\/la formulation de nouveaux m\u00e9dicaments et leur utilisation clinique future.<\/span><\/span><\/p><p><span class=\"jCAhz ChMk0b\"><span class=\"ryNqvb\">Les figues sont utilis\u00e9es en m\u00e9decine traditionnelle pour un large \u00e9ventail de maladies li\u00e9es aux syst\u00e8mes digestif, endocrinien, reproducteur et respiratoire.<\/span><\/span> <span class=\"jCAhz ChMk0b\"><span class=\"ryNqvb\">En outre, il est \u00e9galement utilis\u00e9 pour les infections du tractus gastro-intestinal et des voies urinaires.<\/span><\/span><\/p><p><span class=\"jCAhz ChMk0b\"><span class=\"ryNqvb\"> La leishmaniose est une maladie infectieuse caus\u00e9e par des parasites du genre <em>Leishmania<\/em>.<\/span><\/span> <span class=\"jCAhz ChMk0b\"><span class=\"ryNqvb\">Cette maladie est transmise par les piq\u00fbres d'insectes, principalement de moustiques. La leishmaniose peut provoquer diff\u00e9rentes formes de maladie chez l'homme, selon le type de parasite et la r\u00e9ponse immunitaire de l'h\u00f4te.<\/span><\/span> <span class=\"jCAhz ChMk0b\"><span class=\"ryNqvb\">La leishmaniose est l'une des six principales maladies tropicales.<\/span><\/span> <span class=\"jCAhz ChMk0b\"><span class=\"ryNqvb\">L'objectif de l'\u00e9tude \u00e9tait d'examiner l'effet des extraits d'olive et de figue contre <em>Leishmania major<\/em> dans des mod\u00e8les exp\u00e9rimentaux in vitro et in vivo.<\/span><\/span> <span class=\"jCAhz\"><span class=\"ryNqvb\">Lors de tests in vitro, les extraits d'olive et de figue se sont r\u00e9v\u00e9l\u00e9s efficaces contre <em>L. major<\/em> apr\u00e8s 48 heures.<\/span><\/span> <span class=\"jCAhz\"><span class=\"ryNqvb\">De plus, la taille des l\u00e9sions et la charge parasitaire chez les souris infect\u00e9es par <em>L. major<\/em> are<\/span><\/span><span class=\"jCAhz ChMk0b\"><span class=\"ryNqvb\"> ont \u00e9t\u00e9 \u00e9tudi\u00e9es in vivo.<\/span><\/span> <span class=\"jCAhz ChMk0b\"><span class=\"ryNqvb\">Les r\u00e9sultats ont montr\u00e9 que les extraits d' <em>O. Europaea<\/em> (olivier) et de <em>F. Carica<\/em> (figue) pr\u00e9sentaient une activit\u00e9 significative contre <em>L. major<\/em>.<\/span><\/span><\/p>\t\t\t\t\t\t\t\t<\/div>\n\t\t\t\t<\/div>\n\t\t\t\t<div class=\"elementor-element elementor-element-0668381 elementor-widget elementor-widget-heading\" data-id=\"0668381\" data-element_type=\"widget\" data-e-type=\"widget\" data-widget_type=\"heading.default\">\n\t\t\t\t<div class=\"elementor-widget-container\">\n\t\t\t\t\t<h4 class=\"elementor-heading-title elementor-size-default\">R\u00e9f\u00e9rences<\/h4>\t\t\t\t<\/div>\n\t\t\t\t<\/div>\n\t\t\t\t<div class=\"elementor-element elementor-element-2a37b9e elementor-widget elementor-widget-text-editor\" data-id=\"2a37b9e\" data-element_type=\"widget\" data-e-type=\"widget\" data-widget_type=\"text-editor.default\">\n\t\t\t\t<div class=\"elementor-widget-container\">\n\t\t\t\t\t\t\t\t\t<ul><li><a class=\"reference-link\" href=\"https:\/\/pubmed.ncbi.nlm.nih.gov\/24159359\/\" target=\"_blank\" rel=\"noopener\">Ficus carica L. (Moraceae): Phytochemistry, Traditional Uses and Biological Activities<\/a><\/li><li><a class=\"reference-link\" href=\"https:\/\/pubmed.ncbi.nlm.nih.gov\/33252120\/\" target=\"_blank\" rel=\"noopener\">The Effects of Silver Nanoparticles Biosynthesized Using Fig and Olive Extracts on Cutaneous leishmaniasis Induced Inflammation in Female Balb\/c Mice<\/a><\/li><li><a class=\"reference-link\" href=\"https:\/\/www.researchgate.net\/publication\/263896653_Traditional_uses_phytochemistry_and_pharmacology_of_Ficus_carica_A_review\" target=\"_blank\" rel=\"noopener\">Traditional uses, phytochemistry and pharmacology of Ficus carica: A review<\/a><\/li><\/ul>\t\t\t\t\t\t\t\t<\/div>\n\t\t\t\t<\/div>\n\t\t\t\t\t<\/div>\n\t\t<\/div>\n\t\t\t\t\t<\/div>\n\t\t<\/section>\n\t\t\t\t<\/div>","protected":false},"excerpt":{"rendered":"<p>Fig Tree Ficus carica L. &#8211; Moraceae The common fig, Ficus carica, is a deciduous tree known for its large, fragrant leaves, complex, hidden inflorescences, and juicy fruits. It has been cultivated in the Mediterranean, Middle East, and West Asia since ancient times, and is one of the earliest cultivated fruit trees. Today, its cultivation &hellip;<\/p>\n<p class=\"read-more\"> <a class=\"\" href=\"https:\/\/www.alivitpharm.com\/fr\/fig-tree\/\"> <span class=\"screen-reader-text\">Figuier<\/span> Lire la suite\u00a0\u00bb<\/a><\/p>","protected":false},"author":9,"featured_media":0,"parent":0,"menu_order":0,"comment_status":"closed","ping_status":"closed","template":"","meta":{"site-sidebar-layout":"no-sidebar","site-content-layout":"page-builder","ast-global-header-display":"","ast-main-header-display":"","ast-hfb-above-header-display":"","ast-hfb-below-header-display":"","ast-hfb-mobile-header-display":"","site-post-title":"disabled","ast-breadcrumbs-content":"","ast-featured-img":"disabled","footer-sml-layout":"","theme-transparent-header-meta":"","adv-header-id-meta":"","stick-header-meta":"","header-above-stick-meta":"","header-main-stick-meta":"","header-below-stick-meta":"","footnotes":""},"class_list":["post-12325","page","type-page","status-publish","hentry"],"_links":{"self":[{"href":"https:\/\/www.alivitpharm.com\/fr\/wp-json\/wp\/v2\/pages\/12325","targetHints":{"allow":["GET"]}}],"collection":[{"href":"https:\/\/www.alivitpharm.com\/fr\/wp-json\/wp\/v2\/pages"}],"about":[{"href":"https:\/\/www.alivitpharm.com\/fr\/wp-json\/wp\/v2\/types\/page"}],"author":[{"embeddable":true,"href":"https:\/\/www.alivitpharm.com\/fr\/wp-json\/wp\/v2\/users\/9"}],"replies":[{"embeddable":true,"href":"https:\/\/www.alivitpharm.com\/fr\/wp-json\/wp\/v2\/comments?post=12325"}],"version-history":[{"count":35,"href":"https:\/\/www.alivitpharm.com\/fr\/wp-json\/wp\/v2\/pages\/12325\/revisions"}],"predecessor-version":[{"id":12366,"href":"https:\/\/www.alivitpharm.com\/fr\/wp-json\/wp\/v2\/pages\/12325\/revisions\/12366"}],"wp:attachment":[{"href":"https:\/\/www.alivitpharm.com\/fr\/wp-json\/wp\/v2\/media?parent=12325"}],"curies":[{"name":"wp","href":"https:\/\/api.w.org\/{rel}","templated":true}]}}