{"id":12367,"date":"2025-05-23T13:17:38","date_gmt":"2025-05-23T11:17:38","guid":{"rendered":"https:\/\/www.alivitpharm.com\/?page_id=12367"},"modified":"2025-05-23T14:49:08","modified_gmt":"2025-05-23T12:49:08","slug":"giroflier","status":"publish","type":"page","link":"https:\/\/www.alivitpharm.com\/fr\/clove\/","title":{"rendered":"Giroflier"},"content":{"rendered":"<div data-elementor-type=\"wp-page\" data-elementor-id=\"12367\" class=\"elementor elementor-12367\">\n\t\t\t\t\t\t<section class=\"elementor-section elementor-top-section elementor-element elementor-element-41ddf40 elementor-section-content-middle elementor-section-boxed elementor-section-height-default elementor-section-height-default\" data-id=\"41ddf40\" data-element_type=\"section\" data-e-type=\"section\" data-settings=\"{&quot;background_background&quot;:&quot;classic&quot;}\">\n\t\t\t\t\t\t\t<div class=\"elementor-background-overlay\"><\/div>\n\t\t\t\t\t\t\t<div class=\"elementor-container elementor-column-gap-default\">\n\t\t\t\t\t<div class=\"elementor-column elementor-col-100 elementor-top-column elementor-element elementor-element-99ee7c5\" data-id=\"99ee7c5\" data-element_type=\"column\" data-e-type=\"column\">\n\t\t\t<div class=\"elementor-widget-wrap elementor-element-populated\">\n\t\t\t\t\t\t<div class=\"elementor-element elementor-element-b73d4ad elementor-widget elementor-widget-heading\" data-id=\"b73d4ad\" data-element_type=\"widget\" data-e-type=\"widget\" data-widget_type=\"heading.default\">\n\t\t\t\t<div class=\"elementor-widget-container\">\n\t\t\t\t\t<h1 class=\"elementor-heading-title elementor-size-default\">Giroflier<\/h1>\t\t\t\t<\/div>\n\t\t\t\t<\/div>\n\t\t\t\t<div class=\"elementor-element elementor-element-d41fa7f elementor-widget elementor-widget-image\" data-id=\"d41fa7f\" data-element_type=\"widget\" data-e-type=\"widget\" data-widget_type=\"image.default\">\n\t\t\t\t<div class=\"elementor-widget-container\">\n\t\t\t\t\t\t\t\t\t\t\t\t\t\t\t<img decoding=\"async\" width=\"75\" height=\"33\" src=\"https:\/\/www.alivitpharm.com\/wp-content\/uploads\/2019\/07\/logo-leaf-new.png\" class=\"attachment-large size-large wp-image-2518\" alt=\"\" \/>\t\t\t\t\t\t\t\t\t\t\t\t\t\t\t<\/div>\n\t\t\t\t<\/div>\n\t\t\t\t<div class=\"elementor-element elementor-element-e2b7a30 elementor-widget elementor-widget-text-editor\" data-id=\"e2b7a30\" data-element_type=\"widget\" data-e-type=\"widget\" data-widget_type=\"text-editor.default\">\n\t\t\t\t<div class=\"elementor-widget-container\">\n\t\t\t\t\t\t\t\t\t<p><em>Syzygium aromaticum L. &#8211; Myrtaceae<\/em><\/p>\t\t\t\t\t\t\t\t<\/div>\n\t\t\t\t<\/div>\n\t\t\t\t\t<\/div>\n\t\t<\/div>\n\t\t\t\t\t<\/div>\n\t\t<\/section>\n\t\t\t\t<section class=\"elementor-section elementor-top-section elementor-element elementor-element-b51d1c0 elementor-section-boxed elementor-section-height-default elementor-section-height-default\" data-id=\"b51d1c0\" data-element_type=\"section\" data-e-type=\"section\" data-settings=\"{&quot;background_background&quot;:&quot;classic&quot;}\">\n\t\t\t\t\t\t<div class=\"elementor-container elementor-column-gap-default\">\n\t\t\t\t\t<div class=\"elementor-column elementor-col-100 elementor-top-column elementor-element elementor-element-a815609\" data-id=\"a815609\" data-element_type=\"column\" data-e-type=\"column\">\n\t\t\t<div class=\"elementor-widget-wrap elementor-element-populated\">\n\t\t\t\t\t\t<div class=\"elementor-element elementor-element-5b7a388 elementor-widget elementor-widget-image\" data-id=\"5b7a388\" data-element_type=\"widget\" data-e-type=\"widget\" data-widget_type=\"image.default\">\n\t\t\t\t<div class=\"elementor-widget-container\">\n\t\t\t\t\t\t\t\t\t\t\t\t\t\t\t<img decoding=\"async\" src=\"https:\/\/www.alivitpharm.com\/wp-content\/uploads\/2025\/05\/clove.png\" title=\"clove\" alt=\"Giroflier\" loading=\"lazy\" \/>\t\t\t\t\t\t\t\t\t\t\t\t\t\t\t<\/div>\n\t\t\t\t<\/div>\n\t\t\t\t<div class=\"elementor-element elementor-element-711b3b0 elementor-widget elementor-widget-text-editor\" data-id=\"711b3b0\" data-element_type=\"widget\" data-e-type=\"widget\" data-widget_type=\"text-editor.default\">\n\t\t\t\t<div class=\"elementor-widget-container\">\n\t\t\t\t\t\t\t\t\t<p><span class=\"jCAhz ChMk0b\"><span class=\"ryNqvb\"><strong>Giroflier<\/strong> (<em>Syzigium aromaticum<\/em>) est une \u00e9pice naturelle aux propri\u00e9t\u00e9s biologiques importantes.<\/span><\/span> <span class=\"jCAhz ChMk0b\"><span class=\"ryNqvb\">On le trouve principalement en Inde et en Indon\u00e9sie, mais il peut \u00e9galement \u00eatre cultiv\u00e9 dans d'autres r\u00e9gions c\u00f4ti\u00e8res.<\/span><\/span> <span class=\"jCAhz ChMk0b\"><span class=\"ryNqvb\">Les clous de girofle sont g\u00e9n\u00e9ralement utilis\u00e9s comme conservateur naturel et dans la production de m\u00e9dicaments naturels.<\/span><\/span> <span class=\"jCAhz ChMk0b\"><span class=\"ryNqvb\">L'un des avantages importants du clou de girofle est sa capacit\u00e9 \u00e0 aider \u00e0 traiter les maladies caus\u00e9es par diverses bact\u00e9ries et champignons, notamment <em>E. coli<\/em>, <em>P. aeruginosa<\/em>, <em>S. aureus<\/em>, <em>Z. mobilis<\/em>, et <em>C. albicans<\/em>.<\/span><\/span> <span class=\"jCAhz ChMk0b\"><span class=\"ryNqvb\">De plus, les clous de girofle poss\u00e8dent des propri\u00e9t\u00e9s antioxydantes qui peuvent aider \u00e0 r\u00e9duire les dommages cellulaires caus\u00e9s par les radicaux libres.<\/span><\/span> <span class=\"jCAhz ChMk0b\"><span class=\"ryNqvb\">Les clous de girofle ont \u00e9galement montr\u00e9 un potentiel pour inhiber la croissance des cellules canc\u00e9reuses et r\u00e9duire l'activit\u00e9 d'enzymes telles que l'amylase, la glucosidase et la lipase, ce qui peut \u00eatre utile pour traiter le diab\u00e8te.<\/span><\/span> <span class=\"jCAhz ChMk0b\"><span class=\"ryNqvb\">L'\u00e9tude a montr\u00e9 que les nanoparticules d'argent (AgNP) synth\u00e9tis\u00e9es \u00e0 partir d\u2019extrait de feuille de girofle pr\u00e9sentaient des activit\u00e9s antimicrobiennes, anticanc\u00e9reuses, antidiab\u00e9tiques et antioxydantes prometteuses.<\/span><\/span><\/p><p><span class=\"jCAhz ChMk0b\"><span class=\"ryNqvb\">En bref, le clou de girofle poss\u00e8de diverses propri\u00e9t\u00e9s biologiques et a des applications potentielles dans divers domaines th\u00e9rapeutiques.<\/span><\/span> <span class=\"jCAhz ChMk0b\"><span class=\"ryNqvb\">Les compos\u00e9s volatils du clou de girofle peuvent \u00eatre obtenus principalement par distillation de bourgeons, de brindilles ou de feuilles, ce qui donne des caract\u00e9ristiques diff\u00e9rentes de l'huile volatile.<\/span><\/span><\/p><p><span class=\"jCAhz ChMk0b\"><span class=\"ryNqvb\">Plusieurs facteurs tels que les vari\u00e9t\u00e9s, l\u2019\u00e2ge et la maturit\u00e9 des organes du clou de girofle influencent son rendement et sa composition chimique.<\/span><\/span> <span class=\"jCAhz ChMk0b\"><span class=\"ryNqvb\">Des facteurs externes, tels que les zones de culture, les processus post-r\u00e9colte, les m\u00e9thodes de distillation et les conditions de stockage, affectent \u00e9galement la qualit\u00e9 de l\u2019huile volatile. L\u2019huile volatile extraite des clous de girofle est actuellement utilis\u00e9e dans les industries alimentaires, m\u00e9dicales, cosm\u00e9tiques et des pesticides.<\/span><\/span><\/p>\t\t\t\t\t\t\t\t<\/div>\n\t\t\t\t<\/div>\n\t\t\t\t<div class=\"elementor-element elementor-element-55c988f elementor-widget elementor-widget-image\" data-id=\"55c988f\" data-element_type=\"widget\" data-e-type=\"widget\" data-widget_type=\"image.default\">\n\t\t\t\t<div class=\"elementor-widget-container\">\n\t\t\t\t\t\t\t\t\t\t\t\t\t\t\t<img decoding=\"async\" src=\"https:\/\/www.alivitpharm.com\/wp-content\/uploads\/2022\/09\/leaves.png\" title=\"leaves\" alt=\"Leaves\" loading=\"lazy\" \/>\t\t\t\t\t\t\t\t\t\t\t\t\t\t\t<\/div>\n\t\t\t\t<\/div>\n\t\t\t\t<div class=\"elementor-element elementor-element-e838f59 elementor-widget elementor-widget-text-editor\" data-id=\"e838f59\" data-element_type=\"widget\" data-e-type=\"widget\" data-widget_type=\"text-editor.default\">\n\t\t\t\t<div class=\"elementor-widget-container\">\n\t\t\t\t\t\t\t\t\t<p><span class=\"jCAhz ChMk0b\"><span class=\"ryNqvb\">Le clou de girofle est largement connu pour ses fortes propri\u00e9t\u00e9s antioxydantes et est traditionnellement utilis\u00e9 pour les soins dentaires, comme \u00e9pice aromatique et comme conservateur naturel.<\/span><\/span> <span class=\"jCAhz ChMk0b\"><span class=\"ryNqvb\">Les feuilles du giroflier contiennent des compos\u00e9s phytochimiques tels que des alcalo\u00efdes, des flavono\u00efdes et des saponines.<\/span><\/span> <span class=\"jCAhz ChMk0b\"><span class=\"ryNqvb\">L'huile essentielle de clou de girofle est utilis\u00e9e dans la m\u00e9decine traditionnelle chinoise et s'est av\u00e9r\u00e9e avoir des effets antiviraux, antifongiques, antibact\u00e9riens, antiparasitaires, analg\u00e9siques, antioxydants, antimutag\u00e8nes et antithrombotiques.<\/span><\/span> <span class=\"jCAhz ChMk0b\"><span class=\"ryNqvb\">Les antioxydants contenus dans les clous de girofle aident \u00e0 r\u00e9duire la propagation des radicaux libres dans le corps humain et \u00e0 prot\u00e9ger les membranes cellulaires.<\/span><\/span> <span class=\"jCAhz ChMk0b\"><span class=\"ryNqvb\">Il a \u00e9t\u00e9 utilis\u00e9 pour lutter contre les micro-organismes responsables de maladies telles que le chol\u00e9ra, le paludisme et la tuberculose.<\/span><\/span> <span class=\"jCAhz ChMk0b\"><span class=\"ryNqvb\">Les principaux ingr\u00e9dients des clous de girofle sont le b-caryophyll\u00e8ne et l\u2019ac\u00e9tate d\u2019eug\u00e9nol.<\/span><\/span> <span class=\"jCAhz ChMk0b\"><span class=\"ryNqvb\">Plusieurs \u00e9tudes ont rapport\u00e9 l\u2019activit\u00e9 fongicide de l\u2019huile de clou de girofle contre <em>Candida<\/em>.<\/span><\/span><\/p><p><span class=\"jCAhz ChMk0b\"><span class=\"ryNqvb\">De plus, les extraits de <em>S. aromaticum<\/em> contiennent une gamme diversifi\u00e9e de m\u00e9tabolites secondaires, tels que des flavono\u00efdes, des acides hydroxybenzo\u00efques, des acides hydroxycinnamiques, des hydroxyph\u00e9nylprop\u00e8nes, de l'eug\u00e9nol, de l'ac\u00e9tate d'eug\u00e9nol et de l'acide gallique, avec une large gamme d'activit\u00e9s b\u00e9n\u00e9fiques pour la sant\u00e9.<\/span><\/span> <span class=\"jCAhz ChMk0b\"><span class=\"ryNqvb\">Ces m\u00e9tabolites ont des propri\u00e9t\u00e9s biologiques actives et des structures aromatiques uniques et peuvent \u00eatre utilis\u00e9s en toute s\u00e9curit\u00e9 dans l\u2019alimentation et la m\u00e9decine.<\/span><\/span> <span class=\"jCAhz ChMk0b\"><span class=\"ryNqvb\">Les m\u00e9tabolites du clou de girofle sont consid\u00e9r\u00e9s comme de nouveaux agents antimicrobiens naturels utiles pour la lutte potentielle contre <em>Helicobacter pylori<\/em> r\u00e9sistant aux m\u00e9dicaments qui produisent des g\u00e8nes de cytotoxines, des troubles gastro-intestinaux, des propri\u00e9t\u00e9s anti-inflammatoires, antithrombotiques, antidiab\u00e9tiques, anesth\u00e9siques et poss\u00e8dent des propri\u00e9t\u00e9s insectifuges.<\/span><\/span> <span class=\"jCAhz ChMk0b\"><span class=\"ryNqvb\">De plus, il a \u00e9t\u00e9 prouv\u00e9 que les clous de girofle ont une activit\u00e9 biologique similaire \u00e0 celle de l\u2019insuline et r\u00e9gulent le m\u00e9tabolisme \u00e9nerg\u00e9tique.<\/span><\/span> <span class=\"jCAhz ChMk0b\"><span class=\"ryNqvb\">Ce chapitre donne un aper\u00e7u des effets b\u00e9n\u00e9fiques pour la sant\u00e9 des extraits de clou de girofle et de leurs applications potentielles.<\/span><\/span><\/p>\t\t\t\t\t\t\t\t<\/div>\n\t\t\t\t<\/div>\n\t\t\t\t<div class=\"elementor-element elementor-element-97c19e5 elementor-widget elementor-widget-heading\" data-id=\"97c19e5\" data-element_type=\"widget\" data-e-type=\"widget\" data-widget_type=\"heading.default\">\n\t\t\t\t<div class=\"elementor-widget-container\">\n\t\t\t\t\t<h4 class=\"elementor-heading-title elementor-size-default\">R\u00e9f\u00e9rences<\/h4>\t\t\t\t<\/div>\n\t\t\t\t<\/div>\n\t\t\t\t<div class=\"elementor-element elementor-element-fa254b0 elementor-widget elementor-widget-text-editor\" data-id=\"fa254b0\" data-element_type=\"widget\" data-e-type=\"widget\" data-widget_type=\"text-editor.default\">\n\t\t\t\t<div class=\"elementor-widget-container\">\n\t\t\t\t\t\t\t\t\t<ul><li style=\"list-style-type: none;\"><ul><li><a class=\"reference-link\" href=\"https:\/\/www.sciencedirect.com\/science\/article\/abs\/pii\/B9780323851770000185\" target=\"_blank\" rel=\"noopener\">Chapter 37 &#8211; Health-promoting activities of clove (Syzygium aromaticum) extracts<\/a><\/li><li><a class=\"reference-link\" href=\"https:\/\/www.sciencedirect.com\/science\/article\/pii\/S1018364724000545\" target=\"_blank\" rel=\"noopener\">Evaluation of antimicrobial, anticancer, antidiabetic, antioxidant activities and silver nanoparticles synthesized from Indian Clove &#8211; Syzygium aromaticum leaf extract<\/a><\/li><\/ul><\/li><\/ul>\t\t\t\t\t\t\t\t<\/div>\n\t\t\t\t<\/div>\n\t\t\t\t\t<\/div>\n\t\t<\/div>\n\t\t\t\t\t<\/div>\n\t\t<\/section>\n\t\t\t\t<\/div>","protected":false},"excerpt":{"rendered":"<p>Clove Syzygium aromaticum L. &#8211; Myrtaceae Clove (Syzigium aromaticum) is a natural spice with significant biological properties. It is primarily found in India and Indonesia, but can also be grown in other coastal areas. Clove is commonly used as a natural preservative and in the production of natural medicines. One of the significant benefits of &hellip;<\/p>\n<p class=\"read-more\"> <a class=\"\" href=\"https:\/\/www.alivitpharm.com\/fr\/clove\/\"> <span class=\"screen-reader-text\">Giroflier<\/span> Lire la suite\u00a0\u00bb<\/a><\/p>","protected":false},"author":9,"featured_media":0,"parent":0,"menu_order":0,"comment_status":"closed","ping_status":"closed","template":"","meta":{"site-sidebar-layout":"no-sidebar","site-content-layout":"page-builder","ast-global-header-display":"","ast-main-header-display":"","ast-hfb-above-header-display":"","ast-hfb-below-header-display":"","ast-hfb-mobile-header-display":"","site-post-title":"disabled","ast-breadcrumbs-content":"","ast-featured-img":"disabled","footer-sml-layout":"","theme-transparent-header-meta":"","adv-header-id-meta":"","stick-header-meta":"","header-above-stick-meta":"","header-main-stick-meta":"","header-below-stick-meta":"","footnotes":""},"class_list":["post-12367","page","type-page","status-publish","hentry"],"_links":{"self":[{"href":"https:\/\/www.alivitpharm.com\/fr\/wp-json\/wp\/v2\/pages\/12367","targetHints":{"allow":["GET"]}}],"collection":[{"href":"https:\/\/www.alivitpharm.com\/fr\/wp-json\/wp\/v2\/pages"}],"about":[{"href":"https:\/\/www.alivitpharm.com\/fr\/wp-json\/wp\/v2\/types\/page"}],"author":[{"embeddable":true,"href":"https:\/\/www.alivitpharm.com\/fr\/wp-json\/wp\/v2\/users\/9"}],"replies":[{"embeddable":true,"href":"https:\/\/www.alivitpharm.com\/fr\/wp-json\/wp\/v2\/comments?post=12367"}],"version-history":[{"count":25,"href":"https:\/\/www.alivitpharm.com\/fr\/wp-json\/wp\/v2\/pages\/12367\/revisions"}],"predecessor-version":[{"id":12394,"href":"https:\/\/www.alivitpharm.com\/fr\/wp-json\/wp\/v2\/pages\/12367\/revisions\/12394"}],"wp:attachment":[{"href":"https:\/\/www.alivitpharm.com\/fr\/wp-json\/wp\/v2\/media?parent=12367"}],"curies":[{"name":"wp","href":"https:\/\/api.w.org\/{rel}","templated":true}]}}