{"id":12405,"date":"2025-06-03T13:29:38","date_gmt":"2025-06-03T11:29:38","guid":{"rendered":"https:\/\/www.alivitpharm.com\/?page_id=12405"},"modified":"2025-06-04T09:56:47","modified_gmt":"2025-06-04T07:56:47","slug":"noyer-noir","status":"publish","type":"page","link":"https:\/\/www.alivitpharm.com\/fr\/black-walnut\/","title":{"rendered":"Noyer noir"},"content":{"rendered":"<div data-elementor-type=\"wp-page\" data-elementor-id=\"12405\" class=\"elementor elementor-12405\">\n\t\t\t\t\t\t<section class=\"elementor-section elementor-top-section elementor-element elementor-element-eefccf9 elementor-section-content-middle elementor-section-boxed elementor-section-height-default elementor-section-height-default\" data-id=\"eefccf9\" data-element_type=\"section\" data-e-type=\"section\" data-settings=\"{&quot;background_background&quot;:&quot;classic&quot;}\">\n\t\t\t\t\t\t\t<div class=\"elementor-background-overlay\"><\/div>\n\t\t\t\t\t\t\t<div class=\"elementor-container elementor-column-gap-default\">\n\t\t\t\t\t<div class=\"elementor-column elementor-col-100 elementor-top-column elementor-element elementor-element-b3aad1a\" data-id=\"b3aad1a\" data-element_type=\"column\" data-e-type=\"column\">\n\t\t\t<div class=\"elementor-widget-wrap elementor-element-populated\">\n\t\t\t\t\t\t<div class=\"elementor-element elementor-element-ab8685e elementor-widget elementor-widget-heading\" data-id=\"ab8685e\" data-element_type=\"widget\" data-e-type=\"widget\" data-widget_type=\"heading.default\">\n\t\t\t\t<div class=\"elementor-widget-container\">\n\t\t\t\t\t<h1 class=\"elementor-heading-title elementor-size-default\">Noyer noir<\/h1>\t\t\t\t<\/div>\n\t\t\t\t<\/div>\n\t\t\t\t<div class=\"elementor-element elementor-element-415212b elementor-widget elementor-widget-image\" data-id=\"415212b\" data-element_type=\"widget\" data-e-type=\"widget\" data-widget_type=\"image.default\">\n\t\t\t\t<div class=\"elementor-widget-container\">\n\t\t\t\t\t\t\t\t\t\t\t\t\t\t\t<img decoding=\"async\" width=\"75\" height=\"33\" src=\"https:\/\/www.alivitpharm.com\/wp-content\/uploads\/2019\/07\/logo-leaf-new.png\" class=\"attachment-large size-large wp-image-2518\" alt=\"\" \/>\t\t\t\t\t\t\t\t\t\t\t\t\t\t\t<\/div>\n\t\t\t\t<\/div>\n\t\t\t\t<div class=\"elementor-element elementor-element-b4c416b elementor-widget elementor-widget-text-editor\" data-id=\"b4c416b\" data-element_type=\"widget\" data-e-type=\"widget\" data-widget_type=\"text-editor.default\">\n\t\t\t\t<div class=\"elementor-widget-container\">\n\t\t\t\t\t\t\t\t\t<p><em>Juglans nigra L. &#8211; Juglandaceae<\/em><\/p>\t\t\t\t\t\t\t\t<\/div>\n\t\t\t\t<\/div>\n\t\t\t\t\t<\/div>\n\t\t<\/div>\n\t\t\t\t\t<\/div>\n\t\t<\/section>\n\t\t\t\t<section class=\"elementor-section elementor-top-section elementor-element elementor-element-47c4ba5 elementor-section-boxed elementor-section-height-default elementor-section-height-default\" data-id=\"47c4ba5\" data-element_type=\"section\" data-e-type=\"section\" data-settings=\"{&quot;background_background&quot;:&quot;classic&quot;}\">\n\t\t\t\t\t\t<div class=\"elementor-container elementor-column-gap-default\">\n\t\t\t\t\t<div class=\"elementor-column elementor-col-100 elementor-top-column elementor-element elementor-element-add1926\" data-id=\"add1926\" data-element_type=\"column\" data-e-type=\"column\">\n\t\t\t<div class=\"elementor-widget-wrap elementor-element-populated\">\n\t\t\t\t\t\t<div class=\"elementor-element elementor-element-86dc96d elementor-widget elementor-widget-image\" data-id=\"86dc96d\" data-element_type=\"widget\" data-e-type=\"widget\" data-widget_type=\"image.default\">\n\t\t\t\t<div class=\"elementor-widget-container\">\n\t\t\t\t\t\t\t\t\t\t\t\t\t\t\t<img decoding=\"async\" src=\"https:\/\/www.alivitpharm.com\/wp-content\/uploads\/2025\/06\/black-walnut.png\" title=\"black-walnut\" alt=\"Noyer noir\" loading=\"lazy\" \/>\t\t\t\t\t\t\t\t\t\t\t\t\t\t\t<\/div>\n\t\t\t\t<\/div>\n\t\t\t\t<div class=\"elementor-element elementor-element-b37e113 elementor-widget elementor-widget-text-editor\" data-id=\"b37e113\" data-element_type=\"widget\" data-e-type=\"widget\" data-widget_type=\"text-editor.default\">\n\t\t\t\t<div class=\"elementor-widget-container\">\n\t\t\t\t\t\t\t\t\t<p>Les noix sont un groupe de plantes appartenant au genre <em>Juglans<\/em> de la <em>Juglandaceae<\/em> famille. L'une des deux esp\u00e8ces les plus populaires est le <em>Juglans nigra L.<\/em> ou <strong>noyer noir<\/strong>, originaire d'Am\u00e9rique du Nord (\u00c9tats-Unis et Canada), mais d\u00e9sormais r\u00e9pandu en Europe. Comme son nom l'indique, il est connu pour la couleur fonc\u00e9e (brun \u00e0 noir) de son bois, mais la difficult\u00e9 de sa coque \u00e0 casser rend son exploitation commerciale difficile. En revanche, le noyer commun <em>Juglans regia L.<\/em> est l'esp\u00e8ce la plus exploit\u00e9e commercialement comme source alimentaire. Originaire d'Asie centrale et de certaines r\u00e9gions d'Europe, il a \u00e9t\u00e9 largement introduit et cultiv\u00e9 dans le monde entier.<\/p><p>Les racines et les feuilles de noyer sont connues pour \u00eatre utilis\u00e9es en m\u00e9decine traditionnelle contre le diab\u00e8te, les rhumatismes, la fi\u00e8vre, les maladies de peau et les h\u00e9morro\u00efdes. L'huile de noix et d'autres produits sont \u00e9galement des ingr\u00e9dients courants dans les cr\u00e8mes pour la peau s\u00e8che et les formules de produits anti-\u00e2ge. Le noyau de la graine est connu pour contenir des polyph\u00e9nols tels que des tanins. La teneur \u00e9lev\u00e9e en polyph\u00e9nols de la noix renforce ses propri\u00e9t\u00e9s antioxydantes. Il a \u00e9galement \u00e9t\u00e9 d\u00e9montr\u00e9 que la noix a un effet h\u00e9patoprotecteur, dont les vecteurs sont les polyph\u00e9nols.<\/p><p>Les bienfaits des noix pour la sant\u00e9 pourraient \u00eatre en partie li\u00e9s \u00e0 leur teneur \u00e9lev\u00e9e en acides gras polyinsatur\u00e9s. L'huile extraite des noyaux de noix contient plus de 76% d'acides gras polyinsatur\u00e9s. Parmi ceux-ci, le composant le plus important de l'huile de noix est l'acide linol\u00e9ique (62%), dont la concentration peut varier selon la provenance de la noix et la m\u00e9thode d'extraction. En r\u00e9sum\u00e9, les noyaux de noix contiennent une huile riche en acides linol\u00e9ique, linol\u00e9ique et ol\u00e9ique. Ces acides gras satur\u00e9s sont connus pour leurs bienfaits pour la sant\u00e9, mais leur effet peut \u00eatre limit\u00e9 par leur oxydation. Outre leur teneur en tocoph\u00e9rols (relativement plus faible dans les noix que dans les autres fruits \u00e0 coque), qui peuvent inhiber l'oxydation des acides gras, les compos\u00e9s polyph\u00e9noliques sont d'excellents antioxydants qui prot\u00e8gent \u00e0 la fois les acides gras de l'huile et les tissus humains lorsqu'ils sont administr\u00e9s comme aliment et\/ou m\u00e9dicament. Bien que les principes actifs individuels n'aient pas fait l'objet d'\u00e9tudes approfondies, les bienfaits potentiels de la consommation de noix (graines) pour la sant\u00e9 humaine peuvent \u00eatre attribu\u00e9s \u00e0 la fois aux huiles et aux compos\u00e9s polyph\u00e9noliques.<\/p>\t\t\t\t\t\t\t\t<\/div>\n\t\t\t\t<\/div>\n\t\t\t\t<div class=\"elementor-element elementor-element-c2d5d1e elementor-widget elementor-widget-image\" data-id=\"c2d5d1e\" data-element_type=\"widget\" data-e-type=\"widget\" data-widget_type=\"image.default\">\n\t\t\t\t<div class=\"elementor-widget-container\">\n\t\t\t\t\t\t\t\t\t\t\t\t\t\t\t<img decoding=\"async\" src=\"https:\/\/www.alivitpharm.com\/wp-content\/uploads\/2022\/09\/leaves.png\" title=\"leaves\" alt=\"Leaves\" loading=\"lazy\" \/>\t\t\t\t\t\t\t\t\t\t\t\t\t\t\t<\/div>\n\t\t\t\t<\/div>\n\t\t\t\t<div class=\"elementor-element elementor-element-7077c00 elementor-widget elementor-widget-text-editor\" data-id=\"7077c00\" data-element_type=\"widget\" data-e-type=\"widget\" data-widget_type=\"text-editor.default\">\n\t\t\t\t<div class=\"elementor-widget-container\">\n\t\t\t\t\t\t\t\t\t<p>De nombreuses donn\u00e9es \u00e9pid\u00e9miologiques concernant les noix corroborent les bienfaits cardiovasculaires, protecteurs et sanitaires des acides gras polyinsatur\u00e9s dans l'alimentation humaine, o\u00f9 des am\u00e9liorations du dysfonctionnement endoth\u00e9lial et des profils lipidiques ont \u00e9t\u00e9 observ\u00e9es. Une consommation quotidienne de 56g de noix am\u00e9liore la fonction endoth\u00e9liale chez les adultes ob\u00e8ses et les personnes pr\u00e9sentant une graisse visc\u00e9rale. Les feuilles de noyer sont utilis\u00e9es sous forme d'infusions et de tisanes pour traiter les l\u00e9sions cutan\u00e9es purulentes et fongiques, la tuberculose pulmonaire et d'autres formes de tuberculose, le diab\u00e8te, les affections des muqueuses de la bouche et de la gorge, et les carences vitaminiques.<\/p><p>Il ne faut pas confondre le noyer noir et la noix. Bien qu'appartenant \u00e0 la m\u00eame famille, ils pr\u00e9sentent des diff\u00e9rences significatives. Pendant longtemps, les propri\u00e9t\u00e9s m\u00e9dicinales du <em>Juglans nigra<\/em>\u00a0sont rest\u00e9es inexplor\u00e9es. Les propri\u00e9t\u00e9s b\u00e9n\u00e9fiques et les contre-indications du noyer noir d\u00e9pendent largement de la composition de son noyau. Les fruits m\u00fbrs contiennent huit acides gras, jusqu'\u00e0 30% de prot\u00e9ines et 7% de glucides. La juglone, pr\u00e9sente dans les noix, est essentielle \u00e0 la sant\u00e9. Cette substance poss\u00e8de des propri\u00e9t\u00e9s antifongiques, antiparasitaires et antimicrobiennes, am\u00e9liore la fonction intestinale et restaure la muqueuse. La juglone (un compos\u00e9 organique pr\u00e9sent dans diverses parties de la plante) inhibe l'activit\u00e9 de la phosphatidylinositol-3-kinase, ce qui t\u00e9moigne de ses propri\u00e9t\u00e9s anticanc\u00e9reuses. La juglone poss\u00e8de un large spectre d'activit\u00e9 antibact\u00e9rienne, aussi bien contre les micro-organismes Gram positifs (<em>Staphilococcus aureus<\/em>, <em>Streptococcus mutans<\/em>), que Gram n\u00e9gatifs (<em>Escherichia coli<\/em>, <em>Pseudomonas aeruginosa<\/em>), ainsi que contre les champignons pathog\u00e8nes. L'effet antibact\u00e9rien de la juglone et de ses d\u00e9riv\u00e9s contre les agents pathog\u00e8nes buccaux <em>Porphiromonas spp<\/em>, <em>Streptococcus mutans<\/em>, <em>Actinobacillus viscasus<\/em>, <em>S. sobrinus<\/em>, <em>S. salivarius<\/em> a \u00e9galement \u00e9t\u00e9 d\u00e9montr\u00e9. L'ensemble des propri\u00e9t\u00e9s pharmacologiques de la juglone d\u00e9termine son efficacit\u00e9 dans le traitement de diverses affections cutan\u00e9es.<\/p><p>Des \u00e9tudes d'activit\u00e9 antimicrobienne ont \u00e9t\u00e9 men\u00e9es en laboratoire et ont mis en \u00e9vidence une activit\u00e9 antimicrobienne \u00e9lev\u00e9e et mod\u00e9r\u00e9e d'extraits de noyer (<em>Juglans regia L.<\/em>) et de noyer noir (<em>Juglans nigra L.<\/em>). Des ph\u00e9nols, tels que l'acide gallique, l'acide ellagique, l'acide f\u00e9rulique et la naringine, ont \u00e9t\u00e9 associ\u00e9s \u00e0 une activit\u00e9 antibact\u00e9rienne. Il est sugg\u00e9r\u00e9 que le m\u00e9canisme par lequel les ph\u00e9nols inhibent la croissance bact\u00e9rienne implique une perturbation de la structure membranaire et\/ou une inhibition de la synth\u00e8se de l'ADN.<\/p>\t\t\t\t\t\t\t\t<\/div>\n\t\t\t\t<\/div>\n\t\t\t\t<div class=\"elementor-element elementor-element-8e3eac7 elementor-widget elementor-widget-heading\" data-id=\"8e3eac7\" data-element_type=\"widget\" data-e-type=\"widget\" data-widget_type=\"heading.default\">\n\t\t\t\t<div class=\"elementor-widget-container\">\n\t\t\t\t\t<h4 class=\"elementor-heading-title elementor-size-default\">R\u00e9f\u00e9rences<\/h4>\t\t\t\t<\/div>\n\t\t\t\t<\/div>\n\t\t\t\t<div class=\"elementor-element elementor-element-473b457 elementor-widget elementor-widget-text-editor\" data-id=\"473b457\" data-element_type=\"widget\" data-e-type=\"widget\" data-widget_type=\"text-editor.default\">\n\t\t\t\t<div class=\"elementor-widget-container\">\n\t\t\t\t\t\t\t\t\t<ul><li style=\"list-style-type: none;\"><ul><li><a class=\"reference-link\" href=\"https:\/\/www.sciencedirect.com\/topics\/pharmacology-toxicology-and-pharmaceutical-science\/juglans-nigra\" target=\"_blank\" rel=\"noopener\">Juglans nigra<\/a><\/li><li><a class=\"reference-link\" href=\"https:\/\/journals.uran.ua\/ami\/article\/view\/291562\" target=\"_blank\" rel=\"noopener\">Actual aspects of medical use of woloski nut extracts (Juglans regia l.) and black walnut (Juglans nigra l.) (review)<\/a><\/li><\/ul><\/li><\/ul>\t\t\t\t\t\t\t\t<\/div>\n\t\t\t\t<\/div>\n\t\t\t\t\t<\/div>\n\t\t<\/div>\n\t\t\t\t\t<\/div>\n\t\t<\/section>\n\t\t\t\t<\/div>","protected":false},"excerpt":{"rendered":"<p>Black Walnut Juglans nigra L. &#8211; Juglandaceae Walnuts are a group of plants belonging to the genus Juglans of the Juglandaceae family. One of the two most popular species is Juglans nigra L. or black walnut, which is native to North America (USA and Canada), but is now also common in Europe. As its name &hellip;<\/p>\n<p class=\"read-more\"> <a class=\"\" href=\"https:\/\/www.alivitpharm.com\/fr\/black-walnut\/\"> <span class=\"screen-reader-text\">Noyer noir<\/span> Lire la suite\u00a0\u00bb<\/a><\/p>","protected":false},"author":9,"featured_media":0,"parent":0,"menu_order":0,"comment_status":"closed","ping_status":"closed","template":"","meta":{"site-sidebar-layout":"no-sidebar","site-content-layout":"page-builder","ast-global-header-display":"","ast-main-header-display":"","ast-hfb-above-header-display":"","ast-hfb-below-header-display":"","ast-hfb-mobile-header-display":"","site-post-title":"disabled","ast-breadcrumbs-content":"","ast-featured-img":"disabled","footer-sml-layout":"","theme-transparent-header-meta":"","adv-header-id-meta":"","stick-header-meta":"","header-above-stick-meta":"","header-main-stick-meta":"","header-below-stick-meta":"","footnotes":""},"class_list":["post-12405","page","type-page","status-publish","hentry"],"_links":{"self":[{"href":"https:\/\/www.alivitpharm.com\/fr\/wp-json\/wp\/v2\/pages\/12405","targetHints":{"allow":["GET"]}}],"collection":[{"href":"https:\/\/www.alivitpharm.com\/fr\/wp-json\/wp\/v2\/pages"}],"about":[{"href":"https:\/\/www.alivitpharm.com\/fr\/wp-json\/wp\/v2\/types\/page"}],"author":[{"embeddable":true,"href":"https:\/\/www.alivitpharm.com\/fr\/wp-json\/wp\/v2\/users\/9"}],"replies":[{"embeddable":true,"href":"https:\/\/www.alivitpharm.com\/fr\/wp-json\/wp\/v2\/comments?post=12405"}],"version-history":[{"count":33,"href":"https:\/\/www.alivitpharm.com\/fr\/wp-json\/wp\/v2\/pages\/12405\/revisions"}],"predecessor-version":[{"id":12449,"href":"https:\/\/www.alivitpharm.com\/fr\/wp-json\/wp\/v2\/pages\/12405\/revisions\/12449"}],"wp:attachment":[{"href":"https:\/\/www.alivitpharm.com\/fr\/wp-json\/wp\/v2\/media?parent=12405"}],"curies":[{"name":"wp","href":"https:\/\/api.w.org\/{rel}","templated":true}]}}