{"id":12451,"date":"2025-06-06T08:27:45","date_gmt":"2025-06-06T06:27:45","guid":{"rendered":"https:\/\/www.alivitpharm.com\/?page_id=12451"},"modified":"2025-06-06T14:31:39","modified_gmt":"2025-06-06T12:31:39","slug":"papayer","status":"publish","type":"page","link":"https:\/\/www.alivitpharm.com\/fr\/papaya\/","title":{"rendered":"Papayer"},"content":{"rendered":"<div data-elementor-type=\"wp-page\" data-elementor-id=\"12451\" class=\"elementor elementor-12451\">\n\t\t\t\t\t\t<section class=\"elementor-section elementor-top-section elementor-element elementor-element-62c913b elementor-section-content-middle elementor-section-boxed elementor-section-height-default elementor-section-height-default\" data-id=\"62c913b\" data-element_type=\"section\" data-e-type=\"section\" data-settings=\"{&quot;background_background&quot;:&quot;classic&quot;}\">\n\t\t\t\t\t\t\t<div class=\"elementor-background-overlay\"><\/div>\n\t\t\t\t\t\t\t<div class=\"elementor-container elementor-column-gap-default\">\n\t\t\t\t\t<div class=\"elementor-column elementor-col-100 elementor-top-column elementor-element elementor-element-27db566\" data-id=\"27db566\" data-element_type=\"column\" data-e-type=\"column\">\n\t\t\t<div class=\"elementor-widget-wrap elementor-element-populated\">\n\t\t\t\t\t\t<div class=\"elementor-element elementor-element-7703366 elementor-widget elementor-widget-heading\" data-id=\"7703366\" data-element_type=\"widget\" data-e-type=\"widget\" data-widget_type=\"heading.default\">\n\t\t\t\t<div class=\"elementor-widget-container\">\n\t\t\t\t\t<h1 class=\"elementor-heading-title elementor-size-default\">Papayer<\/h1>\t\t\t\t<\/div>\n\t\t\t\t<\/div>\n\t\t\t\t<div class=\"elementor-element elementor-element-d3ea850 elementor-widget elementor-widget-image\" data-id=\"d3ea850\" data-element_type=\"widget\" data-e-type=\"widget\" data-widget_type=\"image.default\">\n\t\t\t\t<div class=\"elementor-widget-container\">\n\t\t\t\t\t\t\t\t\t\t\t\t\t\t\t<img decoding=\"async\" width=\"75\" height=\"33\" src=\"https:\/\/www.alivitpharm.com\/wp-content\/uploads\/2019\/07\/logo-leaf-new.png\" class=\"attachment-large size-large wp-image-2518\" alt=\"\" \/>\t\t\t\t\t\t\t\t\t\t\t\t\t\t\t<\/div>\n\t\t\t\t<\/div>\n\t\t\t\t<div class=\"elementor-element elementor-element-0c7f255 elementor-widget elementor-widget-text-editor\" data-id=\"0c7f255\" data-element_type=\"widget\" data-e-type=\"widget\" data-widget_type=\"text-editor.default\">\n\t\t\t\t<div class=\"elementor-widget-container\">\n\t\t\t\t\t\t\t\t\t<p><em>Carica papaya L. &#8211; Caricaceae<\/em><\/p>\t\t\t\t\t\t\t\t<\/div>\n\t\t\t\t<\/div>\n\t\t\t\t\t<\/div>\n\t\t<\/div>\n\t\t\t\t\t<\/div>\n\t\t<\/section>\n\t\t\t\t<section class=\"elementor-section elementor-top-section elementor-element elementor-element-fcce5a0 elementor-section-boxed elementor-section-height-default elementor-section-height-default\" data-id=\"fcce5a0\" data-element_type=\"section\" data-e-type=\"section\" data-settings=\"{&quot;background_background&quot;:&quot;classic&quot;}\">\n\t\t\t\t\t\t<div class=\"elementor-container elementor-column-gap-default\">\n\t\t\t\t\t<div class=\"elementor-column elementor-col-100 elementor-top-column elementor-element elementor-element-ba621e9\" data-id=\"ba621e9\" data-element_type=\"column\" data-e-type=\"column\">\n\t\t\t<div class=\"elementor-widget-wrap elementor-element-populated\">\n\t\t\t\t\t\t<div class=\"elementor-element elementor-element-87be778 elementor-widget elementor-widget-image\" data-id=\"87be778\" data-element_type=\"widget\" data-e-type=\"widget\" data-widget_type=\"image.default\">\n\t\t\t\t<div class=\"elementor-widget-container\">\n\t\t\t\t\t\t\t\t\t\t\t\t\t\t\t<img decoding=\"async\" src=\"https:\/\/www.alivitpharm.com\/wp-content\/uploads\/2025\/06\/papaya.png\" title=\"papaya\" alt=\"Papayer\" loading=\"lazy\" \/>\t\t\t\t\t\t\t\t\t\t\t\t\t\t\t<\/div>\n\t\t\t\t<\/div>\n\t\t\t\t<div class=\"elementor-element elementor-element-3da9b40 elementor-widget elementor-widget-text-editor\" data-id=\"3da9b40\" data-element_type=\"widget\" data-e-type=\"widget\" data-widget_type=\"text-editor.default\">\n\t\t\t\t<div class=\"elementor-widget-container\">\n\t\t\t\t\t\t\t\t\t<p><span class=\"jCAhz ChMk0b\"><span class=\"ryNqvb\"><strong>Papayer<\/strong> est un fruit populaire cultiv\u00e9 dans les pays tropicaux et subtropicaux.<\/span><\/span> <span class=\"jCAhz ChMk0b\"><span class=\"ryNqvb\">Ses qualit\u00e9s nutritionnelles et th\u00e9rapeutiques sont largement reconnues.<\/span><\/span> <span class=\"jCAhz ChMk0b\"><span class=\"ryNqvb\">Ses feuilles, entre autres composants v\u00e9g\u00e9taux, sont utilis\u00e9es comme m\u00e9dicaments contre diverses maladies.<\/span><\/span> <span class=\"jCAhz ChMk0b\"><span class=\"ryNqvb\">Les feuilles de papaye contiennent divers composants bioactifs, notamment des compos\u00e9s ph\u00e9noliques, des flavono\u00efdes et des alcalo\u00efdes.<\/span><\/span> <span class=\"jCAhz ChMk0b\"><span class=\"ryNqvb\">Ces substances contribuent \u00e0 augmenter le pouvoir antioxydant.<\/span><\/span> <span class=\"jCAhz ChMk0b\"><span class=\"ryNqvb\">La papaye poss\u00e8de des propri\u00e9t\u00e9s anticanc\u00e9reuses, anti-inflammatoires, antimicrobiennes et hypoglyc\u00e9miantes.<\/span><\/span> <span class=\"jCAhz ChMk0b\"><span class=\"ryNqvb\">Elle contient \u00e9galement l'enzyme papa\u00efne, qui contribue au traitement des traumatismes, des allergies et des blessures sportives en augmentant la motilit\u00e9 digestive et le temps de transit.<\/span><\/span> <span class=\"jCAhz ChMk0b\"><span class=\"ryNqvb\">De nombreuses \u00e9tudes ont \u00e9galement montr\u00e9 que les feuilles contiennent de nombreux agents bioactifs tels que la carpa\u00efne et l'acide nicotinique.<\/span><\/span> <span class=\"jCAhz ChMk0b\"><span class=\"ryNqvb\">L'extrait \u00e9thanolique contient des saponines, des glycosides cardiotoniques, des anthraquinones et des sucres r\u00e9ducteurs, en plus des flavono\u00efdes, des alcalo\u00efdes et des tanins.<\/span><\/span><\/p>\t\t\t\t\t\t\t\t<\/div>\n\t\t\t\t<\/div>\n\t\t\t\t<div class=\"elementor-element elementor-element-aab35a2 elementor-widget elementor-widget-image\" data-id=\"aab35a2\" data-element_type=\"widget\" data-e-type=\"widget\" data-widget_type=\"image.default\">\n\t\t\t\t<div class=\"elementor-widget-container\">\n\t\t\t\t\t\t\t\t\t\t\t\t\t\t\t<img decoding=\"async\" src=\"https:\/\/www.alivitpharm.com\/wp-content\/uploads\/2022\/09\/leaves.png\" title=\"leaves\" alt=\"Leaves\" loading=\"lazy\" \/>\t\t\t\t\t\t\t\t\t\t\t\t\t\t\t<\/div>\n\t\t\t\t<\/div>\n\t\t\t\t<div class=\"elementor-element elementor-element-8579282 elementor-widget elementor-widget-text-editor\" data-id=\"8579282\" data-element_type=\"widget\" data-e-type=\"widget\" data-widget_type=\"text-editor.default\">\n\t\t\t\t<div class=\"elementor-widget-container\">\n\t\t\t\t\t\t\t\t\t<p><span class=\"jCAhz ChMk0b\"><span class=\"ryNqvb\">Les effets b\u00e9n\u00e9fiques de la plante sont principalement dus aux alcalo\u00efdes, flavono\u00efdes, saponines, tanins et glycosides, aux propri\u00e9t\u00e9s anti-inflammatoires.<\/span><\/span> <span class=\"jCAhz ChMk0b\"><span class=\"ryNqvb\">Les feuilles de papaye contiennent des quantit\u00e9s importantes de prot\u00e9ines, d'alcalo\u00efdes, d'acides amin\u00e9s, de glucides, de st\u00e9ro\u00efdes et de glycosides.<\/span><\/span> <span class=\"jCAhz ChMk0b\"><span class=\"ryNqvb\">La pr\u00e9sence de sucres, de glycosides, de saponines, de prot\u00e9ines, d'acides amin\u00e9s, de st\u00e9ro\u00efdes et de terp\u00e9no\u00efdes en quantit\u00e9s mesurables a \u00e9galement \u00e9t\u00e9 signal\u00e9e.<\/span><\/span> <span class=\"jCAhz ChMk0b\"><span class=\"ryNqvb\">Des \u00e9tudes ont d\u00e9montr\u00e9 l'efficacit\u00e9 antimicrobienne des feuilles fra\u00eeches et s\u00e9ch\u00e9es de <em>C. papaya<\/em> contre les bact\u00e9ries et les champignons.<\/span><\/span> <span class=\"jCAhz ChMk0b\"><span class=\"ryNqvb\">Des \u00e9chantillons s\u00e9ch\u00e9s de la plante ont montr\u00e9 une efficacit\u00e9 significative contre les bact\u00e9ries Gram-n\u00e9gatives et Gram-positives.<\/span><\/span> <span class=\"jCAhz ChMk0b\"><span class=\"ryNqvb\">Cependant, l'\u00e9chantillon frais n'\u00e9tait efficace que contre les bact\u00e9ries Gram-positives.<\/span><\/span> <span class=\"jCAhz ChMk0b\"><span class=\"ryNqvb\">Dans la m\u00eame \u00e9tude, des extraits m\u00e9thanoliques et aqueux de <em>C. papaya<\/em> ont inhib\u00e9 l'activit\u00e9 des <em>Escherichia coli<\/em>, <em>Staphylococcus aureus<\/em> et <em>Candida albicans<\/em>.<\/span><\/span> <span class=\"jCAhz ChMk0b\"><span class=\"ryNqvb\">Ces recherches ont r\u00e9v\u00e9l\u00e9 que l'extrait de feuille de <em>C. papaya<\/em> poss\u00e8de des effets antibact\u00e9riens et cytotoxiques.<\/span><\/span><\/p><p><span class=\"jCAhz ChMk0b\"><span class=\"ryNqvb\">Il a \u00e9t\u00e9 d\u00e9montr\u00e9 que des nanoparticules synth\u00e9tis\u00e9es \u00e0 partir de feuilles de <em>C. papaya<\/em> inhibent l'activit\u00e9 du virus de la dengue de type 2. L'activit\u00e9 antiprotozoaire de <em>C. papaya<\/em> contre <em>Trypanosoma cruzi<\/em> (un organisme parasitaire) a \u00e9galement \u00e9t\u00e9 \u00e9valu\u00e9e.<\/span><\/span> <span class=\"jCAhz ChMk0b\"><span class=\"ryNqvb\">L'extrait a montr\u00e9 l'activit\u00e9 antimicrobienne la plus \u00e9lev\u00e9e contre <em>S. aureus<\/em> et <em>B. cereus<\/em>.<\/span><\/span> <span class=\"jCAhz ChMk0b\"><span class=\"ryNqvb\">Sur la base de ces recherches, l'activit\u00e9 antiparasitaire de compos\u00e9s isol\u00e9s de l'extrait chloroformique de <em>C. papaya<\/em> a \u00e9t\u00e9 \u00e9valu\u00e9e.<\/span><\/span><\/p>\t\t\t\t\t\t\t\t<\/div>\n\t\t\t\t<\/div>\n\t\t\t\t<div class=\"elementor-element elementor-element-f3ec39b elementor-widget elementor-widget-heading\" data-id=\"f3ec39b\" data-element_type=\"widget\" data-e-type=\"widget\" data-widget_type=\"heading.default\">\n\t\t\t\t<div class=\"elementor-widget-container\">\n\t\t\t\t\t<h4 class=\"elementor-heading-title elementor-size-default\">R\u00e9f\u00e9rences<\/h4>\t\t\t\t<\/div>\n\t\t\t\t<\/div>\n\t\t\t\t<div class=\"elementor-element elementor-element-2942c6b elementor-widget elementor-widget-text-editor\" data-id=\"2942c6b\" data-element_type=\"widget\" data-e-type=\"widget\" data-widget_type=\"text-editor.default\">\n\t\t\t\t<div class=\"elementor-widget-container\">\n\t\t\t\t\t\t\t\t\t<ul><li style=\"list-style-type: none;\"><ul><li><a class=\"reference-link\" href=\"https:\/\/www.sciencedirect.com\/science\/article\/pii\/S2667142523000520\" target=\"_blank\" rel=\"noopener\">Ethnomedicinal uses, nutritional composition, phytochemistry and potential health benefits of Carica papaya<\/a><\/li><\/ul><\/li><\/ul>\t\t\t\t\t\t\t\t<\/div>\n\t\t\t\t<\/div>\n\t\t\t\t\t<\/div>\n\t\t<\/div>\n\t\t\t\t\t<\/div>\n\t\t<\/section>\n\t\t\t\t<\/div>","protected":false},"excerpt":{"rendered":"<p>Papaya Carica papaya L. &#8211; Caricaceae Papaya is a popular fruit grown in tropical and subtropical countries. The nutritional and therapeutic qualities of papaya are widely known. The leaves, among other plant components, have been used as therapeutic drugs for several diseases. Papaya leaves contain various bioactive components, including phenolic compounds, flavonoids, alkaloids. These substances &hellip;<\/p>\n<p class=\"read-more\"> <a class=\"\" href=\"https:\/\/www.alivitpharm.com\/fr\/papaya\/\"> <span class=\"screen-reader-text\">Papayer<\/span> Lire la suite\u00a0\u00bb<\/a><\/p>","protected":false},"author":9,"featured_media":0,"parent":0,"menu_order":0,"comment_status":"closed","ping_status":"closed","template":"","meta":{"site-sidebar-layout":"no-sidebar","site-content-layout":"page-builder","ast-global-header-display":"","ast-main-header-display":"","ast-hfb-above-header-display":"","ast-hfb-below-header-display":"","ast-hfb-mobile-header-display":"","site-post-title":"disabled","ast-breadcrumbs-content":"","ast-featured-img":"disabled","footer-sml-layout":"","theme-transparent-header-meta":"","adv-header-id-meta":"","stick-header-meta":"","header-above-stick-meta":"","header-main-stick-meta":"","header-below-stick-meta":"","footnotes":""},"class_list":["post-12451","page","type-page","status-publish","hentry"],"_links":{"self":[{"href":"https:\/\/www.alivitpharm.com\/fr\/wp-json\/wp\/v2\/pages\/12451","targetHints":{"allow":["GET"]}}],"collection":[{"href":"https:\/\/www.alivitpharm.com\/fr\/wp-json\/wp\/v2\/pages"}],"about":[{"href":"https:\/\/www.alivitpharm.com\/fr\/wp-json\/wp\/v2\/types\/page"}],"author":[{"embeddable":true,"href":"https:\/\/www.alivitpharm.com\/fr\/wp-json\/wp\/v2\/users\/9"}],"replies":[{"embeddable":true,"href":"https:\/\/www.alivitpharm.com\/fr\/wp-json\/wp\/v2\/comments?post=12451"}],"version-history":[{"count":13,"href":"https:\/\/www.alivitpharm.com\/fr\/wp-json\/wp\/v2\/pages\/12451\/revisions"}],"predecessor-version":[{"id":12468,"href":"https:\/\/www.alivitpharm.com\/fr\/wp-json\/wp\/v2\/pages\/12451\/revisions\/12468"}],"wp:attachment":[{"href":"https:\/\/www.alivitpharm.com\/fr\/wp-json\/wp\/v2\/media?parent=12451"}],"curies":[{"name":"wp","href":"https:\/\/api.w.org\/{rel}","templated":true}]}}