{"id":13624,"date":"2025-11-19T09:40:01","date_gmt":"2025-11-19T07:40:01","guid":{"rendered":"https:\/\/www.alivitpharm.com\/?page_id=13624"},"modified":"2025-11-20T09:29:08","modified_gmt":"2025-11-20T07:29:08","slug":"magnesium","status":"publish","type":"page","link":"https:\/\/www.alivitpharm.com\/fr\/magnesium\/","title":{"rendered":"Magn\u00e9sium"},"content":{"rendered":"<div data-elementor-type=\"wp-page\" data-elementor-id=\"13624\" class=\"elementor elementor-13624\">\n\t\t\t\t\t\t<section class=\"elementor-section elementor-top-section elementor-element elementor-element-aa96493 elementor-section-content-middle elementor-section-boxed elementor-section-height-default elementor-section-height-default\" data-id=\"aa96493\" data-element_type=\"section\" data-e-type=\"section\" data-settings=\"{&quot;background_background&quot;:&quot;classic&quot;}\">\n\t\t\t\t\t\t\t<div class=\"elementor-background-overlay\"><\/div>\n\t\t\t\t\t\t\t<div class=\"elementor-container elementor-column-gap-default\">\n\t\t\t\t\t<div class=\"elementor-column elementor-col-100 elementor-top-column elementor-element elementor-element-ec45379\" data-id=\"ec45379\" data-element_type=\"column\" data-e-type=\"column\">\n\t\t\t<div class=\"elementor-widget-wrap elementor-element-populated\">\n\t\t\t\t\t\t<div class=\"elementor-element elementor-element-de29173 elementor-widget elementor-widget-heading\" data-id=\"de29173\" data-element_type=\"widget\" data-e-type=\"widget\" data-widget_type=\"heading.default\">\n\t\t\t\t<div class=\"elementor-widget-container\">\n\t\t\t\t\t<h1 class=\"elementor-heading-title elementor-size-default\">Magn\u00e9sium<\/h1>\t\t\t\t<\/div>\n\t\t\t\t<\/div>\n\t\t\t\t<div class=\"elementor-element elementor-element-6baeaeb elementor-widget elementor-widget-image\" data-id=\"6baeaeb\" data-element_type=\"widget\" data-e-type=\"widget\" data-widget_type=\"image.default\">\n\t\t\t\t<div class=\"elementor-widget-container\">\n\t\t\t\t\t\t\t\t\t\t\t\t\t\t\t<img decoding=\"async\" src=\"https:\/\/www.alivitpharm.com\/wp-content\/uploads\/2022\/10\/pill.png\" title=\"pill\" alt=\"Pill\" loading=\"lazy\" \/>\t\t\t\t\t\t\t\t\t\t\t\t\t\t\t<\/div>\n\t\t\t\t<\/div>\n\t\t\t\t<div class=\"elementor-element elementor-element-770e3d8 elementor-widget elementor-widget-text-editor\" data-id=\"770e3d8\" data-element_type=\"widget\" data-e-type=\"widget\" data-widget_type=\"text-editor.default\">\n\t\t\t\t<div class=\"elementor-widget-container\">\n\t\t\t\t\t\t\t\t\t<p><em>Mg<\/em><\/p>\t\t\t\t\t\t\t\t<\/div>\n\t\t\t\t<\/div>\n\t\t\t\t\t<\/div>\n\t\t<\/div>\n\t\t\t\t\t<\/div>\n\t\t<\/section>\n\t\t\t\t<section class=\"elementor-section elementor-top-section elementor-element elementor-element-e5d4072 elementor-section-boxed elementor-section-height-default elementor-section-height-default\" data-id=\"e5d4072\" data-element_type=\"section\" data-e-type=\"section\" data-settings=\"{&quot;background_background&quot;:&quot;classic&quot;}\">\n\t\t\t\t\t\t<div class=\"elementor-container elementor-column-gap-default\">\n\t\t\t\t\t<div class=\"elementor-column elementor-col-100 elementor-top-column elementor-element elementor-element-95cd157\" data-id=\"95cd157\" data-element_type=\"column\" data-e-type=\"column\">\n\t\t\t<div class=\"elementor-widget-wrap elementor-element-populated\">\n\t\t\t\t\t\t<div class=\"elementor-element elementor-element-18b684d elementor-widget elementor-widget-text-editor\" data-id=\"18b684d\" data-element_type=\"widget\" data-e-type=\"widget\" data-widget_type=\"text-editor.default\">\n\t\t\t\t<div class=\"elementor-widget-container\">\n\t\t\t\t\t\t\t\t\t<p><span class=\"jCAhz ChMk0b\"><span class=\"ryNqvb\"><strong>Magn\u00e9sium<\/strong> est apport\u00e9 \u00e0 l'organisme par les aliments d'origine v\u00e9g\u00e9tale (noix, c\u00e9r\u00e9ales) et les poissons de mer. L'eau min\u00e9rale, plus riche en magn\u00e9sium assimilable que les v\u00e9g\u00e9taux, contribue de mani\u00e8re significative \u00e0 cet apport. Les besoins journaliers varient de 50mg pour les nourrissons \u00e0 300mg pour les adultes. Pendant la grossesse et l'allaitement, ces besoins augmentent de 150mg.<\/span><\/span><\/p><p><span class=\"jCAhz ChMk0b\"><span class=\"ryNqvb\"> Comme les autres \u00e9lectrolytes, le r\u00f4le du magn\u00e9sium dans l'organisme est multiple et complexe. Son m\u00e9canisme d'action d\u00e9pend du syst\u00e8me organique impliqu\u00e9, ainsi que de sa formulation. <\/span><\/span><\/p><p><span class=\"jCAhz ChMk0b\"><span class=\"ryNqvb\">Le magn\u00e9sium est le quatri\u00e8me cation le plus abondant dans l'organisme. <span class=\"jCAhz\">Il est majoritairement intracellulaire;<\/span> il est le deuxi\u00e8me cation intracellulaire le plus abondant. Le magn\u00e9sium joue un r\u00f4le essentiel dans plus de 300 r\u00e9actions m\u00e9taboliques, notamment la liaison des hormones aux r\u00e9cepteurs, la contraction musculaire, l'activit\u00e9 nerveuse, la lib\u00e9ration des neurotransmetteurs, le tonus vasomoteur et l'excitabilit\u00e9 cardiaque. Il est n\u00e9cessaire au transport actif du potassium et du calcium \u00e0 travers la membrane cellulaire.<\/span><\/span><\/p><p><span class=\"jCAhz ChMk0b\"><span class=\"ryNqvb\"> Gr\u00e2ce \u00e0 ses multiples effets sur l'organisme, le magn\u00e9sium est indiqu\u00e9 dans le traitement de diverses affections. Le taux normal de magn\u00e9sium s\u00e9rique se situe entre 1,8 et 2,2 mg\/dL. L'hypomagn\u00e9s\u00e9mie (diminution du magn\u00e9sium plasmatique) correspond \u00e0 une concentration de magn\u00e9sium inf\u00e9rieure \u00e0 1,8mg\/dL.<\/span><\/span><\/p><p><span class=\"jCAhz ChMk0b\"><span class=\"ryNqvb\">Une carence en magn\u00e9sium peut r\u00e9sulter d'un apport insuffisant, d'une diminution de l'absorption r\u00e9nale ou d'une alt\u00e9ration de l'absorption gastro-intestinale. Les facteurs de risque d'hypomagn\u00e9s\u00e9mie incluent les maladies gastro-intestinales, la diarrh\u00e9e chronique, le traitement par inhibiteurs de la pompe \u00e0 protons, les troubles li\u00e9s \u00e0 la consommation d'alcool et la prise de diur\u00e9tiques, qu'il s'agisse de diur\u00e9tiques de l'anse ou de diur\u00e9tiques thiazidiques. Il est fr\u00e9quent d'observer une hypomagn\u00e9s\u00e9mie associ\u00e9e \u00e0 de faibles taux d'autres \u00e9lectrolytes, tels que l'hypokali\u00e9mie (diminution du potassium plasmatique) et l'hypocalc\u00e9mie (diminution du calcium plasmatique). <span class=\"jCAhz\">Chez les patients pr\u00e9sentant une hypokali\u00e9mie ou une hypocalc\u00e9mie, l'hypomagn\u00e9s\u00e9mie peut en \u00eatre la cause.<\/span> Les sympt\u00f4mes de l'hypomagn\u00e9s\u00e9mie sont corr\u00e9l\u00e9s \u00e0 l'apparition d'une hypocalc\u00e9mie concomitante. <span class=\"jCAhz\">Les patients peuvent pr\u00e9senter des sympt\u00f4mes vagues tels que naus\u00e9es, vomissements, l\u00e9thargie et faiblesse, qui peuvent \u00eatre des signes d'hypomagn\u00e9s\u00e9mie.<\/span> Une hypomagn\u00e9s\u00e9mie s\u00e9v\u00e8re, inf\u00e9rieure \u00e0 1,25mg\/dL, peut entra\u00eener des crises tonico-cloniques g\u00e9n\u00e9ralis\u00e9es.<\/span><\/span><\/p>\t\t\t\t\t\t\t\t<\/div>\n\t\t\t\t<\/div>\n\t\t\t\t<div class=\"elementor-element elementor-element-d9e1b2a elementor-widget elementor-widget-image\" data-id=\"d9e1b2a\" data-element_type=\"widget\" data-e-type=\"widget\" data-widget_type=\"image.default\">\n\t\t\t\t<div class=\"elementor-widget-container\">\n\t\t\t\t\t\t\t\t\t\t\t\t\t\t\t<img decoding=\"async\" src=\"https:\/\/www.alivitpharm.com\/wp-content\/uploads\/2022\/09\/leaves.png\" title=\"leaves\" alt=\"Leaves\" loading=\"lazy\" \/>\t\t\t\t\t\t\t\t\t\t\t\t\t\t\t<\/div>\n\t\t\t\t<\/div>\n\t\t\t\t<div class=\"elementor-element elementor-element-a502d2c elementor-widget elementor-widget-text-editor\" data-id=\"a502d2c\" data-element_type=\"widget\" data-e-type=\"widget\" data-widget_type=\"text-editor.default\">\n\t\t\t\t<div class=\"elementor-widget-container\">\n\t\t\t\t\t\t\t\t\t<p><strong><span style=\"text-decoration: underline;\">Indications pour lesquelles le magn\u00e9sium est recommand\u00e9:<\/span><\/strong><\/p><p><strong>1.<\/strong> <strong>\u00c9clampsie ou pr\u00e9\u00e9clampsie s\u00e9v\u00e8re<\/strong> \u2013 le magn\u00e9sium est administr\u00e9 aux personnes atteintes de pr\u00e9\u00e9clampsie s\u00e9v\u00e8re pour pr\u00e9venir les crises et aux personnes atteintes d\u2019\u00e9clampsie pour contr\u00f4ler les crises;<br \/><strong>2.<\/strong> <strong>Constipation<\/strong> \u2013 le magn\u00e9sium a un effet laxatif;<br \/><strong>3.<\/strong> <strong>Arythmies<\/strong> \u2013 l\u2019administration de magn\u00e9sium est recommand\u00e9e pour certaines arythmies;<br \/><strong>4.<\/strong> <strong>Asthme<\/strong> \u2013 le magn\u00e9sium d\u00e9tend les muscles lisses bronchiques;<br \/><strong>5.<\/strong> <strong>Migraine<\/strong> \u2013 une hypomagn\u00e9s\u00e9mie a \u00e9t\u00e9 observ\u00e9e chez les patients migraineux. Une suppl\u00e9mentation en magn\u00e9sium est justifi\u00e9e chez ces patients;<\/p><p>Il n\u2019existe pas de contre-indications \u00e0 la prise de suppl\u00e9ments de magn\u00e9sium avec d\u2019autres m\u00e9dicaments. Cependant, divers m\u00e9dicaments peuvent augmenter ou diminuer la concentration de magn\u00e9sium; il est donc important de consulter un m\u00e9decin ou un pharmacien avant de prendre tout suppl\u00e9ment. Le magn\u00e9sium peut \u00eatre utilis\u00e9 pendant la grossesse et l\u2019allaitement. D'apr\u00e8s les donn\u00e9es actuelles, aucun risque pour le f\u0153tus ou le nourrisson n'est attendu.<\/p><p>Un apport excessif en magn\u00e9sium est \u00e9galement d\u00e9conseill\u00e9, car il peut entra\u00eener une hypotension, une hypor\u00e9flexie et une d\u00e9pression respiratoire.<\/p>\t\t\t\t\t\t\t\t<\/div>\n\t\t\t\t<\/div>\n\t\t\t\t<div class=\"elementor-element elementor-element-afc9eba elementor-widget elementor-widget-heading\" data-id=\"afc9eba\" data-element_type=\"widget\" data-e-type=\"widget\" data-widget_type=\"heading.default\">\n\t\t\t\t<div class=\"elementor-widget-container\">\n\t\t\t\t\t<h4 class=\"elementor-heading-title elementor-size-default\">BISGLYCINATE DE MAGN\u00c9SIUM<\/h4>\t\t\t\t<\/div>\n\t\t\t\t<\/div>\n\t\t\t\t<div class=\"elementor-element elementor-element-639635f elementor-widget elementor-widget-text-editor\" data-id=\"639635f\" data-element_type=\"widget\" data-e-type=\"widget\" data-widget_type=\"text-editor.default\">\n\t\t\t\t<div class=\"elementor-widget-container\">\n\t\t\t\t\t\t\t\t\t<p>Le bisglycinate de magn\u00e9sium est une forme ch\u00e9lat\u00e9e, c'est-\u00e0-dire que le magn\u00e9sium est li\u00e9 \u00e0 deux mol\u00e9cules de glycine (un acide amin\u00e9). Cette forme permet une excellente absorption intestinale, ce qui lui conf\u00e8re une biodisponibilit\u00e9 bien sup\u00e9rieure \u00e0 celle des autres formes de magn\u00e9sium. Le magn\u00e9sium est ainsi mieux achemin\u00e9 vers ses tissus cibles: muscles, os et syst\u00e8me nerveux central. \u00c0 partir de la glycine (l'acide amin\u00e9 auquel le magn\u00e9sium est li\u00e9), l'organisme peut produire du glutathion (un puissant antioxydant), de la cr\u00e9atine (qui augmente la force musculaire) ou du collag\u00e8ne (n\u00e9cessaire \u00e0 la force musculaire et \u00e0 la sant\u00e9 des os). Le bisglycinate de magn\u00e9sium Alivitpharm contient \u00e9galement de la vitamine B6, qui potentialise les effets du magn\u00e9sium.<\/p><p>Contrairement \u00e0 certaines formes de magn\u00e9sium (par exemple, l'oxyde, le citrate), qui peuvent provoquer des diarrh\u00e9es \u00e0 fortes doses, le bisglycinate est doux pour le syst\u00e8me digestif. Il est donc id\u00e9al pour les personnes ayant un syst\u00e8me digestif sensible ou souffrant du syndrome de l'intestin irritable (SII).<\/p><p><span style=\"text-decoration: underline;\"><strong>Cette forme de magn\u00e9sium est indiqu\u00e9e pour:<\/strong><\/span><\/p><p>\u2013 Les sportifs professionnels et amateurs;<br \/>\u2013 Les personnes fatigu\u00e9es et \u00e9puis\u00e9es;<br \/>\u2013 Toutes les personnes ayant un besoin accru en magn\u00e9sium (notamment celles soumises \u00e0 un stress psychophysique important);<br \/>\u2013 Les personnes souffrant de crampes (le magn\u00e9sium d\u00e9tend les muscles);<br \/>\u2013 Les personnes souffrant de troubles du sommeil (le magn\u00e9sium favorise un endormissement plus rapide, un sommeil de meilleure qualit\u00e9, r\u00e9duit le cortisol (hormone du stress) et augmente la concentration de m\u00e9latonine (hormone du sommeil));<\/p><p>Le magn\u00e9sium poss\u00e8de \u00e9galement des propri\u00e9t\u00e9s antioxydantes, r\u00e9duit la concentration de cytokines inflammatoires (effet anti-inflammatoire) et a un effet positif sur le profil lipidique.<\/p>\t\t\t\t\t\t\t\t<\/div>\n\t\t\t\t<\/div>\n\t\t\t\t<div class=\"elementor-element elementor-element-35a46f0 elementor-widget elementor-widget-heading\" data-id=\"35a46f0\" data-element_type=\"widget\" data-e-type=\"widget\" data-widget_type=\"heading.default\">\n\t\t\t\t<div class=\"elementor-widget-container\">\n\t\t\t\t\t<h4 class=\"elementor-heading-title elementor-size-default\">R\u00e9f\u00e9rences<\/h4>\t\t\t\t<\/div>\n\t\t\t\t<\/div>\n\t\t\t\t<div class=\"elementor-element elementor-element-6bbd38c elementor-widget elementor-widget-text-editor\" data-id=\"6bbd38c\" data-element_type=\"widget\" data-e-type=\"widget\" data-widget_type=\"text-editor.default\">\n\t\t\t\t<div class=\"elementor-widget-container\">\n\t\t\t\t\t\t\t\t\t<ul><li><a class=\"reference-link\" href=\"https:\/\/pmc.ncbi.nlm.nih.gov\/articles\/PMC6470576\" target=\"_blank\" rel=\"noopener\">Effects of Magnesium Deficiency on Mechanisms of Insulin Resistance in Type 2 Diabetes: Focusing on the Processes of Insulin Secretion and Signaling<\/a><\/li><li><a class=\"reference-link\" href=\"https:\/\/pubmed.ncbi.nlm.nih.gov\/30888644\" target=\"_blank\" rel=\"noopener\">Serum magnesium, mortality, and cardiovascular disease in chronic kidney disease and end-stage renal disease patients: a systematic review and meta-analysis<\/a><\/li><li><a class=\"reference-link\" href=\"https:\/\/pubmed.ncbi.nlm.nih.gov\/30880352\" target=\"_blank\" rel=\"noopener\">The Association Between Serum Magnesium and Premenstrual Syndrome: a Systematic Review and Meta-Analysis of Observational Studies<\/a><\/li><li><a class=\"reference-link\" href=\"https:\/\/pmc.ncbi.nlm.nih.gov\/articles\/PMC6470969\" target=\"_blank\" rel=\"noopener\">Nutrient Composition Comparison between the Low Saturated Fat Swank Diet for Multiple Sclerosis and Healthy U.S.-Style Eating Pattern<\/a><\/li><li><a class=\"reference-link\" href=\"https:\/\/pmc.ncbi.nlm.nih.gov\/articles\/PMC1855626\" target=\"_blank\" rel=\"noopener\">Magnesium Metabolism and its Disorders<\/a><\/li><li><a class=\"reference-link\" href=\"https:\/\/pubmed.ncbi.nlm.nih.gov\/30707633\" target=\"_blank\" rel=\"noopener\">Current and emerging pharmacotherapy for emergency management of preeclampsia<\/a><\/li><li><a class=\"reference-link\" href=\"https:\/\/pmc.ncbi.nlm.nih.gov\/articles\/PMC6322060\" target=\"_blank\" rel=\"noopener\">Recurrent Torsades with Refractory QT Prolongation in a 54-Year-Old Man<\/a><\/li><li><a class=\"reference-link\" href=\"https:\/\/pubmed.ncbi.nlm.nih.gov\/30798472\" target=\"_blank\" rel=\"noopener\">The efficacy of magnesium oxide and sodium valproate in prevention of migraine headache: a randomized, controlled, double-blind, crossover study<\/a><\/li><li><a class=\"reference-link\" href=\"https:\/\/pubmed.ncbi.nlm.nih.gov\/30684032\" target=\"_blank\" rel=\"noopener\">Magnesium and health outcomes: an umbrella review of systematic reviews and meta-analyses of observational and intervention studies<\/a><\/li><li><a class=\"reference-link\" href=\"https:\/\/pmc.ncbi.nlm.nih.gov\/articles\/PMC5991930\" target=\"_blank\" rel=\"noopener\">Postpartum Magnesium Sulfate Overdose: A Multidisciplinary and Interprofessional Simulation Scenario<\/a><\/li><\/ul>\t\t\t\t\t\t\t\t<\/div>\n\t\t\t\t<\/div>\n\t\t\t\t\t<\/div>\n\t\t<\/div>\n\t\t\t\t\t<\/div>\n\t\t<\/section>\n\t\t\t\t<\/div>","protected":false},"excerpt":{"rendered":"<p>Magnesium Mg Magnesium is taken into the body through plant foods (nuts, grains) and sea fish. A significant intake of magnesium is achieved by drinking mineral water, which contains more usable magnesium than plants. Daily needs range from 50mg for babies to 300mg for adults. During pregnancy and lactation, needs increase by 150mg. Like other &hellip;<\/p>\n<p class=\"read-more\"> <a class=\"\" href=\"https:\/\/www.alivitpharm.com\/fr\/magnesium\/\"> <span class=\"screen-reader-text\">Magn\u00e9sium<\/span> Lire la suite\u00a0\u00bb<\/a><\/p>","protected":false},"author":9,"featured_media":0,"parent":0,"menu_order":0,"comment_status":"closed","ping_status":"closed","template":"","meta":{"site-sidebar-layout":"no-sidebar","site-content-layout":"page-builder","ast-global-header-display":"","ast-main-header-display":"","ast-hfb-above-header-display":"","ast-hfb-below-header-display":"","ast-hfb-mobile-header-display":"","site-post-title":"disabled","ast-breadcrumbs-content":"","ast-featured-img":"disabled","footer-sml-layout":"","theme-transparent-header-meta":"","adv-header-id-meta":"","stick-header-meta":"","header-above-stick-meta":"","header-main-stick-meta":"","header-below-stick-meta":"","footnotes":""},"class_list":["post-13624","page","type-page","status-publish","hentry"],"_links":{"self":[{"href":"https:\/\/www.alivitpharm.com\/fr\/wp-json\/wp\/v2\/pages\/13624","targetHints":{"allow":["GET"]}}],"collection":[{"href":"https:\/\/www.alivitpharm.com\/fr\/wp-json\/wp\/v2\/pages"}],"about":[{"href":"https:\/\/www.alivitpharm.com\/fr\/wp-json\/wp\/v2\/types\/page"}],"author":[{"embeddable":true,"href":"https:\/\/www.alivitpharm.com\/fr\/wp-json\/wp\/v2\/users\/9"}],"replies":[{"embeddable":true,"href":"https:\/\/www.alivitpharm.com\/fr\/wp-json\/wp\/v2\/comments?post=13624"}],"version-history":[{"count":25,"href":"https:\/\/www.alivitpharm.com\/fr\/wp-json\/wp\/v2\/pages\/13624\/revisions"}],"predecessor-version":[{"id":13655,"href":"https:\/\/www.alivitpharm.com\/fr\/wp-json\/wp\/v2\/pages\/13624\/revisions\/13655"}],"wp:attachment":[{"href":"https:\/\/www.alivitpharm.com\/fr\/wp-json\/wp\/v2\/media?parent=13624"}],"curies":[{"name":"wp","href":"https:\/\/api.w.org\/{rel}","templated":true}]}}