{"id":13659,"date":"2025-11-26T13:15:54","date_gmt":"2025-11-26T11:15:54","guid":{"rendered":"https:\/\/www.alivitpharm.com\/?page_id=13659"},"modified":"2025-11-26T16:17:12","modified_gmt":"2025-11-26T14:17:12","slug":"coenzyme-q10","status":"publish","type":"page","link":"https:\/\/www.alivitpharm.com\/fr\/coenzyme-q10\/","title":{"rendered":"Coenzyme Q10"},"content":{"rendered":"<div data-elementor-type=\"wp-page\" data-elementor-id=\"13659\" class=\"elementor elementor-13659\">\n\t\t\t\t\t\t<section class=\"elementor-section elementor-top-section elementor-element elementor-element-b9b0beb elementor-section-content-middle elementor-section-boxed elementor-section-height-default elementor-section-height-default\" data-id=\"b9b0beb\" data-element_type=\"section\" data-e-type=\"section\" data-settings=\"{&quot;background_background&quot;:&quot;classic&quot;}\">\n\t\t\t\t\t\t\t<div class=\"elementor-background-overlay\"><\/div>\n\t\t\t\t\t\t\t<div class=\"elementor-container elementor-column-gap-default\">\n\t\t\t\t\t<div class=\"elementor-column elementor-col-100 elementor-top-column elementor-element elementor-element-d370734\" data-id=\"d370734\" data-element_type=\"column\" data-e-type=\"column\">\n\t\t\t<div class=\"elementor-widget-wrap elementor-element-populated\">\n\t\t\t\t\t\t<div class=\"elementor-element elementor-element-51b0967 elementor-widget elementor-widget-heading\" data-id=\"51b0967\" data-element_type=\"widget\" data-e-type=\"widget\" data-widget_type=\"heading.default\">\n\t\t\t\t<div class=\"elementor-widget-container\">\n\t\t\t\t\t<h1 class=\"elementor-heading-title elementor-size-default\">Coenzyme Q10<\/h1>\t\t\t\t<\/div>\n\t\t\t\t<\/div>\n\t\t\t\t<div class=\"elementor-element elementor-element-1d144f3 elementor-widget elementor-widget-image\" data-id=\"1d144f3\" data-element_type=\"widget\" data-e-type=\"widget\" data-widget_type=\"image.default\">\n\t\t\t\t<div class=\"elementor-widget-container\">\n\t\t\t\t\t\t\t\t\t\t\t\t\t\t\t<img decoding=\"async\" src=\"https:\/\/www.alivitpharm.com\/wp-content\/uploads\/2022\/10\/pill.png\" title=\"pill\" alt=\"Pill\" loading=\"lazy\" \/>\t\t\t\t\t\t\t\t\t\t\t\t\t\t\t<\/div>\n\t\t\t\t<\/div>\n\t\t\t\t<div class=\"elementor-element elementor-element-6a0c744 elementor-widget elementor-widget-text-editor\" data-id=\"6a0c744\" data-element_type=\"widget\" data-e-type=\"widget\" data-widget_type=\"text-editor.default\">\n\t\t\t\t<div class=\"elementor-widget-container\">\n\t\t\t\t\t\t\t\t\t<p><em>Ubiquinone<\/em><\/p>\t\t\t\t\t\t\t\t<\/div>\n\t\t\t\t<\/div>\n\t\t\t\t\t<\/div>\n\t\t<\/div>\n\t\t\t\t\t<\/div>\n\t\t<\/section>\n\t\t\t\t<section class=\"elementor-section elementor-top-section elementor-element elementor-element-6ef4e3c elementor-section-boxed elementor-section-height-default elementor-section-height-default\" data-id=\"6ef4e3c\" data-element_type=\"section\" data-e-type=\"section\" data-settings=\"{&quot;background_background&quot;:&quot;classic&quot;}\">\n\t\t\t\t\t\t<div class=\"elementor-container elementor-column-gap-default\">\n\t\t\t\t\t<div class=\"elementor-column elementor-col-100 elementor-top-column elementor-element elementor-element-7cf3c84\" data-id=\"7cf3c84\" data-element_type=\"column\" data-e-type=\"column\">\n\t\t\t<div class=\"elementor-widget-wrap elementor-element-populated\">\n\t\t\t\t\t\t<div class=\"elementor-element elementor-element-d059638 elementor-widget elementor-widget-text-editor\" data-id=\"d059638\" data-element_type=\"widget\" data-e-type=\"widget\" data-widget_type=\"text-editor.default\">\n\t\t\t\t<div class=\"elementor-widget-container\">\n\t\t\t\t\t\t\t\t\t<p><span class=\"jCAhz ChMk0b\"><span class=\"ryNqvb\"><strong>Coenzyme Q10<\/strong>, \u00e9galement appel\u00e9e ubiquinone, est une mol\u00e9cule liposoluble naturellement pr\u00e9sente dans toutes les membranes cellulaires de notre organisme. <\/span><\/span><span class=\"jCAhz ChMk0b\"><span class=\"ryNqvb\">Elle est essentielle au transfert efficace des \u00e9lectrons au sein de la cha\u00eene respiratoire mitochondriale et \u00e0 la production d'ad\u00e9nosine triphosphate (ATP).<\/span><\/span> <span class=\"jCAhz ChMk0b\"><span class=\"ryNqvb\">Cette substance peut potentiellement augmenter la production d'antioxydants vitaux, tels que la superoxyde dismutase, une enzyme qui att\u00e9nue efficacement le stress oxydatif vasculaire chez les personnes souffrant d'hypertension.<\/span><\/span> <span class=\"jCAhz ChMk0b\"><span class=\"ryNqvb\">De plus, la coenzyme Q10 r\u00e9duit la peroxydation lipidique et peut \u00e9galement am\u00e9liorer la circulation sanguine et prot\u00e9ger les vaisseaux sanguins.<\/span><\/span><\/p><p><span class=\"jCAhz ChMk0b\"><span class=\"ryNqvb\"> Certaines affections, comme la fibromyalgie (douleurs et sensibilit\u00e9s musculaires et des tissus conjonctifs), le diab\u00e8te, le cancer, l'insuffisance cardiaque (faiblesse du c\u0153ur) et les maladies neurod\u00e9g\u00e9n\u00e9ratives, mitochondriales et musculaires, sont associ\u00e9es \u00e0 une diminution du taux de coenzyme Q10 dans la circulation sanguine.<\/span><\/span> <span class=\"jCAhz ChMk0b\"><span class=\"ryNqvb\">Les statines (m\u00e9dicaments qui diminuent le taux de cholest\u00e9rol et de triglyc\u00e9rides) inhibent la production de l'interm\u00e9diaire n\u00e9cessaire \u00e0 la synth\u00e8se de la Q10.<\/span><\/span> <span class=\"jCAhz ChMk0b\"><span class=\"ryNqvb\">Des \u00e9tudes ont montr\u00e9 que les statines peuvent contribuer \u00e0 la diminution du taux de coenzyme Q10.<\/span><\/span> <span class=\"jCAhz ChMk0b\"><span class=\"ryNqvb\">Les douleurs et crampes musculaires \u00e9tant des effets secondaires fr\u00e9quents des statines, ces sympt\u00f4mes sont attribu\u00e9s \u00e0 une baisse du taux de Q10, et une suppl\u00e9mentation en coenzyme Q10 est recommand\u00e9e pour tous les patients sous traitement par statines.<\/span><\/span><\/p>\t\t\t\t\t\t\t\t<\/div>\n\t\t\t\t<\/div>\n\t\t\t\t<div class=\"elementor-element elementor-element-f869fea elementor-widget elementor-widget-image\" data-id=\"f869fea\" data-element_type=\"widget\" data-e-type=\"widget\" data-widget_type=\"image.default\">\n\t\t\t\t<div class=\"elementor-widget-container\">\n\t\t\t\t\t\t\t\t\t\t\t\t\t\t\t<img decoding=\"async\" src=\"https:\/\/www.alivitpharm.com\/wp-content\/uploads\/2022\/09\/leaves.png\" title=\"leaves\" alt=\"Leaves\" loading=\"lazy\" \/>\t\t\t\t\t\t\t\t\t\t\t\t\t\t\t<\/div>\n\t\t\t\t<\/div>\n\t\t\t\t<div class=\"elementor-element elementor-element-2201b61 elementor-widget elementor-widget-text-editor\" data-id=\"2201b61\" data-element_type=\"widget\" data-e-type=\"widget\" data-widget_type=\"text-editor.default\">\n\t\t\t\t<div class=\"elementor-widget-container\">\n\t\t\t\t\t\t\t\t\t<p><span class=\"jCAhz ChMk0b\"><span class=\"ryNqvb\">La plupart des \u00e9tudes cliniques sur la coenzyme Q10 se sont concentr\u00e9es sur la suppl\u00e9mentation orale.<\/span><\/span> <span class=\"jCAhz ChMk0b\"><span class=\"ryNqvb\">Disponibles sous diff\u00e9rentes formes (comprim\u00e9s, g\u00e9lules, capsules molles et solutions buvables), ces compl\u00e9ments alimentaires sont dos\u00e9s de 30 \u00e0 600 mg par unit\u00e9 et sont disponibles sans ordonnance.<\/span><\/span> <span class=\"jCAhz ChMk0b\"><span class=\"ryNqvb\">La viande est l'aliment le plus riche en coenzyme Q10, suivie des produits laitiers, des \u0153ufs et des aliments d'origine v\u00e9g\u00e9tale (huiles et l\u00e9gumineuses).<\/span><\/span> <span class=\"jCAhz ChMk0b\"><span class=\"ryNqvb\">Une suppl\u00e9mentation de 50mg deux fois par jour a r\u00e9duit les myalgies (douleurs musculaires) l\u00e9g\u00e8res \u00e0 mod\u00e9r\u00e9es associ\u00e9es \u00e0 la prise de statines, am\u00e9liorant ainsi la capacit\u00e9 \u00e0 r\u00e9aliser les activit\u00e9s quotidiennes.<\/span><\/span> <span class=\"jCAhz ChMk0b\"><span class=\"ryNqvb\">Chez les hommes atteints de la maladie de La Peyronie, une suppl\u00e9mentation de 300 mg par jour pendant 24 semaines peut r\u00e9duire la taille de la plaque p\u00e9nienne, la courbure du p\u00e9nis et am\u00e9liorer la fonction \u00e9rectile.<\/span><\/span> <span class=\"jCAhz ChMk0b\"><span class=\"ryNqvb\">La suppl\u00e9mentation en CoQ10 r\u00e9duit l'inflammation syst\u00e9mique et am\u00e9liore les param\u00e8tres biochimiques dans la st\u00e9atose h\u00e9patique non alcoolique.<\/span><\/span> <span class=\"jCAhz ChMk0b\"><span class=\"ryNqvb\">Cependant, la coenzyme Q10 est excr\u00e9t\u00e9e dans la bile.<\/span><\/span> <span class=\"jCAhz ChMk0b\"><span class=\"ryNqvb\">Par cons\u00e9quent, son utilisation est d\u00e9conseill\u00e9e chez les patients pr\u00e9sentant une obstruction biliaire.<\/span><\/span> <span class=\"jCAhz ChMk0b\"><span class=\"ryNqvb\">Selon un article r\u00e9cent sur l'am\u00e9lioration des r\u00e9sultats globaux dans les maladies r\u00e9nales, la suppl\u00e9mentation en coenzyme Q10 pourrait \u00eatre b\u00e9n\u00e9fique aux patients atteints du syndrome n\u00e9phrotique d\u00fb \u00e0 une carence primaire en Q10.<\/span><\/span> <span class=\"jCAhz ChMk0b\"><span class=\"ryNqvb\">Toutefois, les \u00e9tudes sur l'utilisation de la Q10 chez les patients insuffisants r\u00e9naux sont insuffisantes;<\/span><\/span> <span class=\"jCAhz ChMk0b\"><span class=\"ryNqvb\">la suppl\u00e9mentation en coenzyme Q10 doit \u00eatre \u00e9vit\u00e9e chez ces patients. <\/span><\/span><span class=\"jCAhz ChMk0b\"><span class=\"ryNqvb\">La coenzyme Q10 est d\u00e9conseill\u00e9e pendant la grossesse et l'allaitement.<\/span><\/span><\/p><p><span class=\"jCAhz ChMk0b\"><span class=\"ryNqvb\"><span style=\"text-decoration: underline;\"><strong>Interactions m\u00e9dicamenteuses:<\/strong><\/span><br \/><\/span><\/span><span class=\"jCAhz ChMk0b\"><span class=\"ryNqvb\">La coenzyme Q10 est chimiquement similaire \u00e0 la vitamine K, et certaines publications font \u00e9tat d'une interaction potentielle entre la warfarine et la Q10.<\/span><\/span> <span class=\"jCAhz ChMk0b\"><span class=\"ryNqvb\">Un \u00e9chec du traitement par warfarine est possible chez les patients prenant des suppl\u00e9ments de Q10 en m\u00eame temps que ce traitement.<\/span><\/span> <span class=\"jCAhz ChMk0b\"><span class=\"ryNqvb\">Les patients sous chimioth\u00e9rapie doivent \u00e9galement \u00e9viter la coenzyme Q10, car les donn\u00e9es concernant son interaction avec ces m\u00e9dicaments sont insuffisantes.<\/span><\/span> <span class=\"jCAhz ChMk0b\"><span class=\"ryNqvb\">\u00c9tant donn\u00e9 que la coenzyme Q10 abaisse la glyc\u00e9mie \u00e0 jeun chez certains patients, elle doit \u00eatre utilis\u00e9e avec prudence chez les diab\u00e9tiques et les patients sujets aux \u00e9pisodes d'hypoglyc\u00e9mie.<\/span><\/span><\/p>\t\t\t\t\t\t\t\t<\/div>\n\t\t\t\t<\/div>\n\t\t\t\t<div class=\"elementor-element elementor-element-59f4cf0 elementor-widget elementor-widget-heading\" data-id=\"59f4cf0\" data-element_type=\"widget\" data-e-type=\"widget\" data-widget_type=\"heading.default\">\n\t\t\t\t<div class=\"elementor-widget-container\">\n\t\t\t\t\t<h4 class=\"elementor-heading-title elementor-size-default\">R\u00e9f\u00e9rences<\/h4>\t\t\t\t<\/div>\n\t\t\t\t<\/div>\n\t\t\t\t<div class=\"elementor-element elementor-element-c87cf76 elementor-widget elementor-widget-text-editor\" data-id=\"c87cf76\" data-element_type=\"widget\" data-e-type=\"widget\" data-widget_type=\"text-editor.default\">\n\t\t\t\t<div class=\"elementor-widget-container\">\n\t\t\t\t\t\t\t\t\t<ul><li><a class=\"reference-link\" href=\"https:\/\/www.ncbi.nlm.nih.gov\/books\/NBK531491\/\" target=\"_blank\" rel=\"noopener\">Coenzyme Q10<\/a><\/li><\/ul>\t\t\t\t\t\t\t\t<\/div>\n\t\t\t\t<\/div>\n\t\t\t\t\t<\/div>\n\t\t<\/div>\n\t\t\t\t\t<\/div>\n\t\t<\/section>\n\t\t\t\t<\/div>","protected":false},"excerpt":{"rendered":"<p>Coenzyme Q10 Ubiquinone Coenzyme Q10, also known as ubiquinone, is a fat-soluble molecule naturally present in every cell membrane in our body. Coenzyme Q10 is essential for the efficient transfer of electrons within the mitochondrial oxidative respiratory chain and the production of adenosine triphosphate (ATP). This substance can potentially increase the production of vital antioxidants, &hellip;<\/p>\n<p class=\"read-more\"> <a class=\"\" href=\"https:\/\/www.alivitpharm.com\/fr\/coenzyme-q10\/\"> <span class=\"screen-reader-text\">Coenzyme Q10<\/span> Lire la suite\u00a0\u00bb<\/a><\/p>","protected":false},"author":9,"featured_media":0,"parent":0,"menu_order":0,"comment_status":"closed","ping_status":"closed","template":"","meta":{"site-sidebar-layout":"no-sidebar","site-content-layout":"page-builder","ast-global-header-display":"","ast-main-header-display":"","ast-hfb-above-header-display":"","ast-hfb-below-header-display":"","ast-hfb-mobile-header-display":"","site-post-title":"disabled","ast-breadcrumbs-content":"","ast-featured-img":"disabled","footer-sml-layout":"","theme-transparent-header-meta":"","adv-header-id-meta":"","stick-header-meta":"","header-above-stick-meta":"","header-main-stick-meta":"","header-below-stick-meta":"","footnotes":""},"class_list":["post-13659","page","type-page","status-publish","hentry"],"_links":{"self":[{"href":"https:\/\/www.alivitpharm.com\/fr\/wp-json\/wp\/v2\/pages\/13659","targetHints":{"allow":["GET"]}}],"collection":[{"href":"https:\/\/www.alivitpharm.com\/fr\/wp-json\/wp\/v2\/pages"}],"about":[{"href":"https:\/\/www.alivitpharm.com\/fr\/wp-json\/wp\/v2\/types\/page"}],"author":[{"embeddable":true,"href":"https:\/\/www.alivitpharm.com\/fr\/wp-json\/wp\/v2\/users\/9"}],"replies":[{"embeddable":true,"href":"https:\/\/www.alivitpharm.com\/fr\/wp-json\/wp\/v2\/comments?post=13659"}],"version-history":[{"count":13,"href":"https:\/\/www.alivitpharm.com\/fr\/wp-json\/wp\/v2\/pages\/13659\/revisions"}],"predecessor-version":[{"id":13674,"href":"https:\/\/www.alivitpharm.com\/fr\/wp-json\/wp\/v2\/pages\/13659\/revisions\/13674"}],"wp:attachment":[{"href":"https:\/\/www.alivitpharm.com\/fr\/wp-json\/wp\/v2\/media?parent=13659"}],"curies":[{"name":"wp","href":"https:\/\/api.w.org\/{rel}","templated":true}]}}