{"id":13797,"date":"2026-01-29T12:15:14","date_gmt":"2026-01-29T10:15:14","guid":{"rendered":"https:\/\/www.alivitpharm.com\/?page_id=13797"},"modified":"2026-01-30T10:40:49","modified_gmt":"2026-01-30T08:40:49","slug":"gattilier","status":"publish","type":"page","link":"https:\/\/www.alivitpharm.com\/fr\/vitex\/","title":{"rendered":"Gattilier"},"content":{"rendered":"<div data-elementor-type=\"wp-page\" data-elementor-id=\"13797\" class=\"elementor elementor-13797\">\n\t\t\t\t\t\t<section class=\"elementor-section elementor-top-section elementor-element elementor-element-86bb502 elementor-section-content-middle elementor-section-boxed elementor-section-height-default elementor-section-height-default\" data-id=\"86bb502\" data-element_type=\"section\" data-e-type=\"section\" data-settings=\"{&quot;background_background&quot;:&quot;classic&quot;}\">\n\t\t\t\t\t\t\t<div class=\"elementor-background-overlay\"><\/div>\n\t\t\t\t\t\t\t<div class=\"elementor-container elementor-column-gap-default\">\n\t\t\t\t\t<div class=\"elementor-column elementor-col-100 elementor-top-column elementor-element elementor-element-c6e6d36\" data-id=\"c6e6d36\" data-element_type=\"column\" data-e-type=\"column\">\n\t\t\t<div class=\"elementor-widget-wrap elementor-element-populated\">\n\t\t\t\t\t\t<div class=\"elementor-element elementor-element-3d970cf elementor-widget elementor-widget-heading\" data-id=\"3d970cf\" data-element_type=\"widget\" data-e-type=\"widget\" data-widget_type=\"heading.default\">\n\t\t\t\t<div class=\"elementor-widget-container\">\n\t\t\t\t\t<h1 class=\"elementor-heading-title elementor-size-default\">Gattilier<\/h1>\t\t\t\t<\/div>\n\t\t\t\t<\/div>\n\t\t\t\t<div class=\"elementor-element elementor-element-0ddc79e elementor-widget elementor-widget-image\" data-id=\"0ddc79e\" data-element_type=\"widget\" data-e-type=\"widget\" data-widget_type=\"image.default\">\n\t\t\t\t<div class=\"elementor-widget-container\">\n\t\t\t\t\t\t\t\t\t\t\t\t\t\t\t<img decoding=\"async\" width=\"75\" height=\"33\" src=\"https:\/\/www.alivitpharm.com\/wp-content\/uploads\/2019\/07\/logo-leaf-new.png\" class=\"attachment-large size-large wp-image-2518\" alt=\"\" \/>\t\t\t\t\t\t\t\t\t\t\t\t\t\t\t<\/div>\n\t\t\t\t<\/div>\n\t\t\t\t<div class=\"elementor-element elementor-element-02091a6 elementor-widget elementor-widget-text-editor\" data-id=\"02091a6\" data-element_type=\"widget\" data-e-type=\"widget\" data-widget_type=\"text-editor.default\">\n\t\t\t\t<div class=\"elementor-widget-container\">\n\t\t\t\t\t\t\t\t\t<p><em>Vitex agnus-castus, L. Verbenaceae<\/em><\/p>\t\t\t\t\t\t\t\t<\/div>\n\t\t\t\t<\/div>\n\t\t\t\t\t<\/div>\n\t\t<\/div>\n\t\t\t\t\t<\/div>\n\t\t<\/section>\n\t\t\t\t<section class=\"elementor-section elementor-top-section elementor-element elementor-element-3a5e56d elementor-section-boxed elementor-section-height-default elementor-section-height-default\" data-id=\"3a5e56d\" data-element_type=\"section\" data-e-type=\"section\" data-settings=\"{&quot;background_background&quot;:&quot;classic&quot;}\">\n\t\t\t\t\t\t<div class=\"elementor-container elementor-column-gap-default\">\n\t\t\t\t\t<div class=\"elementor-column elementor-col-100 elementor-top-column elementor-element elementor-element-4d2c199\" data-id=\"4d2c199\" data-element_type=\"column\" data-e-type=\"column\">\n\t\t\t<div class=\"elementor-widget-wrap elementor-element-populated\">\n\t\t\t\t\t\t<div class=\"elementor-element elementor-element-00e9cae elementor-widget elementor-widget-image\" data-id=\"00e9cae\" data-element_type=\"widget\" data-e-type=\"widget\" data-widget_type=\"image.default\">\n\t\t\t\t<div class=\"elementor-widget-container\">\n\t\t\t\t\t\t\t\t\t\t\t\t\t\t\t<img decoding=\"async\" src=\"https:\/\/www.alivitpharm.com\/wp-content\/uploads\/2026\/01\/vitex.jpg\" title=\"vitex\" alt=\"Gattilier\" loading=\"lazy\" \/>\t\t\t\t\t\t\t\t\t\t\t\t\t\t\t<\/div>\n\t\t\t\t<\/div>\n\t\t\t\t<div class=\"elementor-element elementor-element-df2ceb2 elementor-widget elementor-widget-text-editor\" data-id=\"df2ceb2\" data-element_type=\"widget\" data-e-type=\"widget\" data-widget_type=\"text-editor.default\">\n\t\t\t\t<div class=\"elementor-widget-container\">\n\t\t\t\t\t\t\t\t\t<p data-start=\"118\" data-end=\"685\"><strong>Le gattilier (Vitex agnus-castus)<\/strong> est une plante arbustive de la famille des <em>Verbenaceae,<\/em> originaire des r\u00e9gions de la Gr\u00e8ce et de l\u2019Italie, o\u00f9 elle est utilis\u00e9e comme plante m\u00e9dicinale depuis l\u2019Antiquit\u00e9. Les tiges du gattilier sont quadrangulaires, annel\u00e9es et vert clair, tandis que les feuilles allong\u00e9es, port\u00e9es par de longs p\u00e9tioles, sont palm\u00e9es et divis\u00e9es en 5 \u00e0 7 folioles. Les petites fleurs violettes ou ros\u00e9es sont regroup\u00e9es en longues inflorescences discontinues. Le fruit du gattilier est une petite baie de couleur rouge noir\u00e2tre, r\u00e9colt\u00e9e au d\u00e9but de l\u2019automne, qui rappelle le poivre tant par son aspect que par sa saveur.<\/p><p data-start=\"687\" data-end=\"1047\">La partie m\u00e9dicinale de la plante est le fruit, riche en nombreux principes actifs, parmi lesquels les plus importants sont: les flavono\u00efdes (casticine, C-h\u00e9t\u00e9rosides, pandul\u00e9tine), les irido\u00efdes (aucuboside et agnuside), les diterp\u00e8nes (rotundifurane, vitexilactone), les alcalo\u00efdes (viticine), l\u2019huile essentielle (riche en eucalyptol, sabin\u00e8ne et farn\u00e9s\u00e8ne), ainsi que des st\u00e9ro\u00efdes et une huile grasse.<\/p><p data-start=\"1049\" data-end=\"1373\">De nombreuses \u00e9tudes ont confirm\u00e9 que le fruit de gattilier exerce un effet b\u00e9n\u00e9fique sur la r\u00e9gulation du cycle menstruel et contribue \u00e0 att\u00e9nuer les sympt\u00f4mes du syndrome pr\u00e9menstruel (SPM) ainsi que ceux de la m\u00e9nopause. Le fruit de gattilier est utilis\u00e9 pour diverses affections f\u00e9minines et reproductives dans les pratiques anglo-am\u00e9ricaines et europ\u00e9ennes.<\/p><p data-start=\"1375\" data-end=\"1871\">Les recherches ont montr\u00e9 que le fruit de gattilier pr\u00e9sente des effets nettement sup\u00e9rieurs dans le traitement du syndrome pr\u00e9menstruel par rapport \u00e0 la combinaison magn\u00e9sium\u2013vitamine B6, en raison de sa puissante action antispasmodique. Dans le cas du trouble dysphorique pr\u00e9menstruel, une \u00e9tude a d\u00e9montr\u00e9 que le gattilier \u00e9tait \u00e9quivalent \u00e0 la fluox\u00e9tine dans la r\u00e9duction des sympt\u00f4mes. Il a \u00e9galement \u00e9t\u00e9 prouv\u00e9 qu\u2019il exerce une influence favorable sur les taux de prolactine et peut donc \u00eatre recommand\u00e9 en cas d\u2019hyperprolactin\u00e9mie latente.<\/p>\t\t\t\t\t\t\t\t<\/div>\n\t\t\t\t<\/div>\n\t\t\t\t<div class=\"elementor-element elementor-element-cdb9f42 elementor-widget elementor-widget-image\" data-id=\"cdb9f42\" data-element_type=\"widget\" data-e-type=\"widget\" data-widget_type=\"image.default\">\n\t\t\t\t<div class=\"elementor-widget-container\">\n\t\t\t\t\t\t\t\t\t\t\t\t\t\t\t<img decoding=\"async\" src=\"https:\/\/www.alivitpharm.com\/wp-content\/uploads\/2022\/09\/leaves.png\" title=\"leaves\" alt=\"Leaves\" loading=\"lazy\" \/>\t\t\t\t\t\t\t\t\t\t\t\t\t\t\t<\/div>\n\t\t\t\t<\/div>\n\t\t\t\t<div class=\"elementor-element elementor-element-33ee524 elementor-widget elementor-widget-text-editor\" data-id=\"33ee524\" data-element_type=\"widget\" data-e-type=\"widget\" data-widget_type=\"text-editor.default\">\n\t\t\t\t<div class=\"elementor-widget-container\">\n\t\t\t\t\t\t\t\t\t<p data-start=\"113\" data-end=\"594\">Le m\u00e9canisme d\u2019action des principes actifs repose sur leur effet inhibiteur sur les r\u00e9cepteurs dopaminergiques et opio\u00efdes. L\u2019inhibition des r\u00e9cepteurs dopaminergiques contribue \u00e0 la r\u00e9gulation de la s\u00e9cr\u00e9tion de la prolactine, en particulier durant la p\u00e9riode pr\u00e9menstruelle, \u00e9tant donn\u00e9 que l\u2019hyperprolactin\u00e9mie constitue l\u2019une des principales causes de l\u2019apparition des sympt\u00f4mes du syndrome pr\u00e9menstruel (SPM). Des taux pathologiquement \u00e9lev\u00e9s de prolactine sont \u00e9galement observ\u00e9s dans la maladie de Parkinson; ainsi, le gattilier peut aussi \u00eatre utilis\u00e9 dans ce cas pour contribuer \u00e0 l\u2019att\u00e9nuation des sympt\u00f4mes.<\/p><p data-start=\"596\" data-end=\"928\">En cas de troubles menstruels, de nervosit\u00e9, d\u2019apparition d\u2019acn\u00e9 et de sympt\u00f4mes d\u00e9sagr\u00e9ables associ\u00e9s au syndrome pr\u00e9menstruel \u2013 tels que douleurs dans le bas-ventre, irritabilit\u00e9, insomnie et douleurs mammaires \u2013 le gattilier constitue une option fiable pour leur soulagement. Il est recommand\u00e9 \u00e0 toutes les p\u00e9riodes de la vie o\u00f9 le cycle menstruel est irr\u00e9gulier.<\/p><p data-start=\"930\" data-end=\"1164\">L\u2019EMA (Agence europ\u00e9enne des m\u00e9dicaments) reconna\u00eet le fruit de gattilier comme un m\u00e9dicament traditionnel \u00e0 base de plantes destin\u00e9 au soulagement des sympt\u00f4mes l\u00e9gers du syndrome pr\u00e9menstruel. Cette conclusion repose sur l\u2019usage traditionnel de longue date de la plante.<\/p><p data-start=\"1166\" data-end=\"1898\">La seule contre-indication \u00e0 l\u2019utilisation du fruit de gattilier est l\u2019hypersensibilit\u00e9. Les patients atteints ou ayant \u00e9t\u00e9 atteints de cancers sensibles aux \u0153strog\u00e8nes doivent consulter leur m\u00e9decin avant d\u2019utiliser le fruit de Vitex agnus-castus. Les patients prenant des agonistes dopaminergiques, des antagonistes dopaminergiques ou des \u0153strog\u00e8nes doivent consulter leur m\u00e9decin avant l\u2019utilisation du fruit de Vitex agnus-castus. L\u2019utilisation chez les enfants et les adolescents de moins de 18 ans n\u2019a pas \u00e9t\u00e9 \u00e9tablie en raison du manque de donn\u00e9es ad\u00e9quates. Le fruit de Vitex agnus-castus est consid\u00e9r\u00e9 comme agissant sur l\u2019hypophyse et l\u2019hypothalamus; par cons\u00e9quent, les patients ayant des ant\u00e9c\u00e9dents de troubles hypophysaires doivent consulter un m\u00e9decin avant utilisation. L\u2019utilisation pendant la grossesse et l\u2019allaitement n\u2019est pas recommand\u00e9e en raison de l\u2019absence de donn\u00e9es suffisantes.<\/p>\t\t\t\t\t\t\t\t<\/div>\n\t\t\t\t<\/div>\n\t\t\t\t<div class=\"elementor-element elementor-element-5949bd4 elementor-widget elementor-widget-heading\" data-id=\"5949bd4\" data-element_type=\"widget\" data-e-type=\"widget\" data-widget_type=\"heading.default\">\n\t\t\t\t<div class=\"elementor-widget-container\">\n\t\t\t\t\t<h4 class=\"elementor-heading-title elementor-size-default\">R\u00e9f\u00e9rences<\/h4>\t\t\t\t<\/div>\n\t\t\t\t<\/div>\n\t\t\t\t<div class=\"elementor-element elementor-element-aed19f8 elementor-widget elementor-widget-text-editor\" data-id=\"aed19f8\" data-element_type=\"widget\" data-e-type=\"widget\" data-widget_type=\"text-editor.default\">\n\t\t\t\t<div class=\"elementor-widget-container\">\n\t\t\t\t\t\t\t\t\t<ul><li><a class=\"reference-link\" href=\"https:\/\/pubmed.ncbi.nlm.nih.gov\/23136064\/\" target=\"_blank\" rel=\"noopener\">Vitex agnus-castus extracts for female reproductive disorders: a systematic review of clinical trials<\/a><\/li><li><a class=\"reference-link\" href=\"https:\/\/pubmed.ncbi.nlm.nih.gov\/29063202\/\" target=\"_blank\" rel=\"noopener\">Vitex agnus castus for premenstrual syndrome and premenstrual dysphoric disorder: a systematic review<\/a><\/li><li><a class=\"reference-link\" href=\"https:\/\/pubmed.ncbi.nlm.nih.gov\/38075075\/\" target=\"_blank\" rel=\"noopener\">Vitex agnus castus effects on hyperprolactinaemia<\/a><\/li><li><a class=\"reference-link\" href=\"https:\/\/www.ema.europa.eu\/en\/documents\/herbal-monograph\/final-european-union-herbal-monograph-vitex-agnus-castus-l-fructus-revision-1_en.pdf\" target=\"_blank\" rel=\"noopener\">European Medicines Agency PDF<\/a><\/li><\/ul>\t\t\t\t\t\t\t\t<\/div>\n\t\t\t\t<\/div>\n\t\t\t\t\t<\/div>\n\t\t<\/div>\n\t\t\t\t\t<\/div>\n\t\t<\/section>\n\t\t\t\t<\/div>","protected":false},"excerpt":{"rendered":"<p>Vitex Vitex agnus-castus, L. Verbenaceae Vitex (Vitex agnus-castus) is a shrubby plant from the Verbenaceae family, originating from the regions of Greece and Italy, where it has been used as a medicinal plant since ancient times. The stems of vitex are four-angled, ringed, and light green, while the elongated leaves are borne on long petioles &hellip;<\/p>\n<p class=\"read-more\"> <a class=\"\" href=\"https:\/\/www.alivitpharm.com\/fr\/vitex\/\"> <span class=\"screen-reader-text\">Gattilier<\/span> Lire la suite\u00a0\u00bb<\/a><\/p>","protected":false},"author":9,"featured_media":0,"parent":0,"menu_order":0,"comment_status":"closed","ping_status":"closed","template":"","meta":{"site-sidebar-layout":"no-sidebar","site-content-layout":"page-builder","ast-global-header-display":"","ast-main-header-display":"","ast-hfb-above-header-display":"","ast-hfb-below-header-display":"","ast-hfb-mobile-header-display":"","site-post-title":"disabled","ast-breadcrumbs-content":"","ast-featured-img":"disabled","footer-sml-layout":"","theme-transparent-header-meta":"","adv-header-id-meta":"","stick-header-meta":"","header-above-stick-meta":"","header-main-stick-meta":"","header-below-stick-meta":"","footnotes":""},"class_list":["post-13797","page","type-page","status-publish","hentry"],"_links":{"self":[{"href":"https:\/\/www.alivitpharm.com\/fr\/wp-json\/wp\/v2\/pages\/13797","targetHints":{"allow":["GET"]}}],"collection":[{"href":"https:\/\/www.alivitpharm.com\/fr\/wp-json\/wp\/v2\/pages"}],"about":[{"href":"https:\/\/www.alivitpharm.com\/fr\/wp-json\/wp\/v2\/types\/page"}],"author":[{"embeddable":true,"href":"https:\/\/www.alivitpharm.com\/fr\/wp-json\/wp\/v2\/users\/9"}],"replies":[{"embeddable":true,"href":"https:\/\/www.alivitpharm.com\/fr\/wp-json\/wp\/v2\/comments?post=13797"}],"version-history":[{"count":19,"href":"https:\/\/www.alivitpharm.com\/fr\/wp-json\/wp\/v2\/pages\/13797\/revisions"}],"predecessor-version":[{"id":13823,"href":"https:\/\/www.alivitpharm.com\/fr\/wp-json\/wp\/v2\/pages\/13797\/revisions\/13823"}],"wp:attachment":[{"href":"https:\/\/www.alivitpharm.com\/fr\/wp-json\/wp\/v2\/media?parent=13797"}],"curies":[{"name":"wp","href":"https:\/\/api.w.org\/{rel}","templated":true}]}}