{"id":13876,"date":"2026-02-11T12:26:59","date_gmt":"2026-02-11T10:26:59","guid":{"rendered":"https:\/\/www.alivitpharm.com\/?page_id=13876"},"modified":"2026-02-20T10:56:14","modified_gmt":"2026-02-20T08:56:14","slug":"huile-de-poisson","status":"publish","type":"page","link":"https:\/\/www.alivitpharm.com\/fr\/fish-oil\/","title":{"rendered":"Huile de poisson"},"content":{"rendered":"<div data-elementor-type=\"wp-page\" data-elementor-id=\"13876\" class=\"elementor elementor-13876\">\n\t\t\t\t\t\t<section class=\"elementor-section elementor-top-section elementor-element elementor-element-5eb7600 elementor-section-content-middle elementor-section-boxed elementor-section-height-default elementor-section-height-default\" data-id=\"5eb7600\" data-element_type=\"section\" data-e-type=\"section\" data-settings=\"{&quot;background_background&quot;:&quot;classic&quot;}\">\n\t\t\t\t\t\t\t<div class=\"elementor-background-overlay\"><\/div>\n\t\t\t\t\t\t\t<div class=\"elementor-container elementor-column-gap-default\">\n\t\t\t\t\t<div class=\"elementor-column elementor-col-100 elementor-top-column elementor-element elementor-element-004f3ca\" data-id=\"004f3ca\" data-element_type=\"column\" data-e-type=\"column\">\n\t\t\t<div class=\"elementor-widget-wrap elementor-element-populated\">\n\t\t\t\t\t\t<div class=\"elementor-element elementor-element-313018d elementor-widget elementor-widget-heading\" data-id=\"313018d\" data-element_type=\"widget\" data-e-type=\"widget\" data-widget_type=\"heading.default\">\n\t\t\t\t<div class=\"elementor-widget-container\">\n\t\t\t\t\t<h1 class=\"elementor-heading-title elementor-size-default\">Huile de poisson<\/h1>\t\t\t\t<\/div>\n\t\t\t\t<\/div>\n\t\t\t\t<div class=\"elementor-element elementor-element-4d1422f elementor-widget elementor-widget-image\" data-id=\"4d1422f\" data-element_type=\"widget\" data-e-type=\"widget\" data-widget_type=\"image.default\">\n\t\t\t\t<div class=\"elementor-widget-container\">\n\t\t\t\t\t\t\t\t\t\t\t\t\t\t\t<img decoding=\"async\" width=\"75\" height=\"33\" src=\"https:\/\/www.alivitpharm.com\/wp-content\/uploads\/2019\/07\/logo-leaf-new.png\" class=\"attachment-large size-large wp-image-2518\" alt=\"\" \/>\t\t\t\t\t\t\t\t\t\t\t\t\t\t\t<\/div>\n\t\t\t\t<\/div>\n\t\t\t\t<div class=\"elementor-element elementor-element-19887cc elementor-widget elementor-widget-text-editor\" data-id=\"19887cc\" data-element_type=\"widget\" data-e-type=\"widget\" data-widget_type=\"text-editor.default\">\n\t\t\t\t<div class=\"elementor-widget-container\">\n\t\t\t\t\t\t\t\t\t<p><em>Oleum piscium \u2013 Acides gras om\u00e9ga-3<\/em><\/p>\t\t\t\t\t\t\t\t<\/div>\n\t\t\t\t<\/div>\n\t\t\t\t\t<\/div>\n\t\t<\/div>\n\t\t\t\t\t<\/div>\n\t\t<\/section>\n\t\t\t\t<section class=\"elementor-section elementor-top-section elementor-element elementor-element-bd02b3d elementor-section-boxed elementor-section-height-default elementor-section-height-default\" data-id=\"bd02b3d\" data-element_type=\"section\" data-e-type=\"section\" data-settings=\"{&quot;background_background&quot;:&quot;classic&quot;}\">\n\t\t\t\t\t\t<div class=\"elementor-container elementor-column-gap-default\">\n\t\t\t\t\t<div class=\"elementor-column elementor-col-100 elementor-top-column elementor-element elementor-element-6973558\" data-id=\"6973558\" data-element_type=\"column\" data-e-type=\"column\">\n\t\t\t<div class=\"elementor-widget-wrap elementor-element-populated\">\n\t\t\t\t\t\t<div class=\"elementor-element elementor-element-f03dc64 elementor-widget elementor-widget-image\" data-id=\"f03dc64\" data-element_type=\"widget\" data-e-type=\"widget\" data-widget_type=\"image.default\">\n\t\t\t\t<div class=\"elementor-widget-container\">\n\t\t\t\t\t\t\t\t\t\t\t\t\t\t\t<img decoding=\"async\" src=\"https:\/\/www.alivitpharm.com\/wp-content\/uploads\/2026\/02\/fish-oil.png\" title=\"fish-oil\" alt=\"Huile de poisson\" loading=\"lazy\" \/>\t\t\t\t\t\t\t\t\t\t\t\t\t\t\t<\/div>\n\t\t\t\t<\/div>\n\t\t\t\t<div class=\"elementor-element elementor-element-37cf635 elementor-widget elementor-widget-text-editor\" data-id=\"37cf635\" data-element_type=\"widget\" data-e-type=\"widget\" data-widget_type=\"text-editor.default\">\n\t\t\t\t<div class=\"elementor-widget-container\">\n\t\t\t\t\t\t\t\t\t<p><strong>Les acides gras om\u00e9ga-3<\/strong> sont souvent qualifi\u00e9s de pr\u00e9cieux lipides en raison de leurs bienfaits sur la sant\u00e9: ils prot\u00e8gent notamment le c\u0153ur et les vaisseaux sanguins en abaissant le taux de triglyc\u00e9rides, en modulant l\u2019inflammation et en exer\u00e7ant des effets antiarythmiques. Ces derni\u00e8res ann\u00e9es, l\u2019int\u00e9r\u00eat port\u00e9 aux acides gras om\u00e9ga-3, ainsi qu\u2019\u00e0 leur r\u00f4le dans la pr\u00e9vention des maladies et le maintien d\u2019une bonne sant\u00e9, n\u2019a cess\u00e9 de cro\u00eetre. De nombreuses \u00e9tudes cliniques et \u00e9pid\u00e9miologiques ont d\u00e9montr\u00e9 l\u2019effet positif des acides gras om\u00e9ga-3 sur le d\u00e9veloppement de l\u2019enfant, la pr\u00e9vention et le traitement des cancers et des maladies cardiovasculaires, et plus r\u00e9cemment sur diverses maladies mentales, dont la d\u00e9pression, la d\u00e9mence et le trouble du d\u00e9ficit de l\u2019attention avec hyperactivit\u00e9 (TDAH). Les principales sources alimentaires d\u2019acides gras om\u00e9ga-3 sont les poissons gras (sardines, maquereaux, thons, anchois) et les poissons des mers froides (harengs, saumons), les algues, le zooplancton et les fruits de mer, ainsi que les graines et les noix. Les aliments enrichis et les compl\u00e9ments alimentaires contenant de l\u2019huile de poisson purifi\u00e9e constituent une source pr\u00e9cieuse d\u2019acides gras om\u00e9ga-3 dans l\u2019alimentation humaine et humaine. Les graisses saines comprennent les acides gras polyinsatur\u00e9s om\u00e9ga-3, principalement l'acide docosahexa\u00e9no\u00efque (DHA) et l'acide eicosapenta\u00e9no\u00efque (EPA).<\/p><p>Le f\u0153tus a d\u00e9j\u00e0 besoin d'EPA et de DHA pour son d\u00e9veloppement physique et mental. Ces acides gras sont \u00e9galement essentiels au bon fonctionnement du c\u0153ur et du cerveau et contribuent au maintien d'une bonne sant\u00e9 oculaire.<\/p><p><strong>Le poisson n'est pas suffisamment pr\u00e9sent dans notre alimentation. <\/strong>Malheureusement, nous privil\u00e9gions souvent les graisses satur\u00e9es (viande, lait et produits laitiers) au d\u00e9triment des \u00ab bons \u00bb acides gras insatur\u00e9s. L'id\u00e9al serait de consommer deux repas de poisson par semaine, dont au moins un \u00e0 base de poisson de mer.<\/p>\t\t\t\t\t\t\t\t<\/div>\n\t\t\t\t<\/div>\n\t\t\t\t<div class=\"elementor-element elementor-element-bcdaf26 elementor-widget elementor-widget-image\" data-id=\"bcdaf26\" data-element_type=\"widget\" data-e-type=\"widget\" data-widget_type=\"image.default\">\n\t\t\t\t<div class=\"elementor-widget-container\">\n\t\t\t\t\t\t\t\t\t\t\t\t\t\t\t<img decoding=\"async\" src=\"https:\/\/www.alivitpharm.com\/wp-content\/uploads\/2022\/09\/leaves.png\" title=\"leaves\" alt=\"Leaves\" loading=\"lazy\" \/>\t\t\t\t\t\t\t\t\t\t\t\t\t\t\t<\/div>\n\t\t\t\t<\/div>\n\t\t\t\t<div class=\"elementor-element elementor-element-d32f177 elementor-widget elementor-widget-text-editor\" data-id=\"d32f177\" data-element_type=\"widget\" data-e-type=\"widget\" data-widget_type=\"text-editor.default\">\n\t\t\t\t<div class=\"elementor-widget-container\">\n\t\t\t\t\t\t\t\t\t<p><strong>Pour un fonctionnement c\u00e9r\u00e9bral normal:<\/strong> Notre capacit\u00e9 d\u2019apprentissage et de concentration est \u00e9galement influenc\u00e9e par notre alimentation. Les acides gras om\u00e9ga-3 contribuent notamment au maintien d\u2019un fonctionnement c\u00e9r\u00e9bral normal. Un apport suffisant en acide docosahexa\u00e9no\u00efque (DHA) par l\u2019alimentation est indispensable au bon fonctionnement du cerveau. L\u2019apport quotidien recommand\u00e9 en DHA est de 250 mg.<\/p><p><strong>Pour un fonctionnement cardiaque normal: <\/strong>Un apport suffisant en DHA et EPA contribue grandement au fonctionnement normal du c\u0153ur. Une consommation quotidienne de 250 mg d\u2019EPA et de DHA a un effet b\u00e9n\u00e9fique sur la sant\u00e9 cardiaque. Les acides gras om\u00e9ga-3 sont essentiels car ils r\u00e9duisent la pression art\u00e9rielle de 5 \u00e0 10 mmHg, le taux de triglyc\u00e9rides de 25 \u00e0 40 %, le risque d\u2019accidents cardiovasculaires secondaires et la formation de plaques d\u2019ath\u00e9roscl\u00e9rose.<\/p><p><strong>Pour une vision normale: <\/strong>Environ 80% des informations que nous recevons sur notre environnement nous parviennent par la vue. C\u2019est une raison suffisante pour prot\u00e9ger nos yeux et les maintenir en bonne sant\u00e9. Les acides gras om\u00e9ga-3 jouent un r\u00f4le important car ils sont des constituants de la r\u00e9tine et des photor\u00e9cepteurs. Un apport quotidien de 250 mg de DHA peut contribuer particuli\u00e8rement au maintien d\u2019une vision normale.<\/p><p><strong>Pendant la grossesse et l'allaitement: <\/strong>M\u00eame pendant la grossesse, les acides gras om\u00e9ga-3 EPA et DHA contribuent au d\u00e9veloppement normal et sain des yeux et du cerveau du b\u00e9b\u00e9. La femme enceinte transmettant directement du DHA \u00e0 son enfant \u00e0 na\u00eetre par le cordon ombilical, un apport quotidien suppl\u00e9mentaire de 200 mg de DHA est recommand\u00e9, en plus de l'apport quotidien recommand\u00e9 de 250 mg d'EPA\/DHA.<\/p>\t\t\t\t\t\t\t\t<\/div>\n\t\t\t\t<\/div>\n\t\t\t\t<div class=\"elementor-element elementor-element-847577d elementor-widget elementor-widget-heading\" data-id=\"847577d\" data-element_type=\"widget\" data-e-type=\"widget\" data-widget_type=\"heading.default\">\n\t\t\t\t<div class=\"elementor-widget-container\">\n\t\t\t\t\t<h4 class=\"elementor-heading-title elementor-size-default\">R\u00e9f\u00e9rences<\/h4>\t\t\t\t<\/div>\n\t\t\t\t<\/div>\n\t\t\t\t<div class=\"elementor-element elementor-element-9268718 elementor-widget elementor-widget-text-editor\" data-id=\"9268718\" data-element_type=\"widget\" data-e-type=\"widget\" data-widget_type=\"text-editor.default\">\n\t\t\t\t<div class=\"elementor-widget-container\">\n\t\t\t\t\t\t\t\t\t<ul><li><a class=\"reference-link\" href=\"https:\/\/www.kardio.hr\/wp-content\/uploads\/2011\/09\/Medix%2092-93_234-240.pdf\" target=\"_blank\" rel=\"noopener\">Omega-3 masne kiseline \u2013 svojstva i djelovanje<\/a><\/li><li><a class=\"reference-link\" href=\"https:\/\/ods.od.nih.gov\/factsheets\/Omega3FattyAcids-HealthProfessional\/\" target=\"_blank\" rel=\"noopener\">Omega-3 Fatty Acids<\/a><\/li><\/ul>\t\t\t\t\t\t\t\t<\/div>\n\t\t\t\t<\/div>\n\t\t\t\t\t<\/div>\n\t\t<\/div>\n\t\t\t\t\t<\/div>\n\t\t<\/section>\n\t\t\t\t<\/div>","protected":false},"excerpt":{"rendered":"<p>Fish Oil Oleum piscium &#8211; Omega-3 fatty acids Omega-3 fatty acids are often described as precious fats because of their beneficial effects on health: first of all, they protect the heart and blood vessels by lowering triglyceride levels, modulating inflammation and antiarrhythmic effects. In recent years, interest in omega-3 fatty acids, as well as their &hellip;<\/p>\n<p class=\"read-more\"> <a class=\"\" href=\"https:\/\/www.alivitpharm.com\/fr\/fish-oil\/\"> <span class=\"screen-reader-text\">Huile de poisson<\/span> Lire la suite\u00a0\u00bb<\/a><\/p>","protected":false},"author":9,"featured_media":0,"parent":0,"menu_order":0,"comment_status":"closed","ping_status":"closed","template":"","meta":{"site-sidebar-layout":"no-sidebar","site-content-layout":"page-builder","ast-global-header-display":"","ast-main-header-display":"","ast-hfb-above-header-display":"","ast-hfb-below-header-display":"","ast-hfb-mobile-header-display":"","site-post-title":"disabled","ast-breadcrumbs-content":"","ast-featured-img":"disabled","footer-sml-layout":"","theme-transparent-header-meta":"","adv-header-id-meta":"","stick-header-meta":"","header-above-stick-meta":"","header-main-stick-meta":"","header-below-stick-meta":"","footnotes":""},"class_list":["post-13876","page","type-page","status-publish","hentry"],"_links":{"self":[{"href":"https:\/\/www.alivitpharm.com\/fr\/wp-json\/wp\/v2\/pages\/13876","targetHints":{"allow":["GET"]}}],"collection":[{"href":"https:\/\/www.alivitpharm.com\/fr\/wp-json\/wp\/v2\/pages"}],"about":[{"href":"https:\/\/www.alivitpharm.com\/fr\/wp-json\/wp\/v2\/types\/page"}],"author":[{"embeddable":true,"href":"https:\/\/www.alivitpharm.com\/fr\/wp-json\/wp\/v2\/users\/9"}],"replies":[{"embeddable":true,"href":"https:\/\/www.alivitpharm.com\/fr\/wp-json\/wp\/v2\/comments?post=13876"}],"version-history":[{"count":40,"href":"https:\/\/www.alivitpharm.com\/fr\/wp-json\/wp\/v2\/pages\/13876\/revisions"}],"predecessor-version":[{"id":13937,"href":"https:\/\/www.alivitpharm.com\/fr\/wp-json\/wp\/v2\/pages\/13876\/revisions\/13937"}],"wp:attachment":[{"href":"https:\/\/www.alivitpharm.com\/fr\/wp-json\/wp\/v2\/media?parent=13876"}],"curies":[{"name":"wp","href":"https:\/\/api.w.org\/{rel}","templated":true}]}}