{"id":14008,"date":"2026-03-24T10:47:17","date_gmt":"2026-03-24T08:47:17","guid":{"rendered":"https:\/\/www.alivitpharm.com\/?page_id=14008"},"modified":"2026-04-06T11:11:30","modified_gmt":"2026-04-06T09:11:30","slug":"bay-laurel","status":"publish","type":"page","link":"https:\/\/www.alivitpharm.com\/fr\/bay-laurel\/","title":{"rendered":"Laurier"},"content":{"rendered":"<div data-elementor-type=\"wp-page\" data-elementor-id=\"14008\" class=\"elementor elementor-14008\">\n\t\t\t\t\t\t<section class=\"elementor-section elementor-top-section elementor-element elementor-element-e66317c elementor-section-content-middle elementor-section-boxed elementor-section-height-default elementor-section-height-default\" data-id=\"e66317c\" data-element_type=\"section\" data-e-type=\"section\" data-settings=\"{&quot;background_background&quot;:&quot;classic&quot;}\">\n\t\t\t\t\t\t\t<div class=\"elementor-background-overlay\"><\/div>\n\t\t\t\t\t\t\t<div class=\"elementor-container elementor-column-gap-default\">\n\t\t\t\t\t<div class=\"elementor-column elementor-col-100 elementor-top-column elementor-element elementor-element-d2b1f30\" data-id=\"d2b1f30\" data-element_type=\"column\" data-e-type=\"column\">\n\t\t\t<div class=\"elementor-widget-wrap elementor-element-populated\">\n\t\t\t\t\t\t<div class=\"elementor-element elementor-element-576516d elementor-widget elementor-widget-heading\" data-id=\"576516d\" data-element_type=\"widget\" data-e-type=\"widget\" data-widget_type=\"heading.default\">\n\t\t\t\t<div class=\"elementor-widget-container\">\n\t\t\t\t\t<h1 class=\"elementor-heading-title elementor-size-default\">Laurier<\/h1>\t\t\t\t<\/div>\n\t\t\t\t<\/div>\n\t\t\t\t<div class=\"elementor-element elementor-element-0fa7c10 elementor-widget elementor-widget-image\" data-id=\"0fa7c10\" data-element_type=\"widget\" data-e-type=\"widget\" data-widget_type=\"image.default\">\n\t\t\t\t<div class=\"elementor-widget-container\">\n\t\t\t\t\t\t\t\t\t\t\t\t\t\t\t<img decoding=\"async\" width=\"75\" height=\"33\" src=\"https:\/\/www.alivitpharm.com\/wp-content\/uploads\/2019\/07\/logo-leaf-new.png\" class=\"attachment-large size-large wp-image-2518\" alt=\"\" \/>\t\t\t\t\t\t\t\t\t\t\t\t\t\t\t<\/div>\n\t\t\t\t<\/div>\n\t\t\t\t<div class=\"elementor-element elementor-element-f202ff4 elementor-widget elementor-widget-text-editor\" data-id=\"f202ff4\" data-element_type=\"widget\" data-e-type=\"widget\" data-widget_type=\"text-editor.default\">\n\t\t\t\t<div class=\"elementor-widget-container\">\n\t\t\t\t\t\t\t\t\t<p><em>Laurus nobilis L. &#8211; Lauraceae<\/em><\/p>\t\t\t\t\t\t\t\t<\/div>\n\t\t\t\t<\/div>\n\t\t\t\t\t<\/div>\n\t\t<\/div>\n\t\t\t\t\t<\/div>\n\t\t<\/section>\n\t\t\t\t<section class=\"elementor-section elementor-top-section elementor-element elementor-element-ed073b1 elementor-section-boxed elementor-section-height-default elementor-section-height-default\" data-id=\"ed073b1\" data-element_type=\"section\" data-e-type=\"section\" data-settings=\"{&quot;background_background&quot;:&quot;classic&quot;}\">\n\t\t\t\t\t\t<div class=\"elementor-container elementor-column-gap-default\">\n\t\t\t\t\t<div class=\"elementor-column elementor-col-100 elementor-top-column elementor-element elementor-element-f1b9514\" data-id=\"f1b9514\" data-element_type=\"column\" data-e-type=\"column\">\n\t\t\t<div class=\"elementor-widget-wrap elementor-element-populated\">\n\t\t\t\t\t\t<div class=\"elementor-element elementor-element-168d8fa elementor-widget elementor-widget-image\" data-id=\"168d8fa\" data-element_type=\"widget\" data-e-type=\"widget\" data-widget_type=\"image.default\">\n\t\t\t\t<div class=\"elementor-widget-container\">\n\t\t\t\t\t\t\t\t\t\t\t\t\t\t\t<img decoding=\"async\" src=\"https:\/\/www.alivitpharm.com\/wp-content\/uploads\/2026\/03\/bay-laurel.png\" title=\"bay-laurel\" alt=\"Laurier\" loading=\"lazy\" \/>\t\t\t\t\t\t\t\t\t\t\t\t\t\t\t<\/div>\n\t\t\t\t<\/div>\n\t\t\t\t<div class=\"elementor-element elementor-element-028fa5b elementor-widget elementor-widget-text-editor\" data-id=\"028fa5b\" data-element_type=\"widget\" data-e-type=\"widget\" data-widget_type=\"text-editor.default\">\n\t\t\t\t<div class=\"elementor-widget-container\">\n\t\t\t\t\t\t\t\t\t<p><strong>Laurier<\/strong> est un arbuste ou un arbre \u00e0 feuillage persistant appartenant \u00e0 la famille du m\u00eame nom, les Laurac\u00e9es <em>(Lauraceae)<\/em>, il peut atteindre jusqu\u2019\u00e0 18 m\u00e8tres de hauteur, formant une couronne large et dense, et il est surtout r\u00e9pandu dans la r\u00e9gion m\u00e9diterran\u00e9enne.<\/p><p>Les principes actifs du laurier sont l'alpha-pin\u00e8ne, le b\u00eata-pin\u00e8ne, le sabin\u00e8ne, l'alpha-terpin\u00e8ne, le linalol, l'alpha-terpin\u00e9ol, l'ac\u00e9tate de terpinyle, l'eug\u00e9nol, le m\u00e9thyleug\u00e9nol et le 1,8-cin\u00e9ole. Ces principes actifs lui conf\u00e8rent de puissantes propri\u00e9t\u00e9s anti-inflammatoires et antioxydantes, et exercent un effet b\u00e9n\u00e9fique sur la glyc\u00e9mie chez les personnes diab\u00e9tiques. Le 1,8-cin\u00e9ole et l'alpha-pin\u00e8ne inhibent l'activit\u00e9 de l'alpha-glucosidase et de l'alpha-amylase, et ont un fort effet hypoglyc\u00e9miant.<\/p>\t\t\t\t\t\t\t\t<\/div>\n\t\t\t\t<\/div>\n\t\t\t\t<div class=\"elementor-element elementor-element-407e775 elementor-widget elementor-widget-image\" data-id=\"407e775\" data-element_type=\"widget\" data-e-type=\"widget\" data-widget_type=\"image.default\">\n\t\t\t\t<div class=\"elementor-widget-container\">\n\t\t\t\t\t\t\t\t\t\t\t\t\t\t\t<img decoding=\"async\" src=\"https:\/\/www.alivitpharm.com\/wp-content\/uploads\/2022\/09\/leaves.png\" title=\"leaves\" alt=\"Leaves\" loading=\"lazy\" \/>\t\t\t\t\t\t\t\t\t\t\t\t\t\t\t<\/div>\n\t\t\t\t<\/div>\n\t\t\t\t<div class=\"elementor-element elementor-element-f5b4e79 elementor-widget elementor-widget-text-editor\" data-id=\"f5b4e79\" data-element_type=\"widget\" data-e-type=\"widget\" data-widget_type=\"text-editor.default\">\n\t\t\t\t<div class=\"elementor-widget-container\">\n\t\t\t\t\t\t\t\t\t<p>L'huile essentielle de laurier frais poss\u00e8de une forte activit\u00e9 antioxydante, sup\u00e9rieure \u00e0 celle du Trolox, analogue de la vitamine E et consid\u00e9r\u00e9 comme l'agent antioxydant le plus puissant.<\/p><p>L\u2019examen phytochimique des feuilles fra\u00eeches de l\u2019huile essentielle de <em>L. Nobilis<\/em> a r\u00e9v\u00e9l\u00e9 une forte teneur en monoterp\u00e9no\u00efdes (74,55 %). Il a \u00e9t\u00e9 confirm\u00e9 que les monoterp\u00e8nes p\u00e9n\u00e8trent dans la circulation sanguine, agissent comme des mol\u00e9cules th\u00e9rapeutiques et poss\u00e8dent de nombreuses propri\u00e9t\u00e9s pharmacologiques, telles que des effets antispasmodiques, antihistaminiques, anti-inflammatoires, antiagr\u00e9gants, anticanc\u00e9reux, antibact\u00e9riens, antifongiques et antiviraux. L\u2019huile essentielle de feuille de laurier a \u00e9t\u00e9 test\u00e9e contre divers types de cancer, notamment les cellules tumorales du sein, les tumeurs cutan\u00e9es et l\u2019ad\u00e9nocarcinome colorectal. <em>Laurus nobilis<\/em> a d\u00e9montr\u00e9 une activit\u00e9 antibact\u00e9rienne contre les bact\u00e9ries <em>Staphylococcus aureus<\/em>, <em>E. coli<\/em>, <em>Listeria monocytogenes<\/em>, <em>Pseudomonas aeruginosa<\/em>, <em>Bacillus cereus<\/em> ainsi que contre l\u2019infection fongique <em>Candida albicans<\/em>.<\/p>\t\t\t\t\t\t\t\t<\/div>\n\t\t\t\t<\/div>\n\t\t\t\t<div class=\"elementor-element elementor-element-58bdbed elementor-widget elementor-widget-heading\" data-id=\"58bdbed\" data-element_type=\"widget\" data-e-type=\"widget\" data-widget_type=\"heading.default\">\n\t\t\t\t<div class=\"elementor-widget-container\">\n\t\t\t\t\t<h4 class=\"elementor-heading-title elementor-size-default\">R\u00e9f\u00e9rences<\/h4>\t\t\t\t<\/div>\n\t\t\t\t<\/div>\n\t\t\t\t<div class=\"elementor-element elementor-element-c1a68bb elementor-widget elementor-widget-text-editor\" data-id=\"c1a68bb\" data-element_type=\"widget\" data-e-type=\"widget\" data-widget_type=\"text-editor.default\">\n\t\t\t\t<div class=\"elementor-widget-container\">\n\t\t\t\t\t\t\t\t\t<ul><li><a class=\"reference-link\" href=\"https:\/\/pubmed.ncbi.nlm.nih.gov\/35567209\/\" target=\"_blank\" rel=\"noopener\">A Review of the Botany, Volatile Composition, Biochemical and Molecular Aspects, and Traditional Uses of Laurus nobilis<\/a><\/li><li><a class=\"reference-link\" href=\"https:\/\/pmc.ncbi.nlm.nih.gov\/articles\/PMC9695135\/\" target=\"_blank\" rel=\"noopener\">Chemical Composition, Antioxidant, Anti-Diabetic, Anti-Acetylcholinesterase, Anti-Inflammatory, and Antimicrobial Properties of Arbutus unedo L. and Laurus nobilis L. Essential Oils<\/a><\/li><li><a class=\"reference-link\" href=\"https:\/\/pmc.ncbi.nlm.nih.gov\/articles\/PMC11162004\/\" target=\"_blank\" rel=\"noopener\">Biological, phytochemical and molecular docking characteristics of Laurus nobilis L. fresh leaves essential oil from Palestine<\/a><\/li><\/ul>\t\t\t\t\t\t\t\t<\/div>\n\t\t\t\t<\/div>\n\t\t\t\t\t<\/div>\n\t\t<\/div>\n\t\t\t\t\t<\/div>\n\t\t<\/section>\n\t\t\t\t<\/div>","protected":false},"excerpt":{"rendered":"<p>Bay Laurel Laurus nobilis L. &#8211; Lauraceae Bay laurel is an evergreen shrub or tree from the family of the same name, Laurel (Lauraceae), growing up to 18 meters tall, creating a wide and dense crown, most widespread in the Mediterranean region. The active ingredients of laurel are alpha-pinene, beta-pinene, sabinene, alpha-terpinene, linalool, alpha-terpineol, terpinyl &hellip;<\/p>\n<p class=\"read-more\"> <a class=\"\" href=\"https:\/\/www.alivitpharm.com\/fr\/bay-laurel\/\"> <span class=\"screen-reader-text\">Laurier<\/span> Lire la suite\u00a0\u00bb<\/a><\/p>","protected":false},"author":9,"featured_media":0,"parent":0,"menu_order":0,"comment_status":"closed","ping_status":"closed","template":"","meta":{"site-sidebar-layout":"no-sidebar","site-content-layout":"page-builder","ast-global-header-display":"","ast-main-header-display":"","ast-hfb-above-header-display":"","ast-hfb-below-header-display":"","ast-hfb-mobile-header-display":"","site-post-title":"disabled","ast-breadcrumbs-content":"","ast-featured-img":"disabled","footer-sml-layout":"","theme-transparent-header-meta":"","adv-header-id-meta":"","stick-header-meta":"","header-above-stick-meta":"","header-main-stick-meta":"","header-below-stick-meta":"","footnotes":""},"class_list":["post-14008","page","type-page","status-publish","hentry"],"_links":{"self":[{"href":"https:\/\/www.alivitpharm.com\/fr\/wp-json\/wp\/v2\/pages\/14008","targetHints":{"allow":["GET"]}}],"collection":[{"href":"https:\/\/www.alivitpharm.com\/fr\/wp-json\/wp\/v2\/pages"}],"about":[{"href":"https:\/\/www.alivitpharm.com\/fr\/wp-json\/wp\/v2\/types\/page"}],"author":[{"embeddable":true,"href":"https:\/\/www.alivitpharm.com\/fr\/wp-json\/wp\/v2\/users\/9"}],"replies":[{"embeddable":true,"href":"https:\/\/www.alivitpharm.com\/fr\/wp-json\/wp\/v2\/comments?post=14008"}],"version-history":[{"count":22,"href":"https:\/\/www.alivitpharm.com\/fr\/wp-json\/wp\/v2\/pages\/14008\/revisions"}],"predecessor-version":[{"id":14103,"href":"https:\/\/www.alivitpharm.com\/fr\/wp-json\/wp\/v2\/pages\/14008\/revisions\/14103"}],"wp:attachment":[{"href":"https:\/\/www.alivitpharm.com\/fr\/wp-json\/wp\/v2\/media?parent=14008"}],"curies":[{"name":"wp","href":"https:\/\/api.w.org\/{rel}","templated":true}]}}