{"id":14030,"date":"2026-03-25T12:16:41","date_gmt":"2026-03-25T10:16:41","guid":{"rendered":"https:\/\/www.alivitpharm.com\/?page_id=14030"},"modified":"2026-03-25T13:10:42","modified_gmt":"2026-03-25T11:10:42","slug":"olive-leaf","status":"publish","type":"page","link":"https:\/\/www.alivitpharm.com\/fr\/olive-leaf\/","title":{"rendered":"Feuille d'olivier"},"content":{"rendered":"<div data-elementor-type=\"wp-page\" data-elementor-id=\"14030\" class=\"elementor elementor-14030\">\n\t\t\t\t\t\t<section class=\"elementor-section elementor-top-section elementor-element elementor-element-f282579 elementor-section-content-middle elementor-section-boxed elementor-section-height-default elementor-section-height-default\" data-id=\"f282579\" data-element_type=\"section\" data-e-type=\"section\" data-settings=\"{&quot;background_background&quot;:&quot;classic&quot;}\">\n\t\t\t\t\t\t\t<div class=\"elementor-background-overlay\"><\/div>\n\t\t\t\t\t\t\t<div class=\"elementor-container elementor-column-gap-default\">\n\t\t\t\t\t<div class=\"elementor-column elementor-col-100 elementor-top-column elementor-element elementor-element-c1fa4cf\" data-id=\"c1fa4cf\" data-element_type=\"column\" data-e-type=\"column\">\n\t\t\t<div class=\"elementor-widget-wrap elementor-element-populated\">\n\t\t\t\t\t\t<div class=\"elementor-element elementor-element-6c65cbc elementor-widget elementor-widget-heading\" data-id=\"6c65cbc\" data-element_type=\"widget\" data-e-type=\"widget\" data-widget_type=\"heading.default\">\n\t\t\t\t<div class=\"elementor-widget-container\">\n\t\t\t\t\t<h1 class=\"elementor-heading-title elementor-size-default\">Feuille d'olivier<\/h1>\t\t\t\t<\/div>\n\t\t\t\t<\/div>\n\t\t\t\t<div class=\"elementor-element elementor-element-3a589b2 elementor-widget elementor-widget-image\" data-id=\"3a589b2\" data-element_type=\"widget\" data-e-type=\"widget\" data-widget_type=\"image.default\">\n\t\t\t\t<div class=\"elementor-widget-container\">\n\t\t\t\t\t\t\t\t\t\t\t\t\t\t\t<img decoding=\"async\" width=\"75\" height=\"33\" src=\"https:\/\/www.alivitpharm.com\/wp-content\/uploads\/2019\/07\/logo-leaf-new.png\" class=\"attachment-large size-large wp-image-2518\" alt=\"\" \/>\t\t\t\t\t\t\t\t\t\t\t\t\t\t\t<\/div>\n\t\t\t\t<\/div>\n\t\t\t\t<div class=\"elementor-element elementor-element-6d345eb elementor-widget elementor-widget-text-editor\" data-id=\"6d345eb\" data-element_type=\"widget\" data-e-type=\"widget\" data-widget_type=\"text-editor.default\">\n\t\t\t\t<div class=\"elementor-widget-container\">\n\t\t\t\t\t\t\t\t\t<p><em>Olea europea L.<\/em><\/p>\t\t\t\t\t\t\t\t<\/div>\n\t\t\t\t<\/div>\n\t\t\t\t\t<\/div>\n\t\t<\/div>\n\t\t\t\t\t<\/div>\n\t\t<\/section>\n\t\t\t\t<section class=\"elementor-section elementor-top-section elementor-element elementor-element-53ecdc7 elementor-section-boxed elementor-section-height-default elementor-section-height-default\" data-id=\"53ecdc7\" data-element_type=\"section\" data-e-type=\"section\" data-settings=\"{&quot;background_background&quot;:&quot;classic&quot;}\">\n\t\t\t\t\t\t<div class=\"elementor-container elementor-column-gap-default\">\n\t\t\t\t\t<div class=\"elementor-column elementor-col-100 elementor-top-column elementor-element elementor-element-6c8e5f5\" data-id=\"6c8e5f5\" data-element_type=\"column\" data-e-type=\"column\">\n\t\t\t<div class=\"elementor-widget-wrap elementor-element-populated\">\n\t\t\t\t\t\t<div class=\"elementor-element elementor-element-906d58c elementor-widget elementor-widget-image\" data-id=\"906d58c\" data-element_type=\"widget\" data-e-type=\"widget\" data-widget_type=\"image.default\">\n\t\t\t\t<div class=\"elementor-widget-container\">\n\t\t\t\t\t\t\t\t\t\t\t\t\t\t\t<img decoding=\"async\" src=\"https:\/\/www.alivitpharm.com\/wp-content\/uploads\/2026\/03\/olive-leaf.jpg\" title=\"olive-leaf\" alt=\"Feuille d&#039;olivier\" loading=\"lazy\" \/>\t\t\t\t\t\t\t\t\t\t\t\t\t\t\t<\/div>\n\t\t\t\t<\/div>\n\t\t\t\t<div class=\"elementor-element elementor-element-e95dc06 elementor-widget elementor-widget-text-editor\" data-id=\"e95dc06\" data-element_type=\"widget\" data-e-type=\"widget\" data-widget_type=\"text-editor.default\">\n\t\t\t\t<div class=\"elementor-widget-container\">\n\t\t\t\t\t\t\t\t\t<p><span class=\"jCAhz ChMk0b\"><span class=\"ryNqvb\"><em><strong>Olea europea L.<\/strong><\/em> est un arbre \u00e0 feuilles persistantes pouvant atteindre une hauteur de 3 \u00e0 13 m.<\/span><\/span> <span class=\"jCAhz ChMk0b\"><span class=\"ryNqvb\">Son tronc est irr\u00e9gulier, noueux et ramifi\u00e9.<\/span><\/span> <span class=\"jCAhz ChMk0b\"><span class=\"ryNqvb\">Ses feuilles ovales pr\u00e9sentent un revers vert fonc\u00e9 et une face inf\u00e9rieure blanc argent\u00e9.<\/span><\/span> <span class=\"jCAhz ChMk0b\"><span class=\"ryNqvb\">Ses fruits, \u00e9galement ovales, sont de couleur vert fonc\u00e9 \u00e0 noire.<\/span><\/span><\/p><p><span class=\"jCAhz ChMk0b\"><span class=\"ryNqvb\">La m\u00e9decine conventionnelle et la phytoth\u00e9rapie utilisent des extraits de feuilles d\u2019olivier pour traiter et pr\u00e9venir l\u2019hypertension art\u00e9rielle.<\/span><\/span> <span class=\"jCAhz ChMk0b\"><span class=\"ryNqvb\">De nombreuses \u00e9tudes ont d\u00e9montr\u00e9 que les feuilles d\u2019olivier peuvent abaisser la tension art\u00e9rielle, am\u00e9liorer le flux sanguin dans les art\u00e8res coronaires et normaliser le rythme cardiaque.<\/span><\/span><\/p>\t\t\t\t\t\t\t\t<\/div>\n\t\t\t\t<\/div>\n\t\t\t\t<div class=\"elementor-element elementor-element-612b2c5 elementor-widget elementor-widget-image\" data-id=\"612b2c5\" data-element_type=\"widget\" data-e-type=\"widget\" data-widget_type=\"image.default\">\n\t\t\t\t<div class=\"elementor-widget-container\">\n\t\t\t\t\t\t\t\t\t\t\t\t\t\t\t<img decoding=\"async\" src=\"https:\/\/www.alivitpharm.com\/wp-content\/uploads\/2022\/09\/leaves.png\" title=\"leaves\" alt=\"Leaves\" loading=\"lazy\" \/>\t\t\t\t\t\t\t\t\t\t\t\t\t\t\t<\/div>\n\t\t\t\t<\/div>\n\t\t\t\t<div class=\"elementor-element elementor-element-4ab5b7e elementor-widget elementor-widget-text-editor\" data-id=\"4ab5b7e\" data-element_type=\"widget\" data-e-type=\"widget\" data-widget_type=\"text-editor.default\">\n\t\t\t\t<div class=\"elementor-widget-container\">\n\t\t\t\t\t\t\t\t\t<p><span class=\"jCAhz ChMk0b\"><span class=\"ryNqvb\">L'oleurop\u00e9ine, le tyrosol, l'hydroxytyrosol, le verboscoside et la dim\u00e9thylurop\u00e9ine prot\u00e8gent contre les maladies coronariennes et poss\u00e8dent \u00e9galement des propri\u00e9t\u00e9s antimicrobiennes et antivirales.<\/span><\/span> <span class=\"jCAhz ChMk0b\"><span class=\"ryNqvb\">Des \u00e9tudes \u00e9pid\u00e9miologiques montrent que les populations m\u00e9diterran\u00e9ennes pr\u00e9sentent une incidence plus faible de plusieurs types de cancers (cancer colorectal, cancer du sein et cancer de la peau) que les autres populations.<\/span><\/span> <span class=\"jCAhz ChMk0b\"><span class=\"ryNqvb\">La consommation d'huile d'olive a de nombreux effets b\u00e9n\u00e9fiques sur la sant\u00e9.<\/span><\/span> <span class=\"jCAhz ChMk0b\"><span class=\"ryNqvb\">Le m\u00e9canisme d'action des polyph\u00e9nols est \u00e9troitement li\u00e9 \u00e0 leur activit\u00e9 antioxydante.<\/span><\/span> <span class=\"jCAhz ChMk0b\"><span class=\"ryNqvb\">On sait que les polyph\u00e9nols r\u00e9duisent le taux de radicaux libres et agissent comme anti-inflammatoires, antiallergiques et antithrombotiques.<\/span><\/span> <span class=\"jCAhz ChMk0b\"><span class=\"ryNqvb\">Plusieurs \u00e9tudes d\u00e9montrent leur capacit\u00e9 \u00e0 moduler le syst\u00e8me immunitaire, en influen\u00e7ant la prolif\u00e9ration et l'activit\u00e9 des globules blancs, ainsi que la production de cytokines.<\/span><\/span><\/p>\t\t\t\t\t\t\t\t<\/div>\n\t\t\t\t<\/div>\n\t\t\t\t<div class=\"elementor-element elementor-element-669cb10 elementor-widget elementor-widget-heading\" data-id=\"669cb10\" data-element_type=\"widget\" data-e-type=\"widget\" data-widget_type=\"heading.default\">\n\t\t\t\t<div class=\"elementor-widget-container\">\n\t\t\t\t\t<h4 class=\"elementor-heading-title elementor-size-default\">R\u00e9f\u00e9rences<\/h4>\t\t\t\t<\/div>\n\t\t\t\t<\/div>\n\t\t\t\t<div class=\"elementor-element elementor-element-dc1a4e7 elementor-widget elementor-widget-text-editor\" data-id=\"dc1a4e7\" data-element_type=\"widget\" data-e-type=\"widget\" data-widget_type=\"text-editor.default\">\n\t\t\t\t<div class=\"elementor-widget-container\">\n\t\t\t\t\t\t\t\t\t<ul><li><a class=\"reference-link\" href=\"https:\/\/www.sciencedirect.com\/science\/article\/pii\/S0925443923002703?via%3Dihub\" target=\"_blank\" rel=\"noopener\">Wild and cultivated olive trees: Nutraceutical insights of extra virgin olive oils in cardiovascular and ocular diseases<\/a><\/li><li><a class=\"reference-link\" href=\"https:\/\/pmc.ncbi.nlm.nih.gov\/articles\/PMC5877547\/\" target=\"_blank\" rel=\"noopener\">Potential Health Benefits of Olive Oil and Plant Polyphenols<\/a><\/li><li><a class=\"reference-link\" href=\"https:\/\/www.alivitpharm.com\/fr\/huile-d-olive\/\" target=\"_blank\" rel=\"noopener\">Huile d'olive<\/a><\/li><\/ul>\t\t\t\t\t\t\t\t<\/div>\n\t\t\t\t<\/div>\n\t\t\t\t\t<\/div>\n\t\t<\/div>\n\t\t\t\t\t<\/div>\n\t\t<\/section>\n\t\t\t\t<\/div>","protected":false},"excerpt":{"rendered":"<p>Olive Leaf Olea europea L. Olea europea L. is an evergreen tree that can reach a height of 3-13 m. The olive tree develops an irregular, gnarled and branched trunk. The leaves are oval, while the color of the leaves on the back is dark green, while the underside is whitish silver. The fruit is &hellip;<\/p>\n<p class=\"read-more\"> <a class=\"\" href=\"https:\/\/www.alivitpharm.com\/fr\/olive-leaf\/\"> <span class=\"screen-reader-text\">Feuille d'olivier<\/span> Lire la suite\u00a0\u00bb<\/a><\/p>","protected":false},"author":9,"featured_media":0,"parent":0,"menu_order":0,"comment_status":"closed","ping_status":"closed","template":"","meta":{"site-sidebar-layout":"no-sidebar","site-content-layout":"page-builder","ast-global-header-display":"","ast-main-header-display":"","ast-hfb-above-header-display":"","ast-hfb-below-header-display":"","ast-hfb-mobile-header-display":"","site-post-title":"disabled","ast-breadcrumbs-content":"","ast-featured-img":"disabled","footer-sml-layout":"","theme-transparent-header-meta":"","adv-header-id-meta":"","stick-header-meta":"","header-above-stick-meta":"","header-main-stick-meta":"","header-below-stick-meta":"","footnotes":""},"class_list":["post-14030","page","type-page","status-publish","hentry"],"_links":{"self":[{"href":"https:\/\/www.alivitpharm.com\/fr\/wp-json\/wp\/v2\/pages\/14030","targetHints":{"allow":["GET"]}}],"collection":[{"href":"https:\/\/www.alivitpharm.com\/fr\/wp-json\/wp\/v2\/pages"}],"about":[{"href":"https:\/\/www.alivitpharm.com\/fr\/wp-json\/wp\/v2\/types\/page"}],"author":[{"embeddable":true,"href":"https:\/\/www.alivitpharm.com\/fr\/wp-json\/wp\/v2\/users\/9"}],"replies":[{"embeddable":true,"href":"https:\/\/www.alivitpharm.com\/fr\/wp-json\/wp\/v2\/comments?post=14030"}],"version-history":[{"count":13,"href":"https:\/\/www.alivitpharm.com\/fr\/wp-json\/wp\/v2\/pages\/14030\/revisions"}],"predecessor-version":[{"id":14045,"href":"https:\/\/www.alivitpharm.com\/fr\/wp-json\/wp\/v2\/pages\/14030\/revisions\/14045"}],"wp:attachment":[{"href":"https:\/\/www.alivitpharm.com\/fr\/wp-json\/wp\/v2\/media?parent=14030"}],"curies":[{"name":"wp","href":"https:\/\/api.w.org\/{rel}","templated":true}]}}