{"id":6742,"date":"2022-09-20T11:11:01","date_gmt":"2022-09-20T09:11:01","guid":{"rendered":"https:\/\/www.alivitpharm.com\/?page_id=6742"},"modified":"2022-10-21T09:21:41","modified_gmt":"2022-10-21T07:21:41","slug":"aubepine-blanche-rouge","status":"publish","type":"page","link":"https:\/\/www.alivitpharm.com\/fr\/white-red-hawthorn\/","title":{"rendered":"Aub\u00e9pine blanche et rouge"},"content":{"rendered":"<div data-elementor-type=\"wp-page\" data-elementor-id=\"6742\" class=\"elementor elementor-6742\">\n\t\t\t\t\t\t<section class=\"elementor-section elementor-top-section elementor-element elementor-element-2af9041 elementor-section-content-middle elementor-section-boxed elementor-section-height-default elementor-section-height-default\" data-id=\"2af9041\" data-element_type=\"section\" data-e-type=\"section\" data-settings=\"{&quot;background_background&quot;:&quot;classic&quot;}\">\n\t\t\t\t\t\t\t<div class=\"elementor-background-overlay\"><\/div>\n\t\t\t\t\t\t\t<div class=\"elementor-container elementor-column-gap-default\">\n\t\t\t\t\t<div class=\"elementor-column elementor-col-100 elementor-top-column elementor-element elementor-element-8270e1c\" data-id=\"8270e1c\" data-element_type=\"column\" data-e-type=\"column\">\n\t\t\t<div class=\"elementor-widget-wrap elementor-element-populated\">\n\t\t\t\t\t\t<div class=\"elementor-element elementor-element-927ede7 elementor-widget elementor-widget-heading\" data-id=\"927ede7\" data-element_type=\"widget\" data-e-type=\"widget\" data-widget_type=\"heading.default\">\n\t\t\t\t<div class=\"elementor-widget-container\">\n\t\t\t\t\t<h1 class=\"elementor-heading-title elementor-size-default\">Aub\u00e9pine blanche et rouge<\/h1>\t\t\t\t<\/div>\n\t\t\t\t<\/div>\n\t\t\t\t<div class=\"elementor-element elementor-element-a357236 elementor-widget elementor-widget-image\" data-id=\"a357236\" data-element_type=\"widget\" data-e-type=\"widget\" data-widget_type=\"image.default\">\n\t\t\t\t<div class=\"elementor-widget-container\">\n\t\t\t\t\t\t\t\t\t\t\t\t\t\t\t<img decoding=\"async\" width=\"75\" height=\"33\" src=\"https:\/\/www.alivitpharm.com\/wp-content\/uploads\/2019\/07\/logo-leaf-new.png\" class=\"attachment-large size-large wp-image-2518\" alt=\"\" \/>\t\t\t\t\t\t\t\t\t\t\t\t\t\t\t<\/div>\n\t\t\t\t<\/div>\n\t\t\t\t<div class=\"elementor-element elementor-element-a423112 elementor-widget elementor-widget-text-editor\" data-id=\"a423112\" data-element_type=\"widget\" data-e-type=\"widget\" data-widget_type=\"text-editor.default\">\n\t\t\t\t<div class=\"elementor-widget-container\">\n\t\t\t\t\t\t\t\t\t<p><em>Crataegi flos et folium \u2013 Fleur et feuille d'aub\u00e9pine<br \/>Crataegus monogyna, Crataegus oxyachantha L. \u2013 Rosaceae<\/em><\/p>\t\t\t\t\t\t\t\t<\/div>\n\t\t\t\t<\/div>\n\t\t\t\t\t<\/div>\n\t\t<\/div>\n\t\t\t\t\t<\/div>\n\t\t<\/section>\n\t\t\t\t<section class=\"elementor-section elementor-top-section elementor-element elementor-element-1b59771 elementor-section-boxed elementor-section-height-default elementor-section-height-default\" data-id=\"1b59771\" data-element_type=\"section\" data-e-type=\"section\" data-settings=\"{&quot;background_background&quot;:&quot;classic&quot;}\">\n\t\t\t\t\t\t<div class=\"elementor-container elementor-column-gap-default\">\n\t\t\t\t\t<div class=\"elementor-column elementor-col-100 elementor-top-column elementor-element elementor-element-77f274b\" data-id=\"77f274b\" data-element_type=\"column\" data-e-type=\"column\">\n\t\t\t<div class=\"elementor-widget-wrap elementor-element-populated\">\n\t\t\t\t\t\t<div class=\"elementor-element elementor-element-3ea47aa elementor-widget elementor-widget-image\" data-id=\"3ea47aa\" data-element_type=\"widget\" data-e-type=\"widget\" data-widget_type=\"image.default\">\n\t\t\t\t<div class=\"elementor-widget-container\">\n\t\t\t\t\t\t\t\t\t\t\t\t\t\t\t<img decoding=\"async\" src=\"https:\/\/www.alivitpharm.com\/wp-content\/uploads\/2022\/10\/hawthorn.png\" title=\"hawthorn\" alt=\"Hawthorn\" loading=\"lazy\" \/>\t\t\t\t\t\t\t\t\t\t\t\t\t\t\t<\/div>\n\t\t\t\t<\/div>\n\t\t\t\t<div class=\"elementor-element elementor-element-1508d6b elementor-widget elementor-widget-text-editor\" data-id=\"1508d6b\" data-element_type=\"widget\" data-e-type=\"widget\" data-widget_type=\"text-editor.default\">\n\t\t\t\t<div class=\"elementor-widget-container\">\n\t\t\t\t\t\t\t\t\t<p><span class=\"JLqJ4b ChMk0b\"><span class=\"Q4iAWc\"><strong>L'aub\u00e9pine blanche et rouge<\/strong> est un arbuste \u00e9pineux ou un petit arbre.<\/span><\/span> <span class=\"JLqJ4b ChMk0b\"><span class=\"Q4iAWc\">Les jeunes branches sont l\u00e9g\u00e8rement duveteuses ou nues, avec des \u00e9pines \u00e0 l'extr\u00e9mit\u00e9 des pousses ou dans leurs aisselles.<\/span><\/span> <span class=\"JLqJ4b ChMk0b\"><span class=\"Q4iAWc\">Les feuilles sont de forme rhombo\u00efde \u00e0 ov\u00e9e.<\/span><\/span> <span class=\"JLqJ4b ChMk0b\"><span class=\"Q4iAWc\">L'inflorescence contient jusqu'\u00e0 12 fleurs, la corolle \u00e9tant blanche \u00e0 rose, et les fleurs sont parfum\u00e9es.<\/span><\/span> <span class=\"JLqJ4b ChMk0b\"><span class=\"Q4iAWc\">Le fruit est une drupes rouge contenant un seul noyau.<\/span><\/span> <span class=\"JLqJ4b ChMk0b\"><span class=\"Q4iAWc\">L'aub\u00e9pine blanche est plus r\u00e9pandue.<\/span><\/span><\/p><p><span class=\"JLqJ4b ChMk0b\"><span class=\"Q4iAWc\">Les parties m\u00e9dicinales de l'aub\u00e9pine blanche et rouge sont les feuilles et les fleurs.<\/span><\/span> L<span class=\"JLqJ4b ChMk0b\"><span class=\"Q4iAWc\">es feuilles et les fleurs contiennent des h\u00e9t\u00e9rosides flavono\u00efdes, tandis que les fleurs elles-m\u00eames contiennent de l'hyperoside et du vitexine.<\/span><\/span> <span class=\"JLqJ4b ChMk0b\"><span class=\"Q4iAWc\">En plus des compos\u00e9s mentionn\u00e9s, l'aub\u00e9pine contient aussi des procyanidines oligom\u00e9riques.<\/span><\/span><\/p>\t\t\t\t\t\t\t\t<\/div>\n\t\t\t\t<\/div>\n\t\t\t\t<div class=\"elementor-element elementor-element-f1b9a3b elementor-widget elementor-widget-image\" data-id=\"f1b9a3b\" data-element_type=\"widget\" data-e-type=\"widget\" data-widget_type=\"image.default\">\n\t\t\t\t<div class=\"elementor-widget-container\">\n\t\t\t\t\t\t\t\t\t\t\t\t\t\t\t<img decoding=\"async\" src=\"https:\/\/www.alivitpharm.com\/wp-content\/uploads\/2022\/09\/leaves.png\" title=\"leaves\" alt=\"Leaves\" loading=\"lazy\" \/>\t\t\t\t\t\t\t\t\t\t\t\t\t\t\t<\/div>\n\t\t\t\t<\/div>\n\t\t\t\t<div class=\"elementor-element elementor-element-5d5c8f7 elementor-widget elementor-widget-text-editor\" data-id=\"5d5c8f7\" data-element_type=\"widget\" data-e-type=\"widget\" data-widget_type=\"text-editor.default\">\n\t\t\t\t<div class=\"elementor-widget-container\">\n\t\t\t\t\t\t\t\t\t<p><span class=\"JLqJ4b ChMk0b\"><span class=\"Q4iAWc\">Les h\u00e9t\u00e9rosides flavono\u00efdes, ainsi que les procyanidines oligom\u00e9riques de l'aub\u00e9pine, agissent positivement sur le syst\u00e8me cardiovasculaire, augmentent le flux sanguin \u00e0 travers le myocarde et r\u00e9duisent la r\u00e9sistance p\u00e9riph\u00e9rique dans les vaisseaux sanguins.<\/span><\/span> <span class=\"JLqJ4b ChMk0b\"><span class=\"Q4iAWc\">L'aub\u00e9pine poss\u00e8de \u00e9galement des effets antiarythmiques et antihypertenseurs (elle r\u00e9duit l'hypertension).<\/span><\/span><\/p><p><span class=\"JLqJ4b ChMk0b\"><span class=\"Q4iAWc\">L'utilisation est recommand\u00e9e pour les formes l\u00e9g\u00e8res d'insuffisance cardiaque, d'arythmie, d'hypertension (pression art\u00e9rielle \u00e9lev\u00e9e), d'ath\u00e9roscl\u00e9rose et d'insuffisance c\u00e9r\u00e9brale (c\u00e9r\u00e9brale).<\/span><\/span> <span class=\"JLqJ4b ChMk0b\"><span class=\"Q4iAWc\">Les principes actifs des fleurs et des feuilles d'aub\u00e9pine pr\u00e9sentent \u00e9galement des propri\u00e9t\u00e9s antioxydantes et prot\u00e8gent les cellules des attaques des radicaux libres, qui sont responsables de nombreuses maladies dans l'organisme.<\/span><\/span><\/p><p><span class=\"JLqJ4b ChMk0b\"><span class=\"Q4iAWc\">De nombreuses \u00e9tudes cliniques ont montr\u00e9 que la maladie Covid-19 (caus\u00e9e par le virus SARS-Cov-2) provoque de nombreuses complications, m\u00eame chez les personnes ayant eu une forme l\u00e9g\u00e8re de la maladie.<\/span><\/span> <span class=\"JLqJ4b ChMk0b\"><span class=\"Q4iAWc\">Ces complications affectent \u00e0 la fois le syst\u00e8me cardiovasculaire et c\u00e9r\u00e9brovasculaire, c'est pourquoi il est consid\u00e9r\u00e9 que les pr\u00e9parations d'aub\u00e9pine jouent un r\u00f4le important dans le contr\u00f4le et la pr\u00e9vention de la progression de la maladie.<\/span><\/span><\/p>\t\t\t\t\t\t\t\t<\/div>\n\t\t\t\t<\/div>\n\t\t\t\t<div class=\"elementor-element elementor-element-88a29b5 elementor-widget elementor-widget-heading\" data-id=\"88a29b5\" data-element_type=\"widget\" data-e-type=\"widget\" data-widget_type=\"heading.default\">\n\t\t\t\t<div class=\"elementor-widget-container\">\n\t\t\t\t\t<h4 class=\"elementor-heading-title elementor-size-default\">R\u00e9f\u00e9rences<\/h4>\t\t\t\t<\/div>\n\t\t\t\t<\/div>\n\t\t\t\t<div class=\"elementor-element elementor-element-787d491 elementor-widget elementor-widget-text-editor\" data-id=\"787d491\" data-element_type=\"widget\" data-e-type=\"widget\" data-widget_type=\"text-editor.default\">\n\t\t\t\t<div class=\"elementor-widget-container\">\n\t\t\t\t\t\t\t\t\t<ul>\n \t<li><a class=\"reference-link\" href=\"https:\/\/pubmed.ncbi.nlm.nih.gov\/15992662\/\" target=\"_blank\" rel=\"noopener\">Integrating complementary medicine into cardiovascular medicine. A report of the American College of Cardiology Foundation Task Force on Clinical Expert Consensus Documents (Writing Committee to Develop an Expert Consensus Document on Complementary and Integrative Medicine)<\/a><\/li>\n \t<li><a class=\"reference-link\" href=\"https:\/\/pubmed.ncbi.nlm.nih.gov\/33174095\/\" target=\"_blank\" rel=\"noopener\">Plants Used as Antihypertensive<\/a><\/li>\n \t<li><a class=\"reference-link\" href=\"https:\/\/pubmed.ncbi.nlm.nih.gov\/29151068\/\" target=\"_blank\" rel=\"noopener\">Crataegus special extract WS 1442: up-to-date review of experimental and clinical experiences<\/a><\/li>\n \t<li><a class=\"reference-link\" href=\"https:\/\/pubmed.ncbi.nlm.nih.gov\/9324931\/#:~:text=%5BIn%20vitro%20and%20in%20vivo%20studies%20on%20the%20cardioprotective%20action%20of%20oligomeric%20procyanidins%20in%20a%20Crataegus%20extract%20of%20leaves%20and%20blooms%5D\" target=\"_blank\" rel=\"noopener\">In vitro and in vivo studies on the cardioprotective action of oligomeric procyanidins in a Crataegus extract of leaves and blooms<\/a><\/li>\n \t<li><a class=\"reference-link\" href=\"https:\/\/pubmed.ncbi.nlm.nih.gov\/29080984\/#:~:text=Benefit%2DRisk%20Assessment%20of%20Crataegus%20Extract%20WS%201442%3A%20An%20Evidence%2DBased%20Review\" target=\"_blank\" rel=\"noopener\">Benefit-Risk Assessment of Crataegus Extract WS 1442: An Evidence-Based Review<\/a><\/li>\n \t<li><a class=\"reference-link\" href=\"https:\/\/pubmed.ncbi.nlm.nih.gov\/35741026\/#:~:text=Medicinal%20Herbs%20in%20the%20Relief%20of%20Neurological%2C%20Cardiovascular%2C%20and%20Respiratory%20Symptoms%20after%20COVID%2D19%20Infection%20A%20Literature%20Review\" target=\"_blank\" rel=\"noopener\">Medicinal Herbs in the Relief of Neurological, Cardiovascular, and Respiratory Symptoms after COVID-19 Infection A Literature Review<\/a><\/li>\n<\/ul>\t\t\t\t\t\t\t\t<\/div>\n\t\t\t\t<\/div>\n\t\t\t\t\t<\/div>\n\t\t<\/div>\n\t\t\t\t\t<\/div>\n\t\t<\/section>\n\t\t\t\t<\/div>","protected":false},"excerpt":{"rendered":"<p>White &#038; Red Hawthorn Crataegi flos et folium \u2013 Hawthorn flower and leafCrataegus monogyna, Crataegus oxyachantha L. \u2013 Rosaceae White and red hawthorn are thorny shrubs or low trees. Young branches are slightly hairy or bare, with thorns at the ends of shoots or in their axils. The leaves are rhombic to ovate. There are &hellip;<\/p>\n<p class=\"read-more\"> <a class=\"\" href=\"https:\/\/www.alivitpharm.com\/fr\/white-red-hawthorn\/\"> <span class=\"screen-reader-text\">Aub\u00e9pine blanche et rouge<\/span> Lire la suite\u00a0\u00bb<\/a><\/p>","protected":false},"author":9,"featured_media":0,"parent":0,"menu_order":0,"comment_status":"closed","ping_status":"closed","template":"","meta":{"site-sidebar-layout":"no-sidebar","site-content-layout":"page-builder","ast-global-header-display":"","ast-main-header-display":"","ast-hfb-above-header-display":"","ast-hfb-below-header-display":"","ast-hfb-mobile-header-display":"","site-post-title":"disabled","ast-breadcrumbs-content":"","ast-featured-img":"disabled","footer-sml-layout":"","theme-transparent-header-meta":"","adv-header-id-meta":"","stick-header-meta":"","header-above-stick-meta":"","header-main-stick-meta":"","header-below-stick-meta":"","footnotes":""},"class_list":["post-6742","page","type-page","status-publish","hentry"],"_links":{"self":[{"href":"https:\/\/www.alivitpharm.com\/fr\/wp-json\/wp\/v2\/pages\/6742","targetHints":{"allow":["GET"]}}],"collection":[{"href":"https:\/\/www.alivitpharm.com\/fr\/wp-json\/wp\/v2\/pages"}],"about":[{"href":"https:\/\/www.alivitpharm.com\/fr\/wp-json\/wp\/v2\/types\/page"}],"author":[{"embeddable":true,"href":"https:\/\/www.alivitpharm.com\/fr\/wp-json\/wp\/v2\/users\/9"}],"replies":[{"embeddable":true,"href":"https:\/\/www.alivitpharm.com\/fr\/wp-json\/wp\/v2\/comments?post=6742"}],"version-history":[{"count":0,"href":"https:\/\/www.alivitpharm.com\/fr\/wp-json\/wp\/v2\/pages\/6742\/revisions"}],"wp:attachment":[{"href":"https:\/\/www.alivitpharm.com\/fr\/wp-json\/wp\/v2\/media?parent=6742"}],"curies":[{"name":"wp","href":"https:\/\/api.w.org\/{rel}","templated":true}]}}