{"id":6798,"date":"2022-09-20T15:17:58","date_gmt":"2022-09-20T13:17:58","guid":{"rendered":"https:\/\/www.alivitpharm.com\/?page_id=6798"},"modified":"2022-10-05T11:53:56","modified_gmt":"2022-10-05T09:53:56","slug":"gui-blanc","status":"publish","type":"page","link":"https:\/\/www.alivitpharm.com\/fr\/white-mistletoe\/","title":{"rendered":"Gui blanc"},"content":{"rendered":"<div data-elementor-type=\"wp-page\" data-elementor-id=\"6798\" class=\"elementor elementor-6798\">\n\t\t\t\t\t\t<section class=\"elementor-section elementor-top-section elementor-element elementor-element-edf9c0c elementor-section-content-middle elementor-section-boxed elementor-section-height-default elementor-section-height-default\" data-id=\"edf9c0c\" data-element_type=\"section\" data-e-type=\"section\" data-settings=\"{&quot;background_background&quot;:&quot;classic&quot;}\">\n\t\t\t\t\t\t\t<div class=\"elementor-background-overlay\"><\/div>\n\t\t\t\t\t\t\t<div class=\"elementor-container elementor-column-gap-default\">\n\t\t\t\t\t<div class=\"elementor-column elementor-col-100 elementor-top-column elementor-element elementor-element-ab3f874\" data-id=\"ab3f874\" data-element_type=\"column\" data-e-type=\"column\">\n\t\t\t<div class=\"elementor-widget-wrap elementor-element-populated\">\n\t\t\t\t\t\t<div class=\"elementor-element elementor-element-e2b3c34 elementor-widget elementor-widget-heading\" data-id=\"e2b3c34\" data-element_type=\"widget\" data-e-type=\"widget\" data-widget_type=\"heading.default\">\n\t\t\t\t<div class=\"elementor-widget-container\">\n\t\t\t\t\t<h1 class=\"elementor-heading-title elementor-size-default\">Gui blanc<\/h1>\t\t\t\t<\/div>\n\t\t\t\t<\/div>\n\t\t\t\t<div class=\"elementor-element elementor-element-6d4ee64 elementor-widget elementor-widget-image\" data-id=\"6d4ee64\" data-element_type=\"widget\" data-e-type=\"widget\" data-widget_type=\"image.default\">\n\t\t\t\t<div class=\"elementor-widget-container\">\n\t\t\t\t\t\t\t\t\t\t\t\t\t\t\t<img decoding=\"async\" width=\"75\" height=\"33\" src=\"https:\/\/www.alivitpharm.com\/wp-content\/uploads\/2019\/07\/logo-leaf-new.png\" class=\"attachment-large size-large wp-image-2518\" alt=\"\" \/>\t\t\t\t\t\t\t\t\t\t\t\t\t\t\t<\/div>\n\t\t\t\t<\/div>\n\t\t\t\t<div class=\"elementor-element elementor-element-94a9663 elementor-widget elementor-widget-text-editor\" data-id=\"94a9663\" data-element_type=\"widget\" data-e-type=\"widget\" data-widget_type=\"text-editor.default\">\n\t\t\t\t<div class=\"elementor-widget-container\">\n\t\t\t\t\t\t\t\t\t<p><em>Visci herba \u2013 Herbe de gui blanc<br \/>Viscum album L., Loranthaceae<br \/><\/em><\/p>\t\t\t\t\t\t\t\t<\/div>\n\t\t\t\t<\/div>\n\t\t\t\t\t<\/div>\n\t\t<\/div>\n\t\t\t\t\t<\/div>\n\t\t<\/section>\n\t\t\t\t<section class=\"elementor-section elementor-top-section elementor-element elementor-element-8c25b03 elementor-section-boxed elementor-section-height-default elementor-section-height-default\" data-id=\"8c25b03\" data-element_type=\"section\" data-e-type=\"section\" data-settings=\"{&quot;background_background&quot;:&quot;classic&quot;}\">\n\t\t\t\t\t\t<div class=\"elementor-container elementor-column-gap-default\">\n\t\t\t\t\t<div class=\"elementor-column elementor-col-100 elementor-top-column elementor-element elementor-element-6d3ca26\" data-id=\"6d3ca26\" data-element_type=\"column\" data-e-type=\"column\">\n\t\t\t<div class=\"elementor-widget-wrap elementor-element-populated\">\n\t\t\t\t\t\t<div class=\"elementor-element elementor-element-085769d elementor-widget elementor-widget-image\" data-id=\"085769d\" data-element_type=\"widget\" data-e-type=\"widget\" data-widget_type=\"image.default\">\n\t\t\t\t<div class=\"elementor-widget-container\">\n\t\t\t\t\t\t\t\t\t\t\t\t\t\t\t<img decoding=\"async\" src=\"https:\/\/www.alivitpharm.com\/wp-content\/uploads\/2022\/09\/white-mistletoe.jpg\" title=\"white-mistletoe\" alt=\"Gui blanc\" loading=\"lazy\" \/>\t\t\t\t\t\t\t\t\t\t\t\t\t\t\t<\/div>\n\t\t\t\t<\/div>\n\t\t\t\t<div class=\"elementor-element elementor-element-c929235 elementor-widget elementor-widget-text-editor\" data-id=\"c929235\" data-element_type=\"widget\" data-e-type=\"widget\" data-widget_type=\"text-editor.default\">\n\t\t\t\t<div class=\"elementor-widget-container\">\n\t\t\t\t\t\t\t\t\t<p><span class=\"JLqJ4b ChMk0b\"><span class=\"Q4iAWc\"><strong>Le gui blanc<\/strong> est un arbuste \u00e0 feuilles persistantes et ramifi\u00e9es.<\/span><\/span> <span class=\"JLqJ4b ChMk0b\"><span class=\"Q4iAWc\">Son tronc est court, et ses branches sont vertes et segment\u00e9es.<\/span><\/span> <span class=\"JLqJ4b ChMk0b\"><span class=\"Q4iAWc\">Les feuilles sont dispos\u00e9es en face-\u00e0-face, sessiles, de forme ovale, coriaces, dures et vertes.<\/span><\/span> <span class=\"JLqJ4b ChMk0b\"><span class=\"Q4iAWc\">Les fleurs sont petites et unisexu\u00e9es, et le fruit est une baie juteuse, de couleur blanche lorsqu'elle est m\u00fbre.<\/span><\/span><\/p><p><span class=\"JLqJ4b ChMk0b\"><span class=\"Q4iAWc\">Les parties m\u00e9dicinales de la plante sont les jeunes branches du gui blanc (fra\u00eeches ou s\u00e9ch\u00e9es).<\/span><\/span> <span class=\"JLqJ4b ChMk0b\"><span class=\"Q4iAWc\">Dans la partie a\u00e9rienne du gui blanc, on trouve des compos\u00e9s triterp\u00e9niques, des st\u00e9ro\u00efdes, des amines, des h\u00e9t\u00e9rosides de compos\u00e9s ph\u00e9nolcarbo\u00efques, des lignanes et des flavono\u00efdes, ainsi que des alcalo\u00efdes, des sucres et des mucilages.<\/span><\/span><\/p>\t\t\t\t\t\t\t\t<\/div>\n\t\t\t\t<\/div>\n\t\t\t\t<div class=\"elementor-element elementor-element-bafa9ef elementor-widget elementor-widget-image\" data-id=\"bafa9ef\" data-element_type=\"widget\" data-e-type=\"widget\" data-widget_type=\"image.default\">\n\t\t\t\t<div class=\"elementor-widget-container\">\n\t\t\t\t\t\t\t\t\t\t\t\t\t\t\t<img decoding=\"async\" src=\"https:\/\/www.alivitpharm.com\/wp-content\/uploads\/2022\/09\/leaves.png\" title=\"leaves\" alt=\"Leaves\" loading=\"lazy\" \/>\t\t\t\t\t\t\t\t\t\t\t\t\t\t\t<\/div>\n\t\t\t\t<\/div>\n\t\t\t\t<div class=\"elementor-element elementor-element-e260632 elementor-widget elementor-widget-text-editor\" data-id=\"e260632\" data-element_type=\"widget\" data-e-type=\"widget\" data-widget_type=\"text-editor.default\">\n\t\t\t\t<div class=\"elementor-widget-container\">\n\t\t\t\t\t\t\t\t\t<p><span class=\"JLqJ4b ChMk0b\"><span class=\"Q4iAWc\">Selon les recherches, il a \u00e9t\u00e9 confirm\u00e9 que le gui blanc poss\u00e8de des propri\u00e9t\u00e9s cytostatiques et antitumorales.<\/span><\/span> <span class=\"JLqJ4b ChMk0b\"><span class=\"Q4iAWc\">Les principes actifs de cette plante montrent \u00e9galement des effets immunostimulants.<\/span><\/span> <span class=\"JLqJ4b ChMk0b\"><span class=\"Q4iAWc\">Par voie parent\u00e9rale, sous forme d'injections, le gui blanc est utilis\u00e9 comme adjuvant dans le traitement de certains types de tumeurs.<\/span><\/span><\/p><p><span class=\"JLqJ4b ChMk0b\"><span class=\"Q4iAWc\">Il a \u00e9galement \u00e9t\u00e9 confirm\u00e9 que le gui blanc poss\u00e8de des effets cardioprotecteurs.<\/span><\/span> <span class=\"JLqJ4b ChMk0b\"><span class=\"Q4iAWc\">Il a un effet b\u00e9n\u00e9fique sur le fonctionnement du c\u0153ur chez les personnes souffrant d'insuffisance cardiaque.<\/span><\/span> <span class=\"JLqJ4b ChMk0b\"><span class=\"Q4iAWc\">Il est utilis\u00e9 pour att\u00e9nuer l'hypertension (pression art\u00e9rielle \u00e9lev\u00e9e) et dans la pr\u00e9vention de l'ath\u00e9roscl\u00e9rose.<\/span><\/span><\/p><p>Selon des recherches r\u00e9centes, cette plante poss\u00e8de \u00e9galement des propri\u00e9t\u00e9s antidiab\u00e9tiques, car elle augmente la s\u00e9cr\u00e9tion d'insuline des cellules b\u00eata du pancr\u00e9as.<\/p>\t\t\t\t\t\t\t\t<\/div>\n\t\t\t\t<\/div>\n\t\t\t\t<div class=\"elementor-element elementor-element-5442661 elementor-widget elementor-widget-heading\" data-id=\"5442661\" data-element_type=\"widget\" data-e-type=\"widget\" data-widget_type=\"heading.default\">\n\t\t\t\t<div class=\"elementor-widget-container\">\n\t\t\t\t\t<h4 class=\"elementor-heading-title elementor-size-default\">R\u00e9f\u00e9rences<\/h4>\t\t\t\t<\/div>\n\t\t\t\t<\/div>\n\t\t\t\t<div class=\"elementor-element elementor-element-6c354db elementor-widget elementor-widget-text-editor\" data-id=\"6c354db\" data-element_type=\"widget\" data-e-type=\"widget\" data-widget_type=\"text-editor.default\">\n\t\t\t\t<div class=\"elementor-widget-container\">\n\t\t\t\t\t\t\t\t\t<ul>\n \t<li><a class=\"reference-link\" href=\"https:\/\/pubmed.ncbi.nlm.nih.gov\/19519890\/\" target=\"_blank\" rel=\"noopener\">Viscum album L. extracts in breast and gynaecological cancers: a systematic review of clinical and preclinical research<\/a><\/li>\n \t<li><a class=\"reference-link\" href=\"https:\/\/pubmed.ncbi.nlm.nih.gov\/27443473\/\" target=\"_blank\" rel=\"noopener\">Cardioprotective effects of Viscum album L. ssp. album (Loranthaceae) on isoproterenol-induced heart failure via regulation of the nitric oxide pathway in rats<\/a><\/li>\n \t<li><a class=\"reference-link\" href=\"https:\/\/pubmed.ncbi.nlm.nih.gov\/22393965\/\" target=\"_blank\" rel=\"noopener\">Viscum album L. extract and quercetin reduce cyclophosphamide-induced cardiotoxicity, urotoxicity and genotoxicity in mice<\/a><\/li>\n \t<li><a class=\"reference-link\" href=\"https:\/\/pubmed.ncbi.nlm.nih.gov\/24959189\/\" target=\"_blank\" rel=\"noopener\">Protein Fractions from Korean Mistletoe (Viscum Album coloratum) Extract Induce Insulin Secretion from Pancreatic Beta Cells<\/a><\/li>\n<\/ul>\t\t\t\t\t\t\t\t<\/div>\n\t\t\t\t<\/div>\n\t\t\t\t\t<\/div>\n\t\t<\/div>\n\t\t\t\t\t<\/div>\n\t\t<\/section>\n\t\t\t\t<\/div>","protected":false},"excerpt":{"rendered":"<p>White Mistletoe Visci herba &#8211; White mistletoe herbViscum album L., Loranthaceae Mistletoe is an evergreen, branching bush. The trunk is short, the branches are green and articulated. The leaves are oppositely arranged, sessile, egg-shaped, leathery, hard and green. The flowers are small and unisexual, and the fruit is a juicy berry, white in color when &hellip;<\/p>\n<p class=\"read-more\"> <a class=\"\" href=\"https:\/\/www.alivitpharm.com\/fr\/white-mistletoe\/\"> <span class=\"screen-reader-text\">Gui blanc<\/span> Lire la suite\u00a0\u00bb<\/a><\/p>","protected":false},"author":9,"featured_media":0,"parent":0,"menu_order":0,"comment_status":"closed","ping_status":"closed","template":"","meta":{"site-sidebar-layout":"no-sidebar","site-content-layout":"page-builder","ast-global-header-display":"","ast-main-header-display":"","ast-hfb-above-header-display":"","ast-hfb-below-header-display":"","ast-hfb-mobile-header-display":"","site-post-title":"disabled","ast-breadcrumbs-content":"","ast-featured-img":"disabled","footer-sml-layout":"","theme-transparent-header-meta":"","adv-header-id-meta":"","stick-header-meta":"","header-above-stick-meta":"","header-main-stick-meta":"","header-below-stick-meta":"","footnotes":""},"class_list":["post-6798","page","type-page","status-publish","hentry"],"_links":{"self":[{"href":"https:\/\/www.alivitpharm.com\/fr\/wp-json\/wp\/v2\/pages\/6798","targetHints":{"allow":["GET"]}}],"collection":[{"href":"https:\/\/www.alivitpharm.com\/fr\/wp-json\/wp\/v2\/pages"}],"about":[{"href":"https:\/\/www.alivitpharm.com\/fr\/wp-json\/wp\/v2\/types\/page"}],"author":[{"embeddable":true,"href":"https:\/\/www.alivitpharm.com\/fr\/wp-json\/wp\/v2\/users\/9"}],"replies":[{"embeddable":true,"href":"https:\/\/www.alivitpharm.com\/fr\/wp-json\/wp\/v2\/comments?post=6798"}],"version-history":[{"count":0,"href":"https:\/\/www.alivitpharm.com\/fr\/wp-json\/wp\/v2\/pages\/6798\/revisions"}],"wp:attachment":[{"href":"https:\/\/www.alivitpharm.com\/fr\/wp-json\/wp\/v2\/media?parent=6798"}],"curies":[{"name":"wp","href":"https:\/\/api.w.org\/{rel}","templated":true}]}}