{"id":6918,"date":"2022-09-22T11:24:49","date_gmt":"2022-09-22T09:24:49","guid":{"rendered":"https:\/\/www.alivitpharm.com\/?page_id=6918"},"modified":"2023-02-10T11:17:53","modified_gmt":"2023-02-10T09:17:53","slug":"graines-de-courge","status":"publish","type":"page","link":"https:\/\/www.alivitpharm.com\/fr\/pumpkin-seed\/","title":{"rendered":"Graines de courge"},"content":{"rendered":"<div data-elementor-type=\"wp-page\" data-elementor-id=\"6918\" class=\"elementor elementor-6918\">\n\t\t\t\t\t\t<section class=\"elementor-section elementor-top-section elementor-element elementor-element-af3a31d elementor-section-content-middle elementor-section-boxed elementor-section-height-default elementor-section-height-default\" data-id=\"af3a31d\" data-element_type=\"section\" data-e-type=\"section\" data-settings=\"{&quot;background_background&quot;:&quot;classic&quot;}\">\n\t\t\t\t\t\t\t<div class=\"elementor-background-overlay\"><\/div>\n\t\t\t\t\t\t\t<div class=\"elementor-container elementor-column-gap-default\">\n\t\t\t\t\t<div class=\"elementor-column elementor-col-100 elementor-top-column elementor-element elementor-element-0e3cffd\" data-id=\"0e3cffd\" data-element_type=\"column\" data-e-type=\"column\">\n\t\t\t<div class=\"elementor-widget-wrap elementor-element-populated\">\n\t\t\t\t\t\t<div class=\"elementor-element elementor-element-7bc439b elementor-widget elementor-widget-heading\" data-id=\"7bc439b\" data-element_type=\"widget\" data-e-type=\"widget\" data-widget_type=\"heading.default\">\n\t\t\t\t<div class=\"elementor-widget-container\">\n\t\t\t\t\t<h1 class=\"elementor-heading-title elementor-size-default\">Graines de courge<\/h1>\t\t\t\t<\/div>\n\t\t\t\t<\/div>\n\t\t\t\t<div class=\"elementor-element elementor-element-4f21807 elementor-widget elementor-widget-image\" data-id=\"4f21807\" data-element_type=\"widget\" data-e-type=\"widget\" data-widget_type=\"image.default\">\n\t\t\t\t<div class=\"elementor-widget-container\">\n\t\t\t\t\t\t\t\t\t\t\t\t\t\t\t<img decoding=\"async\" width=\"75\" height=\"33\" src=\"https:\/\/www.alivitpharm.com\/wp-content\/uploads\/2019\/07\/logo-leaf-new.png\" class=\"attachment-large size-large wp-image-2518\" alt=\"\" \/>\t\t\t\t\t\t\t\t\t\t\t\t\t\t\t<\/div>\n\t\t\t\t<\/div>\n\t\t\t\t<div class=\"elementor-element elementor-element-2777a02 elementor-widget elementor-widget-text-editor\" data-id=\"2777a02\" data-element_type=\"widget\" data-e-type=\"widget\" data-widget_type=\"text-editor.default\">\n\t\t\t\t<div class=\"elementor-widget-container\">\n\t\t\t\t\t\t\t\t\t<p><em>Cucurbita pepo &#8211; Cucurbitacea<\/em>e<\/p>\t\t\t\t\t\t\t\t<\/div>\n\t\t\t\t<\/div>\n\t\t\t\t\t<\/div>\n\t\t<\/div>\n\t\t\t\t\t<\/div>\n\t\t<\/section>\n\t\t\t\t<section class=\"elementor-section elementor-top-section elementor-element elementor-element-1e1a9be elementor-section-boxed elementor-section-height-default elementor-section-height-default\" data-id=\"1e1a9be\" data-element_type=\"section\" data-e-type=\"section\" data-settings=\"{&quot;background_background&quot;:&quot;classic&quot;}\">\n\t\t\t\t\t\t<div class=\"elementor-container elementor-column-gap-default\">\n\t\t\t\t\t<div class=\"elementor-column elementor-col-100 elementor-top-column elementor-element elementor-element-bcc5f07\" data-id=\"bcc5f07\" data-element_type=\"column\" data-e-type=\"column\">\n\t\t\t<div class=\"elementor-widget-wrap elementor-element-populated\">\n\t\t\t\t\t\t<div class=\"elementor-element elementor-element-da349cf elementor-widget elementor-widget-image\" data-id=\"da349cf\" data-element_type=\"widget\" data-e-type=\"widget\" data-widget_type=\"image.default\">\n\t\t\t\t<div class=\"elementor-widget-container\">\n\t\t\t\t\t\t\t\t\t\t\t\t\t\t\t<img decoding=\"async\" src=\"https:\/\/www.alivitpharm.com\/wp-content\/uploads\/2022\/09\/pumpkin-seeds.png\" title=\"pumpkin-seeds\" alt=\"Pumpkin Seeds\" loading=\"lazy\" \/>\t\t\t\t\t\t\t\t\t\t\t\t\t\t\t<\/div>\n\t\t\t\t<\/div>\n\t\t\t\t<div class=\"elementor-element elementor-element-bc1a81b elementor-widget elementor-widget-text-editor\" data-id=\"bc1a81b\" data-element_type=\"widget\" data-e-type=\"widget\" data-widget_type=\"text-editor.default\">\n\t\t\t\t<div class=\"elementor-widget-container\">\n\t\t\t\t\t\t\t\t\t<p><em>Cucurbita pepo<\/em><strong> (citrouille ou courge)<\/strong> appartient \u00e0 la famille des <em>Cucurbitaceae<\/em> et est une plante herbac\u00e9e annuelle, avec une tige rampante et anguleuse aux ramifications dont la longueur peut atteindre jusqu'\u00e0 10 m\u00e8tres. Les feuilles \u00e0 cinq lobes, couvertes de poils rugueux, sont port\u00e9es par de longues tiges. <span class=\"JLqJ4b ChMk0b\"><span class=\"Q4iAWc\">Les fleurs sont grandes, unisexu\u00e9es, de couleur jaune. <\/span><\/span><span class=\"JLqJ4b ChMk0b\"><span class=\"Q4iAWc\">Les fleurs m\u00e2les sont soit solitaires, soit regroup\u00e9es dans l'aisselle des feuilles, tandis que les fleurs femelles sont isol\u00e9es. Le fruit est une grosse baie, de forme arrondie ou cylindrique, de couleur jaune, blanche ou orange, avec une peau lisse et l\u00e9g\u00e8rement nervur\u00e9e.<\/span><\/span><\/p><p><span class=\"JLqJ4b ChMk0b\"><span class=\"Q4iAWc\">Les fruits sont utilis\u00e9s dans l'alimentation, tandis que les graines sont utilis\u00e9es en phytoth\u00e9rapie. <\/span><\/span><span class=\"JLqJ4b ChMk0b\"><span class=\"Q4iAWc\">En plus de la citrouille, cette famille <em>(Cucurbitaceae)<\/em> le concombre et la past\u00e8que.<\/span><\/span><\/p>\t\t\t\t\t\t\t\t<\/div>\n\t\t\t\t<\/div>\n\t\t\t\t<div class=\"elementor-element elementor-element-edd2191 elementor-widget elementor-widget-image\" data-id=\"edd2191\" data-element_type=\"widget\" data-e-type=\"widget\" data-widget_type=\"image.default\">\n\t\t\t\t<div class=\"elementor-widget-container\">\n\t\t\t\t\t\t\t\t\t\t\t\t\t\t\t<img decoding=\"async\" src=\"https:\/\/www.alivitpharm.com\/wp-content\/uploads\/2022\/09\/leaves.png\" title=\"leaves\" alt=\"Leaves\" loading=\"lazy\" \/>\t\t\t\t\t\t\t\t\t\t\t\t\t\t\t<\/div>\n\t\t\t\t<\/div>\n\t\t\t\t<div class=\"elementor-element elementor-element-d49f850 elementor-widget elementor-widget-text-editor\" data-id=\"d49f850\" data-element_type=\"widget\" data-e-type=\"widget\" data-widget_type=\"text-editor.default\">\n\t\t\t\t<div class=\"elementor-widget-container\">\n\t\t\t\t\t\t\t\t\t<p>L'huile de graines de courge est riche en vitamines A, E, K, ainsi qu'en vitamines du groupe B (B1, B2, B3, B6, B9) et en vitamine C. Les m<span class=\"JLqJ4b ChMk0b\"><span class=\"Q4iAWc\">in\u00e9raux pr\u00e9sents comprennent le magn\u00e9sium, le mangan\u00e8se, le calcium, le phosphore, des traces de fer, de cuivre et de s\u00e9l\u00e9nium, <\/span><\/span><span class=\"JLqJ4b ChMk0b\"><span class=\"Q4iAWc\">et constituent \u00e9galement une excellente source de zinc. Elle contient \u00e9galement du magn\u00e9sium, du mangan\u00e8se, du calcium, du phosphore, ainsi que des traces de fer, de cuivre et de s\u00e9l\u00e9nium, et est une excellente source de zinc. Gr\u00e2ce aux phytost\u00e9rols (principalement \u0394 7-st\u00e9rols), l'huile de courge r\u00e9duit le taux de dihydrotestost\u00e9rone dans le corps en inhibant l'enzyme 5-\u03b1 r\u00e9ductase, qui transforme la testost\u00e9rone en dihydrotestost\u00e9rone. La dihydrotestost\u00e9rone est l'androg\u00e8ne principal responsable de la croissance de la prostate.<\/span><\/span><\/p><p>De plus, en raison de sa forte teneur en acides gras om\u00e9ga-3 et om\u00e9ga-6, l'huile de graines de courge pr\u00e9sente \u00e9galement d'excellentes propri\u00e9t\u00e9s anti-inflammatoires, ce qui est utile dans le traitement de la prostatite chronique.<\/p>\t\t\t\t\t\t\t\t<\/div>\n\t\t\t\t<\/div>\n\t\t\t\t<div class=\"elementor-element elementor-element-f6a9d19 elementor-widget elementor-widget-heading\" data-id=\"f6a9d19\" data-element_type=\"widget\" data-e-type=\"widget\" data-widget_type=\"heading.default\">\n\t\t\t\t<div class=\"elementor-widget-container\">\n\t\t\t\t\t<h4 class=\"elementor-heading-title elementor-size-default\">R\u00e9f\u00e9rences<\/h4>\t\t\t\t<\/div>\n\t\t\t\t<\/div>\n\t\t\t\t<div class=\"elementor-element elementor-element-ac9b771 elementor-widget elementor-widget-text-editor\" data-id=\"ac9b771\" data-element_type=\"widget\" data-e-type=\"widget\" data-widget_type=\"text-editor.default\">\n\t\t\t\t<div class=\"elementor-widget-container\">\n\t\t\t\t\t\t\t\t\t<ul><li><a class=\"reference-link\" href=\"https:\/\/www.ncbi.nlm.nih.gov\/pmc\/articles\/PMC4032845\/\" target=\"_blank\" rel=\"noopener\">Pumpkin Seed Oil Extracted From Cucurbita maxima Improves Urinary Disorder in Human Overactive Bladder<\/a><\/li><li><a class=\"reference-link\" href=\"https:\/\/www.ncbi.nlm.nih.gov\/pmc\/articles\/PMC2809240\/\" target=\"_blank\" rel=\"noopener\">Effects of pumpkin seed oil and saw palmetto oil in Korean men with symptomatic benign prostatic hyperplasia<\/a><\/li><\/ul>\t\t\t\t\t\t\t\t<\/div>\n\t\t\t\t<\/div>\n\t\t\t\t\t<\/div>\n\t\t<\/div>\n\t\t\t\t\t<\/div>\n\t\t<\/section>\n\t\t\t\t<\/div>","protected":false},"excerpt":{"rendered":"<p>Pumpkin Seed Cucurbita pepo &#8211; Cucurbitaceae Cucurbita pepo (pumpkin or gourd) belongs to the family Cucurbitaceae and is an annual herbaceous plant, with a prostrate, angular tree with branches that can be up to 10m long. Five-lobed leaves overgrown with sharp hairs are on long stems. The flowers are large, unisexual, yellow. Male flowers are &hellip;<\/p>\n<p class=\"read-more\"> <a class=\"\" href=\"https:\/\/www.alivitpharm.com\/fr\/pumpkin-seed\/\"> <span class=\"screen-reader-text\">Graines de courge<\/span> Lire la suite\u00a0\u00bb<\/a><\/p>","protected":false},"author":9,"featured_media":0,"parent":0,"menu_order":0,"comment_status":"closed","ping_status":"closed","template":"","meta":{"site-sidebar-layout":"no-sidebar","site-content-layout":"page-builder","ast-global-header-display":"","ast-main-header-display":"","ast-hfb-above-header-display":"","ast-hfb-below-header-display":"","ast-hfb-mobile-header-display":"","site-post-title":"disabled","ast-breadcrumbs-content":"","ast-featured-img":"disabled","footer-sml-layout":"","theme-transparent-header-meta":"","adv-header-id-meta":"","stick-header-meta":"","header-above-stick-meta":"","header-main-stick-meta":"","header-below-stick-meta":"","footnotes":""},"class_list":["post-6918","page","type-page","status-publish","hentry"],"_links":{"self":[{"href":"https:\/\/www.alivitpharm.com\/fr\/wp-json\/wp\/v2\/pages\/6918","targetHints":{"allow":["GET"]}}],"collection":[{"href":"https:\/\/www.alivitpharm.com\/fr\/wp-json\/wp\/v2\/pages"}],"about":[{"href":"https:\/\/www.alivitpharm.com\/fr\/wp-json\/wp\/v2\/types\/page"}],"author":[{"embeddable":true,"href":"https:\/\/www.alivitpharm.com\/fr\/wp-json\/wp\/v2\/users\/9"}],"replies":[{"embeddable":true,"href":"https:\/\/www.alivitpharm.com\/fr\/wp-json\/wp\/v2\/comments?post=6918"}],"version-history":[{"count":0,"href":"https:\/\/www.alivitpharm.com\/fr\/wp-json\/wp\/v2\/pages\/6918\/revisions"}],"wp:attachment":[{"href":"https:\/\/www.alivitpharm.com\/fr\/wp-json\/wp\/v2\/media?parent=6918"}],"curies":[{"name":"wp","href":"https:\/\/api.w.org\/{rel}","templated":true}]}}